{"id":43860,"date":"2022-03-03T17:21:46","date_gmt":"2022-03-03T16:21:46","guid":{"rendered":""},"modified":"2022-03-10T09:42:02","modified_gmt":"2022-03-10T08:42:02","slug":"geschichte","status":"publish","type":"page","link":"https:\/\/www.comav-srl.com\/de\/geschichte\/","title":{"rendered":"Geschichte"},"content":{"rendered":"<div class=\"wpb-content-wrapper\"><p>[vc_row full_width=&#8220;stretch_row&#8220; bg_type=&#8220;bg_color&#8220; bg_color_value=&#8220;#02688c&#8220;][vc_column]<div class=\"ult-spacer spacer-69d86ba71b1c8\" data-id=\"69d86ba71b1c8\" data-height=\"80\" data-height-mobile=\"20\" data-height-tab=\"20\" data-height-tab-portrait=\"20\" data-height-mobile-landscape=\"20\" style=\"clear:both;display:block;\"><\/div><div id=\"ultimate-heading-491469d86ba71b23a\" class=\"uvc-heading ult-adjust-bottom-margin ultimate-heading-491469d86ba71b23a uvc-1162 \" data-hspacer=\"no_spacer\"  data-halign=\"left\" style=\"text-align:left\"><div class=\"uvc-heading-spacer no_spacer\" style=\"top\"><\/div><div class=\"uvc-main-heading ult-responsive\"  data-ultimate-target='.uvc-heading.ultimate-heading-491469d86ba71b23a h2'  data-responsive-json-new='{\"font-size\":\"desktop:48px;\",\"line-height\":\"desktop:58px;\"}' ><h2 style=\"--font-weight:theme;color:#ffffff;\">Your Partner in Bulk Material Handling<\/h2><\/div><\/div><div class=\"ult-spacer spacer-69d86ba71b2a8\" data-id=\"69d86ba71b2a8\" data-height=\"110\" data-height-mobile=\"40\" data-height-tab=\"40\" data-height-tab-portrait=\"40\" data-height-mobile-landscape=\"40\" style=\"clear:both;display:block;\"><\/div>[\/vc_column][\/vc_row][vc_row][vc_column][vc_column_text]Seit dem Jahr 1980 ist COMAV Srl eine Referenz f\u00fcr die Lieferung von Komponenten f\u00fcr die pneumatische F\u00f6rderung, automatische und halbautomatische L\u00f6sungen f\u00fcr die Entleerung von S\u00e4cken, Big Bags, Oktabins, Containern und damit verbundene technische L\u00f6sungen.<\/p>\n<p>Inzwischen ist COMAV Srl Teil einer international ausgerichteten Gruppe, die eine umfassende technische und kaufm\u00e4nnische Unterst\u00fctzung auf den wichtigsten Weltm\u00e4rkten anbietet und gew\u00e4hrleistet, um die Anforderungen des Marktes stets optimal erf\u00fcllen zu k\u00f6nnen.[\/vc_column_text][\/vc_column][\/vc_row][vc_row gap=&#8220;25&#8243; css_animation=&#8220;none&#8220;][vc_column css_animation=&#8220;none&#8220; width=&#8220;1\/2&#8243; css=&#8220;.vc_custom_1632734529379{padding-top: 30px !important;padding-right: 30px !important;padding-bottom: 30px !important;padding-left: 30px !important;background-color: #ffffff !important;border-radius: 25px !important;}&#8220;][vc_column_text]<\/p>\n<h3>Unsere Geschichte seit dem Jahr 1980<\/h3>\n<p>[\/vc_column_text][vc_accordion active_tab=&#8220;false&#8220; style=&#8220;2&#8243;][vc_accordion_tab title=&#8220;COMAV 1.0&#8243;][vc_column_text]Im Jahr 1980 wurde aus der Idee des von Antonio Pirani und Giovanni Poggi gegr\u00fcndeten Unternehmens PROMEC die COMAV Srl gegr\u00fcndet, zu der zwei neue Partner, Paolo Ercolani und Loredano Bergonzoni, hinzukamen. Das erste Werk befindet sich in Pieve di Cento (BO).[\/vc_column_text][\/vc_accordion_tab][vc_accordion_tab title=&#8220;COMAV 2.0&#8243;][vc_column_text]Einige Jahre nach der Gr\u00fcndung zog COMAV Srl nach Sant&#8217;Agostino (FE) um, wo es bis Anfang der 1990er Jahre blieb.[\/vc_column_text][\/vc_accordion_tab][vc_accordion_tab title=&#8220;COMAV 3.0&#8243;][vc_column_text]Der zunehmende Erfolg auf nationaler Ebene, der Bedarf an neuen Maschinen f\u00fcr die interne Bearbeitung und die wachsende Anzahl von Mitarbeitern veranlassten die Eigent\u00fcmer, Grundst\u00fccke und Lagerhallen am heutigen Standort in Terre del Reno (FE) zu erwerben.[\/vc_column_text][\/vc_accordion_tab][vc_accordion_tab title=&#8220;COMAV 4.0&#8243;][vc_column_text]Durch die fortschreitende Internationalisierung der M\u00e4rkte wurde es 2014 erforderlich, die Produktionsfl\u00e4che um zwei zus\u00e4tzliche Hallen zu erweitern und neue Hightech-Maschinen wie eine Laserschneidmaschine, Drehmaschinen und eine automatische 6 Achsen-Fr\u00e4smaschine einzuf\u00fchren.[\/vc_column_text][\/vc_accordion_tab][vc_accordion_tab title=&#8220;COMAV 5.0&#8243;][vc_column_text]Im Jahr 2021 hat die Holding MIX &amp;Co Spa 100% der Anteile von COMAV Srl \u00fcbernommen.<br \/>\nDamit wird das Unternehmen Teil eines Zusammenschlusses von in ihren jeweiligen Produktionssegmenten f\u00fchrenden Unternehmen, die gemeinsam einen Weg mit einer stark internationalen Perspektive einschlagen.<br \/>\nDer Wunsch, italienische Unternehmen durch Gruppensynergien zu f\u00f6rdern, ist Teil einer neuen unternehmerischen DNA, mit der wir auf den Bedarf an Komplettl\u00f6sungen in der Welt des Sch\u00fcttguthandlings reagieren.[\/vc_column_text][\/vc_accordion_tab][\/vc_accordion][\/vc_column][vc_column css_animation=&#8220;none&#8220; width=&#8220;1\/2&#8243; css=&#8220;.vc_custom_1632734856296{padding-top: 30px !important;padding-right: 30px !important;padding-bottom: 30px !important;padding-left: 30px !important;background-color: #ffffff !important;border-radius: 25px !important;}&#8220;][vc_column_text]<\/p>\n<h3>Videos zu unseren Projekten<\/h3>\n<p>[\/vc_column_text][vc_column_text]<a href=\"https:\/\/www.youtube.com\/channel\/UCzP5gb3yqWO9A5jCpcuh4Dw\/videos\" target=\"_blank\" rel=\"noopener\"><img decoding=\"async\" class=\"alignnone wp-image-41912 lazyload\" data-src=\"http:\/\/comav-srl.com\/wp-content\/uploads\/2022\/01\/play-button.png\" alt=\"\" width=\"180\" height=\"180\" data-srcset=\"https:\/\/www.comav-srl.com\/wp-content\/uploads\/2022\/01\/play-button.png 512w, https:\/\/www.comav-srl.com\/wp-content\/uploads\/2022\/01\/play-button-300x300.png 300w, https:\/\/www.comav-srl.com\/wp-content\/uploads\/2022\/01\/play-button-150x150.png 150w\" data-sizes=\"(max-width: 180px) 100vw, 180px\" src=\"data:image\/svg+xml;base64,PHN2ZyB3aWR0aD0iMSIgaGVpZ2h0PSIxIiB4bWxucz0iaHR0cDovL3d3dy53My5vcmcvMjAwMC9zdmciPjwvc3ZnPg==\" style=\"--smush-placeholder-width: 180px; --smush-placeholder-aspect-ratio: 180\/180;\" \/><\/a>[\/vc_column_text][\/vc_column][\/vc_row]<\/p>\n<\/div>","protected":false},"excerpt":{"rendered":"<p>[vc_row full_width=&#8220;stretch_row&#8220; bg_type=&#8220;bg_color&#8220; bg_color_value=&#8220;#02688c&#8220;][vc_column][\/vc_column][\/vc_row][vc_row][vc_column][vc_column_text]Seit dem Jahr 1980 ist COMAV Srl eine Referenz f\u00fcr die Lieferung von Komponenten f\u00fcr die pneumatische F\u00f6rderung, automatische und halbautomatische L\u00f6sungen f\u00fcr die Entleerung von S\u00e4cken, Big Bags, Oktabins, Containern und damit verbundene technische L\u00f6sungen. Inzwischen ist COMAV Srl Teil einer international ausgerichteten Gruppe, die eine umfassende technische und kaufm\u00e4nnische Unterst\u00fctzung&hellip;<\/p>\n","protected":false},"author":1,"featured_media":0,"parent":0,"menu_order":0,"comment_status":"closed","ping_status":"closed","template":"","meta":{"footnotes":""},"class_list":["post-43860","page","type-page","status-publish","hentry","description-off"],"yoast_head":"<!-- This site is optimized with the Yoast SEO plugin v27.2 - https:\/\/yoast.com\/product\/yoast-seo-wordpress\/ -->\n<title>Geschichte des Unternehmens - Comav Srl<\/title>\n<meta name=\"description\" content=\"Eine mehr als 40-j\u00e4hrige Geschichte und Erfahrung im Bereich des Bulk Handlings: Konstruktion von Maschinen f\u00fcr das Sch\u00fcttguthandling.\" \/>\n<meta name=\"robots\" content=\"index, follow, max-snippet:-1, max-image-preview:large, max-video-preview:-1\" \/>\n<link rel=\"canonical\" href=\"https:\/\/www.comav-srl.com\/de\/geschichte\/\" \/>\n<meta property=\"og:locale\" content=\"de_DE\" \/>\n<meta property=\"og:type\" content=\"article\" \/>\n<meta property=\"og:title\" content=\"Geschichte des Unternehmens - Comav Srl\" \/>\n<meta property=\"og:description\" content=\"Eine mehr als 40-j\u00e4hrige Geschichte und Erfahrung im Bereich des Bulk Handlings: Konstruktion von Maschinen f\u00fcr das Sch\u00fcttguthandling.\" \/>\n<meta property=\"og:url\" content=\"https:\/\/www.comav-srl.com\/de\/geschichte\/\" \/>\n<meta property=\"og:site_name\" content=\"COMAV\" \/>\n<meta property=\"article:modified_time\" content=\"2022-03-10T08:42:02+00:00\" \/>\n<meta property=\"og:image\" content=\"http:\/\/comav-srl.com\/wp-content\/uploads\/2022\/01\/play-button.png\" \/>\n<meta name=\"twitter:card\" content=\"summary_large_image\" \/>\n<meta name=\"twitter:label1\" content=\"Gesch\u00e4tzte Lesezeit\" \/>\n\t<meta name=\"twitter:data1\" content=\"3\u00a0Minuten\" \/>\n<script type=\"application\/ld+json\" class=\"yoast-schema-graph\">{\"@context\":\"https:\/\/schema.org\",\"@graph\":[{\"@type\":\"WebPage\",\"@id\":\"https:\/\/www.comav-srl.com\/de\/geschichte\/\",\"url\":\"https:\/\/www.comav-srl.com\/de\/geschichte\/\",\"name\":\"Geschichte des Unternehmens - Comav Srl\",\"isPartOf\":{\"@id\":\"https:\/\/www.comav-srl.com\/en\/#website\"},\"primaryImageOfPage\":{\"@id\":\"https:\/\/www.comav-srl.com\/de\/geschichte\/#primaryimage\"},\"image\":{\"@id\":\"https:\/\/www.comav-srl.com\/de\/geschichte\/#primaryimage\"},\"thumbnailUrl\":\"http:\/\/comav-srl.com\/wp-content\/uploads\/2022\/01\/play-button.png\",\"datePublished\":\"2022-03-03T16:21:46+00:00\",\"dateModified\":\"2022-03-10T08:42:02+00:00\",\"description\":\"Eine mehr als 40-j\u00e4hrige Geschichte und Erfahrung im Bereich des Bulk Handlings: Konstruktion von Maschinen f\u00fcr das Sch\u00fcttguthandling.\",\"breadcrumb\":{\"@id\":\"https:\/\/www.comav-srl.com\/de\/geschichte\/#breadcrumb\"},\"inLanguage\":\"de\",\"potentialAction\":[{\"@type\":\"ReadAction\",\"target\":[\"https:\/\/www.comav-srl.com\/de\/geschichte\/\"]}]},{\"@type\":\"ImageObject\",\"inLanguage\":\"de\",\"@id\":\"https:\/\/www.comav-srl.com\/de\/geschichte\/#primaryimage\",\"url\":\"http:\/\/comav-srl.com\/wp-content\/uploads\/2022\/01\/play-button.png\",\"contentUrl\":\"http:\/\/comav-srl.com\/wp-content\/uploads\/2022\/01\/play-button.png\"},{\"@type\":\"BreadcrumbList\",\"@id\":\"https:\/\/www.comav-srl.com\/de\/geschichte\/#breadcrumb\",\"itemListElement\":[{\"@type\":\"ListItem\",\"position\":1,\"name\":\"Home\",\"item\":\"https:\/\/www.comav-srl.com\/\"},{\"@type\":\"ListItem\",\"position\":2,\"name\":\"Geschichte\"}]},{\"@type\":\"WebSite\",\"@id\":\"https:\/\/www.comav-srl.com\/en\/#website\",\"url\":\"https:\/\/www.comav-srl.com\/en\/\",\"name\":\"COMAV\",\"description\":\"Costruzioni macchine automatiche\",\"potentialAction\":[{\"@type\":\"SearchAction\",\"target\":{\"@type\":\"EntryPoint\",\"urlTemplate\":\"https:\/\/www.comav-srl.com\/en\/?s={search_term_string}\"},\"query-input\":{\"@type\":\"PropertyValueSpecification\",\"valueRequired\":true,\"valueName\":\"search_term_string\"}}],\"inLanguage\":\"de\"}]}<\/script>\n<!-- \/ Yoast SEO plugin. -->","yoast_head_json":{"title":"Geschichte des Unternehmens - Comav Srl","description":"Eine mehr als 40-j\u00e4hrige Geschichte und Erfahrung im Bereich des Bulk Handlings: Konstruktion von Maschinen f\u00fcr das Sch\u00fcttguthandling.","robots":{"index":"index","follow":"follow","max-snippet":"max-snippet:-1","max-image-preview":"max-image-preview:large","max-video-preview":"max-video-preview:-1"},"canonical":"https:\/\/www.comav-srl.com\/de\/geschichte\/","og_locale":"de_DE","og_type":"article","og_title":"Geschichte des Unternehmens - Comav Srl","og_description":"Eine mehr als 40-j\u00e4hrige Geschichte und Erfahrung im Bereich des Bulk Handlings: Konstruktion von Maschinen f\u00fcr das Sch\u00fcttguthandling.","og_url":"https:\/\/www.comav-srl.com\/de\/geschichte\/","og_site_name":"COMAV","article_modified_time":"2022-03-10T08:42:02+00:00","og_image":[{"url":"http:\/\/comav-srl.com\/wp-content\/uploads\/2022\/01\/play-button.png","type":"","width":"","height":""}],"twitter_card":"summary_large_image","twitter_misc":{"Gesch\u00e4tzte Lesezeit":"3\u00a0Minuten"},"schema":{"@context":"https:\/\/schema.org","@graph":[{"@type":"WebPage","@id":"https:\/\/www.comav-srl.com\/de\/geschichte\/","url":"https:\/\/www.comav-srl.com\/de\/geschichte\/","name":"Geschichte des Unternehmens - Comav Srl","isPartOf":{"@id":"https:\/\/www.comav-srl.com\/en\/#website"},"primaryImageOfPage":{"@id":"https:\/\/www.comav-srl.com\/de\/geschichte\/#primaryimage"},"image":{"@id":"https:\/\/www.comav-srl.com\/de\/geschichte\/#primaryimage"},"thumbnailUrl":"http:\/\/comav-srl.com\/wp-content\/uploads\/2022\/01\/play-button.png","datePublished":"2022-03-03T16:21:46+00:00","dateModified":"2022-03-10T08:42:02+00:00","description":"Eine mehr als 40-j\u00e4hrige Geschichte und Erfahrung im Bereich des Bulk Handlings: Konstruktion von Maschinen f\u00fcr das Sch\u00fcttguthandling.","breadcrumb":{"@id":"https:\/\/www.comav-srl.com\/de\/geschichte\/#breadcrumb"},"inLanguage":"de","potentialAction":[{"@type":"ReadAction","target":["https:\/\/www.comav-srl.com\/de\/geschichte\/"]}]},{"@type":"ImageObject","inLanguage":"de","@id":"https:\/\/www.comav-srl.com\/de\/geschichte\/#primaryimage","url":"http:\/\/comav-srl.com\/wp-content\/uploads\/2022\/01\/play-button.png","contentUrl":"http:\/\/comav-srl.com\/wp-content\/uploads\/2022\/01\/play-button.png"},{"@type":"BreadcrumbList","@id":"https:\/\/www.comav-srl.com\/de\/geschichte\/#breadcrumb","itemListElement":[{"@type":"ListItem","position":1,"name":"Home","item":"https:\/\/www.comav-srl.com\/"},{"@type":"ListItem","position":2,"name":"Geschichte"}]},{"@type":"WebSite","@id":"https:\/\/www.comav-srl.com\/en\/#website","url":"https:\/\/www.comav-srl.com\/en\/","name":"COMAV","description":"Costruzioni macchine automatiche","potentialAction":[{"@type":"SearchAction","target":{"@type":"EntryPoint","urlTemplate":"https:\/\/www.comav-srl.com\/en\/?s={search_term_string}"},"query-input":{"@type":"PropertyValueSpecification","valueRequired":true,"valueName":"search_term_string"}}],"inLanguage":"de"}]}},"_links":{"self":[{"href":"https:\/\/www.comav-srl.com\/de\/wp-json\/wp\/v2\/pages\/43860","targetHints":{"allow":["GET"]}}],"collection":[{"href":"https:\/\/www.comav-srl.com\/de\/wp-json\/wp\/v2\/pages"}],"about":[{"href":"https:\/\/www.comav-srl.com\/de\/wp-json\/wp\/v2\/types\/page"}],"author":[{"embeddable":true,"href":"https:\/\/www.comav-srl.com\/de\/wp-json\/wp\/v2\/users\/1"}],"replies":[{"embeddable":true,"href":"https:\/\/www.comav-srl.com\/de\/wp-json\/wp\/v2\/comments?post=43860"}],"version-history":[{"count":29,"href":"https:\/\/www.comav-srl.com\/de\/wp-json\/wp\/v2\/pages\/43860\/revisions"}],"predecessor-version":[{"id":46079,"href":"https:\/\/www.comav-srl.com\/de\/wp-json\/wp\/v2\/pages\/43860\/revisions\/46079"}],"wp:attachment":[{"href":"https:\/\/www.comav-srl.com\/de\/wp-json\/wp\/v2\/media?parent=43860"}],"curies":[{"name":"wp","href":"https:\/\/api.w.org\/{rel}","templated":true}]}}