{"id":43872,"date":"2022-03-03T17:22:10","date_gmt":"2022-03-03T16:22:10","guid":{"rendered":"https:\/\/www.comav-srl.com\/zertifikate\/"},"modified":"2024-12-03T16:28:28","modified_gmt":"2024-12-03T15:28:28","slug":"zertifikate","status":"publish","type":"page","link":"https:\/\/www.comav-srl.com\/de\/zertifikate\/","title":{"rendered":"Zertifikate"},"content":{"rendered":"<div class=\"wpb-content-wrapper\"><p>[vc_row full_width=&#8220;stretch_row&#8220; bg_type=&#8220;image&#8220; parallax_style=&#8220;vcpb-default&#8220; bg_image_new=&#8220;id^41919|url^http:\/\/comav-srl.com\/wp-content\/uploads\/2022\/01\/Foto-Certificati-1.jpg|caption^null|alt^null|title^Foto Certificati (1)|description^null&#8220;][vc_column]<div class=\"ult-spacer spacer-69f0eb0b01b20\" data-id=\"69f0eb0b01b20\" data-height=\"80\" data-height-mobile=\"20\" data-height-tab=\"20\" data-height-tab-portrait=\"20\" data-height-mobile-landscape=\"20\" style=\"clear:both;display:block;\"><\/div><div id=\"ultimate-heading-658869f0eb0b01b80\" class=\"uvc-heading ult-adjust-bottom-margin ultimate-heading-658869f0eb0b01b80 uvc-36 \" data-hspacer=\"no_spacer\"  data-halign=\"left\" style=\"text-align:left\"><div class=\"uvc-heading-spacer no_spacer\" style=\"top\"><\/div><div class=\"uvc-main-heading ult-responsive\"  data-ultimate-target='.uvc-heading.ultimate-heading-658869f0eb0b01b80 h2'  data-responsive-json-new='{\"font-size\":\"desktop:48px;\",\"line-height\":\"desktop:58px;\"}' ><h2 style=\"--font-weight:theme;color:#ffffff;\">Your Partner in Bulk Material Handling<\/h2><\/div><\/div><div class=\"ult-spacer spacer-69f0eb0b01bee\" data-id=\"69f0eb0b01bee\" data-height=\"110\" data-height-mobile=\"40\" data-height-tab=\"40\" data-height-tab-portrait=\"40\" data-height-mobile-landscape=\"40\" style=\"clear:both;display:block;\"><\/div>[\/vc_column][\/vc_row][vc_row][vc_column][vc_column_text]Wir bieten eine breite Palette von Produkten mit unterschiedlichen Zertifizierungen an, daher sind hier nur die am h\u00e4ufigsten verwendeten aufgef\u00fchrt. Wenn Sie spezielle Anforderungen haben, k\u00f6nnen Sie uns gerne kontaktieren.<br \/>\nZus\u00e4tzlich zu den allgemeinen europ\u00e4ischen Zertifizierungen ist COMAV in der Lage, spezifische Zertifizierungen, f\u00fcr die ein komplexer b\u00fcrokratischer Prozess erforderlich ist, wie EAC und SASO, zu unterst\u00fctzen oder zu liefern, ebenso wie die spezifische Auslegung von elektrischen Komponenten mit Bezug auf nationale Normen wie UL508 und IECEX, mit Ausstellung des entsprechenden Zertifikats.<br \/>\n[\/vc_column_text][\/vc_column][\/vc_row][vc_row gap=&#8220;25&#8243; css_animation=&#8220;none&#8220;][vc_column css_animation=&#8220;none&#8220; width=&#8220;1\/2&#8243; css=&#8220;.vc_custom_1632734529379{padding-top: 30px !important;padding-right: 30px !important;padding-bottom: 30px !important;padding-left: 30px !important;background-color: #ffffff !important;border-radius: 25px !important;}&#8220;]<div class=\"standard-arrow list-divider bullet-top\"><p>COMAV-Komponenten k\u00f6nnen sein:<\/p>\n<ul>\n<li>Maschinen mit EG-KONFORMIT\u00c4TSERKL\u00c4RUNG<br \/>\n(gem\u00e4\u00df der Europ\u00e4ischen Richtlinie 2006\/42\/EG)<\/li>\n<li>Unvollst\u00e4ndige Maschinen mit EINBAUERKL\u00c4RUNG<br \/>\n(gem\u00e4\u00df ANHANG II, Teil 1, Abschnitt B der Europ\u00e4ischen Richtlinie 2006\/42\/EG)<\/li>\n<\/ul>\n<p>&nbsp;<\/p>\n<p>Die Konformit\u00e4t unserer Umschalt- und Drehventile f\u00fcr die pneumatische F\u00f6rderung ist in den folgenden Zertifikaten enthalten:<\/p>\n<ul>\n<li>T\u00dcV CY 19 ATEX 0206207 X (Umschaltventil)<\/li>\n<li>T\u00dcV CY 19 ATEX 0206197 X (Drehventil)<\/li>\n<li>T\u00dcV CY 23 ATEX 0206850 X (Sackentleerer)<\/li>\n<li>Zertifikat f\u00fcr die Qualit\u00e4tssicherung der Produktion<\/li>\n<li>RU 01992345 (CR TR 012)<\/li>\n<li>EAC N RU D-IT CI28B.05849\/19 (CR TR 010 Verweis auf Verordnung<\/li>\n<li>E1935\/2004)<\/li>\n<li>EAC N RU D-IT CI28B.05853\/19 (CR TR 010)<\/li>\n<\/ul>\n<p>&nbsp;<\/p>\n<p>Alle unsere Ventile und Maschinen k\u00f6nnen nach der Gesetzgebung der Europ\u00e4ischen Union (EU) ausgelegt werden:<\/p>\n<ul>\n<li>Verordnung (EG) Nr. 1935\/2004 in der jeweils g\u00fcltigen Fassung<\/li>\n<li>Verordnung (EG) Nr. 2023\/2006 in der jeweils g\u00fcltigen Fassung<\/li>\n<li>Verordnung (EU) Nr. 10\/2011 in der jeweils g\u00fcltigen Fassung<\/li>\n<\/ul>\n<p>&nbsp;<\/p>\n<p>Unsere Sackentleerer k\u00f6nnen auf Wunsch f\u00fcr eine ATEX-Klassifizierung bis II 1\/3D geliefert und ausgelegt werden.<br \/>\nEntleervorrichtungen f\u00fcr Oktabins, Entleervorrichtungen f\u00fcr Big Bags, mechanische F\u00f6rderer und andere Komponenten werden normalerweise in einem Klassifizierungsbereich II 3D entwickelt, k\u00f6nnen aber auch unter strengeren Richtlinien geliefert werden.<\/p>\n<p>&nbsp;<\/p>\n<p>Zus\u00e4tzlich zu den genannten Zertifizierungen hat COMAV spezifische Patente f\u00fcr einige Hightech-Maschinen angemeldet.<\/p>\n<\/div>[\/vc_column][vc_column css_animation=&#8220;none&#8220; width=&#8220;1\/2&#8243; css=&#8220;.vc_custom_1632737423069{padding-top: 30px !important;padding-right: 30px !important;padding-bottom: 30px !important;padding-left: 30px !important;background-color: rgba(138,192,230,0.12) !important;*background-color: rgb(138,192,230) !important;border-radius: 25px !important;}&#8220;][vc_column_text]<\/p>\n<h4>ATEX<\/h4>\n<p>[\/vc_column_text]<div class=\"aio-icon-component  vc_custom_1632737021595   style_1\"><a class=\"aio-icon-box-link\" href=\"http:\/\/comav-srl.com\/wp-content\/uploads\/2021\/09\/CERTIFICATE-COMAV-AT0206207.pdf\" target=\"_blank\" rel=\"noopener\" ><div id=\"Info-box-wrap-6875\" class=\"aio-icon-box left-icon\" style=\"\"  ><div class=\"aio-icon-left\"><div class=\"ult-just-icon-wrapper  \"><div class=\"align-icon\" style=\"text-align:center;\">\n<div class=\"aio-icon none \"  style=\"color:#037caf;font-size:32px;display:inline-block;\">\n\t<i class=\"fas fa-file-pdf\"><\/i>\n<\/div><\/div><\/div><\/div><div class=\"aio-ibd-block\"><div class=\"aio-icon-header\" ><h3 class=\"aio-icon-title ult-responsive\"  data-ultimate-target='#Info-box-wrap-6875 .aio-icon-title'  data-responsive-json-new='{\"font-size\":\"\",\"line-height\":\"\"}'  style=\"\">AT0206207<\/h3><\/div> <!-- header --><\/div> <!-- aio-ibd-block --><\/div> <!-- aio-icon-box --><\/a><\/div> <!-- aio-icon-component --><div class=\"aio-icon-component  vc_custom_1632737026466   style_1\"><a class=\"aio-icon-box-link\" href=\"http:\/\/comav-srl.com\/wp-content\/uploads\/2021\/09\/CERTIFICATE-COMAV-AT0206197.pdf\" target=\"_blank\" rel=\"noopener\" ><div id=\"Info-box-wrap-3074\" class=\"aio-icon-box left-icon\" style=\"\"  ><div class=\"aio-icon-left\"><div class=\"ult-just-icon-wrapper  \"><div class=\"align-icon\" style=\"text-align:center;\">\n<div class=\"aio-icon none \"  style=\"color:#037caf;font-size:32px;display:inline-block;\">\n\t<i class=\"fas fa-file-pdf\"><\/i>\n<\/div><\/div><\/div><\/div><div class=\"aio-ibd-block\"><div class=\"aio-icon-header\" ><h3 class=\"aio-icon-title ult-responsive\"  data-ultimate-target='#Info-box-wrap-3074 .aio-icon-title'  data-responsive-json-new='{\"font-size\":\"\",\"line-height\":\"\"}'  style=\"\">AT0206197<\/h3><\/div> <!-- header --><\/div> <!-- aio-ibd-block --><\/div> <!-- aio-icon-box --><\/a><\/div> <!-- aio-icon-component --><div class=\"aio-icon-component  vc_custom_1733239706640   style_1\"><a class=\"aio-icon-box-link\" href=\"https:\/\/www.comav-srl.com\/wp-content\/uploads\/2024\/11\/343188200-DK23729507-23ExA-Fri_ATEX-QS_ZQH059_23_U1_EN.pdf\" target=\"_blank\" rel=\"noopener\" ><div id=\"Info-box-wrap-6399\" class=\"aio-icon-box left-icon\" style=\"\"  ><div class=\"aio-icon-left\"><div class=\"ult-just-icon-wrapper  \"><div class=\"align-icon\" style=\"text-align:center;\">\n<div class=\"aio-icon none \"  style=\"color:#037caf;font-size:32px;display:inline-block;\">\n\t<i class=\"fas fa-file-pdf\"><\/i>\n<\/div><\/div><\/div><\/div><div class=\"aio-ibd-block\"><div class=\"aio-icon-header\" ><h3 class=\"aio-icon-title ult-responsive\"  data-ultimate-target='#Info-box-wrap-6399 .aio-icon-title'  data-responsive-json-new='{\"font-size\":\"\",\"line-height\":\"\"}'  style=\"\">Zertifikat zur Produktionsqualit\u00e4tsgarantie<\/h3><\/div> <!-- header --><\/div> <!-- aio-ibd-block --><\/div> <!-- aio-icon-box --><\/a><\/div> <!-- aio-icon-component --><div class=\"aio-icon-component  vc_custom_1733239660342   style_1\"><a class=\"aio-icon-box-link\" href=\"https:\/\/www.comav-srl.com\/wp-content\/uploads\/2023\/08\/AT0206850-X-ORIGINAL-CERTIFICATE.pdf\" target=\"_blank\" rel=\"noopener\" ><div id=\"Info-box-wrap-3633\" class=\"aio-icon-box left-icon\" style=\"\"  ><div class=\"aio-icon-left\"><div class=\"ult-just-icon-wrapper  \"><div class=\"align-icon\" style=\"text-align:center;\">\n<div class=\"aio-icon none \"  style=\"color:#037caf;font-size:32px;display:inline-block;\">\n\t<i class=\"fas fa-file-pdf\"><\/i>\n<\/div><\/div><\/div><\/div><div class=\"aio-ibd-block\"><div class=\"aio-icon-header\" ><h3 class=\"aio-icon-title ult-responsive\"  data-ultimate-target='#Info-box-wrap-3633 .aio-icon-title'  data-responsive-json-new='{\"font-size\":\"\",\"line-height\":\"\"}'  style=\"\">AT0206850 X<\/h3><\/div> <!-- header --><\/div> <!-- aio-ibd-block --><\/div> <!-- aio-icon-box --><\/a><\/div> <!-- aio-icon-component --><div class=\"ult-spacer spacer-69f0eb0b02080\" data-id=\"69f0eb0b02080\" data-height=\"15\" data-height-mobile=\"5\" data-height-tab=\"5\" data-height-tab-portrait=\"5\" data-height-mobile-landscape=\"5\" style=\"clear:both;display:block;\"><\/div><div class=\"ult-spacer spacer-69f0eb0b020a8\" data-id=\"69f0eb0b020a8\" data-height=\"15\" data-height-mobile=\"5\" data-height-tab=\"5\" data-height-tab-portrait=\"5\" data-height-mobile-landscape=\"5\" style=\"clear:both;display:block;\"><\/div>[vc_column_text]<\/p>\n<h4>MOCA<\/h4>\n<p>[\/vc_column_text]<div class=\"aio-icon-component  vc_custom_1632737106948   style_1\"><a class=\"aio-icon-box-link\" href=\"http:\/\/comav-srl.com\/wp-content\/uploads\/2021\/09\/DECLARATIOB-1935-EXAMPLE.pdf\" target=\"_blank\" rel=\"noopener\" ><div id=\"Info-box-wrap-7794\" class=\"aio-icon-box left-icon\" style=\"\"  ><div class=\"aio-icon-left\"><div class=\"ult-just-icon-wrapper  \"><div class=\"align-icon\" style=\"text-align:center;\">\n<div class=\"aio-icon none \"  style=\"color:#037caf;font-size:32px;display:inline-block;\">\n\t<i class=\"fas fa-file-pdf\"><\/i>\n<\/div><\/div><\/div><\/div><div class=\"aio-ibd-block\"><div class=\"aio-icon-header\" ><h3 class=\"aio-icon-title ult-responsive\"  data-ultimate-target='#Info-box-wrap-7794 .aio-icon-title'  data-responsive-json-new='{\"font-size\":\"\",\"line-height\":\"\"}'  style=\"\">DECLARATIOB 1935 - EXAMPLE<\/h3><\/div> <!-- header --><\/div> <!-- aio-ibd-block --><\/div> <!-- aio-icon-box --><\/a><\/div> <!-- aio-icon-component --><div class=\"ult-spacer spacer-69f0eb0b0215c\" data-id=\"69f0eb0b0215c\" data-height=\"15\" data-height-mobile=\"5\" data-height-tab=\"5\" data-height-tab-portrait=\"5\" data-height-mobile-landscape=\"5\" style=\"clear:both;display:block;\"><\/div><div class=\"ult-spacer spacer-69f0eb0b0217e\" data-id=\"69f0eb0b0217e\" data-height=\"15\" data-height-mobile=\"5\" data-height-tab=\"5\" data-height-tab-portrait=\"5\" data-height-mobile-landscape=\"5\" style=\"clear:both;display:block;\"><\/div>[vc_column_text]<\/p>\n<h4>EAC<\/h4>\n<p>[\/vc_column_text]<div class=\"aio-icon-component  vc_custom_1632737211006   style_1\"><a class=\"aio-icon-box-link\" href=\"http:\/\/comav-srl.com\/wp-content\/uploads\/2021\/09\/\u0415\u0410\u042d\u0421-N-RU-\u0414-IT.\u0421\u041f28.\u0412.05853_19.pdf\" target=\"_blank\" rel=\"noopener\" ><div id=\"Info-box-wrap-5475\" class=\"aio-icon-box left-icon\" style=\"\"  ><div class=\"aio-icon-left\"><div class=\"ult-just-icon-wrapper  \"><div class=\"align-icon\" style=\"text-align:center;\">\n<div class=\"aio-icon none \"  style=\"color:#037caf;font-size:32px;display:inline-block;\">\n\t<i class=\"fas fa-file-pdf\"><\/i>\n<\/div><\/div><\/div><\/div><div class=\"aio-ibd-block\"><div class=\"aio-icon-header\" ><h3 class=\"aio-icon-title ult-responsive\"  data-ultimate-target='#Info-box-wrap-5475 .aio-icon-title'  data-responsive-json-new='{\"font-size\":\"\",\"line-height\":\"\"}'  style=\"\">\u0415\u0410\u042d\u0421 N RU \u0414-IT.\u0421\u041f28.\u0412.05853_19<\/h3><\/div> <!-- header --><\/div> <!-- aio-ibd-block --><\/div> <!-- aio-icon-box --><\/a><\/div> <!-- aio-icon-component --><div class=\"aio-icon-component  vc_custom_1632737227936   style_1\"><a class=\"aio-icon-box-link\" href=\"http:\/\/comav-srl.com\/wp-content\/uploads\/2021\/09\/\u0415\u0410\u042d\u0421-N-RU-\u0414-IT.\u0421\u041f28.\u0412.05849_19.pdf\" target=\"_blank\" rel=\"noopener\" ><div id=\"Info-box-wrap-8481\" class=\"aio-icon-box left-icon\" style=\"\"  ><div class=\"aio-icon-left\"><div class=\"ult-just-icon-wrapper  \"><div class=\"align-icon\" style=\"text-align:center;\">\n<div class=\"aio-icon none \"  style=\"color:#037caf;font-size:32px;display:inline-block;\">\n\t<i class=\"fas fa-file-pdf\"><\/i>\n<\/div><\/div><\/div><\/div><div class=\"aio-ibd-block\"><div class=\"aio-icon-header\" ><h3 class=\"aio-icon-title ult-responsive\"  data-ultimate-target='#Info-box-wrap-8481 .aio-icon-title'  data-responsive-json-new='{\"font-size\":\"\",\"line-height\":\"\"}'  style=\"\">\u0415\u0410\u042d\u0421 N RU \u0414-IT.\u0421\u041f28.\u0412.05849_19<\/h3><\/div> <!-- header --><\/div> <!-- aio-ibd-block --><\/div> <!-- aio-icon-box --><\/a><\/div> <!-- aio-icon-component --><div class=\"aio-icon-component  vc_custom_1632737338277   style_1\"><a class=\"aio-icon-box-link\" href=\"http:\/\/comav-srl.com\/wp-content\/uploads\/2021\/09\/RU-C-IT.\u0412\u041d02.\u0412.00252_19_compressed.pdf\" target=\"_blank\" rel=\"noopener\" ><div id=\"Info-box-wrap-6279\" class=\"aio-icon-box left-icon\" style=\"\"  ><div class=\"aio-icon-left\"><div class=\"ult-just-icon-wrapper  \"><div class=\"align-icon\" style=\"text-align:center;\">\n<div class=\"aio-icon none \"  style=\"color:#037caf;font-size:32px;display:inline-block;\">\n\t<i class=\"fas fa-file-pdf\"><\/i>\n<\/div><\/div><\/div><\/div><div class=\"aio-ibd-block\"><div class=\"aio-icon-header\" ><h3 class=\"aio-icon-title ult-responsive\"  data-ultimate-target='#Info-box-wrap-6279 .aio-icon-title'  data-responsive-json-new='{\"font-size\":\"\",\"line-height\":\"\"}'  style=\"\">RU C-IT.\u0412\u041d02.\u0412.00252_19<\/h3><\/div> <!-- header --><\/div> <!-- aio-ibd-block --><\/div> <!-- aio-icon-box --><\/a><\/div> <!-- aio-icon-component -->[\/vc_column][\/vc_row]<\/p>\n<\/div>","protected":false},"excerpt":{"rendered":"<p>[vc_row full_width=&#8220;stretch_row&#8220; bg_type=&#8220;image&#8220; parallax_style=&#8220;vcpb-default&#8220; bg_image_new=&#8220;id^41919|url^http:\/\/comav-srl.com\/wp-content\/uploads\/2022\/01\/Foto-Certificati-1.jpg|caption^null|alt^null|title^Foto Certificati (1)|description^null&#8220;][vc_column][\/vc_column][\/vc_row][vc_row][vc_column][vc_column_text]Wir bieten eine breite Palette von Produkten mit unterschiedlichen Zertifizierungen an, daher sind hier nur die am h\u00e4ufigsten verwendeten aufgef\u00fchrt. Wenn Sie spezielle Anforderungen haben, k\u00f6nnen Sie uns gerne kontaktieren. Zus\u00e4tzlich zu den allgemeinen europ\u00e4ischen Zertifizierungen ist COMAV in der Lage, spezifische Zertifizierungen, f\u00fcr die ein komplexer b\u00fcrokratischer Prozess&hellip;<\/p>\n","protected":false},"author":1,"featured_media":0,"parent":0,"menu_order":0,"comment_status":"closed","ping_status":"closed","template":"","meta":{"footnotes":""},"class_list":["post-43872","page","type-page","status-publish","hentry","description-off"],"yoast_head":"<!-- This site is optimized with the Yoast SEO plugin v27.2 - https:\/\/yoast.com\/product\/yoast-seo-wordpress\/ -->\n<title>Zertifizierungen f\u00fcr Maschinen und Komponenten | Comav Srl<\/title>\n<meta name=\"description\" content=\"Zertifizierungen und Konformit\u00e4tserkl\u00e4rungen f\u00fcr von Comav Srl hergestellte Maschinen und Komponenten f\u00fcr das Sch\u00fcttguthandling.\" \/>\n<meta name=\"robots\" content=\"index, follow, max-snippet:-1, max-image-preview:large, max-video-preview:-1\" \/>\n<link rel=\"canonical\" href=\"https:\/\/www.comav-srl.com\/de\/zertifikate\/\" \/>\n<meta property=\"og:locale\" content=\"de_DE\" \/>\n<meta property=\"og:type\" content=\"article\" \/>\n<meta property=\"og:title\" content=\"Zertifizierungen f\u00fcr Maschinen und Komponenten | Comav Srl\" \/>\n<meta property=\"og:description\" content=\"Zertifizierungen und Konformit\u00e4tserkl\u00e4rungen f\u00fcr von Comav Srl hergestellte Maschinen und Komponenten f\u00fcr das Sch\u00fcttguthandling.\" \/>\n<meta property=\"og:url\" content=\"https:\/\/www.comav-srl.com\/de\/zertifikate\/\" \/>\n<meta property=\"og:site_name\" content=\"COMAV\" \/>\n<meta property=\"article:modified_time\" content=\"2024-12-03T15:28:28+00:00\" \/>\n<meta name=\"twitter:card\" content=\"summary_large_image\" \/>\n<meta name=\"twitter:label1\" content=\"Gesch\u00e4tzte Lesezeit\" \/>\n\t<meta name=\"twitter:data1\" content=\"3\u00a0Minuten\" \/>\n<script type=\"application\/ld+json\" class=\"yoast-schema-graph\">{\"@context\":\"https:\/\/schema.org\",\"@graph\":[{\"@type\":\"WebPage\",\"@id\":\"https:\/\/www.comav-srl.com\/de\/zertifikate\/\",\"url\":\"https:\/\/www.comav-srl.com\/de\/zertifikate\/\",\"name\":\"Zertifizierungen f\u00fcr Maschinen und Komponenten | Comav Srl\",\"isPartOf\":{\"@id\":\"https:\/\/www.comav-srl.com\/en\/#website\"},\"datePublished\":\"2022-03-03T16:22:10+00:00\",\"dateModified\":\"2024-12-03T15:28:28+00:00\",\"description\":\"Zertifizierungen und Konformit\u00e4tserkl\u00e4rungen f\u00fcr von Comav Srl hergestellte Maschinen und Komponenten f\u00fcr das Sch\u00fcttguthandling.\",\"breadcrumb\":{\"@id\":\"https:\/\/www.comav-srl.com\/de\/zertifikate\/#breadcrumb\"},\"inLanguage\":\"de\",\"potentialAction\":[{\"@type\":\"ReadAction\",\"target\":[\"https:\/\/www.comav-srl.com\/de\/zertifikate\/\"]}]},{\"@type\":\"BreadcrumbList\",\"@id\":\"https:\/\/www.comav-srl.com\/de\/zertifikate\/#breadcrumb\",\"itemListElement\":[{\"@type\":\"ListItem\",\"position\":1,\"name\":\"Home\",\"item\":\"https:\/\/www.comav-srl.com\/\"},{\"@type\":\"ListItem\",\"position\":2,\"name\":\"Zertifikate\"}]},{\"@type\":\"WebSite\",\"@id\":\"https:\/\/www.comav-srl.com\/en\/#website\",\"url\":\"https:\/\/www.comav-srl.com\/en\/\",\"name\":\"COMAV\",\"description\":\"Costruzioni macchine automatiche\",\"potentialAction\":[{\"@type\":\"SearchAction\",\"target\":{\"@type\":\"EntryPoint\",\"urlTemplate\":\"https:\/\/www.comav-srl.com\/en\/?s={search_term_string}\"},\"query-input\":{\"@type\":\"PropertyValueSpecification\",\"valueRequired\":true,\"valueName\":\"search_term_string\"}}],\"inLanguage\":\"de\"}]}<\/script>\n<!-- \/ Yoast SEO plugin. -->","yoast_head_json":{"title":"Zertifizierungen f\u00fcr Maschinen und Komponenten | Comav Srl","description":"Zertifizierungen und Konformit\u00e4tserkl\u00e4rungen f\u00fcr von Comav Srl hergestellte Maschinen und Komponenten f\u00fcr das Sch\u00fcttguthandling.","robots":{"index":"index","follow":"follow","max-snippet":"max-snippet:-1","max-image-preview":"max-image-preview:large","max-video-preview":"max-video-preview:-1"},"canonical":"https:\/\/www.comav-srl.com\/de\/zertifikate\/","og_locale":"de_DE","og_type":"article","og_title":"Zertifizierungen f\u00fcr Maschinen und Komponenten | Comav Srl","og_description":"Zertifizierungen und Konformit\u00e4tserkl\u00e4rungen f\u00fcr von Comav Srl hergestellte Maschinen und Komponenten f\u00fcr das Sch\u00fcttguthandling.","og_url":"https:\/\/www.comav-srl.com\/de\/zertifikate\/","og_site_name":"COMAV","article_modified_time":"2024-12-03T15:28:28+00:00","twitter_card":"summary_large_image","twitter_misc":{"Gesch\u00e4tzte Lesezeit":"3\u00a0Minuten"},"schema":{"@context":"https:\/\/schema.org","@graph":[{"@type":"WebPage","@id":"https:\/\/www.comav-srl.com\/de\/zertifikate\/","url":"https:\/\/www.comav-srl.com\/de\/zertifikate\/","name":"Zertifizierungen f\u00fcr Maschinen und Komponenten | Comav Srl","isPartOf":{"@id":"https:\/\/www.comav-srl.com\/en\/#website"},"datePublished":"2022-03-03T16:22:10+00:00","dateModified":"2024-12-03T15:28:28+00:00","description":"Zertifizierungen und Konformit\u00e4tserkl\u00e4rungen f\u00fcr von Comav Srl hergestellte Maschinen und Komponenten f\u00fcr das Sch\u00fcttguthandling.","breadcrumb":{"@id":"https:\/\/www.comav-srl.com\/de\/zertifikate\/#breadcrumb"},"inLanguage":"de","potentialAction":[{"@type":"ReadAction","target":["https:\/\/www.comav-srl.com\/de\/zertifikate\/"]}]},{"@type":"BreadcrumbList","@id":"https:\/\/www.comav-srl.com\/de\/zertifikate\/#breadcrumb","itemListElement":[{"@type":"ListItem","position":1,"name":"Home","item":"https:\/\/www.comav-srl.com\/"},{"@type":"ListItem","position":2,"name":"Zertifikate"}]},{"@type":"WebSite","@id":"https:\/\/www.comav-srl.com\/en\/#website","url":"https:\/\/www.comav-srl.com\/en\/","name":"COMAV","description":"Costruzioni macchine automatiche","potentialAction":[{"@type":"SearchAction","target":{"@type":"EntryPoint","urlTemplate":"https:\/\/www.comav-srl.com\/en\/?s={search_term_string}"},"query-input":{"@type":"PropertyValueSpecification","valueRequired":true,"valueName":"search_term_string"}}],"inLanguage":"de"}]}},"_links":{"self":[{"href":"https:\/\/www.comav-srl.com\/de\/wp-json\/wp\/v2\/pages\/43872","targetHints":{"allow":["GET"]}}],"collection":[{"href":"https:\/\/www.comav-srl.com\/de\/wp-json\/wp\/v2\/pages"}],"about":[{"href":"https:\/\/www.comav-srl.com\/de\/wp-json\/wp\/v2\/types\/page"}],"author":[{"embeddable":true,"href":"https:\/\/www.comav-srl.com\/de\/wp-json\/wp\/v2\/users\/1"}],"replies":[{"embeddable":true,"href":"https:\/\/www.comav-srl.com\/de\/wp-json\/wp\/v2\/comments?post=43872"}],"version-history":[{"count":16,"href":"https:\/\/www.comav-srl.com\/de\/wp-json\/wp\/v2\/pages\/43872\/revisions"}],"predecessor-version":[{"id":48334,"href":"https:\/\/www.comav-srl.com\/de\/wp-json\/wp\/v2\/pages\/43872\/revisions\/48334"}],"wp:attachment":[{"href":"https:\/\/www.comav-srl.com\/de\/wp-json\/wp\/v2\/media?parent=43872"}],"curies":[{"name":"wp","href":"https:\/\/api.w.org\/{rel}","templated":true}]}}