{"id":43884,"date":"2022-03-03T17:22:46","date_gmt":"2022-03-03T16:22:46","guid":{"rendered":"https:\/\/www.comav-srl.com\/sackentleerer-fallstudie\/"},"modified":"2022-04-06T15:17:54","modified_gmt":"2022-04-06T13:17:54","slug":"sackentleerer-fallstudie","status":"publish","type":"page","link":"https:\/\/www.comav-srl.com\/de\/sackentleerer-fallstudie\/","title":{"rendered":"Sackentleerer &#8211; Fallstudie"},"content":{"rendered":"<div class=\"wpb-content-wrapper\"><p>[vc_row full_width=&#8220;stretch_row&#8220; bg_type=&#8220;bg_color&#8220; bg_color_value=&#8220;#02688c&#8220;][vc_column]<div class=\"ult-spacer spacer-69e13ed095447\" data-id=\"69e13ed095447\" data-height=\"80\" data-height-mobile=\"20\" data-height-tab=\"20\" data-height-tab-portrait=\"20\" data-height-mobile-landscape=\"20\" style=\"clear:both;display:block;\"><\/div><div id=\"ultimate-heading-223969e13ed09549e\" class=\"uvc-heading ult-adjust-bottom-margin ultimate-heading-223969e13ed09549e uvc-5844 \" data-hspacer=\"no_spacer\"  data-halign=\"left\" style=\"text-align:left\"><div class=\"uvc-heading-spacer no_spacer\" style=\"top\"><\/div><div class=\"uvc-main-heading ult-responsive\"  data-ultimate-target='.uvc-heading.ultimate-heading-223969e13ed09549e h2'  data-responsive-json-new='{\"font-size\":\"desktop:48px;\",\"line-height\":\"desktop:58px;\"}' ><h2 style=\"--font-weight:theme;color:#ffffff;\">Sackentleerer - Fallstudie<\/h2><\/div><\/div><div class=\"ult-spacer spacer-69e13ed0954f5\" data-id=\"69e13ed0954f5\" data-height=\"110\" data-height-mobile=\"40\" data-height-tab=\"40\" data-height-tab-portrait=\"40\" data-height-mobile-landscape=\"40\" style=\"clear:both;display:block;\"><\/div>[\/vc_column][\/vc_row][vc_row][vc_column][vc_column_text]Einer der Grundpfeiler unserer Unternehmenspolitik ist die Weitergabe von technischem Know-how, das wir in mehr als 40 Jahren auf allen wichtigen Industriem\u00e4rkten erworben haben.<\/p>\n<p>Wir st\u00fctzen uns nicht nur auf die mechanische Analyse der Maschine, sondern integrieren sie in den Produktionsprozess des Kunden, damit die Produktionslinie ihre Konstruktionsmerkmale optimal nutzen kann.<br \/>\nIm Folgenden sind nur die wichtigsten Projekte aufgef\u00fchrt, die bereits entworfen wurden und f\u00fcr die Umsetzung bereit sind. Es ist unm\u00f6glich, all unsere Erfahrungen in einer visuellen Datenbank zusammenzufassen, daher bitten wir Sie, sich bei Fragen an uns zu wenden.<br \/>\n[\/vc_column_text][\/vc_column][\/vc_row][vc_row][vc_column]<div class=\"ult-spacer spacer-69e13ed095518\" data-id=\"69e13ed095518\" data-height=\"20\" data-height-mobile=\"10\" data-height-tab=\"10\" data-height-tab-portrait=\"10\" data-height-mobile-landscape=\"10\" style=\"clear:both;display:block;\"><\/div>[\/vc_column][\/vc_row][vc_row gap=&#8220;15&#8243; equal_height=&#8220;yes&#8220;][vc_column width=&#8220;1\/3&#8243;][vc_single_image image=&#8220;40716&#8243; img_size=&#8220;full&#8220;][vc_column_text css=&#8220;.vc_custom_1644328804131{margin-bottom: 0px !important;border-bottom-width: 0px !important;padding-bottom: 15px !important;}&#8220;]<\/p>\n<h4>SVR150 ON PLATFORM<\/h4>\n<p>[\/vc_column_text]<style type=\"text\/css\" data-type=\"the7_shortcodes-inline-css\">#default-btn-8187415481b7909845bfbf18930fd422.ico-right-side > i {\n  margin-right: 0px;\n  margin-left: 8px;\n}\n#default-btn-8187415481b7909845bfbf18930fd422 > i {\n  margin-right: 8px;\n}<\/style><a href=\"http:\/\/comav-srl.com\/wp-content\/uploads\/2021\/10\/00012915.pdf\" class=\"default-btn-shortcode dt-btn dt-btn-s link-hover-off btn-inline-left  vc_custom_1649251025927\" target=\"_blank\" id=\"default-btn-8187415481b7909845bfbf18930fd422\" rel=\"noopener\"><span>Datenblatt<\/span><\/a>[\/vc_column][vc_column width=&#8220;1\/3&#8243;][vc_single_image image=&#8220;40720&#8243; img_size=&#8220;full&#8220;][vc_column_text css=&#8220;.vc_custom_1644328808031{margin-bottom: 0px !important;border-bottom-width: 0px !important;padding-bottom: 15px !important;}&#8220;]<\/p>\n<h4>SVC 100 REV.1<\/h4>\n<p>[\/vc_column_text]<style type=\"text\/css\" data-type=\"the7_shortcodes-inline-css\">#default-btn-230377413f042f49272b9fd4e906583b.ico-right-side > i {\n  margin-right: 0px;\n  margin-left: 8px;\n}\n#default-btn-230377413f042f49272b9fd4e906583b > i {\n  margin-right: 8px;\n}<\/style><a href=\"http:\/\/comav-srl.com\/wp-content\/uploads\/2021\/10\/SVR-MINI-SLIT_ROBOT_PC.pdf\" class=\"default-btn-shortcode dt-btn dt-btn-s link-hover-off btn-inline-left  vc_custom_1649251029494\" target=\"_blank\" id=\"default-btn-230377413f042f49272b9fd4e906583b\" rel=\"noopener\"><span>Datenblatt<\/span><\/a>[\/vc_column][vc_column width=&#8220;1\/3&#8243;][vc_single_image image=&#8220;40724&#8243; img_size=&#8220;full&#8220;][vc_column_text css=&#8220;.vc_custom_1644328812215{margin-bottom: 0px !important;border-bottom-width: 0px !important;padding-bottom: 15px !important;}&#8220;]<\/p>\n<h4>3.00.4023.SVR 600 DEPA+HP+SC FILLING TANK TRUCK<\/h4>\n<p>[\/vc_column_text]<style type=\"text\/css\" data-type=\"the7_shortcodes-inline-css\">#default-btn-7ea1df4cabf1e38282a87646de374a53.ico-right-side > i {\n  margin-right: 0px;\n  margin-left: 8px;\n}\n#default-btn-7ea1df4cabf1e38282a87646de374a53 > i {\n  margin-right: 8px;\n}<\/style><a href=\"http:\/\/comav-srl.com\/wp-content\/uploads\/2021\/10\/00011524-SVR-DEPA-WITH-TARARA..pdf\" class=\"default-btn-shortcode dt-btn dt-btn-s link-hover-off btn-inline-left  vc_custom_1649251033095\" target=\"_blank\" id=\"default-btn-7ea1df4cabf1e38282a87646de374a53\" rel=\"noopener\"><span>Datenblatt<\/span><\/a>[\/vc_column][\/vc_row][vc_row][vc_column]<div class=\"ult-spacer spacer-69e13ed095662\" data-id=\"69e13ed095662\" data-height=\"20\" data-height-mobile=\"10\" data-height-tab=\"10\" data-height-tab-portrait=\"10\" data-height-mobile-landscape=\"10\" style=\"clear:both;display:block;\"><\/div>[\/vc_column][\/vc_row][vc_row gap=&#8220;15&#8243; equal_height=&#8220;yes&#8220;][vc_column width=&#8220;1\/3&#8243;][vc_single_image image=&#8220;40733&#8243; img_size=&#8220;full&#8220;][vc_column_text css=&#8220;.vc_custom_1644328816852{margin-bottom: 0px !important;border-bottom-width: 0px !important;padding-bottom: 15px !important;}&#8220;]<\/p>\n<h4>SVR 1000 DEPA WITH PC FOR FILLING TANK TRUCK<\/h4>\n<p>[\/vc_column_text]<style type=\"text\/css\" data-type=\"the7_shortcodes-inline-css\">#default-btn-5bff195f3240bcfb8b4bfd7c6bd00e49.ico-right-side > i {\n  margin-right: 0px;\n  margin-left: 8px;\n}\n#default-btn-5bff195f3240bcfb8b4bfd7c6bd00e49 > i {\n  margin-right: 8px;\n}<\/style><a href=\"http:\/\/comav-srl.com\/wp-content\/uploads\/2021\/10\/00012915.pdf\" class=\"default-btn-shortcode dt-btn dt-btn-s link-hover-off btn-inline-left  vc_custom_1649251038844\" target=\"_blank\" id=\"default-btn-5bff195f3240bcfb8b4bfd7c6bd00e49\" rel=\"noopener\"><span>Datenblatt<\/span><\/a>[\/vc_column][vc_column width=&#8220;1\/3&#8243;][vc_single_image image=&#8220;40737&#8243; img_size=&#8220;full&#8220;][vc_column_text css=&#8220;.vc_custom_1644328820349{margin-bottom: 0px !important;border-bottom-width: 0px !important;padding-bottom: 15px !important;}&#8220;]<\/p>\n<h4>SVR 1000 DEPA WITH FULL PALLET UNIT AND EMPTY STACKER+PC FOR FILLING TANK TRUCK<\/h4>\n<p>[\/vc_column_text]<style type=\"text\/css\" data-type=\"the7_shortcodes-inline-css\">#default-btn-2c21b3f86b17ceaf8d267818e63fc300.ico-right-side > i {\n  margin-right: 0px;\n  margin-left: 8px;\n}\n#default-btn-2c21b3f86b17ceaf8d267818e63fc300 > i {\n  margin-right: 8px;\n}<\/style><a href=\"http:\/\/comav-srl.com\/wp-content\/uploads\/2021\/10\/SVR-MINI-SLIT_ROBOT_PC.pdf\" class=\"default-btn-shortcode dt-btn dt-btn-s link-hover-off btn-inline-left  vc_custom_1649251042860\" target=\"_blank\" id=\"default-btn-2c21b3f86b17ceaf8d267818e63fc300\" rel=\"noopener\"><span>Datenblatt<\/span><\/a>[\/vc_column][vc_column width=&#8220;1\/3&#8243;][vc_single_image image=&#8220;40741&#8243; img_size=&#8220;full&#8220;][vc_column_text css=&#8220;.vc_custom_1644328823931{margin-bottom: 0px !important;border-bottom-width: 0px !important;padding-bottom: 15px !important;}&#8220;]<\/p>\n<h4>SVR DEPA DOUBLE FILLING BIG BAG AND TANK TRUCK<\/h4>\n<p>[\/vc_column_text]<style type=\"text\/css\" data-type=\"the7_shortcodes-inline-css\">#default-btn-898fee1e5a3f86cd67544d38737a4b19.ico-right-side > i {\n  margin-right: 0px;\n  margin-left: 8px;\n}\n#default-btn-898fee1e5a3f86cd67544d38737a4b19 > i {\n  margin-right: 8px;\n}<\/style><a href=\"http:\/\/comav-srl.com\/wp-content\/uploads\/2021\/10\/00011524-SVR-DEPA-WITH-TARARA..pdf\" class=\"default-btn-shortcode dt-btn dt-btn-s link-hover-off btn-inline-left  vc_custom_1649251046760\" target=\"_blank\" id=\"default-btn-898fee1e5a3f86cd67544d38737a4b19\" rel=\"noopener\"><span>Datenblatt<\/span><\/a>[\/vc_column][\/vc_row][vc_row][vc_column]<div class=\"ult-spacer spacer-69e13ed095729\" data-id=\"69e13ed095729\" data-height=\"20\" data-height-mobile=\"10\" data-height-tab=\"10\" data-height-tab-portrait=\"10\" data-height-mobile-landscape=\"10\" style=\"clear:both;display:block;\"><\/div>[\/vc_column][\/vc_row][vc_row gap=&#8220;15&#8243; equal_height=&#8220;yes&#8220;][vc_column width=&#8220;1\/3&#8243;][vc_single_image image=&#8220;40745&#8243; img_size=&#8220;full&#8220;][vc_column_text css=&#8220;.vc_custom_1644328828764{margin-bottom: 0px !important;border-bottom-width: 0px !important;padding-bottom: 15px !important;}&#8220;]<\/p>\n<h4>SVR1000 DEPA+FULL PALLET UNIT+EMPTY STACKER+GRAVITY PLATFORM FOR FILLING TANK TRUCK<\/h4>\n<p>[\/vc_column_text]<style type=\"text\/css\" data-type=\"the7_shortcodes-inline-css\">#default-btn-e18801510f2ed8353dc57c511e7adee0.ico-right-side > i {\n  margin-right: 0px;\n  margin-left: 8px;\n}\n#default-btn-e18801510f2ed8353dc57c511e7adee0 > i {\n  margin-right: 8px;\n}<\/style><a href=\"http:\/\/comav-srl.com\/wp-content\/uploads\/2021\/10\/00012915.pdf\" class=\"default-btn-shortcode dt-btn dt-btn-s link-hover-off btn-inline-left  vc_custom_1649251051276\" target=\"_blank\" id=\"default-btn-e18801510f2ed8353dc57c511e7adee0\" rel=\"noopener\"><span>Datenblatt<\/span><\/a>[\/vc_column][vc_column width=&#8220;1\/3&#8243;][vc_single_image image=&#8220;40749&#8243; img_size=&#8220;full&#8220;][vc_column_text css=&#8220;.vc_custom_1644328832547{margin-bottom: 0px !important;border-bottom-width: 0px !important;padding-bottom: 15px !important;}&#8220;]<\/p>\n<h4>00011524-SVR DEPA WITH TARARA.<\/h4>\n<p>[\/vc_column_text]<style type=\"text\/css\" data-type=\"the7_shortcodes-inline-css\">#default-btn-9853c9b20e3e4ea2152a2abf35be70a8.ico-right-side > i {\n  margin-right: 0px;\n  margin-left: 8px;\n}\n#default-btn-9853c9b20e3e4ea2152a2abf35be70a8 > i {\n  margin-right: 8px;\n}<\/style><a href=\"http:\/\/comav-srl.com\/wp-content\/uploads\/2021\/10\/00011524-SVR-DEPA-WITH-TARARA..pdf\" class=\"default-btn-shortcode dt-btn dt-btn-s link-hover-off btn-inline-left  vc_custom_1649251056310\" target=\"_blank\" id=\"default-btn-9853c9b20e3e4ea2152a2abf35be70a8\" rel=\"noopener\"><span>Datenblatt<\/span><\/a>[\/vc_column][\/vc_row][vc_row][vc_column]<div class=\"ult-spacer spacer-69e13ed0957af\" data-id=\"69e13ed0957af\" data-height=\"20\" data-height-mobile=\"10\" data-height-tab=\"10\" data-height-tab-portrait=\"10\" data-height-mobile-landscape=\"10\" style=\"clear:both;display:block;\"><\/div>[\/vc_column][\/vc_row][vc_row gap=&#8220;15&#8243; equal_height=&#8220;yes&#8220;][vc_column width=&#8220;1\/3&#8243;][vc_single_image image=&#8220;40753&#8243; img_size=&#8220;full&#8220;][vc_column_text css=&#8220;.vc_custom_1644328837434{margin-bottom: 0px !important;border-bottom-width: 0px !important;padding-bottom: 15px !important;}&#8220;]<\/p>\n<h4>SVR MINI SLIT_ROBOT_PC<\/h4>\n<p>[\/vc_column_text]<style type=\"text\/css\" data-type=\"the7_shortcodes-inline-css\">#default-btn-59de6b92401bcbf5b5b22e952ceb77b5.ico-right-side > i {\n  margin-right: 0px;\n  margin-left: 8px;\n}\n#default-btn-59de6b92401bcbf5b5b22e952ceb77b5 > i {\n  margin-right: 8px;\n}<\/style><a href=\"http:\/\/comav-srl.com\/wp-content\/uploads\/2021\/10\/00012915.pdf\" class=\"default-btn-shortcode dt-btn dt-btn-s link-hover-off btn-inline-left  vc_custom_1649251061126\" target=\"_blank\" id=\"default-btn-59de6b92401bcbf5b5b22e952ceb77b5\" rel=\"noopener\"><span>Datenblatt<\/span><\/a>[\/vc_column][vc_column width=&#8220;1\/3&#8243;][vc_single_image image=&#8220;40761&#8243; img_size=&#8220;full&#8220;][vc_column_text css=&#8220;.vc_custom_1644328840997{margin-bottom: 0px !important;border-bottom-width: 0px !important;padding-bottom: 15px !important;}&#8220;]<\/p>\n<h4>+00012438<\/h4>\n<p>[\/vc_column_text]<style type=\"text\/css\" data-type=\"the7_shortcodes-inline-css\">#default-btn-1bbd3039efe40dda140b210827530e45.ico-right-side > i {\n  margin-right: 0px;\n  margin-left: 8px;\n}\n#default-btn-1bbd3039efe40dda140b210827530e45 > i {\n  margin-right: 8px;\n}<\/style><a href=\"http:\/\/comav-srl.com\/wp-content\/uploads\/2021\/10\/SVR-MINI-SLIT_ROBOT_PC.pdf\" class=\"default-btn-shortcode dt-btn dt-btn-s link-hover-off btn-inline-left  vc_custom_1649251065961\" target=\"_blank\" id=\"default-btn-1bbd3039efe40dda140b210827530e45\" rel=\"noopener\"><span>Datenblatt<\/span><\/a>[\/vc_column][vc_column width=&#8220;1\/3&#8243;][vc_single_image image=&#8220;40765&#8243; img_size=&#8220;full&#8220;][vc_column_text css=&#8220;.vc_custom_1644328844914{margin-bottom: 0px !important;border-bottom-width: 0px !important;padding-bottom: 15px !important;}&#8220;]<\/p>\n<h4>+00012915<\/h4>\n<p>[\/vc_column_text]<style type=\"text\/css\" data-type=\"the7_shortcodes-inline-css\">#default-btn-b0813b28ad763053679175cf5485a1bf.ico-right-side > i {\n  margin-right: 0px;\n  margin-left: 8px;\n}\n#default-btn-b0813b28ad763053679175cf5485a1bf > i {\n  margin-right: 8px;\n}<\/style><a href=\"http:\/\/comav-srl.com\/wp-content\/uploads\/2021\/10\/00011524-SVR-DEPA-WITH-TARARA..pdf\" class=\"default-btn-shortcode dt-btn dt-btn-s link-hover-off btn-inline-left  vc_custom_1649251070361\" target=\"_blank\" id=\"default-btn-b0813b28ad763053679175cf5485a1bf\" rel=\"noopener\"><span>Datenblatt<\/span><\/a>[\/vc_column][\/vc_row][vc_row][vc_column]<div class=\"ult-spacer spacer-69e13ed095863\" data-id=\"69e13ed095863\" data-height=\"20\" data-height-mobile=\"10\" data-height-tab=\"10\" data-height-tab-portrait=\"10\" data-height-mobile-landscape=\"10\" style=\"clear:both;display:block;\"><\/div>[\/vc_column][\/vc_row]<\/p>\n<\/div>","protected":false},"excerpt":{"rendered":"<p>[vc_row full_width=&#8220;stretch_row&#8220; bg_type=&#8220;bg_color&#8220; bg_color_value=&#8220;#02688c&#8220;][vc_column][\/vc_column][\/vc_row][vc_row][vc_column][vc_column_text]Einer der Grundpfeiler unserer Unternehmenspolitik ist die Weitergabe von technischem Know-how, das wir in mehr als 40 Jahren auf allen wichtigen Industriem\u00e4rkten erworben haben. Wir st\u00fctzen uns nicht nur auf die mechanische Analyse der Maschine, sondern integrieren sie in den Produktionsprozess des Kunden, damit die Produktionslinie ihre Konstruktionsmerkmale optimal nutzen kann. Im&hellip;<\/p>\n","protected":false},"author":1,"featured_media":0,"parent":0,"menu_order":0,"comment_status":"closed","ping_status":"closed","template":"","meta":{"footnotes":""},"class_list":["post-43884","page","type-page","status-publish","hentry","description-off"],"yoast_head":"<!-- This site is optimized with the Yoast SEO plugin v27.2 - https:\/\/yoast.com\/product\/yoast-seo-wordpress\/ -->\n<title>Sackentleerer - Fallstudie - COMAV<\/title>\n<meta name=\"robots\" content=\"index, follow, max-snippet:-1, max-image-preview:large, max-video-preview:-1\" \/>\n<link rel=\"canonical\" href=\"https:\/\/www.comav-srl.com\/de\/sackentleerer-fallstudie\/\" \/>\n<meta property=\"og:locale\" content=\"de_DE\" \/>\n<meta property=\"og:type\" content=\"article\" \/>\n<meta property=\"og:title\" content=\"Sackentleerer - Fallstudie - COMAV\" \/>\n<meta property=\"og:description\" content=\"[vc_row full_width=&#8220;stretch_row&#8220; bg_type=&#8220;bg_color&#8220; bg_color_value=&#8220;#02688c&#8220;][vc_column][\/vc_column][\/vc_row][vc_row][vc_column][vc_column_text]Einer der Grundpfeiler unserer Unternehmenspolitik ist die Weitergabe von technischem Know-how, das wir in mehr als 40 Jahren auf allen wichtigen Industriem\u00e4rkten erworben haben. Wir st\u00fctzen uns nicht nur auf die mechanische Analyse der Maschine, sondern integrieren sie in den Produktionsprozess des Kunden, damit die Produktionslinie ihre Konstruktionsmerkmale optimal nutzen kann. Im&hellip;\" \/>\n<meta property=\"og:url\" content=\"https:\/\/www.comav-srl.com\/de\/sackentleerer-fallstudie\/\" \/>\n<meta property=\"og:site_name\" content=\"COMAV\" \/>\n<meta property=\"article:modified_time\" content=\"2022-04-06T13:17:54+00:00\" \/>\n<meta name=\"twitter:card\" content=\"summary_large_image\" \/>\n<meta name=\"twitter:label1\" content=\"Gesch\u00e4tzte Lesezeit\" \/>\n\t<meta name=\"twitter:data1\" content=\"5\u00a0Minuten\" \/>\n<script type=\"application\/ld+json\" class=\"yoast-schema-graph\">{\"@context\":\"https:\/\/schema.org\",\"@graph\":[{\"@type\":\"WebPage\",\"@id\":\"https:\/\/www.comav-srl.com\/de\/sackentleerer-fallstudie\/\",\"url\":\"https:\/\/www.comav-srl.com\/de\/sackentleerer-fallstudie\/\",\"name\":\"Sackentleerer - Fallstudie - COMAV\",\"isPartOf\":{\"@id\":\"https:\/\/www.comav-srl.com\/en\/#website\"},\"datePublished\":\"2022-03-03T16:22:46+00:00\",\"dateModified\":\"2022-04-06T13:17:54+00:00\",\"breadcrumb\":{\"@id\":\"https:\/\/www.comav-srl.com\/de\/sackentleerer-fallstudie\/#breadcrumb\"},\"inLanguage\":\"de\",\"potentialAction\":[{\"@type\":\"ReadAction\",\"target\":[\"https:\/\/www.comav-srl.com\/de\/sackentleerer-fallstudie\/\"]}]},{\"@type\":\"BreadcrumbList\",\"@id\":\"https:\/\/www.comav-srl.com\/de\/sackentleerer-fallstudie\/#breadcrumb\",\"itemListElement\":[{\"@type\":\"ListItem\",\"position\":1,\"name\":\"Home\",\"item\":\"https:\/\/www.comav-srl.com\/\"},{\"@type\":\"ListItem\",\"position\":2,\"name\":\"Sackentleerer &#8211; Fallstudie\"}]},{\"@type\":\"WebSite\",\"@id\":\"https:\/\/www.comav-srl.com\/en\/#website\",\"url\":\"https:\/\/www.comav-srl.com\/en\/\",\"name\":\"COMAV\",\"description\":\"Costruzioni macchine automatiche\",\"potentialAction\":[{\"@type\":\"SearchAction\",\"target\":{\"@type\":\"EntryPoint\",\"urlTemplate\":\"https:\/\/www.comav-srl.com\/en\/?s={search_term_string}\"},\"query-input\":{\"@type\":\"PropertyValueSpecification\",\"valueRequired\":true,\"valueName\":\"search_term_string\"}}],\"inLanguage\":\"de\"}]}<\/script>\n<!-- \/ Yoast SEO plugin. -->","yoast_head_json":{"title":"Sackentleerer - Fallstudie - COMAV","robots":{"index":"index","follow":"follow","max-snippet":"max-snippet:-1","max-image-preview":"max-image-preview:large","max-video-preview":"max-video-preview:-1"},"canonical":"https:\/\/www.comav-srl.com\/de\/sackentleerer-fallstudie\/","og_locale":"de_DE","og_type":"article","og_title":"Sackentleerer - Fallstudie - COMAV","og_description":"[vc_row full_width=&#8220;stretch_row&#8220; bg_type=&#8220;bg_color&#8220; bg_color_value=&#8220;#02688c&#8220;][vc_column][\/vc_column][\/vc_row][vc_row][vc_column][vc_column_text]Einer der Grundpfeiler unserer Unternehmenspolitik ist die Weitergabe von technischem Know-how, das wir in mehr als 40 Jahren auf allen wichtigen Industriem\u00e4rkten erworben haben. Wir st\u00fctzen uns nicht nur auf die mechanische Analyse der Maschine, sondern integrieren sie in den Produktionsprozess des Kunden, damit die Produktionslinie ihre Konstruktionsmerkmale optimal nutzen kann. Im&hellip;","og_url":"https:\/\/www.comav-srl.com\/de\/sackentleerer-fallstudie\/","og_site_name":"COMAV","article_modified_time":"2022-04-06T13:17:54+00:00","twitter_card":"summary_large_image","twitter_misc":{"Gesch\u00e4tzte Lesezeit":"5\u00a0Minuten"},"schema":{"@context":"https:\/\/schema.org","@graph":[{"@type":"WebPage","@id":"https:\/\/www.comav-srl.com\/de\/sackentleerer-fallstudie\/","url":"https:\/\/www.comav-srl.com\/de\/sackentleerer-fallstudie\/","name":"Sackentleerer - Fallstudie - COMAV","isPartOf":{"@id":"https:\/\/www.comav-srl.com\/en\/#website"},"datePublished":"2022-03-03T16:22:46+00:00","dateModified":"2022-04-06T13:17:54+00:00","breadcrumb":{"@id":"https:\/\/www.comav-srl.com\/de\/sackentleerer-fallstudie\/#breadcrumb"},"inLanguage":"de","potentialAction":[{"@type":"ReadAction","target":["https:\/\/www.comav-srl.com\/de\/sackentleerer-fallstudie\/"]}]},{"@type":"BreadcrumbList","@id":"https:\/\/www.comav-srl.com\/de\/sackentleerer-fallstudie\/#breadcrumb","itemListElement":[{"@type":"ListItem","position":1,"name":"Home","item":"https:\/\/www.comav-srl.com\/"},{"@type":"ListItem","position":2,"name":"Sackentleerer &#8211; Fallstudie"}]},{"@type":"WebSite","@id":"https:\/\/www.comav-srl.com\/en\/#website","url":"https:\/\/www.comav-srl.com\/en\/","name":"COMAV","description":"Costruzioni macchine automatiche","potentialAction":[{"@type":"SearchAction","target":{"@type":"EntryPoint","urlTemplate":"https:\/\/www.comav-srl.com\/en\/?s={search_term_string}"},"query-input":{"@type":"PropertyValueSpecification","valueRequired":true,"valueName":"search_term_string"}}],"inLanguage":"de"}]}},"_links":{"self":[{"href":"https:\/\/www.comav-srl.com\/de\/wp-json\/wp\/v2\/pages\/43884","targetHints":{"allow":["GET"]}}],"collection":[{"href":"https:\/\/www.comav-srl.com\/de\/wp-json\/wp\/v2\/pages"}],"about":[{"href":"https:\/\/www.comav-srl.com\/de\/wp-json\/wp\/v2\/types\/page"}],"author":[{"embeddable":true,"href":"https:\/\/www.comav-srl.com\/de\/wp-json\/wp\/v2\/users\/1"}],"replies":[{"embeddable":true,"href":"https:\/\/www.comav-srl.com\/de\/wp-json\/wp\/v2\/comments?post=43884"}],"version-history":[{"count":13,"href":"https:\/\/www.comav-srl.com\/de\/wp-json\/wp\/v2\/pages\/43884\/revisions"}],"predecessor-version":[{"id":47433,"href":"https:\/\/www.comav-srl.com\/de\/wp-json\/wp\/v2\/pages\/43884\/revisions\/47433"}],"wp:attachment":[{"href":"https:\/\/www.comav-srl.com\/de\/wp-json\/wp\/v2\/media?parent=43884"}],"curies":[{"name":"wp","href":"https:\/\/api.w.org\/{rel}","templated":true}]}}