{"id":43908,"date":"2022-03-03T17:24:07","date_gmt":"2022-03-03T16:24:07","guid":{"rendered":"https:\/\/www.comav-srl.com\/serviceleistungen\/"},"modified":"2022-03-07T08:31:08","modified_gmt":"2022-03-07T07:31:08","slug":"serviceleistungen","status":"publish","type":"page","link":"https:\/\/www.comav-srl.com\/de\/serviceleistungen\/","title":{"rendered":"Serviceleistungen"},"content":{"rendered":"<div class=\"wpb-content-wrapper\"><p>[vc_row full_width=&#8220;stretch_row&#8220; bg_type=&#8220;bg_color&#8220; bg_color_value=&#8220;#02688c&#8220;][vc_column]<div class=\"ult-spacer spacer-69f0d72160d93\" data-id=\"69f0d72160d93\" data-height=\"80\" data-height-mobile=\"20\" data-height-tab=\"20\" data-height-tab-portrait=\"20\" data-height-mobile-landscape=\"20\" style=\"clear:both;display:block;\"><\/div><div id=\"ultimate-heading-612869f0d72160df4\" class=\"uvc-heading ult-adjust-bottom-margin ultimate-heading-612869f0d72160df4 uvc-5132 \" data-hspacer=\"no_spacer\"  data-halign=\"left\" style=\"text-align:left\"><div class=\"uvc-heading-spacer no_spacer\" style=\"top\"><\/div><div class=\"uvc-main-heading ult-responsive\"  data-ultimate-target='.uvc-heading.ultimate-heading-612869f0d72160df4 h2'  data-responsive-json-new='{\"font-size\":\"desktop:48px;\",\"line-height\":\"desktop:58px;\"}' ><h2 style=\"--font-weight:theme;color:#ffffff;\">Serviceleistungen<\/h2><\/div><div class=\"uvc-sub-heading ult-responsive\"  data-ultimate-target='.uvc-heading.ultimate-heading-612869f0d72160df4 .uvc-sub-heading '  data-responsive-json-new='{\"font-size\":\"desktop:22px;\",\"line-height\":\"desktop:32px;\"}'  style=\"font-weight:normal;color:#ffffff;\">Unsere Serviceleistungen umfassen: Entwicklung von L\u00f6sungen, Produktion, Installation und Support<\/div><\/div><div class=\"ult-spacer spacer-69f0d72160e56\" data-id=\"69f0d72160e56\" data-height=\"110\" data-height-mobile=\"40\" data-height-tab=\"40\" data-height-tab-portrait=\"40\" data-height-mobile-landscape=\"40\" style=\"clear:both;display:block;\"><\/div>[\/vc_column][\/vc_row][vc_row gap=&#8220;25&#8243; css_animation=&#8220;none&#8220;][vc_column css_animation=&#8220;none&#8220; width=&#8220;1\/2&#8243; css=&#8220;.vc_custom_1632734529379{padding-top: 30px !important;padding-right: 30px !important;padding-bottom: 30px !important;padding-left: 30px !important;background-color: #ffffff !important;border-radius: 25px !important;}&#8220;][vc_column_text]<\/p>\n<h3>Schalttafel<\/h3>\n<p>Die hohe Zuverl\u00e4ssigkeit unserer automatischen Maschinen und Sonderanlagen ist das Ergebnis kontinuierlicher Forschung und Entwicklung im Zusammenspiel von mechanischer und elektronischer Automation.<br \/>\nAuf der Grundlage von mehr als 40 Jahren Erfahrung stattet COMAV seine Maschinen mit Schalttafeln und integrierten Managementsystemen aus, die die Zuverl\u00e4ssigkeit optimieren und die Leistung der Maschinen im Produktionsprozess maximieren.<br \/>\nVon gro\u00dfer Bedeutung ist die Untersuchung der Eigensicherheit des vorgeschlagenen Systems, wobei die Risiken f\u00fcr den Bediener in Abh\u00e4ngigkeit durch ein Safety Integrity Level (SIL) auf dem h\u00f6chsten Niveau, das der Markt bieten kann, effektiv ausgeschlossen werden.<br \/>\nJeder einzelne Schaltplan wird anhand der geltenden Vorschriften gepr\u00fcft und validiert, um dem Kunden nicht nur eine leistungsstarke Maschine f\u00fcr die Produktion zu liefern, sondern auch die Sicherheit einer sorgf\u00e4ltigen Planung im Hinblick auf den Bediener zu gew\u00e4hrleisten.<br \/>\nMit Hilfe der Software \u201eModular-Design\u201c k\u00f6nnen die Anforderungen jedes einzelnen Kunden ber\u00fccksichtigt und, falls erforderlich, Bereiche der Maschinenfunktionalit\u00e4t zu einem sp\u00e4teren Zeitpunkt implementiert oder ge\u00e4ndert werden.<br \/>\n[\/vc_column_text][\/vc_column][vc_column css_animation=&#8220;none&#8220; width=&#8220;1\/2&#8243; css=&#8220;.vc_custom_1632734856296{padding-top: 30px !important;padding-right: 30px !important;padding-bottom: 30px !important;padding-left: 30px !important;background-color: #ffffff !important;border-radius: 25px !important;}&#8220;][vc_single_image image=&#8220;41926&#8243; img_size=&#8220;full&#8220; alignment=&#8220;center&#8220; image_hovers=&#8220;false&#8220;][\/vc_column][\/vc_row][vc_row full_width=&#8220;stretch_row&#8220; gap=&#8220;25&#8243; css_animation=&#8220;none&#8220; bg_type=&#8220;bg_color&#8220; bg_color_value=&#8220;#f8f8f8&#8243; css=&#8220;.vc_custom_1643705741375{padding-top: 30px !important;padding-bottom: 10px !important;}&#8220;][vc_column css_animation=&#8220;none&#8220; width=&#8220;1\/2&#8243; css=&#8220;.vc_custom_1643705700031{padding-top: 30px !important;padding-right: 30px !important;padding-bottom: 30px !important;padding-left: 30px !important;}&#8220;][vc_single_image image=&#8220;41926&#8243; img_size=&#8220;full&#8220; alignment=&#8220;center&#8220; image_hovers=&#8220;false&#8220;][\/vc_column][vc_column css_animation=&#8220;none&#8220; width=&#8220;1\/2&#8243; css=&#8220;.vc_custom_1643705689365{padding-top: 30px !important;padding-right: 30px !important;padding-bottom: 30px !important;padding-left: 30px !important;}&#8220;][vc_column_text]<\/p>\n<h3>Inbetriebnahme und Schulung<\/h3>\n<p>Der technische Service bietet ein erfahrenes Team, das die Bed\u00fcrfnisse der Kunden erf\u00fcllen kann.<br \/>\nUm klarere und umfassendere Antworten geben zu k\u00f6nnen, werden laufend Schulungen durchgef\u00fchrt, die von unseren Kunden sehr gesch\u00e4tzt werden.<br \/>\nZus\u00e4tzlich zu den internen Schulungen bieten wir w\u00e4hrend der Inbetriebnahme spezifische Schulungen zu allen wichtigen und wartungsrelevanten Aspekten des Leistungsumfangs an.<br \/>\nUnser technischer Service kann \u00fcber Remote-Verbindung kontaktiert werden und eine Inbetriebnahme, eine Analyse des Maschinenzustands oder einfach nur Informationen zu Wartungsaspekten f\u00fcr Ventile oder eine unserer Komponenten liefern.<br \/>\n[\/vc_column_text][\/vc_column][\/vc_row][vc_row gap=&#8220;25&#8243; css_animation=&#8220;none&#8220;][vc_column css_animation=&#8220;none&#8220; width=&#8220;1\/2&#8243; css=&#8220;.vc_custom_1632734529379{padding-top: 30px !important;padding-right: 30px !important;padding-bottom: 30px !important;padding-left: 30px !important;background-color: #ffffff !important;border-radius: 25px !important;}&#8220;][vc_column_text]<\/p>\n<h3>Automatisierung<\/h3>\n<p>Unter Industrie 4.0 versteht man ein Modell der Produktions- und Unternehmenssteuerung, dessen Elemente Verbindungen zwischen physischen und digitalen Systemen mit komplexen Analysen durch Big Data und Echtzeitanpassungen sind.<br \/>\nDie gelieferten Daten stammen von in die Maschinen und Anlagen integrierten Sensoren, die \u00fcber den Status des Endprozesses informieren.<br \/>\nDie gro\u00dfe Menge an Informationen muss genau \u00fcberwacht werden, um eine Methodik der \u201evorbeugenden Wartung\u201c anwenden zu k\u00f6nnen.<br \/>\nCOMAV hat eine spezifische Software mit herk\u00f6mmlicher oder ferngesteuerter Verwaltung entwickelt, die eine vertikale und horizontale Datenanalyse oder einen Datenaustausch erm\u00f6glicht, deren Matrix Daten f\u00fcr die Echtzeit\u00fcberwachung der Unternehmensproduktion zur Verf\u00fcgung stellt.<br \/>\nUnsere Maschinen sind mit Schnittstellen f\u00fcr eine kontinuierliche und umfassende Kommunikation zwischen Maschine und Mensch ausgestattet, wobei die Software in Bezug auf die Anforderungen und den Produktionszyklus des Kunden entwickelt wird.<br \/>\nEin komplexes \u00d6kosystem, mit dem wir uns den Herausforderungen von morgen stellen, in dem die COMAV-Welt mit der virtuellen Automatisierung verschmilzt<br \/>\n[\/vc_column_text][\/vc_column][vc_column css_animation=&#8220;none&#8220; width=&#8220;1\/2&#8243; css=&#8220;.vc_custom_1632734856296{padding-top: 30px !important;padding-right: 30px !important;padding-bottom: 30px !important;padding-left: 30px !important;background-color: #ffffff !important;border-radius: 25px !important;}&#8220;][vc_single_image image=&#8220;41949&#8243; img_size=&#8220;full&#8220; alignment=&#8220;center&#8220; image_hovers=&#8220;false&#8220;][\/vc_column][\/vc_row]<\/p>\n<\/div>","protected":false},"excerpt":{"rendered":"<p>[vc_row full_width=&#8220;stretch_row&#8220; bg_type=&#8220;bg_color&#8220; bg_color_value=&#8220;#02688c&#8220;][vc_column][\/vc_column][\/vc_row][vc_row gap=&#8220;25&#8243; css_animation=&#8220;none&#8220;][vc_column css_animation=&#8220;none&#8220; width=&#8220;1\/2&#8243; css=&#8220;.vc_custom_1632734529379{padding-top: 30px !important;padding-right: 30px !important;padding-bottom: 30px !important;padding-left: 30px !important;background-color: #ffffff !important;border-radius: 25px !important;}&#8220;][vc_column_text] Schalttafel Die hohe Zuverl\u00e4ssigkeit unserer automatischen Maschinen und Sonderanlagen ist das Ergebnis kontinuierlicher Forschung und Entwicklung im Zusammenspiel von mechanischer und elektronischer Automation. Auf der Grundlage von mehr als 40 Jahren Erfahrung stattet COMAV&hellip;<\/p>\n","protected":false},"author":1,"featured_media":0,"parent":0,"menu_order":0,"comment_status":"closed","ping_status":"closed","template":"","meta":{"footnotes":""},"class_list":["post-43908","page","type-page","status-publish","hentry","description-off"],"yoast_head":"<!-- This site is optimized with the Yoast SEO plugin v27.2 - https:\/\/yoast.com\/product\/yoast-seo-wordpress\/ -->\n<title>Schulung und Automatisierung | Bulk Handling<\/title>\n<meta name=\"description\" content=\"Schulung, Inbetriebnahme von Anlagen und Automatisierung. Vertrauen Sie auf Comav Srl: 40 Jahre Erfahrung im Bereich Sch\u00fcttguthandling.\" \/>\n<meta name=\"robots\" content=\"index, follow, max-snippet:-1, max-image-preview:large, max-video-preview:-1\" \/>\n<link rel=\"canonical\" href=\"https:\/\/www.comav-srl.com\/de\/serviceleistungen\/\" \/>\n<meta property=\"og:locale\" content=\"de_DE\" \/>\n<meta property=\"og:type\" content=\"article\" \/>\n<meta property=\"og:title\" content=\"Schulung und Automatisierung | Bulk Handling\" \/>\n<meta property=\"og:description\" content=\"Schulung, Inbetriebnahme von Anlagen und Automatisierung. Vertrauen Sie auf Comav Srl: 40 Jahre Erfahrung im Bereich Sch\u00fcttguthandling.\" \/>\n<meta property=\"og:url\" content=\"https:\/\/www.comav-srl.com\/de\/serviceleistungen\/\" \/>\n<meta property=\"og:site_name\" content=\"COMAV\" \/>\n<meta property=\"article:modified_time\" content=\"2022-03-07T07:31:08+00:00\" \/>\n<meta name=\"twitter:card\" content=\"summary_large_image\" \/>\n<meta name=\"twitter:label1\" content=\"Gesch\u00e4tzte Lesezeit\" \/>\n\t<meta name=\"twitter:data1\" content=\"4\u00a0Minuten\" \/>\n<script type=\"application\/ld+json\" class=\"yoast-schema-graph\">{\"@context\":\"https:\/\/schema.org\",\"@graph\":[{\"@type\":\"WebPage\",\"@id\":\"https:\/\/www.comav-srl.com\/de\/serviceleistungen\/\",\"url\":\"https:\/\/www.comav-srl.com\/de\/serviceleistungen\/\",\"name\":\"Schulung und Automatisierung | Bulk Handling\",\"isPartOf\":{\"@id\":\"https:\/\/www.comav-srl.com\/en\/#website\"},\"datePublished\":\"2022-03-03T16:24:07+00:00\",\"dateModified\":\"2022-03-07T07:31:08+00:00\",\"description\":\"Schulung, Inbetriebnahme von Anlagen und Automatisierung. Vertrauen Sie auf Comav Srl: 40 Jahre Erfahrung im Bereich Sch\u00fcttguthandling.\",\"breadcrumb\":{\"@id\":\"https:\/\/www.comav-srl.com\/de\/serviceleistungen\/#breadcrumb\"},\"inLanguage\":\"de\",\"potentialAction\":[{\"@type\":\"ReadAction\",\"target\":[\"https:\/\/www.comav-srl.com\/de\/serviceleistungen\/\"]}]},{\"@type\":\"BreadcrumbList\",\"@id\":\"https:\/\/www.comav-srl.com\/de\/serviceleistungen\/#breadcrumb\",\"itemListElement\":[{\"@type\":\"ListItem\",\"position\":1,\"name\":\"Home\",\"item\":\"https:\/\/www.comav-srl.com\/\"},{\"@type\":\"ListItem\",\"position\":2,\"name\":\"Serviceleistungen\"}]},{\"@type\":\"WebSite\",\"@id\":\"https:\/\/www.comav-srl.com\/en\/#website\",\"url\":\"https:\/\/www.comav-srl.com\/en\/\",\"name\":\"COMAV\",\"description\":\"Costruzioni macchine automatiche\",\"potentialAction\":[{\"@type\":\"SearchAction\",\"target\":{\"@type\":\"EntryPoint\",\"urlTemplate\":\"https:\/\/www.comav-srl.com\/en\/?s={search_term_string}\"},\"query-input\":{\"@type\":\"PropertyValueSpecification\",\"valueRequired\":true,\"valueName\":\"search_term_string\"}}],\"inLanguage\":\"de\"}]}<\/script>\n<!-- \/ Yoast SEO plugin. -->","yoast_head_json":{"title":"Schulung und Automatisierung | Bulk Handling","description":"Schulung, Inbetriebnahme von Anlagen und Automatisierung. Vertrauen Sie auf Comav Srl: 40 Jahre Erfahrung im Bereich Sch\u00fcttguthandling.","robots":{"index":"index","follow":"follow","max-snippet":"max-snippet:-1","max-image-preview":"max-image-preview:large","max-video-preview":"max-video-preview:-1"},"canonical":"https:\/\/www.comav-srl.com\/de\/serviceleistungen\/","og_locale":"de_DE","og_type":"article","og_title":"Schulung und Automatisierung | Bulk Handling","og_description":"Schulung, Inbetriebnahme von Anlagen und Automatisierung. Vertrauen Sie auf Comav Srl: 40 Jahre Erfahrung im Bereich Sch\u00fcttguthandling.","og_url":"https:\/\/www.comav-srl.com\/de\/serviceleistungen\/","og_site_name":"COMAV","article_modified_time":"2022-03-07T07:31:08+00:00","twitter_card":"summary_large_image","twitter_misc":{"Gesch\u00e4tzte Lesezeit":"4\u00a0Minuten"},"schema":{"@context":"https:\/\/schema.org","@graph":[{"@type":"WebPage","@id":"https:\/\/www.comav-srl.com\/de\/serviceleistungen\/","url":"https:\/\/www.comav-srl.com\/de\/serviceleistungen\/","name":"Schulung und Automatisierung | Bulk Handling","isPartOf":{"@id":"https:\/\/www.comav-srl.com\/en\/#website"},"datePublished":"2022-03-03T16:24:07+00:00","dateModified":"2022-03-07T07:31:08+00:00","description":"Schulung, Inbetriebnahme von Anlagen und Automatisierung. Vertrauen Sie auf Comav Srl: 40 Jahre Erfahrung im Bereich Sch\u00fcttguthandling.","breadcrumb":{"@id":"https:\/\/www.comav-srl.com\/de\/serviceleistungen\/#breadcrumb"},"inLanguage":"de","potentialAction":[{"@type":"ReadAction","target":["https:\/\/www.comav-srl.com\/de\/serviceleistungen\/"]}]},{"@type":"BreadcrumbList","@id":"https:\/\/www.comav-srl.com\/de\/serviceleistungen\/#breadcrumb","itemListElement":[{"@type":"ListItem","position":1,"name":"Home","item":"https:\/\/www.comav-srl.com\/"},{"@type":"ListItem","position":2,"name":"Serviceleistungen"}]},{"@type":"WebSite","@id":"https:\/\/www.comav-srl.com\/en\/#website","url":"https:\/\/www.comav-srl.com\/en\/","name":"COMAV","description":"Costruzioni macchine automatiche","potentialAction":[{"@type":"SearchAction","target":{"@type":"EntryPoint","urlTemplate":"https:\/\/www.comav-srl.com\/en\/?s={search_term_string}"},"query-input":{"@type":"PropertyValueSpecification","valueRequired":true,"valueName":"search_term_string"}}],"inLanguage":"de"}]}},"_links":{"self":[{"href":"https:\/\/www.comav-srl.com\/de\/wp-json\/wp\/v2\/pages\/43908","targetHints":{"allow":["GET"]}}],"collection":[{"href":"https:\/\/www.comav-srl.com\/de\/wp-json\/wp\/v2\/pages"}],"about":[{"href":"https:\/\/www.comav-srl.com\/de\/wp-json\/wp\/v2\/types\/page"}],"author":[{"embeddable":true,"href":"https:\/\/www.comav-srl.com\/de\/wp-json\/wp\/v2\/users\/1"}],"replies":[{"embeddable":true,"href":"https:\/\/www.comav-srl.com\/de\/wp-json\/wp\/v2\/comments?post=43908"}],"version-history":[{"count":9,"href":"https:\/\/www.comav-srl.com\/de\/wp-json\/wp\/v2\/pages\/43908\/revisions"}],"predecessor-version":[{"id":44682,"href":"https:\/\/www.comav-srl.com\/de\/wp-json\/wp\/v2\/pages\/43908\/revisions\/44682"}],"wp:attachment":[{"href":"https:\/\/www.comav-srl.com\/de\/wp-json\/wp\/v2\/media?parent=43908"}],"curies":[{"name":"wp","href":"https:\/\/api.w.org\/{rel}","templated":true}]}}