{"id":43930,"date":"2022-03-03T17:24:30","date_gmt":"2022-03-03T16:24:30","guid":{"rendered":"https:\/\/www.comav-srl.com\/umschaltventile-zubehoer\/"},"modified":"2022-04-05T10:31:31","modified_gmt":"2022-04-05T08:31:31","slug":"umschaltventile-zubehoer","status":"publish","type":"page","link":"https:\/\/www.comav-srl.com\/de\/umschaltventile-zubehoer\/","title":{"rendered":"Umschaltventile &#8211; Zubeh\u00f6r"},"content":{"rendered":"<div class=\"wpb-content-wrapper\"><p>[vc_row full_width=&#8220;stretch_row&#8220; bg_type=&#8220;image&#8220; parallax_style=&#8220;vcpb-default&#8220; bg_image_new=&#8220;id^71|url^http:\/\/comav-srl.com\/wp-content\/uploads\/2021\/09\/sal.jpeg|caption^null|alt^null|title^sal|description^null&#8220; bg_image_repeat=&#8220;no-repeat&#8220; enable_overlay=&#8220;enable_overlay_value&#8220; overlay_color=&#8220;rgba(0,0,0,0.4)&#8220;][vc_column]<div class=\"ult-spacer spacer-69fe1aeb4b7fa\" data-id=\"69fe1aeb4b7fa\" data-height=\"80\" data-height-mobile=\"20\" data-height-tab=\"20\" data-height-tab-portrait=\"20\" data-height-mobile-landscape=\"20\" style=\"clear:both;display:block;\"><\/div><div id=\"ultimate-heading-422969fe1aeb4b89b\" class=\"uvc-heading ult-adjust-bottom-margin ultimate-heading-422969fe1aeb4b89b uvc-3937 \" data-hspacer=\"no_spacer\"  data-halign=\"left\" style=\"text-align:left\"><div class=\"uvc-heading-spacer no_spacer\" style=\"top\"><\/div><div class=\"uvc-main-heading ult-responsive\"  data-ultimate-target='.uvc-heading.ultimate-heading-422969fe1aeb4b89b h2'  data-responsive-json-new='{\"font-size\":\"desktop:48px;\",\"line-height\":\"desktop:58px;\"}' ><h2 style=\"--font-weight:theme;color:#ffffff;\">Umschaltventile - Zubeh\u00f6r<\/h2><\/div><\/div><div class=\"ult-spacer spacer-69fe1aeb4b914\" data-id=\"69fe1aeb4b914\" data-height=\"110\" data-height-mobile=\"40\" data-height-tab=\"40\" data-height-tab-portrait=\"40\" data-height-mobile-landscape=\"40\" style=\"clear:both;display:block;\"><\/div>[\/vc_column][\/vc_row][vc_row][vc_column]<div class=\"ult-spacer spacer-69fe1aeb4b941\" data-id=\"69fe1aeb4b941\" data-height=\"20\" data-height-mobile=\"10\" data-height-tab=\"10\" data-height-tab-portrait=\"10\" data-height-mobile-landscape=\"10\" style=\"clear:both;display:block;\"><\/div>[\/vc_column][\/vc_row][vc_row][vc_column][vc_column_text]<\/p>\n<h3><span style=\"color: #01648e;\">ZUBEH\u00d6R F\u00dcR UMSCHALTVENTILE<\/span><\/h3>\n<p>[\/vc_column_text][\/vc_column][\/vc_row][vc_row gap=&#8220;15&#8243; equal_height=&#8220;yes&#8220;][vc_column width=&#8220;1\/3&#8243;]<style type=\"text\/css\" data-type=\"the7_shortcodes-inline-css\">.shortcode-single-image-wrap.shortcode-single-image-6e29d7c4cdffb0ac562ce4ffcb6bb978.enable-bg-rollover .rollover i,\n.shortcode-single-image-wrap.shortcode-single-image-6e29d7c4cdffb0ac562ce4ffcb6bb978.enable-bg-rollover .rollover-video i {\n  background: -webkit-linear-gradient();\n  background: linear-gradient();\n}\n.shortcode-single-image-wrap.shortcode-single-image-6e29d7c4cdffb0ac562ce4ffcb6bb978 .rollover-icon {\n  font-size: 32px;\n  color: #ffffff;\n  min-width: 44px;\n  min-height: 44px;\n  line-height: 44px;\n  border-radius: 100px;\n  border-style: solid;\n  border-width: 0px;\n}\n.dt-icon-bg-on.shortcode-single-image-wrap.shortcode-single-image-6e29d7c4cdffb0ac562ce4ffcb6bb978 .rollover-icon {\n  background: rgba(255,255,255,0.3);\n  box-shadow: none;\n}<\/style><div class=\"shortcode-single-image-wrap shortcode-single-image-6e29d7c4cdffb0ac562ce4ffcb6bb978 alignleft  enable-bg-rollover dt-icon-bg-off\" style=\"margin-top:0px; margin-bottom:0px; margin-left:0px; margin-right:0px; width:320px;\"><div class=\"shortcode-single-image\"><div class=\"fancy-media-wrap\" style=\"\"><a class=\"layzr-bg rollover rollover-zoom dt-pswp-item pswp-image\" href=\"https:\/\/www.comav-srl.com\/wp-content\/uploads\/2022\/01\/Catalogo-valvole-deviatrici-trascinato.jpg\" title=\"Catalogo valvole deviatrici (trascinato)\" data-dt-img-description=\"\" data-large_image_width=\"2515\" data-large_image_height = \"1789\"  style=\"\"><img fetchpriority=\"high\" decoding=\"async\" class=\"preload-me lazy-load aspect\" src=\"data:image\/svg+xml,%3Csvg%20xmlns%3D&#39;http%3A%2F%2Fwww.w3.org%2F2000%2Fsvg&#39;%20viewBox%3D&#39;0%200%20320%20240&#39;%2F%3E\" data-src=\"https:\/\/www.comav-srl.com\/wp-content\/uploads\/2022\/01\/Catalogo-valvole-deviatrici-trascinato-320x240.jpg\" data-srcset=\"https:\/\/www.comav-srl.com\/wp-content\/uploads\/2022\/01\/Catalogo-valvole-deviatrici-trascinato-320x240.jpg 320w, https:\/\/www.comav-srl.com\/wp-content\/uploads\/2022\/01\/Catalogo-valvole-deviatrici-trascinato-640x480.jpg 640w\" loading=\"eager\" style=\"--ratio: 320 \/ 240\" sizes=\"(max-width: 320px) 100vw, 320px\" width=\"320\" height=\"240\"  data-dt-location=\"https:\/\/www.comav-srl.com\/de\/valvole-deviatrici-accessori\/catalogo-valvole-deviatrici-trascinato\/\" alt=\"\" \/><span class=\" rollover-icon Defaults-search-plus\"><\/span><\/a><\/div><\/div><\/div><div class=\"ult-spacer spacer-69fe1aeb4cc11\" data-id=\"69fe1aeb4cc11\" data-height=\"15\" data-height-mobile=\"15\" data-height-tab=\"15\" data-height-tab-portrait=\"15\" data-height-mobile-landscape=\"15\" style=\"clear:both;display:block;\"><\/div>[vc_column_text css=&#8220;.vc_custom_1638880894605{margin-bottom: 0px !important;border-bottom-width: 0px !important;padding-bottom: 15px !important;}&#8220;]<\/p>\n<h4>BROSCH\u00dcRE ZUBEH\u00d6R<\/h4>\n<p><span style=\"font-weight: 400;\">Um unsere Umschaltventile optimal nutzen zu k\u00f6nnen, bieten wir eine breite Palette von Zubeh\u00f6r an, die speziell f\u00fcr das jeweilige Modell entwickelt wurde.<\/span>[\/vc_column_text]<style type=\"text\/css\" data-type=\"the7_shortcodes-inline-css\">#default-btn-49df314fe42dc549c8e2b13b71137612.ico-right-side > i {\n  margin-right: 0px;\n  margin-left: 8px;\n}\n#default-btn-49df314fe42dc549c8e2b13b71137612 > i {\n  margin-right: 8px;\n}<\/style><a href=\"http:\/\/comav-srl.com\/wp-content\/uploads\/2022\/01\/Catalogo-valvole-deviatrici.pdf\" class=\"default-btn-shortcode dt-btn dt-btn-s link-hover-off btn-inline-left \" target=\"_blank\" id=\"default-btn-49df314fe42dc549c8e2b13b71137612\" rel=\"noopener\"><span>BROSCH\u00dcRE<\/span><\/a>[\/vc_column][\/vc_row][vc_row][vc_column]<div class=\"ult-spacer spacer-69fe1aeb4cd58\" data-id=\"69fe1aeb4cd58\" data-height=\"20\" data-height-mobile=\"10\" data-height-tab=\"10\" data-height-tab-portrait=\"10\" data-height-mobile-landscape=\"10\" style=\"clear:both;display:block;\"><\/div><div class=\"ult-spacer spacer-69fe1aeb4cd93\" data-id=\"69fe1aeb4cd93\" data-height=\"20\" data-height-mobile=\"10\" data-height-tab=\"10\" data-height-tab-portrait=\"10\" data-height-mobile-landscape=\"10\" style=\"clear:both;display:block;\"><\/div>[\/vc_column][\/vc_row]<\/p>\n<\/div>","protected":false},"excerpt":{"rendered":"<p>[vc_row full_width=&#8220;stretch_row&#8220; bg_type=&#8220;image&#8220; parallax_style=&#8220;vcpb-default&#8220; bg_image_new=&#8220;id^71|url^http:\/\/comav-srl.com\/wp-content\/uploads\/2021\/09\/sal.jpeg|caption^null|alt^null|title^sal|description^null&#8220; bg_image_repeat=&#8220;no-repeat&#8220; enable_overlay=&#8220;enable_overlay_value&#8220; overlay_color=&#8220;rgba(0,0,0,0.4)&#8220;][vc_column][\/vc_column][\/vc_row][vc_row][vc_column][\/vc_column][\/vc_row][vc_row][vc_column][vc_column_text] ZUBEH\u00d6R F\u00dcR UMSCHALTVENTILE [\/vc_column_text][\/vc_column][\/vc_row][vc_row gap=&#8220;15&#8243; equal_height=&#8220;yes&#8220;][vc_column width=&#8220;1\/3&#8243;][vc_column_text css=&#8220;.vc_custom_1638880894605{margin-bottom: 0px !important;border-bottom-width: 0px !important;padding-bottom: 15px !important;}&#8220;] BROSCH\u00dcRE ZUBEH\u00d6R Um unsere Umschaltventile optimal nutzen zu k\u00f6nnen, bieten wir eine breite Palette von Zubeh\u00f6r an, die speziell f\u00fcr das jeweilige Modell entwickelt wurde.[\/vc_column_text][\/vc_column][\/vc_row][vc_row][vc_column][\/vc_column][\/vc_row]<\/p>\n","protected":false},"author":1,"featured_media":0,"parent":0,"menu_order":0,"comment_status":"closed","ping_status":"closed","template":"","meta":{"footnotes":""},"class_list":["post-43930","page","type-page","status-publish","hentry","description-off"],"yoast_head":"<!-- This site is optimized with the Yoast SEO plugin v27.2 - https:\/\/yoast.com\/product\/yoast-seo-wordpress\/ -->\n<title>Umschaltventile - Zubeh\u00f6r - COMAV<\/title>\n<meta name=\"robots\" content=\"index, follow, max-snippet:-1, max-image-preview:large, max-video-preview:-1\" \/>\n<link rel=\"canonical\" href=\"https:\/\/www.comav-srl.com\/de\/umschaltventile-zubehoer\/\" \/>\n<meta property=\"og:locale\" content=\"de_DE\" \/>\n<meta property=\"og:type\" content=\"article\" \/>\n<meta property=\"og:title\" content=\"Umschaltventile - Zubeh\u00f6r - COMAV\" \/>\n<meta property=\"og:description\" content=\"[vc_row full_width=&#8220;stretch_row&#8220; bg_type=&#8220;image&#8220; parallax_style=&#8220;vcpb-default&#8220; bg_image_new=&#8220;id^71|url^http:\/\/comav-srl.com\/wp-content\/uploads\/2021\/09\/sal.jpeg|caption^null|alt^null|title^sal|description^null&#8220; bg_image_repeat=&#8220;no-repeat&#8220; enable_overlay=&#8220;enable_overlay_value&#8220; overlay_color=&#8220;rgba(0,0,0,0.4)&#8220;][vc_column][\/vc_column][\/vc_row][vc_row][vc_column][\/vc_column][\/vc_row][vc_row][vc_column][vc_column_text] ZUBEH\u00d6R F\u00dcR UMSCHALTVENTILE [\/vc_column_text][\/vc_column][\/vc_row][vc_row gap=&#8220;15&#8243; equal_height=&#8220;yes&#8220;][vc_column width=&#8220;1\/3&#8243;][vc_column_text css=&#8220;.vc_custom_1638880894605{margin-bottom: 0px !important;border-bottom-width: 0px !important;padding-bottom: 15px !important;}&#8220;] BROSCH\u00dcRE ZUBEH\u00d6R Um unsere Umschaltventile optimal nutzen zu k\u00f6nnen, bieten wir eine breite Palette von Zubeh\u00f6r an, die speziell f\u00fcr das jeweilige Modell entwickelt wurde.[\/vc_column_text][\/vc_column][\/vc_row][vc_row][vc_column][\/vc_column][\/vc_row]\" \/>\n<meta property=\"og:url\" content=\"https:\/\/www.comav-srl.com\/de\/umschaltventile-zubehoer\/\" \/>\n<meta property=\"og:site_name\" content=\"COMAV\" \/>\n<meta property=\"article:modified_time\" content=\"2022-04-05T08:31:31+00:00\" \/>\n<meta name=\"twitter:card\" content=\"summary_large_image\" \/>\n<meta name=\"twitter:label1\" content=\"Gesch\u00e4tzte Lesezeit\" \/>\n\t<meta name=\"twitter:data1\" content=\"2\u00a0Minuten\" \/>\n<script type=\"application\/ld+json\" class=\"yoast-schema-graph\">{\"@context\":\"https:\/\/schema.org\",\"@graph\":[{\"@type\":\"WebPage\",\"@id\":\"https:\/\/www.comav-srl.com\/de\/umschaltventile-zubehoer\/\",\"url\":\"https:\/\/www.comav-srl.com\/de\/umschaltventile-zubehoer\/\",\"name\":\"Umschaltventile - Zubeh\u00f6r - COMAV\",\"isPartOf\":{\"@id\":\"https:\/\/www.comav-srl.com\/en\/#website\"},\"datePublished\":\"2022-03-03T16:24:30+00:00\",\"dateModified\":\"2022-04-05T08:31:31+00:00\",\"breadcrumb\":{\"@id\":\"https:\/\/www.comav-srl.com\/de\/umschaltventile-zubehoer\/#breadcrumb\"},\"inLanguage\":\"de\",\"potentialAction\":[{\"@type\":\"ReadAction\",\"target\":[\"https:\/\/www.comav-srl.com\/de\/umschaltventile-zubehoer\/\"]}]},{\"@type\":\"BreadcrumbList\",\"@id\":\"https:\/\/www.comav-srl.com\/de\/umschaltventile-zubehoer\/#breadcrumb\",\"itemListElement\":[{\"@type\":\"ListItem\",\"position\":1,\"name\":\"Home\",\"item\":\"https:\/\/www.comav-srl.com\/\"},{\"@type\":\"ListItem\",\"position\":2,\"name\":\"Umschaltventile &#8211; Zubeh\u00f6r\"}]},{\"@type\":\"WebSite\",\"@id\":\"https:\/\/www.comav-srl.com\/en\/#website\",\"url\":\"https:\/\/www.comav-srl.com\/en\/\",\"name\":\"COMAV\",\"description\":\"Costruzioni macchine automatiche\",\"potentialAction\":[{\"@type\":\"SearchAction\",\"target\":{\"@type\":\"EntryPoint\",\"urlTemplate\":\"https:\/\/www.comav-srl.com\/en\/?s={search_term_string}\"},\"query-input\":{\"@type\":\"PropertyValueSpecification\",\"valueRequired\":true,\"valueName\":\"search_term_string\"}}],\"inLanguage\":\"de\"}]}<\/script>\n<!-- \/ Yoast SEO plugin. -->","yoast_head_json":{"title":"Umschaltventile - Zubeh\u00f6r - COMAV","robots":{"index":"index","follow":"follow","max-snippet":"max-snippet:-1","max-image-preview":"max-image-preview:large","max-video-preview":"max-video-preview:-1"},"canonical":"https:\/\/www.comav-srl.com\/de\/umschaltventile-zubehoer\/","og_locale":"de_DE","og_type":"article","og_title":"Umschaltventile - Zubeh\u00f6r - COMAV","og_description":"[vc_row full_width=&#8220;stretch_row&#8220; bg_type=&#8220;image&#8220; parallax_style=&#8220;vcpb-default&#8220; bg_image_new=&#8220;id^71|url^http:\/\/comav-srl.com\/wp-content\/uploads\/2021\/09\/sal.jpeg|caption^null|alt^null|title^sal|description^null&#8220; bg_image_repeat=&#8220;no-repeat&#8220; enable_overlay=&#8220;enable_overlay_value&#8220; overlay_color=&#8220;rgba(0,0,0,0.4)&#8220;][vc_column][\/vc_column][\/vc_row][vc_row][vc_column][\/vc_column][\/vc_row][vc_row][vc_column][vc_column_text] ZUBEH\u00d6R F\u00dcR UMSCHALTVENTILE [\/vc_column_text][\/vc_column][\/vc_row][vc_row gap=&#8220;15&#8243; equal_height=&#8220;yes&#8220;][vc_column width=&#8220;1\/3&#8243;][vc_column_text css=&#8220;.vc_custom_1638880894605{margin-bottom: 0px !important;border-bottom-width: 0px !important;padding-bottom: 15px !important;}&#8220;] BROSCH\u00dcRE ZUBEH\u00d6R Um unsere Umschaltventile optimal nutzen zu k\u00f6nnen, bieten wir eine breite Palette von Zubeh\u00f6r an, die speziell f\u00fcr das jeweilige Modell entwickelt wurde.[\/vc_column_text][\/vc_column][\/vc_row][vc_row][vc_column][\/vc_column][\/vc_row]","og_url":"https:\/\/www.comav-srl.com\/de\/umschaltventile-zubehoer\/","og_site_name":"COMAV","article_modified_time":"2022-04-05T08:31:31+00:00","twitter_card":"summary_large_image","twitter_misc":{"Gesch\u00e4tzte Lesezeit":"2\u00a0Minuten"},"schema":{"@context":"https:\/\/schema.org","@graph":[{"@type":"WebPage","@id":"https:\/\/www.comav-srl.com\/de\/umschaltventile-zubehoer\/","url":"https:\/\/www.comav-srl.com\/de\/umschaltventile-zubehoer\/","name":"Umschaltventile - Zubeh\u00f6r - COMAV","isPartOf":{"@id":"https:\/\/www.comav-srl.com\/en\/#website"},"datePublished":"2022-03-03T16:24:30+00:00","dateModified":"2022-04-05T08:31:31+00:00","breadcrumb":{"@id":"https:\/\/www.comav-srl.com\/de\/umschaltventile-zubehoer\/#breadcrumb"},"inLanguage":"de","potentialAction":[{"@type":"ReadAction","target":["https:\/\/www.comav-srl.com\/de\/umschaltventile-zubehoer\/"]}]},{"@type":"BreadcrumbList","@id":"https:\/\/www.comav-srl.com\/de\/umschaltventile-zubehoer\/#breadcrumb","itemListElement":[{"@type":"ListItem","position":1,"name":"Home","item":"https:\/\/www.comav-srl.com\/"},{"@type":"ListItem","position":2,"name":"Umschaltventile &#8211; Zubeh\u00f6r"}]},{"@type":"WebSite","@id":"https:\/\/www.comav-srl.com\/en\/#website","url":"https:\/\/www.comav-srl.com\/en\/","name":"COMAV","description":"Costruzioni macchine automatiche","potentialAction":[{"@type":"SearchAction","target":{"@type":"EntryPoint","urlTemplate":"https:\/\/www.comav-srl.com\/en\/?s={search_term_string}"},"query-input":{"@type":"PropertyValueSpecification","valueRequired":true,"valueName":"search_term_string"}}],"inLanguage":"de"}]}},"_links":{"self":[{"href":"https:\/\/www.comav-srl.com\/de\/wp-json\/wp\/v2\/pages\/43930","targetHints":{"allow":["GET"]}}],"collection":[{"href":"https:\/\/www.comav-srl.com\/de\/wp-json\/wp\/v2\/pages"}],"about":[{"href":"https:\/\/www.comav-srl.com\/de\/wp-json\/wp\/v2\/types\/page"}],"author":[{"embeddable":true,"href":"https:\/\/www.comav-srl.com\/de\/wp-json\/wp\/v2\/users\/1"}],"replies":[{"embeddable":true,"href":"https:\/\/www.comav-srl.com\/de\/wp-json\/wp\/v2\/comments?post=43930"}],"version-history":[{"count":10,"href":"https:\/\/www.comav-srl.com\/de\/wp-json\/wp\/v2\/pages\/43930\/revisions"}],"predecessor-version":[{"id":47396,"href":"https:\/\/www.comav-srl.com\/de\/wp-json\/wp\/v2\/pages\/43930\/revisions\/47396"}],"wp:attachment":[{"href":"https:\/\/www.comav-srl.com\/de\/wp-json\/wp\/v2\/media?parent=43930"}],"curies":[{"name":"wp","href":"https:\/\/api.w.org\/{rel}","templated":true}]}}