{"id":43935,"date":"2022-03-03T17:24:37","date_gmt":"2022-03-03T16:24:37","guid":{"rendered":"https:\/\/www.comav-srl.com\/umschaltventile-sonderausfuehrung\/"},"modified":"2022-04-05T10:31:07","modified_gmt":"2022-04-05T08:31:07","slug":"umschaltventile-sonderausfuehrung","status":"publish","type":"page","link":"https:\/\/www.comav-srl.com\/de\/umschaltventile-sonderausfuehrung\/","title":{"rendered":"Umschaltventile &#8211; Sonderausf\u00fchrung"},"content":{"rendered":"<div class=\"wpb-content-wrapper\"><p>[vc_row full_width=&#8220;stretch_row&#8220; bg_type=&#8220;image&#8220; parallax_style=&#8220;vcpb-default&#8220; bg_image_new=&#8220;id^71|url^http:\/\/comav-srl.com\/wp-content\/uploads\/2021\/09\/sal.jpeg|caption^null|alt^null|title^sal|description^null&#8220; bg_image_repeat=&#8220;no-repeat&#8220; enable_overlay=&#8220;enable_overlay_value&#8220; overlay_color=&#8220;rgba(0,0,0,0.4)&#8220;][vc_column]<div class=\"ult-spacer spacer-69d8557bdbb51\" data-id=\"69d8557bdbb51\" data-height=\"80\" data-height-mobile=\"20\" data-height-tab=\"20\" data-height-tab-portrait=\"20\" data-height-mobile-landscape=\"20\" style=\"clear:both;display:block;\"><\/div><div id=\"ultimate-heading-311169d8557bdbbbe\" class=\"uvc-heading ult-adjust-bottom-margin ultimate-heading-311169d8557bdbbbe uvc-5070 \" data-hspacer=\"no_spacer\"  data-halign=\"left\" style=\"text-align:left\"><div class=\"uvc-heading-spacer no_spacer\" style=\"top\"><\/div><div class=\"uvc-main-heading ult-responsive\"  data-ultimate-target='.uvc-heading.ultimate-heading-311169d8557bdbbbe h2'  data-responsive-json-new='{\"font-size\":\"desktop:48px;\",\"line-height\":\"desktop:58px;\"}' ><h2 style=\"--font-weight:theme;color:#ffffff;\">Umschaltventile - Sonderausf\u00fchrung<\/h2><\/div><\/div><div class=\"ult-spacer spacer-69d8557bdbc29\" data-id=\"69d8557bdbc29\" data-height=\"110\" data-height-mobile=\"40\" data-height-tab=\"40\" data-height-tab-portrait=\"40\" data-height-mobile-landscape=\"40\" style=\"clear:both;display:block;\"><\/div>[\/vc_column][\/vc_row][vc_row][vc_column]<div class=\"ult-spacer spacer-69d8557bdbc55\" data-id=\"69d8557bdbc55\" data-height=\"20\" data-height-mobile=\"10\" data-height-tab=\"10\" data-height-tab-portrait=\"10\" data-height-mobile-landscape=\"10\" style=\"clear:both;display:block;\"><\/div>[\/vc_column][\/vc_row][vc_row][vc_column][vc_column_text]<\/p>\n<h3><span style=\"color: #01648e;\">TITEL<\/span><\/h3>\n<p>[\/vc_column_text][\/vc_column][\/vc_row][vc_row gap=&#8220;15&#8243; equal_height=&#8220;yes&#8220;][vc_column width=&#8220;1\/3&#8243;]<style type=\"text\/css\" data-type=\"the7_shortcodes-inline-css\">.shortcode-single-image-wrap.shortcode-single-image-d21e2b4466e5fd38cdbeaa97febf90c5.enable-bg-rollover .rollover i,\n.shortcode-single-image-wrap.shortcode-single-image-d21e2b4466e5fd38cdbeaa97febf90c5.enable-bg-rollover .rollover-video i {\n  background: -webkit-linear-gradient();\n  background: linear-gradient();\n}\n.shortcode-single-image-wrap.shortcode-single-image-d21e2b4466e5fd38cdbeaa97febf90c5 .rollover-icon {\n  font-size: 32px;\n  color: #ffffff;\n  min-width: 44px;\n  min-height: 44px;\n  line-height: 44px;\n  border-radius: 100px;\n  border-style: solid;\n  border-width: 0px;\n}\n.dt-icon-bg-on.shortcode-single-image-wrap.shortcode-single-image-d21e2b4466e5fd38cdbeaa97febf90c5 .rollover-icon {\n  background: rgba(255,255,255,0.3);\n  box-shadow: none;\n}<\/style><div class=\"shortcode-single-image-wrap shortcode-single-image-d21e2b4466e5fd38cdbeaa97febf90c5 alignleft  enable-bg-rollover dt-icon-bg-off\" style=\"margin-top:0px; margin-bottom:0px; margin-left:0px; margin-right:0px; width:320px;\"><div class=\"shortcode-single-image\"><div class=\"fancy-media-wrap\" style=\"\"><a class=\"layzr-bg rollover rollover-zoom dt-pswp-item pswp-image\" href=\"https:\/\/www.comav-srl.com\/wp-content\/uploads\/2021\/12\/INSTALLATION-DTP-ABRASIVE-1.jpg\" title=\"INSTALLATION DTP ABRASIVE (1)\" data-dt-img-description=\"\" data-large_image_width=\"1080\" data-large_image_height = \"1440\"  style=\"\"><img fetchpriority=\"high\" decoding=\"async\" class=\"preload-me lazy-load aspect\" src=\"data:image\/svg+xml,%3Csvg%20xmlns%3D&#39;http%3A%2F%2Fwww.w3.org%2F2000%2Fsvg&#39;%20viewBox%3D&#39;0%200%20320%20240&#39;%2F%3E\" data-src=\"https:\/\/www.comav-srl.com\/wp-content\/uploads\/2021\/12\/INSTALLATION-DTP-ABRASIVE-1-320x240.jpg\" data-srcset=\"https:\/\/www.comav-srl.com\/wp-content\/uploads\/2021\/12\/INSTALLATION-DTP-ABRASIVE-1-320x240.jpg 320w, https:\/\/www.comav-srl.com\/wp-content\/uploads\/2021\/12\/INSTALLATION-DTP-ABRASIVE-1-640x480.jpg 640w\" loading=\"eager\" style=\"--ratio: 320 \/ 240\" sizes=\"(max-width: 320px) 100vw, 320px\" width=\"320\" height=\"240\"  data-dt-location=\"https:\/\/www.comav-srl.com\/de\/valvole-deviatrici-speciali\/installation-dtp-abrasive-1\/\" alt=\"\" \/><span class=\" rollover-icon Defaults-search-plus\"><\/span><\/a><\/div><\/div><\/div><div class=\"ult-spacer spacer-69d8557bdc826\" data-id=\"69d8557bdc826\" data-height=\"15\" data-height-mobile=\"15\" data-height-tab=\"15\" data-height-tab-portrait=\"15\" data-height-mobile-landscape=\"15\" style=\"clear:both;display:block;\"><\/div>[vc_column_text css=&#8220;.vc_custom_1638879751967{margin-bottom: 0px !important;border-bottom-width: 0px !important;padding-bottom: 15px !important;}&#8220;]<\/p>\n<h4>UMSCHALTVENTILE IN SONDERAUSF\u00dcHRUNG<\/h4>\n<p><b>SONDERAUSF\u00dcHRUNGEN<\/b><\/p>\n<p><span style=\"font-weight: 400;\">Einige unserer Umschaltventilmodelle, wie z.\u00a0B. das DTP, k\u00f6nnen in einer speziellen oberfl\u00e4chengeh\u00e4rteten Ausf\u00fchrung geliefert werden.<\/span><\/p>\n<p><span style=\"font-weight: 400;\">F\u00fcr besonders abrasive Materialien oder au\u00dfergew\u00f6hnliche Temperaturen stehen spezielle Behandlungen und Materialien zur Verf\u00fcgung.<\/span><\/p>\n<p><span style=\"font-weight: 400;\">F\u00fcr weitere Informationen \u00fcber diese Ventiltypen nehmen Sie bitte Kontakt mit uns auf.<\/span>[\/vc_column_text][\/vc_column][vc_column width=&#8220;1\/2&#8243;][vc_row_inner css=&#8220;.vc_custom_1637054753260{padding-right: 15px !important;padding-bottom: 25px !important;padding-left: 15px !important;background-color: #f1f1f1 !important;}&#8220;][vc_column_inner]<div class=\"ult-spacer spacer-69d8557bdc853\" data-id=\"69d8557bdc853\" data-height=\"5\" data-height-mobile=\"5\" data-height-tab=\"5\" data-height-tab-portrait=\"5\" data-height-mobile-landscape=\"5\" style=\"clear:both;display:block;\"><\/div>[vc_column_text]<\/p>\n<h3>INFORMATIONEN ANFORDERN<\/h3>\n<p>Das COMAV-Team unterst\u00fctzt Sie gerne mit Informationen zu diesem Produkt![\/vc_column_text]<style type=\"text\/css\" data-type=\"the7_shortcodes-inline-css\">#default-btn-476a97cbf95b6abb9325d7eb6e9e4e66.ico-right-side > i {\n  margin-right: 0px;\n  margin-left: 10px;\n}\n#default-btn-476a97cbf95b6abb9325d7eb6e9e4e66 > i {\n  margin-right: 10px;\n}<\/style><a href=\"http:\/\/comav-srl.com\/de\/contatti\/\" class=\"default-btn-shortcode dt-btn dt-btn-m link-hover-off ico-right-side btn-inline-left  vc_custom_1649147454186\" id=\"default-btn-476a97cbf95b6abb9325d7eb6e9e4e66\"><span>KONTAKT<\/span><i class=\"fas fa-long-arrow-alt-right\"><\/i><\/a><div class=\"ult-spacer spacer-69d8557bdc942\" data-id=\"69d8557bdc942\" data-height=\"35\" data-height-mobile=\"5\" data-height-tab=\"5\" data-height-tab-portrait=\"5\" data-height-mobile-landscape=\"5\" style=\"clear:both;display:block;\"><\/div>[\/vc_column_inner][\/vc_row_inner][\/vc_column][\/vc_row][vc_row][vc_column]<div class=\"ult-spacer spacer-69d8557bdc96b\" data-id=\"69d8557bdc96b\" data-height=\"20\" data-height-mobile=\"10\" data-height-tab=\"10\" data-height-tab-portrait=\"10\" data-height-mobile-landscape=\"10\" style=\"clear:both;display:block;\"><\/div><div class=\"ult-spacer spacer-69d8557bdc98c\" data-id=\"69d8557bdc98c\" data-height=\"20\" data-height-mobile=\"10\" data-height-tab=\"10\" data-height-tab-portrait=\"10\" data-height-mobile-landscape=\"10\" style=\"clear:both;display:block;\"><\/div>[\/vc_column][\/vc_row]<\/p>\n<\/div>","protected":false},"excerpt":{"rendered":"<p>[vc_row full_width=&#8220;stretch_row&#8220; bg_type=&#8220;image&#8220; parallax_style=&#8220;vcpb-default&#8220; bg_image_new=&#8220;id^71|url^http:\/\/comav-srl.com\/wp-content\/uploads\/2021\/09\/sal.jpeg|caption^null|alt^null|title^sal|description^null&#8220; bg_image_repeat=&#8220;no-repeat&#8220; enable_overlay=&#8220;enable_overlay_value&#8220; overlay_color=&#8220;rgba(0,0,0,0.4)&#8220;][vc_column][\/vc_column][\/vc_row][vc_row][vc_column][\/vc_column][\/vc_row][vc_row][vc_column][vc_column_text] TITEL [\/vc_column_text][\/vc_column][\/vc_row][vc_row gap=&#8220;15&#8243; equal_height=&#8220;yes&#8220;][vc_column width=&#8220;1\/3&#8243;][vc_column_text css=&#8220;.vc_custom_1638879751967{margin-bottom: 0px !important;border-bottom-width: 0px !important;padding-bottom: 15px !important;}&#8220;] UMSCHALTVENTILE IN SONDERAUSF\u00dcHRUNG SONDERAUSF\u00dcHRUNGEN Einige unserer Umschaltventilmodelle, wie z.\u00a0B. das DTP, k\u00f6nnen in einer speziellen oberfl\u00e4chengeh\u00e4rteten Ausf\u00fchrung geliefert werden. F\u00fcr besonders abrasive Materialien oder au\u00dfergew\u00f6hnliche Temperaturen stehen spezielle Behandlungen und Materialien zur Verf\u00fcgung. F\u00fcr weitere&hellip;<\/p>\n","protected":false},"author":1,"featured_media":0,"parent":0,"menu_order":0,"comment_status":"closed","ping_status":"closed","template":"","meta":{"footnotes":""},"class_list":["post-43935","page","type-page","status-publish","hentry","description-off"],"yoast_head":"<!-- This site is optimized with the Yoast SEO plugin v27.2 - https:\/\/yoast.com\/product\/yoast-seo-wordpress\/ -->\n<title>Umschaltventile - Sonderausf\u00fchrung - COMAV<\/title>\n<meta name=\"robots\" content=\"index, follow, max-snippet:-1, max-image-preview:large, max-video-preview:-1\" \/>\n<link rel=\"canonical\" href=\"https:\/\/www.comav-srl.com\/de\/umschaltventile-sonderausfuehrung\/\" \/>\n<meta property=\"og:locale\" content=\"de_DE\" \/>\n<meta property=\"og:type\" content=\"article\" \/>\n<meta property=\"og:title\" content=\"Umschaltventile - Sonderausf\u00fchrung - COMAV\" \/>\n<meta property=\"og:description\" content=\"[vc_row full_width=&#8220;stretch_row&#8220; bg_type=&#8220;image&#8220; parallax_style=&#8220;vcpb-default&#8220; bg_image_new=&#8220;id^71|url^http:\/\/comav-srl.com\/wp-content\/uploads\/2021\/09\/sal.jpeg|caption^null|alt^null|title^sal|description^null&#8220; bg_image_repeat=&#8220;no-repeat&#8220; enable_overlay=&#8220;enable_overlay_value&#8220; overlay_color=&#8220;rgba(0,0,0,0.4)&#8220;][vc_column][\/vc_column][\/vc_row][vc_row][vc_column][\/vc_column][\/vc_row][vc_row][vc_column][vc_column_text] TITEL [\/vc_column_text][\/vc_column][\/vc_row][vc_row gap=&#8220;15&#8243; equal_height=&#8220;yes&#8220;][vc_column width=&#8220;1\/3&#8243;][vc_column_text css=&#8220;.vc_custom_1638879751967{margin-bottom: 0px !important;border-bottom-width: 0px !important;padding-bottom: 15px !important;}&#8220;] UMSCHALTVENTILE IN SONDERAUSF\u00dcHRUNG SONDERAUSF\u00dcHRUNGEN Einige unserer Umschaltventilmodelle, wie z.\u00a0B. das DTP, k\u00f6nnen in einer speziellen oberfl\u00e4chengeh\u00e4rteten Ausf\u00fchrung geliefert werden. F\u00fcr besonders abrasive Materialien oder au\u00dfergew\u00f6hnliche Temperaturen stehen spezielle Behandlungen und Materialien zur Verf\u00fcgung. F\u00fcr weitere&hellip;\" \/>\n<meta property=\"og:url\" content=\"https:\/\/www.comav-srl.com\/de\/umschaltventile-sonderausfuehrung\/\" \/>\n<meta property=\"og:site_name\" content=\"COMAV\" \/>\n<meta property=\"article:modified_time\" content=\"2022-04-05T08:31:07+00:00\" \/>\n<meta name=\"twitter:card\" content=\"summary_large_image\" \/>\n<meta name=\"twitter:label1\" content=\"Gesch\u00e4tzte Lesezeit\" \/>\n\t<meta name=\"twitter:data1\" content=\"2\u00a0Minuten\" \/>\n<script type=\"application\/ld+json\" class=\"yoast-schema-graph\">{\"@context\":\"https:\/\/schema.org\",\"@graph\":[{\"@type\":\"WebPage\",\"@id\":\"https:\/\/www.comav-srl.com\/de\/umschaltventile-sonderausfuehrung\/\",\"url\":\"https:\/\/www.comav-srl.com\/de\/umschaltventile-sonderausfuehrung\/\",\"name\":\"Umschaltventile - Sonderausf\u00fchrung - COMAV\",\"isPartOf\":{\"@id\":\"https:\/\/www.comav-srl.com\/en\/#website\"},\"datePublished\":\"2022-03-03T16:24:37+00:00\",\"dateModified\":\"2022-04-05T08:31:07+00:00\",\"breadcrumb\":{\"@id\":\"https:\/\/www.comav-srl.com\/de\/umschaltventile-sonderausfuehrung\/#breadcrumb\"},\"inLanguage\":\"de\",\"potentialAction\":[{\"@type\":\"ReadAction\",\"target\":[\"https:\/\/www.comav-srl.com\/de\/umschaltventile-sonderausfuehrung\/\"]}]},{\"@type\":\"BreadcrumbList\",\"@id\":\"https:\/\/www.comav-srl.com\/de\/umschaltventile-sonderausfuehrung\/#breadcrumb\",\"itemListElement\":[{\"@type\":\"ListItem\",\"position\":1,\"name\":\"Home\",\"item\":\"https:\/\/www.comav-srl.com\/\"},{\"@type\":\"ListItem\",\"position\":2,\"name\":\"Umschaltventile &#8211; Sonderausf\u00fchrung\"}]},{\"@type\":\"WebSite\",\"@id\":\"https:\/\/www.comav-srl.com\/en\/#website\",\"url\":\"https:\/\/www.comav-srl.com\/en\/\",\"name\":\"COMAV\",\"description\":\"Costruzioni macchine automatiche\",\"potentialAction\":[{\"@type\":\"SearchAction\",\"target\":{\"@type\":\"EntryPoint\",\"urlTemplate\":\"https:\/\/www.comav-srl.com\/en\/?s={search_term_string}\"},\"query-input\":{\"@type\":\"PropertyValueSpecification\",\"valueRequired\":true,\"valueName\":\"search_term_string\"}}],\"inLanguage\":\"de\"}]}<\/script>\n<!-- \/ Yoast SEO plugin. -->","yoast_head_json":{"title":"Umschaltventile - Sonderausf\u00fchrung - COMAV","robots":{"index":"index","follow":"follow","max-snippet":"max-snippet:-1","max-image-preview":"max-image-preview:large","max-video-preview":"max-video-preview:-1"},"canonical":"https:\/\/www.comav-srl.com\/de\/umschaltventile-sonderausfuehrung\/","og_locale":"de_DE","og_type":"article","og_title":"Umschaltventile - Sonderausf\u00fchrung - COMAV","og_description":"[vc_row full_width=&#8220;stretch_row&#8220; bg_type=&#8220;image&#8220; parallax_style=&#8220;vcpb-default&#8220; bg_image_new=&#8220;id^71|url^http:\/\/comav-srl.com\/wp-content\/uploads\/2021\/09\/sal.jpeg|caption^null|alt^null|title^sal|description^null&#8220; bg_image_repeat=&#8220;no-repeat&#8220; enable_overlay=&#8220;enable_overlay_value&#8220; overlay_color=&#8220;rgba(0,0,0,0.4)&#8220;][vc_column][\/vc_column][\/vc_row][vc_row][vc_column][\/vc_column][\/vc_row][vc_row][vc_column][vc_column_text] TITEL [\/vc_column_text][\/vc_column][\/vc_row][vc_row gap=&#8220;15&#8243; equal_height=&#8220;yes&#8220;][vc_column width=&#8220;1\/3&#8243;][vc_column_text css=&#8220;.vc_custom_1638879751967{margin-bottom: 0px !important;border-bottom-width: 0px !important;padding-bottom: 15px !important;}&#8220;] UMSCHALTVENTILE IN SONDERAUSF\u00dcHRUNG SONDERAUSF\u00dcHRUNGEN Einige unserer Umschaltventilmodelle, wie z.\u00a0B. das DTP, k\u00f6nnen in einer speziellen oberfl\u00e4chengeh\u00e4rteten Ausf\u00fchrung geliefert werden. F\u00fcr besonders abrasive Materialien oder au\u00dfergew\u00f6hnliche Temperaturen stehen spezielle Behandlungen und Materialien zur Verf\u00fcgung. F\u00fcr weitere&hellip;","og_url":"https:\/\/www.comav-srl.com\/de\/umschaltventile-sonderausfuehrung\/","og_site_name":"COMAV","article_modified_time":"2022-04-05T08:31:07+00:00","twitter_card":"summary_large_image","twitter_misc":{"Gesch\u00e4tzte Lesezeit":"2\u00a0Minuten"},"schema":{"@context":"https:\/\/schema.org","@graph":[{"@type":"WebPage","@id":"https:\/\/www.comav-srl.com\/de\/umschaltventile-sonderausfuehrung\/","url":"https:\/\/www.comav-srl.com\/de\/umschaltventile-sonderausfuehrung\/","name":"Umschaltventile - Sonderausf\u00fchrung - COMAV","isPartOf":{"@id":"https:\/\/www.comav-srl.com\/en\/#website"},"datePublished":"2022-03-03T16:24:37+00:00","dateModified":"2022-04-05T08:31:07+00:00","breadcrumb":{"@id":"https:\/\/www.comav-srl.com\/de\/umschaltventile-sonderausfuehrung\/#breadcrumb"},"inLanguage":"de","potentialAction":[{"@type":"ReadAction","target":["https:\/\/www.comav-srl.com\/de\/umschaltventile-sonderausfuehrung\/"]}]},{"@type":"BreadcrumbList","@id":"https:\/\/www.comav-srl.com\/de\/umschaltventile-sonderausfuehrung\/#breadcrumb","itemListElement":[{"@type":"ListItem","position":1,"name":"Home","item":"https:\/\/www.comav-srl.com\/"},{"@type":"ListItem","position":2,"name":"Umschaltventile &#8211; Sonderausf\u00fchrung"}]},{"@type":"WebSite","@id":"https:\/\/www.comav-srl.com\/en\/#website","url":"https:\/\/www.comav-srl.com\/en\/","name":"COMAV","description":"Costruzioni macchine automatiche","potentialAction":[{"@type":"SearchAction","target":{"@type":"EntryPoint","urlTemplate":"https:\/\/www.comav-srl.com\/en\/?s={search_term_string}"},"query-input":{"@type":"PropertyValueSpecification","valueRequired":true,"valueName":"search_term_string"}}],"inLanguage":"de"}]}},"_links":{"self":[{"href":"https:\/\/www.comav-srl.com\/de\/wp-json\/wp\/v2\/pages\/43935","targetHints":{"allow":["GET"]}}],"collection":[{"href":"https:\/\/www.comav-srl.com\/de\/wp-json\/wp\/v2\/pages"}],"about":[{"href":"https:\/\/www.comav-srl.com\/de\/wp-json\/wp\/v2\/types\/page"}],"author":[{"embeddable":true,"href":"https:\/\/www.comav-srl.com\/de\/wp-json\/wp\/v2\/users\/1"}],"replies":[{"embeddable":true,"href":"https:\/\/www.comav-srl.com\/de\/wp-json\/wp\/v2\/comments?post=43935"}],"version-history":[{"count":11,"href":"https:\/\/www.comav-srl.com\/de\/wp-json\/wp\/v2\/pages\/43935\/revisions"}],"predecessor-version":[{"id":47395,"href":"https:\/\/www.comav-srl.com\/de\/wp-json\/wp\/v2\/pages\/43935\/revisions\/47395"}],"wp:attachment":[{"href":"https:\/\/www.comav-srl.com\/de\/wp-json\/wp\/v2\/media?parent=43935"}],"curies":[{"name":"wp","href":"https:\/\/api.w.org\/{rel}","templated":true}]}}