{"id":43963,"date":"2022-03-03T17:25:51","date_gmt":"2022-03-03T16:25:51","guid":{"rendered":""},"modified":"2022-04-05T10:31:49","modified_gmt":"2022-04-05T08:31:49","slug":"plattenschieber-sondermaschinen","status":"publish","type":"page","link":"https:\/\/www.comav-srl.com\/de\/plattenschieber-sondermaschinen\/","title":{"rendered":"Plattenschieber &#8211; Sondermaschinen"},"content":{"rendered":"<div class=\"wpb-content-wrapper\"><p>[vc_row full_width=&#8220;stretch_row&#8220; bg_type=&#8220;image&#8220; parallax_style=&#8220;vcpb-default&#8220; bg_image_new=&#8220;id^71|url^http:\/\/comav-srl.com\/wp-content\/uploads\/2021\/09\/sal.jpeg|caption^null|alt^null|title^sal|description^null&#8220; bg_image_repeat=&#8220;no-repeat&#8220; enable_overlay=&#8220;enable_overlay_value&#8220; overlay_color=&#8220;rgba(0,0,0,0.4)&#8220;][vc_column]<div class=\"ult-spacer spacer-69ef469ec8e5d\" data-id=\"69ef469ec8e5d\" data-height=\"80\" data-height-mobile=\"20\" data-height-tab=\"20\" data-height-tab-portrait=\"20\" data-height-mobile-landscape=\"20\" style=\"clear:both;display:block;\"><\/div><div id=\"ultimate-heading-400969ef469ec8ed5\" class=\"uvc-heading ult-adjust-bottom-margin ultimate-heading-400969ef469ec8ed5 uvc-9655 \" data-hspacer=\"no_spacer\"  data-halign=\"left\" style=\"text-align:left\"><div class=\"uvc-heading-spacer no_spacer\" style=\"top\"><\/div><div class=\"uvc-main-heading ult-responsive\"  data-ultimate-target='.uvc-heading.ultimate-heading-400969ef469ec8ed5 h2'  data-responsive-json-new='{\"font-size\":\"desktop:48px;\",\"line-height\":\"desktop:58px;\"}' ><h2 style=\"--font-weight:theme;color:#ffffff;\">Plattenschieber - Sondermaschinen<\/h2><\/div><\/div><div class=\"ult-spacer spacer-69ef469ec8f45\" data-id=\"69ef469ec8f45\" data-height=\"110\" data-height-mobile=\"40\" data-height-tab=\"40\" data-height-tab-portrait=\"40\" data-height-mobile-landscape=\"40\" style=\"clear:both;display:block;\"><\/div>[\/vc_column][\/vc_row][vc_row][vc_column]<div class=\"ult-spacer spacer-69ef469ec8f71\" data-id=\"69ef469ec8f71\" data-height=\"20\" data-height-mobile=\"10\" data-height-tab=\"10\" data-height-tab-portrait=\"10\" data-height-mobile-landscape=\"10\" style=\"clear:both;display:block;\"><\/div>[\/vc_column][\/vc_row][vc_row][vc_column][vc_column_text]<\/p>\n<h3><span style=\"color: #01648e;\">PLATTENSCHIEBER &#8211; SONDERAUSF\u00dcHRUNGEN<\/span><\/h3>\n<p>[\/vc_column_text][\/vc_column][\/vc_row][vc_row gap=&#8220;15&#8243; equal_height=&#8220;yes&#8220;][vc_column width=&#8220;1\/3&#8243;]<style type=\"text\/css\" data-type=\"the7_shortcodes-inline-css\">.shortcode-single-image-wrap.shortcode-single-image-3bdda720334e0091ed38aab3d1cda989.enable-bg-rollover .rollover i,\n.shortcode-single-image-wrap.shortcode-single-image-3bdda720334e0091ed38aab3d1cda989.enable-bg-rollover .rollover-video i {\n  background: -webkit-linear-gradient();\n  background: linear-gradient();\n}\n.shortcode-single-image-wrap.shortcode-single-image-3bdda720334e0091ed38aab3d1cda989 .rollover-icon {\n  font-size: 32px;\n  color: #ffffff;\n  min-width: 44px;\n  min-height: 44px;\n  line-height: 44px;\n  border-radius: 100px;\n  border-style: solid;\n  border-width: 0px;\n}\n.dt-icon-bg-on.shortcode-single-image-wrap.shortcode-single-image-3bdda720334e0091ed38aab3d1cda989 .rollover-icon {\n  background: rgba(255,255,255,0.3);\n  box-shadow: none;\n}<\/style><div class=\"shortcode-single-image-wrap shortcode-single-image-3bdda720334e0091ed38aab3d1cda989 alignleft  enable-bg-rollover dt-icon-bg-off\" style=\"margin-top:0px; margin-bottom:0px; margin-left:0px; margin-right:0px; width:320px;\"><div class=\"shortcode-single-image\"><div class=\"fancy-media-wrap\" style=\"\"><a class=\"layzr-bg rollover rollover-zoom dt-pswp-item pswp-image\" href=\"https:\/\/www.comav-srl.com\/wp-content\/uploads\/2021\/12\/Schermata-2021-12-07-alle-13.47.52.png\" title=\"Schermata 2021-12-07 alle 13.47.52\" data-dt-img-description=\"\" data-large_image_width=\"830\" data-large_image_height = \"619\"  style=\"\"><img fetchpriority=\"high\" decoding=\"async\" class=\"preload-me lazy-load aspect\" src=\"data:image\/svg+xml,%3Csvg%20xmlns%3D&#39;http%3A%2F%2Fwww.w3.org%2F2000%2Fsvg&#39;%20viewBox%3D&#39;0%200%20320%20240&#39;%2F%3E\" data-src=\"https:\/\/www.comav-srl.com\/wp-content\/uploads\/2021\/12\/Schermata-2021-12-07-alle-13.47.52-320x240.png\" data-srcset=\"https:\/\/www.comav-srl.com\/wp-content\/uploads\/2021\/12\/Schermata-2021-12-07-alle-13.47.52-320x240.png 320w, https:\/\/www.comav-srl.com\/wp-content\/uploads\/2021\/12\/Schermata-2021-12-07-alle-13.47.52-640x480.png 640w\" loading=\"eager\" style=\"--ratio: 320 \/ 240\" sizes=\"(max-width: 320px) 100vw, 320px\" width=\"320\" height=\"240\"  data-dt-location=\"https:\/\/www.comav-srl.com\/de\/valvole-lama-macchine-speciali\/schermata-2021-12-07-alle-13-47-52\/\" alt=\"\" \/><span class=\" rollover-icon Defaults-search-plus\"><\/span><\/a><\/div><\/div><\/div><div class=\"ult-spacer spacer-69ef469ec9b98\" data-id=\"69ef469ec9b98\" data-height=\"15\" data-height-mobile=\"15\" data-height-tab=\"15\" data-height-tab-portrait=\"15\" data-height-mobile-landscape=\"15\" style=\"clear:both;display:block;\"><\/div>[vc_column_text css=&#8220;.vc_custom_1638881307223{margin-bottom: 0px !important;border-bottom-width: 0px !important;padding-bottom: 15px !important;}&#8220;]<b>SONDERAUSF\u00dcHRUNGEN<\/b><\/p>\n<p><span style=\"font-weight: 400;\">Es sind weitere Gr\u00f6\u00dfen oder Ausf\u00fchrungen f\u00fcr hohe Temperaturen verf\u00fcgbar.<\/span><\/p>\n<p><span style=\"font-weight: 400;\">Unsere Plattenschieber k\u00f6nnen mit Positionssensoren ausgestattet werden, um die Phase der Flussunterbrechung einzustellen, und sie k\u00f6nnen hydraulisch oder elektrisch bet\u00e4tigt werden.\u00a0<\/span>[\/vc_column_text][\/vc_column][vc_column width=&#8220;1\/2&#8243;][vc_row_inner css=&#8220;.vc_custom_1637054753260{padding-right: 15px !important;padding-bottom: 25px !important;padding-left: 15px !important;background-color: #f1f1f1 !important;}&#8220;][vc_column_inner]<div class=\"ult-spacer spacer-69ef469ec9bc7\" data-id=\"69ef469ec9bc7\" data-height=\"5\" data-height-mobile=\"5\" data-height-tab=\"5\" data-height-tab-portrait=\"5\" data-height-mobile-landscape=\"5\" style=\"clear:both;display:block;\"><\/div>[vc_column_text]<\/p>\n<h3>INFORMATIONEN ANFORDERN<\/h3>\n<p>Das COMAV-Team unterst\u00fctzt Sie gerne mit Informationen zu diesem Produkt![\/vc_column_text]<style type=\"text\/css\" data-type=\"the7_shortcodes-inline-css\">#default-btn-df09f6c0109f7bfa0775d064d4654718.ico-right-side > i {\n  margin-right: 0px;\n  margin-left: 10px;\n}\n#default-btn-df09f6c0109f7bfa0775d064d4654718 > i {\n  margin-right: 10px;\n}<\/style><a href=\"http:\/\/comav-srl.com\/de\/contatti\/\" class=\"default-btn-shortcode dt-btn dt-btn-m link-hover-off ico-right-side btn-inline-left  vc_custom_1649147501656\" id=\"default-btn-df09f6c0109f7bfa0775d064d4654718\"><span>KONTAKT<\/span><i class=\"fas fa-long-arrow-alt-right\"><\/i><\/a><div class=\"ult-spacer spacer-69ef469ec9ccc\" data-id=\"69ef469ec9ccc\" data-height=\"35\" data-height-mobile=\"5\" data-height-tab=\"5\" data-height-tab-portrait=\"5\" data-height-mobile-landscape=\"5\" style=\"clear:both;display:block;\"><\/div>[\/vc_column_inner][\/vc_row_inner][\/vc_column][\/vc_row][vc_row][vc_column]<div class=\"ult-spacer spacer-69ef469ec9cf6\" data-id=\"69ef469ec9cf6\" data-height=\"20\" data-height-mobile=\"10\" data-height-tab=\"10\" data-height-tab-portrait=\"10\" data-height-mobile-landscape=\"10\" style=\"clear:both;display:block;\"><\/div><div class=\"ult-spacer spacer-69ef469ec9d19\" data-id=\"69ef469ec9d19\" data-height=\"20\" data-height-mobile=\"10\" data-height-tab=\"10\" data-height-tab-portrait=\"10\" data-height-mobile-landscape=\"10\" style=\"clear:both;display:block;\"><\/div>[\/vc_column][\/vc_row]<\/p>\n<\/div>","protected":false},"excerpt":{"rendered":"<p>[vc_row full_width=&#8220;stretch_row&#8220; bg_type=&#8220;image&#8220; parallax_style=&#8220;vcpb-default&#8220; bg_image_new=&#8220;id^71|url^http:\/\/comav-srl.com\/wp-content\/uploads\/2021\/09\/sal.jpeg|caption^null|alt^null|title^sal|description^null&#8220; bg_image_repeat=&#8220;no-repeat&#8220; enable_overlay=&#8220;enable_overlay_value&#8220; overlay_color=&#8220;rgba(0,0,0,0.4)&#8220;][vc_column][\/vc_column][\/vc_row][vc_row][vc_column][\/vc_column][\/vc_row][vc_row][vc_column][vc_column_text] PLATTENSCHIEBER &#8211; SONDERAUSF\u00dcHRUNGEN [\/vc_column_text][\/vc_column][\/vc_row][vc_row gap=&#8220;15&#8243; equal_height=&#8220;yes&#8220;][vc_column width=&#8220;1\/3&#8243;][vc_column_text css=&#8220;.vc_custom_1638881307223{margin-bottom: 0px !important;border-bottom-width: 0px !important;padding-bottom: 15px !important;}&#8220;]SONDERAUSF\u00dcHRUNGEN Es sind weitere Gr\u00f6\u00dfen oder Ausf\u00fchrungen f\u00fcr hohe Temperaturen verf\u00fcgbar. Unsere Plattenschieber k\u00f6nnen mit Positionssensoren ausgestattet werden, um die Phase der Flussunterbrechung einzustellen, und sie k\u00f6nnen hydraulisch oder elektrisch bet\u00e4tigt werden.\u00a0[\/vc_column_text][\/vc_column][vc_column width=&#8220;1\/2&#8243;][vc_row_inner css=&#8220;.vc_custom_1637054753260{padding-right:&hellip;<\/p>\n","protected":false},"author":1,"featured_media":0,"parent":0,"menu_order":0,"comment_status":"closed","ping_status":"closed","template":"","meta":{"footnotes":""},"class_list":["post-43963","page","type-page","status-publish","hentry","description-off"],"yoast_head":"<!-- This site is optimized with the Yoast SEO plugin v27.2 - https:\/\/yoast.com\/product\/yoast-seo-wordpress\/ -->\n<title>Plattenschieber - Sondermaschinen - COMAV<\/title>\n<meta name=\"robots\" content=\"index, follow, max-snippet:-1, max-image-preview:large, max-video-preview:-1\" \/>\n<link rel=\"canonical\" href=\"https:\/\/www.comav-srl.com\/de\/plattenschieber-sondermaschinen\/\" \/>\n<meta property=\"og:locale\" content=\"de_DE\" \/>\n<meta property=\"og:type\" content=\"article\" \/>\n<meta property=\"og:title\" content=\"Plattenschieber - Sondermaschinen - COMAV\" \/>\n<meta property=\"og:description\" content=\"[vc_row full_width=&#8220;stretch_row&#8220; bg_type=&#8220;image&#8220; parallax_style=&#8220;vcpb-default&#8220; bg_image_new=&#8220;id^71|url^http:\/\/comav-srl.com\/wp-content\/uploads\/2021\/09\/sal.jpeg|caption^null|alt^null|title^sal|description^null&#8220; bg_image_repeat=&#8220;no-repeat&#8220; enable_overlay=&#8220;enable_overlay_value&#8220; overlay_color=&#8220;rgba(0,0,0,0.4)&#8220;][vc_column][\/vc_column][\/vc_row][vc_row][vc_column][\/vc_column][\/vc_row][vc_row][vc_column][vc_column_text] PLATTENSCHIEBER &#8211; SONDERAUSF\u00dcHRUNGEN [\/vc_column_text][\/vc_column][\/vc_row][vc_row gap=&#8220;15&#8243; equal_height=&#8220;yes&#8220;][vc_column width=&#8220;1\/3&#8243;][vc_column_text css=&#8220;.vc_custom_1638881307223{margin-bottom: 0px !important;border-bottom-width: 0px !important;padding-bottom: 15px !important;}&#8220;]SONDERAUSF\u00dcHRUNGEN Es sind weitere Gr\u00f6\u00dfen oder Ausf\u00fchrungen f\u00fcr hohe Temperaturen verf\u00fcgbar. Unsere Plattenschieber k\u00f6nnen mit Positionssensoren ausgestattet werden, um die Phase der Flussunterbrechung einzustellen, und sie k\u00f6nnen hydraulisch oder elektrisch bet\u00e4tigt werden.\u00a0[\/vc_column_text][\/vc_column][vc_column width=&#8220;1\/2&#8243;][vc_row_inner css=&#8220;.vc_custom_1637054753260{padding-right:&hellip;\" \/>\n<meta property=\"og:url\" content=\"https:\/\/www.comav-srl.com\/de\/plattenschieber-sondermaschinen\/\" \/>\n<meta property=\"og:site_name\" content=\"COMAV\" \/>\n<meta property=\"article:modified_time\" content=\"2022-04-05T08:31:49+00:00\" \/>\n<meta name=\"twitter:card\" content=\"summary_large_image\" \/>\n<meta name=\"twitter:label1\" content=\"Gesch\u00e4tzte Lesezeit\" \/>\n\t<meta name=\"twitter:data1\" content=\"2\u00a0Minuten\" \/>\n<script type=\"application\/ld+json\" class=\"yoast-schema-graph\">{\"@context\":\"https:\/\/schema.org\",\"@graph\":[{\"@type\":\"WebPage\",\"@id\":\"https:\/\/www.comav-srl.com\/de\/plattenschieber-sondermaschinen\/\",\"url\":\"https:\/\/www.comav-srl.com\/de\/plattenschieber-sondermaschinen\/\",\"name\":\"Plattenschieber - Sondermaschinen - COMAV\",\"isPartOf\":{\"@id\":\"https:\/\/www.comav-srl.com\/en\/#website\"},\"datePublished\":\"2022-03-03T16:25:51+00:00\",\"dateModified\":\"2022-04-05T08:31:49+00:00\",\"breadcrumb\":{\"@id\":\"https:\/\/www.comav-srl.com\/de\/plattenschieber-sondermaschinen\/#breadcrumb\"},\"inLanguage\":\"de\",\"potentialAction\":[{\"@type\":\"ReadAction\",\"target\":[\"https:\/\/www.comav-srl.com\/de\/plattenschieber-sondermaschinen\/\"]}]},{\"@type\":\"BreadcrumbList\",\"@id\":\"https:\/\/www.comav-srl.com\/de\/plattenschieber-sondermaschinen\/#breadcrumb\",\"itemListElement\":[{\"@type\":\"ListItem\",\"position\":1,\"name\":\"Home\",\"item\":\"https:\/\/www.comav-srl.com\/\"},{\"@type\":\"ListItem\",\"position\":2,\"name\":\"Plattenschieber &#8211; Sondermaschinen\"}]},{\"@type\":\"WebSite\",\"@id\":\"https:\/\/www.comav-srl.com\/en\/#website\",\"url\":\"https:\/\/www.comav-srl.com\/en\/\",\"name\":\"COMAV\",\"description\":\"Costruzioni macchine automatiche\",\"potentialAction\":[{\"@type\":\"SearchAction\",\"target\":{\"@type\":\"EntryPoint\",\"urlTemplate\":\"https:\/\/www.comav-srl.com\/en\/?s={search_term_string}\"},\"query-input\":{\"@type\":\"PropertyValueSpecification\",\"valueRequired\":true,\"valueName\":\"search_term_string\"}}],\"inLanguage\":\"de\"}]}<\/script>\n<!-- \/ Yoast SEO plugin. -->","yoast_head_json":{"title":"Plattenschieber - Sondermaschinen - COMAV","robots":{"index":"index","follow":"follow","max-snippet":"max-snippet:-1","max-image-preview":"max-image-preview:large","max-video-preview":"max-video-preview:-1"},"canonical":"https:\/\/www.comav-srl.com\/de\/plattenschieber-sondermaschinen\/","og_locale":"de_DE","og_type":"article","og_title":"Plattenschieber - Sondermaschinen - COMAV","og_description":"[vc_row full_width=&#8220;stretch_row&#8220; bg_type=&#8220;image&#8220; parallax_style=&#8220;vcpb-default&#8220; bg_image_new=&#8220;id^71|url^http:\/\/comav-srl.com\/wp-content\/uploads\/2021\/09\/sal.jpeg|caption^null|alt^null|title^sal|description^null&#8220; bg_image_repeat=&#8220;no-repeat&#8220; enable_overlay=&#8220;enable_overlay_value&#8220; overlay_color=&#8220;rgba(0,0,0,0.4)&#8220;][vc_column][\/vc_column][\/vc_row][vc_row][vc_column][\/vc_column][\/vc_row][vc_row][vc_column][vc_column_text] PLATTENSCHIEBER &#8211; SONDERAUSF\u00dcHRUNGEN [\/vc_column_text][\/vc_column][\/vc_row][vc_row gap=&#8220;15&#8243; equal_height=&#8220;yes&#8220;][vc_column width=&#8220;1\/3&#8243;][vc_column_text css=&#8220;.vc_custom_1638881307223{margin-bottom: 0px !important;border-bottom-width: 0px !important;padding-bottom: 15px !important;}&#8220;]SONDERAUSF\u00dcHRUNGEN Es sind weitere Gr\u00f6\u00dfen oder Ausf\u00fchrungen f\u00fcr hohe Temperaturen verf\u00fcgbar. Unsere Plattenschieber k\u00f6nnen mit Positionssensoren ausgestattet werden, um die Phase der Flussunterbrechung einzustellen, und sie k\u00f6nnen hydraulisch oder elektrisch bet\u00e4tigt werden.\u00a0[\/vc_column_text][\/vc_column][vc_column width=&#8220;1\/2&#8243;][vc_row_inner css=&#8220;.vc_custom_1637054753260{padding-right:&hellip;","og_url":"https:\/\/www.comav-srl.com\/de\/plattenschieber-sondermaschinen\/","og_site_name":"COMAV","article_modified_time":"2022-04-05T08:31:49+00:00","twitter_card":"summary_large_image","twitter_misc":{"Gesch\u00e4tzte Lesezeit":"2\u00a0Minuten"},"schema":{"@context":"https:\/\/schema.org","@graph":[{"@type":"WebPage","@id":"https:\/\/www.comav-srl.com\/de\/plattenschieber-sondermaschinen\/","url":"https:\/\/www.comav-srl.com\/de\/plattenschieber-sondermaschinen\/","name":"Plattenschieber - Sondermaschinen - COMAV","isPartOf":{"@id":"https:\/\/www.comav-srl.com\/en\/#website"},"datePublished":"2022-03-03T16:25:51+00:00","dateModified":"2022-04-05T08:31:49+00:00","breadcrumb":{"@id":"https:\/\/www.comav-srl.com\/de\/plattenschieber-sondermaschinen\/#breadcrumb"},"inLanguage":"de","potentialAction":[{"@type":"ReadAction","target":["https:\/\/www.comav-srl.com\/de\/plattenschieber-sondermaschinen\/"]}]},{"@type":"BreadcrumbList","@id":"https:\/\/www.comav-srl.com\/de\/plattenschieber-sondermaschinen\/#breadcrumb","itemListElement":[{"@type":"ListItem","position":1,"name":"Home","item":"https:\/\/www.comav-srl.com\/"},{"@type":"ListItem","position":2,"name":"Plattenschieber &#8211; Sondermaschinen"}]},{"@type":"WebSite","@id":"https:\/\/www.comav-srl.com\/en\/#website","url":"https:\/\/www.comav-srl.com\/en\/","name":"COMAV","description":"Costruzioni macchine automatiche","potentialAction":[{"@type":"SearchAction","target":{"@type":"EntryPoint","urlTemplate":"https:\/\/www.comav-srl.com\/en\/?s={search_term_string}"},"query-input":{"@type":"PropertyValueSpecification","valueRequired":true,"valueName":"search_term_string"}}],"inLanguage":"de"}]}},"_links":{"self":[{"href":"https:\/\/www.comav-srl.com\/de\/wp-json\/wp\/v2\/pages\/43963","targetHints":{"allow":["GET"]}}],"collection":[{"href":"https:\/\/www.comav-srl.com\/de\/wp-json\/wp\/v2\/pages"}],"about":[{"href":"https:\/\/www.comav-srl.com\/de\/wp-json\/wp\/v2\/types\/page"}],"author":[{"embeddable":true,"href":"https:\/\/www.comav-srl.com\/de\/wp-json\/wp\/v2\/users\/1"}],"replies":[{"embeddable":true,"href":"https:\/\/www.comav-srl.com\/de\/wp-json\/wp\/v2\/comments?post=43963"}],"version-history":[{"count":8,"href":"https:\/\/www.comav-srl.com\/de\/wp-json\/wp\/v2\/pages\/43963\/revisions"}],"predecessor-version":[{"id":47397,"href":"https:\/\/www.comav-srl.com\/de\/wp-json\/wp\/v2\/pages\/43963\/revisions\/47397"}],"wp:attachment":[{"href":"https:\/\/www.comav-srl.com\/de\/wp-json\/wp\/v2\/media?parent=43963"}],"curies":[{"name":"wp","href":"https:\/\/api.w.org\/{rel}","templated":true}]}}