{"id":44405,"date":"2022-03-04T17:18:22","date_gmt":"2022-03-04T16:18:22","guid":{"rendered":""},"modified":"2022-04-08T10:57:23","modified_gmt":"2022-04-08T08:57:23","slug":"historia","status":"publish","type":"page","link":"https:\/\/www.comav-srl.com\/es\/historia\/","title":{"rendered":"Historia"},"content":{"rendered":"<div class=\"wpb-content-wrapper\"><p>[vc_row full_width=\u00bbstretch_row\u00bb bg_type=\u00bbbg_color\u00bb bg_color_value=\u00bb#02688c\u00bb][vc_column]<div class=\"ult-spacer spacer-69f0d71ad9ff8\" data-id=\"69f0d71ad9ff8\" data-height=\"80\" data-height-mobile=\"20\" data-height-tab=\"20\" data-height-tab-portrait=\"20\" data-height-mobile-landscape=\"20\" style=\"clear:both;display:block;\"><\/div><div id=\"ultimate-heading-315969f0d71ada077\" class=\"uvc-heading ult-adjust-bottom-margin ultimate-heading-315969f0d71ada077 uvc-9132 \" data-hspacer=\"no_spacer\"  data-halign=\"left\" style=\"text-align:left\"><div class=\"uvc-heading-spacer no_spacer\" style=\"top\"><\/div><div class=\"uvc-main-heading ult-responsive\"  data-ultimate-target='.uvc-heading.ultimate-heading-315969f0d71ada077 h2'  data-responsive-json-new='{\"font-size\":\"desktop:48px;\",\"line-height\":\"desktop:58px;\"}' ><h2 style=\"--font-weight:theme;color:#ffffff;\">Your Partner in Bulk Material Handling<\/h2><\/div><\/div><div class=\"ult-spacer spacer-69f0d71ada0ea\" data-id=\"69f0d71ada0ea\" data-height=\"110\" data-height-mobile=\"40\" data-height-tab=\"40\" data-height-tab-portrait=\"40\" data-height-mobile-landscape=\"40\" style=\"clear:both;display:block;\"><\/div>[\/vc_column][\/vc_row][vc_row][vc_column][vc_column_text]Desde 1980, COMAV Srl es un punto de referencia en el suministro de componentes para el transporte neum\u00e1tico, soluciones autom\u00e1ticas y semiautom\u00e1ticas para el vaciado de sacos, Big Bags, Octabin, contenedores y soluciones de ingenier\u00eda relacionadas.<\/p>\n<p>Actualmente, para garantizar una respuesta cada vez m\u00e1s oportuna a las demandas del mercado, COMAV Srl forma parte de un gran grupo internacional, con lo que brinda y garantiza un soporte t\u00e9cnico y comercial completo en los principales mercados mundiales.[\/vc_column_text][\/vc_column][\/vc_row][vc_row gap=\u00bb25&#8243; css_animation=\u00bbnone\u00bb][vc_column css_animation=\u00bbnone\u00bb width=\u00bb1\/2&#8243; css=\u00bb.vc_custom_1632734529379{padding-top: 30px !important;padding-right: 30px !important;padding-bottom: 30px !important;padding-left: 30px !important;background-color: #ffffff !important;border-radius: 25px !important;}\u00bb][vc_column_text]<\/p>\n<h3>Nuestra historia desde 1980<\/h3>\n<p>[\/vc_column_text][vc_accordion active_tab=\u00bbfalse\u00bb style=\u00bb2&#8243;][vc_accordion_tab title=\u00bbCOMAV 1.0&#8243;][vc_column_text]En 1980, a ra\u00edz de la idea de la empresa PROMEC, fundada por los Sres. Antonio Pirani y Giovanni Poggi, COMAV Srl fue fundada con la incorporaci\u00f3n de dos nuevos socios, el Ing. Paolo Ercolani y el Sr. Loredano Bergonzoni, con la primera planta en Pieve di Cento (BO).[\/vc_column_text][\/vc_accordion_tab][vc_accordion_tab title=\u00bbCOMAV 2.0&#8243;][vc_column_text]Pocos a\u00f1os despu\u00e9s de su fundaci\u00f3n, la empresa COMAV Srl se traslad\u00f3 a Sant&#8217;Agostino (FE), donde permaneci\u00f3 hasta principios de los a\u00f1os 90.[\/vc_column_text][\/vc_accordion_tab][vc_accordion_tab title=\u00bbCOMAV 3.0&#8243;][vc_column_text]Cada vez m\u00e1s reconocida a nivel nacional, la necesidad de nuevas m\u00e1quinas para el procesamiento interno y un mayor n\u00famero de empleados impulsa a los propietarios a comprar terrenos y almacenes en la actual sede en Terre del Reno (FE).[\/vc_column_text][\/vc_accordion_tab][vc_accordion_tab title=\u00bbCOMAV 4.0&#8243;][vc_column_text]En 2014, la progresiva aproximaci\u00f3n de la internacionalizaci\u00f3n a los mercados hace necesario aumentar la superficie productiva con dos almacenes adicionales y la incorporaci\u00f3n de nuevas m\u00e1quinas de alta tecnolog\u00eda, como m\u00e1quina de corte por l\u00e1ser, tornos y fresadora autom\u00e1tica de 6 ejes.[\/vc_column_text][\/vc_accordion_tab][vc_accordion_tab title=\u00bbCOMAV 5.0&#8243;][vc_column_text]En 2021, el holding MIX &amp; Co Spa adquiere el 100\u00a0% de las acciones de COMAV Srl.<br \/>\nLa empresa pasa entonces a formar parte de un conjunto de l\u00edderes en sus respectivos segmentos productivos, con lo que se inicia un camino com\u00fan con una gran proyecci\u00f3n internacional.<br \/>\nEl deseo de promover las empresas italianas, como sinergias de grupo, es parte de un nuevo ADN empresarial capaz de responder a las necesidades completas de suministro de soluciones en el mundo de la manipulaci\u00f3n a granel.[\/vc_column_text][\/vc_accordion_tab][\/vc_accordion][\/vc_column][vc_column css_animation=\u00bbnone\u00bb width=\u00bb1\/2&#8243; css=\u00bb.vc_custom_1632734856296{padding-top: 30px !important;padding-right: 30px !important;padding-bottom: 30px !important;padding-left: 30px !important;background-color: #ffffff !important;border-radius: 25px !important;}\u00bb][vc_column_text]<\/p>\n<h3>V\u00eddeo de nuestros proyectos<\/h3>\n<p>[\/vc_column_text][vc_column_text]<a href=\"https:\/\/www.youtube.com\/channel\/UCzP5gb3yqWO9A5jCpcuh4Dw\/videos\" target=\"_blank\" rel=\"noopener\"><img decoding=\"async\" class=\"alignnone wp-image-41912 lazyload\" data-src=\"http:\/\/comav-srl.com\/wp-content\/uploads\/2022\/01\/play-button.png\" alt=\"\" width=\"180\" height=\"180\" data-srcset=\"https:\/\/www.comav-srl.com\/wp-content\/uploads\/2022\/01\/play-button.png 512w, https:\/\/www.comav-srl.com\/wp-content\/uploads\/2022\/01\/play-button-300x300.png 300w, https:\/\/www.comav-srl.com\/wp-content\/uploads\/2022\/01\/play-button-150x150.png 150w\" data-sizes=\"(max-width: 180px) 100vw, 180px\" src=\"data:image\/svg+xml;base64,PHN2ZyB3aWR0aD0iMSIgaGVpZ2h0PSIxIiB4bWxucz0iaHR0cDovL3d3dy53My5vcmcvMjAwMC9zdmciPjwvc3ZnPg==\" style=\"--smush-placeholder-width: 180px; --smush-placeholder-aspect-ratio: 180\/180;\" \/><\/a>[\/vc_column_text][\/vc_column][\/vc_row]<\/p>\n<\/div>","protected":false},"excerpt":{"rendered":"<p>[vc_row full_width=\u00bbstretch_row\u00bb bg_type=\u00bbbg_color\u00bb bg_color_value=\u00bb#02688c\u00bb][vc_column][\/vc_column][\/vc_row][vc_row][vc_column][vc_column_text]Desde 1980, COMAV Srl es un punto de referencia en el suministro de componentes para el transporte neum\u00e1tico, soluciones autom\u00e1ticas y semiautom\u00e1ticas para el vaciado de sacos, Big Bags, Octabin, contenedores y soluciones de ingenier\u00eda relacionadas. Actualmente, para garantizar una respuesta cada vez m\u00e1s oportuna a las demandas del mercado, COMAV Srl&hellip;<\/p>\n","protected":false},"author":1,"featured_media":0,"parent":0,"menu_order":0,"comment_status":"closed","ping_status":"closed","template":"","meta":{"footnotes":""},"class_list":["post-44405","page","type-page","status-publish","hentry","description-off"],"yoast_head":"<!-- This site is optimized with the Yoast SEO plugin v27.2 - https:\/\/yoast.com\/product\/yoast-seo-wordpress\/ -->\n<title>Historia de la empresa | Comav Srl<\/title>\n<meta name=\"description\" content=\"Una historia y experiencia de m\u00e1s de 40 a\u00f1os en el sector de la manipulaci\u00f3n de materiales a granel: dise\u00f1o de m\u00e1quinas para manipular materiales a granel.\" \/>\n<meta name=\"robots\" content=\"index, follow, max-snippet:-1, max-image-preview:large, max-video-preview:-1\" \/>\n<link rel=\"canonical\" href=\"https:\/\/www.comav-srl.com\/es\/historia\/\" \/>\n<meta property=\"og:locale\" content=\"es_ES\" \/>\n<meta property=\"og:type\" content=\"article\" \/>\n<meta property=\"og:title\" content=\"Historia de la empresa | Comav Srl\" \/>\n<meta property=\"og:description\" content=\"Una historia y experiencia de m\u00e1s de 40 a\u00f1os en el sector de la manipulaci\u00f3n de materiales a granel: dise\u00f1o de m\u00e1quinas para manipular materiales a granel.\" \/>\n<meta property=\"og:url\" content=\"https:\/\/www.comav-srl.com\/es\/historia\/\" \/>\n<meta property=\"og:site_name\" content=\"COMAV\" \/>\n<meta property=\"article:modified_time\" content=\"2022-04-08T08:57:23+00:00\" \/>\n<meta property=\"og:image\" content=\"http:\/\/comav-srl.com\/wp-content\/uploads\/2022\/01\/play-button.png\" \/>\n<meta name=\"twitter:card\" content=\"summary_large_image\" \/>\n<meta name=\"twitter:label1\" content=\"Tiempo de lectura\" \/>\n\t<meta name=\"twitter:data1\" content=\"3 minutos\" \/>\n<script type=\"application\/ld+json\" class=\"yoast-schema-graph\">{\"@context\":\"https:\/\/schema.org\",\"@graph\":[{\"@type\":\"WebPage\",\"@id\":\"https:\/\/www.comav-srl.com\/es\/historia\/\",\"url\":\"https:\/\/www.comav-srl.com\/es\/historia\/\",\"name\":\"Historia de la empresa | Comav Srl\",\"isPartOf\":{\"@id\":\"https:\/\/www.comav-srl.com\/en\/#website\"},\"primaryImageOfPage\":{\"@id\":\"https:\/\/www.comav-srl.com\/es\/historia\/#primaryimage\"},\"image\":{\"@id\":\"https:\/\/www.comav-srl.com\/es\/historia\/#primaryimage\"},\"thumbnailUrl\":\"http:\/\/comav-srl.com\/wp-content\/uploads\/2022\/01\/play-button.png\",\"datePublished\":\"2022-03-04T16:18:22+00:00\",\"dateModified\":\"2022-04-08T08:57:23+00:00\",\"description\":\"Una historia y experiencia de m\u00e1s de 40 a\u00f1os en el sector de la manipulaci\u00f3n de materiales a granel: dise\u00f1o de m\u00e1quinas para manipular materiales a granel.\",\"breadcrumb\":{\"@id\":\"https:\/\/www.comav-srl.com\/es\/historia\/#breadcrumb\"},\"inLanguage\":\"es\",\"potentialAction\":[{\"@type\":\"ReadAction\",\"target\":[\"https:\/\/www.comav-srl.com\/es\/historia\/\"]}]},{\"@type\":\"ImageObject\",\"inLanguage\":\"es\",\"@id\":\"https:\/\/www.comav-srl.com\/es\/historia\/#primaryimage\",\"url\":\"http:\/\/comav-srl.com\/wp-content\/uploads\/2022\/01\/play-button.png\",\"contentUrl\":\"http:\/\/comav-srl.com\/wp-content\/uploads\/2022\/01\/play-button.png\"},{\"@type\":\"BreadcrumbList\",\"@id\":\"https:\/\/www.comav-srl.com\/es\/historia\/#breadcrumb\",\"itemListElement\":[{\"@type\":\"ListItem\",\"position\":1,\"name\":\"Home\",\"item\":\"https:\/\/www.comav-srl.com\/\"},{\"@type\":\"ListItem\",\"position\":2,\"name\":\"Historia\"}]},{\"@type\":\"WebSite\",\"@id\":\"https:\/\/www.comav-srl.com\/en\/#website\",\"url\":\"https:\/\/www.comav-srl.com\/en\/\",\"name\":\"COMAV\",\"description\":\"Costruzioni macchine automatiche\",\"potentialAction\":[{\"@type\":\"SearchAction\",\"target\":{\"@type\":\"EntryPoint\",\"urlTemplate\":\"https:\/\/www.comav-srl.com\/en\/?s={search_term_string}\"},\"query-input\":{\"@type\":\"PropertyValueSpecification\",\"valueRequired\":true,\"valueName\":\"search_term_string\"}}],\"inLanguage\":\"es\"}]}<\/script>\n<!-- \/ Yoast SEO plugin. -->","yoast_head_json":{"title":"Historia de la empresa | Comav Srl","description":"Una historia y experiencia de m\u00e1s de 40 a\u00f1os en el sector de la manipulaci\u00f3n de materiales a granel: dise\u00f1o de m\u00e1quinas para manipular materiales a granel.","robots":{"index":"index","follow":"follow","max-snippet":"max-snippet:-1","max-image-preview":"max-image-preview:large","max-video-preview":"max-video-preview:-1"},"canonical":"https:\/\/www.comav-srl.com\/es\/historia\/","og_locale":"es_ES","og_type":"article","og_title":"Historia de la empresa | Comav Srl","og_description":"Una historia y experiencia de m\u00e1s de 40 a\u00f1os en el sector de la manipulaci\u00f3n de materiales a granel: dise\u00f1o de m\u00e1quinas para manipular materiales a granel.","og_url":"https:\/\/www.comav-srl.com\/es\/historia\/","og_site_name":"COMAV","article_modified_time":"2022-04-08T08:57:23+00:00","og_image":[{"url":"http:\/\/comav-srl.com\/wp-content\/uploads\/2022\/01\/play-button.png","type":"","width":"","height":""}],"twitter_card":"summary_large_image","twitter_misc":{"Tiempo de lectura":"3 minutos"},"schema":{"@context":"https:\/\/schema.org","@graph":[{"@type":"WebPage","@id":"https:\/\/www.comav-srl.com\/es\/historia\/","url":"https:\/\/www.comav-srl.com\/es\/historia\/","name":"Historia de la empresa | Comav Srl","isPartOf":{"@id":"https:\/\/www.comav-srl.com\/en\/#website"},"primaryImageOfPage":{"@id":"https:\/\/www.comav-srl.com\/es\/historia\/#primaryimage"},"image":{"@id":"https:\/\/www.comav-srl.com\/es\/historia\/#primaryimage"},"thumbnailUrl":"http:\/\/comav-srl.com\/wp-content\/uploads\/2022\/01\/play-button.png","datePublished":"2022-03-04T16:18:22+00:00","dateModified":"2022-04-08T08:57:23+00:00","description":"Una historia y experiencia de m\u00e1s de 40 a\u00f1os en el sector de la manipulaci\u00f3n de materiales a granel: dise\u00f1o de m\u00e1quinas para manipular materiales a granel.","breadcrumb":{"@id":"https:\/\/www.comav-srl.com\/es\/historia\/#breadcrumb"},"inLanguage":"es","potentialAction":[{"@type":"ReadAction","target":["https:\/\/www.comav-srl.com\/es\/historia\/"]}]},{"@type":"ImageObject","inLanguage":"es","@id":"https:\/\/www.comav-srl.com\/es\/historia\/#primaryimage","url":"http:\/\/comav-srl.com\/wp-content\/uploads\/2022\/01\/play-button.png","contentUrl":"http:\/\/comav-srl.com\/wp-content\/uploads\/2022\/01\/play-button.png"},{"@type":"BreadcrumbList","@id":"https:\/\/www.comav-srl.com\/es\/historia\/#breadcrumb","itemListElement":[{"@type":"ListItem","position":1,"name":"Home","item":"https:\/\/www.comav-srl.com\/"},{"@type":"ListItem","position":2,"name":"Historia"}]},{"@type":"WebSite","@id":"https:\/\/www.comav-srl.com\/en\/#website","url":"https:\/\/www.comav-srl.com\/en\/","name":"COMAV","description":"Costruzioni macchine automatiche","potentialAction":[{"@type":"SearchAction","target":{"@type":"EntryPoint","urlTemplate":"https:\/\/www.comav-srl.com\/en\/?s={search_term_string}"},"query-input":{"@type":"PropertyValueSpecification","valueRequired":true,"valueName":"search_term_string"}}],"inLanguage":"es"}]}},"_links":{"self":[{"href":"https:\/\/www.comav-srl.com\/es\/wp-json\/wp\/v2\/pages\/44405","targetHints":{"allow":["GET"]}}],"collection":[{"href":"https:\/\/www.comav-srl.com\/es\/wp-json\/wp\/v2\/pages"}],"about":[{"href":"https:\/\/www.comav-srl.com\/es\/wp-json\/wp\/v2\/types\/page"}],"author":[{"embeddable":true,"href":"https:\/\/www.comav-srl.com\/es\/wp-json\/wp\/v2\/users\/1"}],"replies":[{"embeddable":true,"href":"https:\/\/www.comav-srl.com\/es\/wp-json\/wp\/v2\/comments?post=44405"}],"version-history":[{"count":396,"href":"https:\/\/www.comav-srl.com\/es\/wp-json\/wp\/v2\/pages\/44405\/revisions"}],"predecessor-version":[{"id":47458,"href":"https:\/\/www.comav-srl.com\/es\/wp-json\/wp\/v2\/pages\/44405\/revisions\/47458"}],"wp:attachment":[{"href":"https:\/\/www.comav-srl.com\/es\/wp-json\/wp\/v2\/media?parent=44405"}],"curies":[{"name":"wp","href":"https:\/\/api.w.org\/{rel}","templated":true}]}}