{"id":44421,"date":"2022-03-04T17:18:59","date_gmt":"2022-03-04T16:18:59","guid":{"rendered":"https:\/\/www.comav-srl.com\/certificados\/"},"modified":"2024-12-03T16:30:06","modified_gmt":"2024-12-03T15:30:06","slug":"certificados","status":"publish","type":"page","link":"https:\/\/www.comav-srl.com\/es\/certificados\/","title":{"rendered":"Certificados"},"content":{"rendered":"<div class=\"wpb-content-wrapper\"><p>[vc_row full_width=\u00bbstretch_row\u00bb bg_type=\u00bbimage\u00bb parallax_style=\u00bbvcpb-default\u00bb bg_image_new=\u00bbid^41919|url^http:\/\/comav-srl.com\/wp-content\/uploads\/2022\/01\/Foto-Certificati-1.jpg|caption^null|alt^null|title^Foto Certificati (1)|description^null\u00bb][vc_column]<div class=\"ult-spacer spacer-69f0d72094f71\" data-id=\"69f0d72094f71\" data-height=\"80\" data-height-mobile=\"20\" data-height-tab=\"20\" data-height-tab-portrait=\"20\" data-height-mobile-landscape=\"20\" style=\"clear:both;display:block;\"><\/div><div id=\"ultimate-heading-375769f0d72094fdf\" class=\"uvc-heading ult-adjust-bottom-margin ultimate-heading-375769f0d72094fdf uvc-3567 \" data-hspacer=\"no_spacer\"  data-halign=\"left\" style=\"text-align:left\"><div class=\"uvc-heading-spacer no_spacer\" style=\"top\"><\/div><div class=\"uvc-main-heading ult-responsive\"  data-ultimate-target='.uvc-heading.ultimate-heading-375769f0d72094fdf h2'  data-responsive-json-new='{\"font-size\":\"desktop:48px;\",\"line-height\":\"desktop:58px;\"}' ><h2 style=\"--font-weight:theme;color:#ffffff;\">Su socio en la manipulaci\u00f3n de materiales a granel<\/h2><\/div><\/div><div class=\"ult-spacer spacer-69f0d72095043\" data-id=\"69f0d72095043\" data-height=\"110\" data-height-mobile=\"40\" data-height-tab=\"40\" data-height-tab-portrait=\"40\" data-height-mobile-landscape=\"40\" style=\"clear:both;display:block;\"><\/div>[\/vc_column][\/vc_row][vc_row][vc_column][vc_column_text]Puesto que se ofrece una amplia gama de productos con diferentes certificaciones, solo se muestran las m\u00e1s utilizadas. P\u00f3ngase en contacto con nosotros en caso de solicitudes espec\u00edficas.<br \/>\nAdem\u00e1s de las certificaciones b\u00e1sicas europeas, COMAV puede respaldar o proporcionar certificaciones espec\u00edficas que requieren un proceso burocr\u00e1tico complejo, como EAC y SASO, adem\u00e1s del dise\u00f1o espec\u00edfico de componentes el\u00e9ctricos con referencia a normativas nacionales, como UL508 e IECEX, con la emisi\u00f3n del correspondiente certificado.<br \/>\n[\/vc_column_text][\/vc_column][\/vc_row][vc_row gap=\u00bb25&#8243; css_animation=\u00bbnone\u00bb][vc_column css_animation=\u00bbnone\u00bb width=\u00bb1\/2&#8243; css=\u00bb.vc_custom_1632734529379{padding-top: 30px !important;padding-right: 30px !important;padding-bottom: 30px !important;padding-left: 30px !important;background-color: #ffffff !important;border-radius: 25px !important;}\u00bb]<div class=\"standard-arrow list-divider bullet-top\"><p>Los componentes COMAV pueden ser:<\/p>\n<ul>\n<li>M\u00e1quinas, acompa\u00f1adas de la DECLARACI\u00d3N DE CONFORMIDAD CE<br \/>\n(seg\u00fan Directiva Europea 2006\/42\/CE)<\/li>\n<li>Cuasim\u00e1quinas, acompa\u00f1adas de la DECLARACI\u00d3N DE INCORPORACI\u00d3N<br \/>\n(seg\u00fan ANEXO II, parte 1, apartado B de la Directiva Europea 2006\/42\/CE)<\/li>\n<\/ul>\n<p>&nbsp;<\/p>\n<p>La conformidad de nuestras v\u00e1lvulas desviadoras y de estrella para transporte neum\u00e1tico est\u00e1 presente en los certificados<\/p>\n<ul>\n<li>T\u00dcV CY 19 ATEX 0206207 X (V\u00e1lvula desviadora)<\/li>\n<li>T\u00dcV CY 19 ATEX 0206197 X (V\u00e1lvula de estrella)<\/li>\n<li>T\u00dcV CY 23 ATEX 0206850 X (Vaciadora de sacos)<\/li>\n<li>Certificado de garant\u00eda de calidad de producci\u00f3n<\/li>\n<li>RU 01992345 (CR TR 012)<\/li>\n<li>EAC N RU D-IT CI28B.05849\/19 (CR TR 010 con referencia al Reglamento<\/li>\n<li>E1935\/2004)<\/li>\n<li>EAC N RU D-IT CI28B.05853\/19 (CR TR 010)<\/li>\n<\/ul>\n<p>&nbsp;<\/p>\n<p>Todas nuestras v\u00e1lvulas y m\u00e1quinas pueden dise\u00f1arse con arreglo a la legislaci\u00f3n de la Uni\u00f3n Europea (UE):<\/p>\n<ul>\n<li>Reglamento (CE) n.\u00b0 1935\/2004 y sucesivas actualizaciones y modificaciones<\/li>\n<li>Reglamento (CE) n.\u00b0 2023\/2006 y sucesivas actualizaciones y modificaciones<\/li>\n<li>Reglamento (UE) n.\u00b0 10\/2011 y sucesivas modificaciones<\/li>\n<\/ul>\n<p>&nbsp;<\/p>\n<p>Nuestras m\u00e1quinas de vaciado de sacos, si se requiere, pueden suministrarse y dise\u00f1arse para una clasificaci\u00f3n ATEX hasta II 1\/3D.<br \/>\nLos descargadores de Octabin, descargadores de Big Bag, transportadores mec\u00e1nicos y otros componentes normalmente se dise\u00f1an en un \u00e1rea de clasificaci\u00f3n II 3D, pero podr\u00edan suministrarse con referencia a directivas m\u00e1s estrictas.<\/p>\n<p>&nbsp;<\/p>\n<p>Adem\u00e1s de las certificaciones mostradas, COMAV ha presentado patentes espec\u00edficas para algunas m\u00e1quinas con alto contenido tecnol\u00f3gico.<\/p>\n<\/div>[\/vc_column][vc_column css_animation=\u00bbnone\u00bb width=\u00bb1\/2&#8243; css=\u00bb.vc_custom_1632737423069{padding-top: 30px !important;padding-right: 30px !important;padding-bottom: 30px !important;padding-left: 30px !important;background-color: rgba(138,192,230,0.12) !important;*background-color: rgb(138,192,230) !important;border-radius: 25px !important;}\u00bb][vc_column_text]<\/p>\n<h4>ATEX<\/h4>\n<p>[\/vc_column_text]<div class=\"aio-icon-component  vc_custom_1632737021595   style_1\"><a class=\"aio-icon-box-link\" href=\"http:\/\/comav-srl.com\/wp-content\/uploads\/2021\/09\/CERTIFICATE-COMAV-AT0206207.pdf\" target=\"_blank\" rel=\"noopener\" ><div id=\"Info-box-wrap-3538\" class=\"aio-icon-box left-icon\" style=\"\"  ><div class=\"aio-icon-left\"><div class=\"ult-just-icon-wrapper  \"><div class=\"align-icon\" style=\"text-align:center;\">\n<div class=\"aio-icon none \"  style=\"color:#037caf;font-size:32px;display:inline-block;\">\n\t<i class=\"fas fa-file-pdf\"><\/i>\n<\/div><\/div><\/div><\/div><div class=\"aio-ibd-block\"><div class=\"aio-icon-header\" ><h3 class=\"aio-icon-title ult-responsive\"  data-ultimate-target='#Info-box-wrap-3538 .aio-icon-title'  data-responsive-json-new='{\"font-size\":\"\",\"line-height\":\"\"}'  style=\"\">AT0206207<\/h3><\/div> <!-- header --><\/div> <!-- aio-ibd-block --><\/div> <!-- aio-icon-box --><\/a><\/div> <!-- aio-icon-component --><div class=\"aio-icon-component  vc_custom_1632737026466   style_1\"><a class=\"aio-icon-box-link\" href=\"http:\/\/comav-srl.com\/wp-content\/uploads\/2021\/09\/CERTIFICATE-COMAV-AT0206197.pdf\" target=\"_blank\" rel=\"noopener\" ><div id=\"Info-box-wrap-2383\" class=\"aio-icon-box left-icon\" style=\"\"  ><div class=\"aio-icon-left\"><div class=\"ult-just-icon-wrapper  \"><div class=\"align-icon\" style=\"text-align:center;\">\n<div class=\"aio-icon none \"  style=\"color:#037caf;font-size:32px;display:inline-block;\">\n\t<i class=\"fas fa-file-pdf\"><\/i>\n<\/div><\/div><\/div><\/div><div class=\"aio-ibd-block\"><div class=\"aio-icon-header\" ><h3 class=\"aio-icon-title ult-responsive\"  data-ultimate-target='#Info-box-wrap-2383 .aio-icon-title'  data-responsive-json-new='{\"font-size\":\"\",\"line-height\":\"\"}'  style=\"\">AT0206197<\/h3><\/div> <!-- header --><\/div> <!-- aio-ibd-block --><\/div> <!-- aio-icon-box --><\/a><\/div> <!-- aio-icon-component --><div class=\"aio-icon-component  vc_custom_1733239770681   style_1\"><a class=\"aio-icon-box-link\" href=\"https:\/\/www.comav-srl.com\/wp-content\/uploads\/2024\/11\/343188200-DK23729507-23ExA-Fri_ATEX-QS_ZQH059_23_U1_EN.pdf\" target=\"_blank\" rel=\"noopener\" ><div id=\"Info-box-wrap-9253\" class=\"aio-icon-box left-icon\" style=\"\"  ><div class=\"aio-icon-left\"><div class=\"ult-just-icon-wrapper  \"><div class=\"align-icon\" style=\"text-align:center;\">\n<div class=\"aio-icon none \"  style=\"color:#037caf;font-size:32px;display:inline-block;\">\n\t<i class=\"fas fa-file-pdf\"><\/i>\n<\/div><\/div><\/div><\/div><div class=\"aio-ibd-block\"><div class=\"aio-icon-header\" ><h3 class=\"aio-icon-title ult-responsive\"  data-ultimate-target='#Info-box-wrap-9253 .aio-icon-title'  data-responsive-json-new='{\"font-size\":\"\",\"line-height\":\"\"}'  style=\"\">Certificado de garant\u00eda de calidad de producci\u00f3n<\/h3><\/div> <!-- header --><\/div> <!-- aio-ibd-block --><\/div> <!-- aio-icon-box --><\/a><\/div> <!-- aio-icon-component --><div class=\"aio-icon-component  vc_custom_1733239803819   style_1\"><a class=\"aio-icon-box-link\" href=\"https:\/\/www.comav-srl.com\/wp-content\/uploads\/2023\/08\/AT0206850-X-ORIGINAL-CERTIFICATE.pdf\" target=\"_blank\" rel=\"noopener\" ><div id=\"Info-box-wrap-3696\" class=\"aio-icon-box left-icon\" style=\"\"  ><div class=\"aio-icon-left\"><div class=\"ult-just-icon-wrapper  \"><div class=\"align-icon\" style=\"text-align:center;\">\n<div class=\"aio-icon none \"  style=\"color:#037caf;font-size:32px;display:inline-block;\">\n\t<i class=\"fas fa-file-pdf\"><\/i>\n<\/div><\/div><\/div><\/div><div class=\"aio-ibd-block\"><div class=\"aio-icon-header\" ><h3 class=\"aio-icon-title ult-responsive\"  data-ultimate-target='#Info-box-wrap-3696 .aio-icon-title'  data-responsive-json-new='{\"font-size\":\"\",\"line-height\":\"\"}'  style=\"\">AT0206850 X<\/h3><\/div> <!-- header --><\/div> <!-- aio-ibd-block --><\/div> <!-- aio-icon-box --><\/a><\/div> <!-- aio-icon-component --><div class=\"ult-spacer spacer-69f0d72095578\" data-id=\"69f0d72095578\" data-height=\"15\" data-height-mobile=\"5\" data-height-tab=\"5\" data-height-tab-portrait=\"5\" data-height-mobile-landscape=\"5\" style=\"clear:both;display:block;\"><\/div><div class=\"ult-spacer spacer-69f0d720955a1\" data-id=\"69f0d720955a1\" data-height=\"15\" data-height-mobile=\"5\" data-height-tab=\"5\" data-height-tab-portrait=\"5\" data-height-mobile-landscape=\"5\" style=\"clear:both;display:block;\"><\/div>[vc_column_text]<\/p>\n<h4>MOCA<\/h4>\n<p>[\/vc_column_text]<div class=\"aio-icon-component  vc_custom_1632737106948   style_1\"><a class=\"aio-icon-box-link\" href=\"http:\/\/comav-srl.com\/wp-content\/uploads\/2021\/09\/DECLARATIOB-1935-EXAMPLE.pdf\" target=\"_blank\" rel=\"noopener\" ><div id=\"Info-box-wrap-9656\" class=\"aio-icon-box left-icon\" style=\"\"  ><div class=\"aio-icon-left\"><div class=\"ult-just-icon-wrapper  \"><div class=\"align-icon\" style=\"text-align:center;\">\n<div class=\"aio-icon none \"  style=\"color:#037caf;font-size:32px;display:inline-block;\">\n\t<i class=\"fas fa-file-pdf\"><\/i>\n<\/div><\/div><\/div><\/div><div class=\"aio-ibd-block\"><div class=\"aio-icon-header\" ><h3 class=\"aio-icon-title ult-responsive\"  data-ultimate-target='#Info-box-wrap-9656 .aio-icon-title'  data-responsive-json-new='{\"font-size\":\"\",\"line-height\":\"\"}'  style=\"\">DECLARACI\u00d3N 1935 - EJEMPLO<\/h3><\/div> <!-- header --><\/div> <!-- aio-ibd-block --><\/div> <!-- aio-icon-box --><\/a><\/div> <!-- aio-icon-component --><div class=\"ult-spacer spacer-69f0d72095656\" data-id=\"69f0d72095656\" data-height=\"15\" data-height-mobile=\"5\" data-height-tab=\"5\" data-height-tab-portrait=\"5\" data-height-mobile-landscape=\"5\" style=\"clear:both;display:block;\"><\/div><div class=\"ult-spacer spacer-69f0d72095677\" data-id=\"69f0d72095677\" data-height=\"15\" data-height-mobile=\"5\" data-height-tab=\"5\" data-height-tab-portrait=\"5\" data-height-mobile-landscape=\"5\" style=\"clear:both;display:block;\"><\/div>[vc_column_text]<\/p>\n<h4>EAC<\/h4>\n<p>[\/vc_column_text]<div class=\"aio-icon-component  vc_custom_1632737211006   style_1\"><a class=\"aio-icon-box-link\" href=\"http:\/\/comav-srl.com\/wp-content\/uploads\/2021\/09\/\u0415\u0410\u042d\u0421-N-RU-\u0414-IT.\u0421\u041f28.\u0412.05853_19.pdf\" target=\"_blank\" rel=\"noopener\" ><div id=\"Info-box-wrap-6344\" class=\"aio-icon-box left-icon\" style=\"\"  ><div class=\"aio-icon-left\"><div class=\"ult-just-icon-wrapper  \"><div class=\"align-icon\" style=\"text-align:center;\">\n<div class=\"aio-icon none \"  style=\"color:#037caf;font-size:32px;display:inline-block;\">\n\t<i class=\"fas fa-file-pdf\"><\/i>\n<\/div><\/div><\/div><\/div><div class=\"aio-ibd-block\"><div class=\"aio-icon-header\" ><h3 class=\"aio-icon-title ult-responsive\"  data-ultimate-target='#Info-box-wrap-6344 .aio-icon-title'  data-responsive-json-new='{\"font-size\":\"\",\"line-height\":\"\"}'  style=\"\">\u0415\u0410\u042d\u0421 N RU \u0414-IT.\u0421\u041f28.\u0412.05853_19<\/h3><\/div> <!-- header --><\/div> <!-- aio-ibd-block --><\/div> <!-- aio-icon-box --><\/a><\/div> <!-- aio-icon-component --><div class=\"aio-icon-component  vc_custom_1632737227936   style_1\"><a class=\"aio-icon-box-link\" href=\"http:\/\/comav-srl.com\/wp-content\/uploads\/2021\/09\/\u0415\u0410\u042d\u0421-N-RU-\u0414-IT.\u0421\u041f28.\u0412.05849_19.pdf\" target=\"_blank\" rel=\"noopener\" ><div id=\"Info-box-wrap-9100\" class=\"aio-icon-box left-icon\" style=\"\"  ><div class=\"aio-icon-left\"><div class=\"ult-just-icon-wrapper  \"><div class=\"align-icon\" style=\"text-align:center;\">\n<div class=\"aio-icon none \"  style=\"color:#037caf;font-size:32px;display:inline-block;\">\n\t<i class=\"fas fa-file-pdf\"><\/i>\n<\/div><\/div><\/div><\/div><div class=\"aio-ibd-block\"><div class=\"aio-icon-header\" ><h3 class=\"aio-icon-title ult-responsive\"  data-ultimate-target='#Info-box-wrap-9100 .aio-icon-title'  data-responsive-json-new='{\"font-size\":\"\",\"line-height\":\"\"}'  style=\"\">\u0415\u0410\u042d\u0421 N RU \u0414-IT.\u0421\u041f28.\u0412.05849_19<\/h3><\/div> <!-- header --><\/div> <!-- aio-ibd-block --><\/div> <!-- aio-icon-box --><\/a><\/div> <!-- aio-icon-component --><div class=\"aio-icon-component  vc_custom_1632737338277   style_1\"><a class=\"aio-icon-box-link\" href=\"http:\/\/comav-srl.com\/wp-content\/uploads\/2021\/09\/RU-C-IT.\u0412\u041d02.\u0412.00252_19_compressed.pdf\" target=\"_blank\" rel=\"noopener\" ><div id=\"Info-box-wrap-4860\" class=\"aio-icon-box left-icon\" style=\"\"  ><div class=\"aio-icon-left\"><div class=\"ult-just-icon-wrapper  \"><div class=\"align-icon\" style=\"text-align:center;\">\n<div class=\"aio-icon none \"  style=\"color:#037caf;font-size:32px;display:inline-block;\">\n\t<i class=\"fas fa-file-pdf\"><\/i>\n<\/div><\/div><\/div><\/div><div class=\"aio-ibd-block\"><div class=\"aio-icon-header\" ><h3 class=\"aio-icon-title ult-responsive\"  data-ultimate-target='#Info-box-wrap-4860 .aio-icon-title'  data-responsive-json-new='{\"font-size\":\"\",\"line-height\":\"\"}'  style=\"\">RU C-IT.\u0412\u041d02.\u0412.00252_19<\/h3><\/div> <!-- header --><\/div> <!-- aio-ibd-block --><\/div> <!-- aio-icon-box --><\/a><\/div> <!-- aio-icon-component -->[\/vc_column][\/vc_row]<\/p>\n<\/div>","protected":false},"excerpt":{"rendered":"<p>[vc_row full_width=\u00bbstretch_row\u00bb bg_type=\u00bbimage\u00bb parallax_style=\u00bbvcpb-default\u00bb bg_image_new=\u00bbid^41919|url^http:\/\/comav-srl.com\/wp-content\/uploads\/2022\/01\/Foto-Certificati-1.jpg|caption^null|alt^null|title^Foto Certificati (1)|description^null\u00bb][vc_column][\/vc_column][\/vc_row][vc_row][vc_column][vc_column_text]Puesto que se ofrece una amplia gama de productos con diferentes certificaciones, solo se muestran las m\u00e1s utilizadas. P\u00f3ngase en contacto con nosotros en caso de solicitudes espec\u00edficas. Adem\u00e1s de las certificaciones b\u00e1sicas europeas, COMAV puede respaldar o proporcionar certificaciones espec\u00edficas que requieren un proceso burocr\u00e1tico complejo, como EAC&hellip;<\/p>\n","protected":false},"author":1,"featured_media":0,"parent":0,"menu_order":0,"comment_status":"closed","ping_status":"closed","template":"","meta":{"footnotes":""},"class_list":["post-44421","page","type-page","status-publish","hentry","description-off"],"yoast_head":"<!-- This site is optimized with the Yoast SEO plugin v27.2 - https:\/\/yoast.com\/product\/yoast-seo-wordpress\/ -->\n<title>Certificaciones de m\u00e1quinas y componentes | Comav Srl<\/title>\n<meta name=\"description\" content=\"Certificaciones y declaraciones de conformidad de m\u00e1quinas y componentes para manipulaci\u00f3n de materiales a granel fabricados por Comav Srl.\" \/>\n<meta name=\"robots\" content=\"index, follow, max-snippet:-1, max-image-preview:large, max-video-preview:-1\" \/>\n<link rel=\"canonical\" href=\"https:\/\/www.comav-srl.com\/es\/certificados\/\" \/>\n<meta property=\"og:locale\" content=\"es_ES\" \/>\n<meta property=\"og:type\" content=\"article\" \/>\n<meta property=\"og:title\" content=\"Certificaciones de m\u00e1quinas y componentes | Comav Srl\" \/>\n<meta property=\"og:description\" content=\"Certificaciones y declaraciones de conformidad de m\u00e1quinas y componentes para manipulaci\u00f3n de materiales a granel fabricados por Comav Srl.\" \/>\n<meta property=\"og:url\" content=\"https:\/\/www.comav-srl.com\/es\/certificados\/\" \/>\n<meta property=\"og:site_name\" content=\"COMAV\" \/>\n<meta property=\"article:modified_time\" content=\"2024-12-03T15:30:06+00:00\" \/>\n<meta name=\"twitter:card\" content=\"summary_large_image\" \/>\n<meta name=\"twitter:label1\" content=\"Tiempo de lectura\" \/>\n\t<meta name=\"twitter:data1\" content=\"3 minutos\" \/>\n<script type=\"application\/ld+json\" class=\"yoast-schema-graph\">{\"@context\":\"https:\/\/schema.org\",\"@graph\":[{\"@type\":\"WebPage\",\"@id\":\"https:\/\/www.comav-srl.com\/es\/certificados\/\",\"url\":\"https:\/\/www.comav-srl.com\/es\/certificados\/\",\"name\":\"Certificaciones de m\u00e1quinas y componentes | Comav Srl\",\"isPartOf\":{\"@id\":\"https:\/\/www.comav-srl.com\/en\/#website\"},\"datePublished\":\"2022-03-04T16:18:59+00:00\",\"dateModified\":\"2024-12-03T15:30:06+00:00\",\"description\":\"Certificaciones y declaraciones de conformidad de m\u00e1quinas y componentes para manipulaci\u00f3n de materiales a granel fabricados por Comav Srl.\",\"breadcrumb\":{\"@id\":\"https:\/\/www.comav-srl.com\/es\/certificados\/#breadcrumb\"},\"inLanguage\":\"es\",\"potentialAction\":[{\"@type\":\"ReadAction\",\"target\":[\"https:\/\/www.comav-srl.com\/es\/certificados\/\"]}]},{\"@type\":\"BreadcrumbList\",\"@id\":\"https:\/\/www.comav-srl.com\/es\/certificados\/#breadcrumb\",\"itemListElement\":[{\"@type\":\"ListItem\",\"position\":1,\"name\":\"Home\",\"item\":\"https:\/\/www.comav-srl.com\/\"},{\"@type\":\"ListItem\",\"position\":2,\"name\":\"Certificados\"}]},{\"@type\":\"WebSite\",\"@id\":\"https:\/\/www.comav-srl.com\/en\/#website\",\"url\":\"https:\/\/www.comav-srl.com\/en\/\",\"name\":\"COMAV\",\"description\":\"Costruzioni macchine automatiche\",\"potentialAction\":[{\"@type\":\"SearchAction\",\"target\":{\"@type\":\"EntryPoint\",\"urlTemplate\":\"https:\/\/www.comav-srl.com\/en\/?s={search_term_string}\"},\"query-input\":{\"@type\":\"PropertyValueSpecification\",\"valueRequired\":true,\"valueName\":\"search_term_string\"}}],\"inLanguage\":\"es\"}]}<\/script>\n<!-- \/ Yoast SEO plugin. -->","yoast_head_json":{"title":"Certificaciones de m\u00e1quinas y componentes | Comav Srl","description":"Certificaciones y declaraciones de conformidad de m\u00e1quinas y componentes para manipulaci\u00f3n de materiales a granel fabricados por Comav Srl.","robots":{"index":"index","follow":"follow","max-snippet":"max-snippet:-1","max-image-preview":"max-image-preview:large","max-video-preview":"max-video-preview:-1"},"canonical":"https:\/\/www.comav-srl.com\/es\/certificados\/","og_locale":"es_ES","og_type":"article","og_title":"Certificaciones de m\u00e1quinas y componentes | Comav Srl","og_description":"Certificaciones y declaraciones de conformidad de m\u00e1quinas y componentes para manipulaci\u00f3n de materiales a granel fabricados por Comav Srl.","og_url":"https:\/\/www.comav-srl.com\/es\/certificados\/","og_site_name":"COMAV","article_modified_time":"2024-12-03T15:30:06+00:00","twitter_card":"summary_large_image","twitter_misc":{"Tiempo de lectura":"3 minutos"},"schema":{"@context":"https:\/\/schema.org","@graph":[{"@type":"WebPage","@id":"https:\/\/www.comav-srl.com\/es\/certificados\/","url":"https:\/\/www.comav-srl.com\/es\/certificados\/","name":"Certificaciones de m\u00e1quinas y componentes | Comav Srl","isPartOf":{"@id":"https:\/\/www.comav-srl.com\/en\/#website"},"datePublished":"2022-03-04T16:18:59+00:00","dateModified":"2024-12-03T15:30:06+00:00","description":"Certificaciones y declaraciones de conformidad de m\u00e1quinas y componentes para manipulaci\u00f3n de materiales a granel fabricados por Comav Srl.","breadcrumb":{"@id":"https:\/\/www.comav-srl.com\/es\/certificados\/#breadcrumb"},"inLanguage":"es","potentialAction":[{"@type":"ReadAction","target":["https:\/\/www.comav-srl.com\/es\/certificados\/"]}]},{"@type":"BreadcrumbList","@id":"https:\/\/www.comav-srl.com\/es\/certificados\/#breadcrumb","itemListElement":[{"@type":"ListItem","position":1,"name":"Home","item":"https:\/\/www.comav-srl.com\/"},{"@type":"ListItem","position":2,"name":"Certificados"}]},{"@type":"WebSite","@id":"https:\/\/www.comav-srl.com\/en\/#website","url":"https:\/\/www.comav-srl.com\/en\/","name":"COMAV","description":"Costruzioni macchine automatiche","potentialAction":[{"@type":"SearchAction","target":{"@type":"EntryPoint","urlTemplate":"https:\/\/www.comav-srl.com\/en\/?s={search_term_string}"},"query-input":{"@type":"PropertyValueSpecification","valueRequired":true,"valueName":"search_term_string"}}],"inLanguage":"es"}]}},"_links":{"self":[{"href":"https:\/\/www.comav-srl.com\/es\/wp-json\/wp\/v2\/pages\/44421","targetHints":{"allow":["GET"]}}],"collection":[{"href":"https:\/\/www.comav-srl.com\/es\/wp-json\/wp\/v2\/pages"}],"about":[{"href":"https:\/\/www.comav-srl.com\/es\/wp-json\/wp\/v2\/types\/page"}],"author":[{"embeddable":true,"href":"https:\/\/www.comav-srl.com\/es\/wp-json\/wp\/v2\/users\/1"}],"replies":[{"embeddable":true,"href":"https:\/\/www.comav-srl.com\/es\/wp-json\/wp\/v2\/comments?post=44421"}],"version-history":[{"count":16,"href":"https:\/\/www.comav-srl.com\/es\/wp-json\/wp\/v2\/pages\/44421\/revisions"}],"predecessor-version":[{"id":48336,"href":"https:\/\/www.comav-srl.com\/es\/wp-json\/wp\/v2\/pages\/44421\/revisions\/48336"}],"wp:attachment":[{"href":"https:\/\/www.comav-srl.com\/es\/wp-json\/wp\/v2\/media?parent=44421"}],"curies":[{"name":"wp","href":"https:\/\/api.w.org\/{rel}","templated":true}]}}