{"id":44426,"date":"2022-03-04T17:19:22","date_gmt":"2022-03-04T16:19:22","guid":{"rendered":"https:\/\/www.comav-srl.com\/area-de-descargas\/"},"modified":"2024-07-04T09:34:28","modified_gmt":"2024-07-04T07:34:28","slug":"area-de-descargas","status":"publish","type":"page","link":"https:\/\/www.comav-srl.com\/es\/area-de-descargas\/","title":{"rendered":"\u00c1rea de descargas"},"content":{"rendered":"<div class=\"wpb-content-wrapper\"><p>[vc_row full_width=\u00bbstretch_row\u00bb bg_type=\u00bbbg_color\u00bb bg_color_value=\u00bb#02688c\u00bb][vc_column]<div class=\"ult-spacer spacer-69f13f609bf9b\" data-id=\"69f13f609bf9b\" data-height=\"80\" data-height-mobile=\"20\" data-height-tab=\"20\" data-height-tab-portrait=\"20\" data-height-mobile-landscape=\"20\" style=\"clear:both;display:block;\"><\/div><div id=\"ultimate-heading-865269f13f609c006\" class=\"uvc-heading ult-adjust-bottom-margin ultimate-heading-865269f13f609c006 uvc-1875 \" data-hspacer=\"no_spacer\"  data-halign=\"left\" style=\"text-align:left\"><div class=\"uvc-heading-spacer no_spacer\" style=\"top\"><\/div><div class=\"uvc-main-heading ult-responsive\"  data-ultimate-target='.uvc-heading.ultimate-heading-865269f13f609c006 h2'  data-responsive-json-new='{\"font-size\":\"desktop:48px;\",\"line-height\":\"desktop:58px;\"}' ><h2 style=\"--font-weight:theme;color:#ffffff;\">\u00c1rea de descargas<\/h2><\/div><div class=\"uvc-sub-heading ult-responsive\"  data-ultimate-target='.uvc-heading.ultimate-heading-865269f13f609c006 .uvc-sub-heading '  data-responsive-json-new='{\"font-size\":\"desktop:22px;\",\"line-height\":\"desktop:32px;\"}'  style=\"font-weight:normal;color:#ffffff;\">Descargue nuestros cat\u00e1logos.<\/div><\/div><div class=\"ult-spacer spacer-69f13f609c06e\" data-id=\"69f13f609c06e\" data-height=\"110\" data-height-mobile=\"40\" data-height-tab=\"40\" data-height-tab-portrait=\"40\" data-height-mobile-landscape=\"40\" style=\"clear:both;display:block;\"><\/div>[\/vc_column][\/vc_row][vc_row][vc_column width=\u00bb1\/4&#8243;][vc_column_text]<aside\n\tclass=\"download-box\">\n\n\t<img decoding=\"async\" alt=\"Placeholder\" class=\"wp-post-image lazyload\" data-src=\"https:\/\/www.comav-srl.com\/wp-content\/plugins\/download-monitor\/assets\/images\/placeholder.png\" src=\"data:image\/svg+xml;base64,PHN2ZyB3aWR0aD0iMSIgaGVpZ2h0PSIxIiB4bWxucz0iaHR0cDovL3d3dy53My5vcmcvMjAwMC9zdmciPjwvc3ZnPg==\" style=\"--smush-placeholder-width: 450px; --smush-placeholder-aspect-ratio: 450\/450;\" \/>\n\t<div\n\t\tclass=\"download-count\">112 descargas<\/div>\n\n\t<div\n\t\tclass=\"download-box-content\">\n\n\t\t<h1>Case History ENG<\/h1>\n\n\t\t\t\t\t\t<a  data-e-Disable-Page-Transition=\"true\" class=\"download-link download-button\" title=\"\" href=\"https:\/\/www.comav-srl.com\/es\/download\/42710\/?tmstv=1777418080\" rel=\"nofollow\" id=\"download-link-42710\" data-redirect=\"false\" >\n\t\t\tDescargar archivo\t\t\t<small>case-history-LR.pdf\t\t\t\t&ndash; <\/small>\n\t\t<\/a>\n\t\t\t<\/div>\n<\/aside>\n\n\n[\/vc_column_text][\/vc_column][vc_column width=\u00bb1\/4&#8243;][vc_column_text]<aside\n\tclass=\"download-box\">\n\n\t<img decoding=\"async\" alt=\"Placeholder\" class=\"wp-post-image lazyload\" data-src=\"https:\/\/www.comav-srl.com\/wp-content\/plugins\/download-monitor\/assets\/images\/placeholder.png\" src=\"data:image\/svg+xml;base64,PHN2ZyB3aWR0aD0iMSIgaGVpZ2h0PSIxIiB4bWxucz0iaHR0cDovL3d3dy53My5vcmcvMjAwMC9zdmciPjwvc3ZnPg==\" style=\"--smush-placeholder-width: 450px; --smush-placeholder-aspect-ratio: 450\/450;\" \/>\n\t<div\n\t\tclass=\"download-count\">163 descargas<\/div>\n\n\t<div\n\t\tclass=\"download-box-content\">\n\n\t\t<h1>Catalogo Svuotasacchi ENG<\/h1>\n\n\t\t\t\t\t\t<a  data-e-Disable-Page-Transition=\"true\" class=\"download-link download-button\" title=\"\" href=\"https:\/\/www.comav-srl.com\/es\/download\/42612\/?tmstv=1777418080\" rel=\"nofollow\" id=\"download-link-42612\" data-redirect=\"false\" >\n\t\t\tDescargar archivo\t\t\t<small>SVR-en-rev3-2.pdf\t\t\t\t&ndash; <\/small>\n\t\t<\/a>\n\t\t\t<\/div>\n<\/aside>\n\n\n[\/vc_column_text][\/vc_column][vc_column width=\u00bb1\/4&#8243;][vc_column_text]<aside\n\tclass=\"download-box\">\n\n\t<img decoding=\"async\" alt=\"Placeholder\" class=\"wp-post-image lazyload\" data-src=\"https:\/\/www.comav-srl.com\/wp-content\/plugins\/download-monitor\/assets\/images\/placeholder.png\" src=\"data:image\/svg+xml;base64,PHN2ZyB3aWR0aD0iMSIgaGVpZ2h0PSIxIiB4bWxucz0iaHR0cDovL3d3dy53My5vcmcvMjAwMC9zdmciPjwvc3ZnPg==\" style=\"--smush-placeholder-width: 450px; --smush-placeholder-aspect-ratio: 450\/450;\" \/>\n\t<div\n\t\tclass=\"download-count\">94 descargas<\/div>\n\n\t<div\n\t\tclass=\"download-box-content\">\n\n\t\t<h1>Catalogo Svuotasacchi ITA<\/h1>\n\n\t\t\t\t\t\t<a  data-e-Disable-Page-Transition=\"true\" class=\"download-link download-button\" title=\"\" href=\"https:\/\/www.comav-srl.com\/es\/download\/42631\/?tmstv=1777418080\" rel=\"nofollow\" id=\"download-link-42631\" data-redirect=\"false\" >\n\t\t\tDescargar archivo\t\t\t<small>CATALOGO-SVR_ITA.pdf\t\t\t\t&ndash; <\/small>\n\t\t<\/a>\n\t\t\t<\/div>\n<\/aside>\n\n\n[\/vc_column_text][\/vc_column][vc_column width=\u00bb1\/4&#8243;][vc_column_text]<aside\n\tclass=\"download-box\">\n\n\t<img decoding=\"async\" alt=\"Placeholder\" class=\"wp-post-image lazyload\" data-src=\"https:\/\/www.comav-srl.com\/wp-content\/plugins\/download-monitor\/assets\/images\/placeholder.png\" src=\"data:image\/svg+xml;base64,PHN2ZyB3aWR0aD0iMSIgaGVpZ2h0PSIxIiB4bWxucz0iaHR0cDovL3d3dy53My5vcmcvMjAwMC9zdmciPjwvc3ZnPg==\" style=\"--smush-placeholder-width: 450px; --smush-placeholder-aspect-ratio: 450\/450;\" \/>\n\t<div\n\t\tclass=\"download-count\">60 descargas<\/div>\n\n\t<div\n\t\tclass=\"download-box-content\">\n\n\t\t<h1>Catalogo Svuotasacchi ES<\/h1>\n\n\t\t\t\t\t\t<a  data-e-Disable-Page-Transition=\"true\" class=\"download-link download-button\" title=\"\" href=\"https:\/\/www.comav-srl.com\/es\/download\/42639\/?tmstv=1777418080\" rel=\"nofollow\" id=\"download-link-42639\" data-redirect=\"false\" >\n\t\t\tDescargar archivo\t\t\t<small>SVR-es.pdf\t\t\t\t&ndash; <\/small>\n\t\t<\/a>\n\t\t\t<\/div>\n<\/aside>\n\n\n[\/vc_column_text][\/vc_column][\/vc_row][vc_row][vc_column width=\u00bb1\/4&#8243;][vc_column_text]<aside\n\tclass=\"download-box\">\n\n\t<img decoding=\"async\" alt=\"Placeholder\" class=\"wp-post-image lazyload\" data-src=\"https:\/\/www.comav-srl.com\/wp-content\/plugins\/download-monitor\/assets\/images\/placeholder.png\" src=\"data:image\/svg+xml;base64,PHN2ZyB3aWR0aD0iMSIgaGVpZ2h0PSIxIiB4bWxucz0iaHR0cDovL3d3dy53My5vcmcvMjAwMC9zdmciPjwvc3ZnPg==\" style=\"--smush-placeholder-width: 450px; --smush-placeholder-aspect-ratio: 450\/450;\" \/>\n\t<div\n\t\tclass=\"download-count\">43 descargas<\/div>\n\n\t<div\n\t\tclass=\"download-box-content\">\n\n\t\t<h1>Catalogo Svuotasacchi DE<\/h1>\n\n\t\t\t\t\t\t<a  data-e-Disable-Page-Transition=\"true\" class=\"download-link download-button\" title=\"\" href=\"https:\/\/www.comav-srl.com\/es\/download\/42646\/?tmstv=1777418080\" rel=\"nofollow\" id=\"download-link-42646\" data-redirect=\"false\" >\n\t\t\tDescargar archivo\t\t\t<small>SVR-de.pdf\t\t\t\t&ndash; <\/small>\n\t\t<\/a>\n\t\t\t<\/div>\n<\/aside>\n\n\n[\/vc_column_text][\/vc_column][vc_column width=\u00bb1\/4&#8243;][vc_column_text]<aside\n\tclass=\"download-box\">\n\n\t<img decoding=\"async\" alt=\"Placeholder\" class=\"wp-post-image lazyload\" data-src=\"https:\/\/www.comav-srl.com\/wp-content\/plugins\/download-monitor\/assets\/images\/placeholder.png\" src=\"data:image\/svg+xml;base64,PHN2ZyB3aWR0aD0iMSIgaGVpZ2h0PSIxIiB4bWxucz0iaHR0cDovL3d3dy53My5vcmcvMjAwMC9zdmciPjwvc3ZnPg==\" style=\"--smush-placeholder-width: 450px; --smush-placeholder-aspect-ratio: 450\/450;\" \/>\n\t<div\n\t\tclass=\"download-count\">29 descargas<\/div>\n\n\t<div\n\t\tclass=\"download-box-content\">\n\n\t\t<h1>Catalogo Svuotasacchi FR<\/h1>\n\n\t\t\t\t\t\t<a  data-e-Disable-Page-Transition=\"true\" class=\"download-link download-button\" title=\"\" href=\"https:\/\/www.comav-srl.com\/es\/download\/42653\/?tmstv=1777418080\" rel=\"nofollow\" id=\"download-link-42653\" data-redirect=\"false\" >\n\t\t\tDescargar archivo\t\t\t<small>SVR-fr-rev2.pdf\t\t\t\t&ndash; <\/small>\n\t\t<\/a>\n\t\t\t<\/div>\n<\/aside>\n\n\n[\/vc_column_text][\/vc_column][vc_column width=\u00bb1\/4&#8243;][vc_column_text]<aside\n\tclass=\"download-box\">\n\n\t<img decoding=\"async\" alt=\"Placeholder\" class=\"wp-post-image lazyload\" data-src=\"https:\/\/www.comav-srl.com\/wp-content\/plugins\/download-monitor\/assets\/images\/placeholder.png\" src=\"data:image\/svg+xml;base64,PHN2ZyB3aWR0aD0iMSIgaGVpZ2h0PSIxIiB4bWxucz0iaHR0cDovL3d3dy53My5vcmcvMjAwMC9zdmciPjwvc3ZnPg==\" style=\"--smush-placeholder-width: 450px; --smush-placeholder-aspect-ratio: 450\/450;\" \/>\n\t<div\n\t\tclass=\"download-count\">146 descargas<\/div>\n\n\t<div\n\t\tclass=\"download-box-content\">\n\n\t\t<h1>Catalogo Generale ITA<\/h1>\n\n\t\t\t\t\t\t<a  data-e-Disable-Page-Transition=\"true\" class=\"download-link download-button\" title=\"\" href=\"https:\/\/www.comav-srl.com\/es\/download\/42660\/?tmstv=1777418080\" rel=\"nofollow\" id=\"download-link-42660\" data-redirect=\"false\" >\n\t\t\tDescargar archivo\t\t\t<small>presentazione-ita-nonip.pdf\t\t\t\t&ndash; <\/small>\n\t\t<\/a>\n\t\t\t<\/div>\n<\/aside>\n\n\n[\/vc_column_text][\/vc_column][vc_column width=\u00bb1\/4&#8243;][vc_column_text]<aside\n\tclass=\"download-box\">\n\n\t<img decoding=\"async\" alt=\"Placeholder\" class=\"wp-post-image lazyload\" data-src=\"https:\/\/www.comav-srl.com\/wp-content\/plugins\/download-monitor\/assets\/images\/placeholder.png\" src=\"data:image\/svg+xml;base64,PHN2ZyB3aWR0aD0iMSIgaGVpZ2h0PSIxIiB4bWxucz0iaHR0cDovL3d3dy53My5vcmcvMjAwMC9zdmciPjwvc3ZnPg==\" style=\"--smush-placeholder-width: 450px; --smush-placeholder-aspect-ratio: 450\/450;\" \/>\n\t<div\n\t\tclass=\"download-count\">157 descargas<\/div>\n\n\t<div\n\t\tclass=\"download-box-content\">\n\n\t\t<h1>Catalogo Generale ENG<\/h1>\n\n\t\t\t\t\t\t<a  data-e-Disable-Page-Transition=\"true\" class=\"download-link download-button\" title=\"\" href=\"https:\/\/www.comav-srl.com\/es\/download\/42667\/?tmstv=1777418080\" rel=\"nofollow\" id=\"download-link-42667\" data-redirect=\"false\" >\n\t\t\tDescargar archivo\t\t\t<small>comav-brochure-1-1.pdf\t\t\t\t&ndash; <\/small>\n\t\t<\/a>\n\t\t\t<\/div>\n<\/aside>\n\n\n[\/vc_column_text][\/vc_column][\/vc_row][vc_row][vc_column width=\u00bb1\/4&#8243;][vc_column_text]<aside\n\tclass=\"download-box\">\n\n\t<img decoding=\"async\" alt=\"Placeholder\" class=\"wp-post-image lazyload\" data-src=\"https:\/\/www.comav-srl.com\/wp-content\/plugins\/download-monitor\/assets\/images\/placeholder.png\" src=\"data:image\/svg+xml;base64,PHN2ZyB3aWR0aD0iMSIgaGVpZ2h0PSIxIiB4bWxucz0iaHR0cDovL3d3dy53My5vcmcvMjAwMC9zdmciPjwvc3ZnPg==\" style=\"--smush-placeholder-width: 450px; --smush-placeholder-aspect-ratio: 450\/450;\" \/>\n\t<div\n\t\tclass=\"download-count\">19 descargas<\/div>\n\n\t<div\n\t\tclass=\"download-box-content\">\n\n\t\t<h1>Catalogo Progetti Svuotasacchi ( Project Book) FR<\/h1>\n\n\t\t\t\t\t\t<a  data-e-Disable-Page-Transition=\"true\" class=\"download-link download-button\" title=\"\" href=\"https:\/\/www.comav-srl.com\/es\/download\/42675\/?tmstv=1777418080\" rel=\"nofollow\" id=\"download-link-42675\" data-redirect=\"false\" >\n\t\t\tDescargar archivo\t\t\t<small>Comav-case-history-FR-LR_compressed.pdf\t\t\t\t&ndash; <\/small>\n\t\t<\/a>\n\t\t\t<\/div>\n<\/aside>\n\n\n[\/vc_column_text][\/vc_column][vc_column width=\u00bb1\/4&#8243;][vc_column_text]<aside\n\tclass=\"download-box\">\n\n\t<img decoding=\"async\" alt=\"Placeholder\" class=\"wp-post-image lazyload\" data-src=\"https:\/\/www.comav-srl.com\/wp-content\/plugins\/download-monitor\/assets\/images\/placeholder.png\" src=\"data:image\/svg+xml;base64,PHN2ZyB3aWR0aD0iMSIgaGVpZ2h0PSIxIiB4bWxucz0iaHR0cDovL3d3dy53My5vcmcvMjAwMC9zdmciPjwvc3ZnPg==\" style=\"--smush-placeholder-width: 450px; --smush-placeholder-aspect-ratio: 450\/450;\" \/>\n\t<div\n\t\tclass=\"download-count\">80 descargas<\/div>\n\n\t<div\n\t\tclass=\"download-box-content\">\n\n\t\t<h1>Catalogo Progetti SVuotasacchi ( Project Book) ENG<\/h1>\n\n\t\t\t\t\t\t<a  data-e-Disable-Page-Transition=\"true\" class=\"download-link download-button\" title=\"\" href=\"https:\/\/www.comav-srl.com\/es\/download\/42682\/?tmstv=1777418080\" rel=\"nofollow\" id=\"download-link-42682\" data-redirect=\"false\" >\n\t\t\tDescargar archivo\t\t\t<small>project-book-LR-1_compressed-1.pdf\t\t\t\t&ndash; <\/small>\n\t\t<\/a>\n\t\t\t<\/div>\n<\/aside>\n\n\n[\/vc_column_text][\/vc_column][vc_column width=\u00bb1\/4&#8243;][vc_column_text]<aside\n\tclass=\"download-box\">\n\n\t<img decoding=\"async\" alt=\"Placeholder\" class=\"wp-post-image lazyload\" data-src=\"https:\/\/www.comav-srl.com\/wp-content\/plugins\/download-monitor\/assets\/images\/placeholder.png\" src=\"data:image\/svg+xml;base64,PHN2ZyB3aWR0aD0iMSIgaGVpZ2h0PSIxIiB4bWxucz0iaHR0cDovL3d3dy53My5vcmcvMjAwMC9zdmciPjwvc3ZnPg==\" style=\"--smush-placeholder-width: 450px; --smush-placeholder-aspect-ratio: 450\/450;\" \/>\n\t<div\n\t\tclass=\"download-count\">52 descargas<\/div>\n\n\t<div\n\t\tclass=\"download-box-content\">\n\n\t\t<h1>Catalogo CP PE<\/h1>\n\n\t\t\t\t\t\t<a  data-e-Disable-Page-Transition=\"true\" class=\"download-link download-button\" title=\"\" href=\"https:\/\/www.comav-srl.com\/es\/download\/42695\/?tmstv=1777418080\" rel=\"nofollow\" id=\"download-link-42695\" data-redirect=\"false\" >\n\t\t\tDescargar archivo\t\t\t<small>CP-PE_compressed.pdf\t\t\t\t&ndash; <\/small>\n\t\t<\/a>\n\t\t\t<\/div>\n<\/aside>\n\n\n[\/vc_column_text][\/vc_column][vc_column width=\u00bb1\/4&#8243;][vc_column_text]<aside\n\tclass=\"download-box\">\n\n\t<img decoding=\"async\" alt=\"Placeholder\" class=\"wp-post-image lazyload\" data-src=\"https:\/\/www.comav-srl.com\/wp-content\/plugins\/download-monitor\/assets\/images\/placeholder.png\" src=\"data:image\/svg+xml;base64,PHN2ZyB3aWR0aD0iMSIgaGVpZ2h0PSIxIiB4bWxucz0iaHR0cDovL3d3dy53My5vcmcvMjAwMC9zdmciPjwvc3ZnPg==\" style=\"--smush-placeholder-width: 450px; --smush-placeholder-aspect-ratio: 450\/450;\" \/>\n\t<div\n\t\tclass=\"download-count\">62 descargas<\/div>\n\n\t<div\n\t\tclass=\"download-box-content\">\n\n\t\t<h1>Catalogo EP<\/h1>\n\n\t\t\t\t\t\t<a  data-e-Disable-Page-Transition=\"true\" class=\"download-link download-button\" title=\"\" href=\"https:\/\/www.comav-srl.com\/es\/download\/42702\/?tmstv=1777418080\" rel=\"nofollow\" id=\"download-link-42702\" data-redirect=\"false\" >\n\t\t\tDescargar archivo\t\t\t<small>EP_compressed.pdf\t\t\t\t&ndash; <\/small>\n\t\t<\/a>\n\t\t\t<\/div>\n<\/aside>\n\n\n[\/vc_column_text][\/vc_column][\/vc_row][vc_row][vc_column width=\u00bb1\/4&#8243;][vc_column_text css=\u00bb\u00bb]<aside\n\tclass=\"download-box\">\n\n\t<img decoding=\"async\" alt=\"Placeholder\" class=\"wp-post-image lazyload\" data-src=\"https:\/\/www.comav-srl.com\/wp-content\/plugins\/download-monitor\/assets\/images\/placeholder.png\" src=\"data:image\/svg+xml;base64,PHN2ZyB3aWR0aD0iMSIgaGVpZ2h0PSIxIiB4bWxucz0iaHR0cDovL3d3dy53My5vcmcvMjAwMC9zdmciPjwvc3ZnPg==\" style=\"--smush-placeholder-width: 450px; --smush-placeholder-aspect-ratio: 450\/450;\" \/>\n\t<div\n\t\tclass=\"download-count\">10269 descargas<\/div>\n\n\t<div\n\t\tclass=\"download-box-content\">\n\n\t\t<h1>Company Profile MIX&amp;CO IT<\/h1>\n\n\t\t\t\t\t\t<a  data-e-Disable-Page-Transition=\"true\" class=\"download-link download-button\" title=\"\" href=\"https:\/\/www.comav-srl.com\/es\/download\/48229\/?tmstv=1777418080\" rel=\"nofollow\" id=\"download-link-48229\" data-redirect=\"false\" >\n\t\t\tDescargar archivo\t\t\t<small>COMPANY-PROFILE-MIXCO-IT.pdf\t\t\t\t&ndash; 1,65 MB<\/small>\n\t\t<\/a>\n\t\t\t<\/div>\n<\/aside>\n\n\n[\/vc_column_text][\/vc_column][vc_column width=\u00bb1\/4&#8243;][vc_column_text css=\u00bb\u00bb]<aside\n\tclass=\"download-box\">\n\n\t<img decoding=\"async\" alt=\"Placeholder\" class=\"wp-post-image lazyload\" data-src=\"https:\/\/www.comav-srl.com\/wp-content\/plugins\/download-monitor\/assets\/images\/placeholder.png\" src=\"data:image\/svg+xml;base64,PHN2ZyB3aWR0aD0iMSIgaGVpZ2h0PSIxIiB4bWxucz0iaHR0cDovL3d3dy53My5vcmcvMjAwMC9zdmciPjwvc3ZnPg==\" style=\"--smush-placeholder-width: 450px; --smush-placeholder-aspect-ratio: 450\/450;\" \/>\n\t<div\n\t\tclass=\"download-count\">10167 descargas<\/div>\n\n\t<div\n\t\tclass=\"download-box-content\">\n\n\t\t<h1>Company Profile MIX&amp;CO EN<\/h1>\n\n\t\t\t\t\t\t<a  data-e-Disable-Page-Transition=\"true\" class=\"download-link download-button\" title=\"\" href=\"https:\/\/www.comav-srl.com\/es\/download\/48238\/?tmstv=1777418080\" rel=\"nofollow\" id=\"download-link-48238\" data-redirect=\"false\" >\n\t\t\tDescargar archivo\t\t\t<small>COMPANY-PROFILE-MIXCO-EN.pdf\t\t\t\t&ndash; 1,66 MB<\/small>\n\t\t<\/a>\n\t\t\t<\/div>\n<\/aside>\n\n\n[\/vc_column_text][\/vc_column][vc_column width=\u00bb1\/4&#8243;][\/vc_column][vc_column width=\u00bb1\/4&#8243;][\/vc_column][\/vc_row]<\/p>\n<\/div>","protected":false},"excerpt":{"rendered":"<p>[vc_row full_width=\u00bbstretch_row\u00bb bg_type=\u00bbbg_color\u00bb bg_color_value=\u00bb#02688c\u00bb][vc_column][\/vc_column][\/vc_row][vc_row][vc_column width=\u00bb1\/4&#8243;][vc_column_text][\/vc_column_text][\/vc_column][vc_column width=\u00bb1\/4&#8243;][vc_column_text][\/vc_column_text][\/vc_column][vc_column width=\u00bb1\/4&#8243;][vc_column_text][\/vc_column_text][\/vc_column][vc_column width=\u00bb1\/4&#8243;][vc_column_text][\/vc_column_text][\/vc_column][\/vc_row][vc_row][vc_column width=\u00bb1\/4&#8243;][vc_column_text][\/vc_column_text][\/vc_column][vc_column width=\u00bb1\/4&#8243;][vc_column_text][\/vc_column_text][\/vc_column][vc_column width=\u00bb1\/4&#8243;][vc_column_text][\/vc_column_text][\/vc_column][vc_column width=\u00bb1\/4&#8243;][vc_column_text][\/vc_column_text][\/vc_column][\/vc_row][vc_row][vc_column width=\u00bb1\/4&#8243;][vc_column_text][\/vc_column_text][\/vc_column][vc_column width=\u00bb1\/4&#8243;][vc_column_text][\/vc_column_text][\/vc_column][vc_column width=\u00bb1\/4&#8243;][vc_column_text][\/vc_column_text][\/vc_column][vc_column width=\u00bb1\/4&#8243;][vc_column_text][\/vc_column_text][\/vc_column][\/vc_row][vc_row][vc_column width=\u00bb1\/4&#8243;][vc_column_text css=\u00bb\u00bb][\/vc_column_text][\/vc_column][vc_column width=\u00bb1\/4&#8243;][vc_column_text css=\u00bb\u00bb][\/vc_column_text][\/vc_column][vc_column width=\u00bb1\/4&#8243;][\/vc_column][vc_column width=\u00bb1\/4&#8243;][\/vc_column][\/vc_row]<\/p>\n","protected":false},"author":1,"featured_media":0,"parent":0,"menu_order":0,"comment_status":"closed","ping_status":"closed","template":"","meta":{"footnotes":""},"class_list":["post-44426","page","type-page","status-publish","hentry","description-off"],"yoast_head":"<!-- This site is optimized with the Yoast SEO plugin v27.2 - https:\/\/yoast.com\/product\/yoast-seo-wordpress\/ -->\n<title>\u00c1rea de descargas | Comav Srl<\/title>\n<meta name=\"description\" content=\"\u00c1rea de descargas de Comav Srl. L\u00edder en el sector de la manipulaci\u00f3n a granel: dise\u00f1o de m\u00e1quinas para la manipulaci\u00f3n de materiales a granel.\" \/>\n<meta name=\"robots\" content=\"index, follow, max-snippet:-1, max-image-preview:large, max-video-preview:-1\" \/>\n<link rel=\"canonical\" href=\"https:\/\/www.comav-srl.com\/es\/area-de-descargas\/\" \/>\n<meta property=\"og:locale\" content=\"es_ES\" \/>\n<meta property=\"og:type\" content=\"article\" \/>\n<meta property=\"og:title\" content=\"\u00c1rea de descargas | Comav Srl\" \/>\n<meta property=\"og:description\" content=\"\u00c1rea de descargas de Comav Srl. L\u00edder en el sector de la manipulaci\u00f3n a granel: dise\u00f1o de m\u00e1quinas para la manipulaci\u00f3n de materiales a granel.\" \/>\n<meta property=\"og:url\" content=\"https:\/\/www.comav-srl.com\/es\/area-de-descargas\/\" \/>\n<meta property=\"og:site_name\" content=\"COMAV\" \/>\n<meta property=\"article:modified_time\" content=\"2024-07-04T07:34:28+00:00\" \/>\n<meta name=\"twitter:card\" content=\"summary_large_image\" \/>\n<meta name=\"twitter:label1\" content=\"Tiempo de lectura\" \/>\n\t<meta name=\"twitter:data1\" content=\"1 minuto\" \/>\n<script type=\"application\/ld+json\" class=\"yoast-schema-graph\">{\"@context\":\"https:\/\/schema.org\",\"@graph\":[{\"@type\":\"WebPage\",\"@id\":\"https:\/\/www.comav-srl.com\/es\/area-de-descargas\/\",\"url\":\"https:\/\/www.comav-srl.com\/es\/area-de-descargas\/\",\"name\":\"\u00c1rea de descargas | Comav Srl\",\"isPartOf\":{\"@id\":\"https:\/\/www.comav-srl.com\/en\/#website\"},\"datePublished\":\"2022-03-04T16:19:22+00:00\",\"dateModified\":\"2024-07-04T07:34:28+00:00\",\"description\":\"\u00c1rea de descargas de Comav Srl. L\u00edder en el sector de la manipulaci\u00f3n a granel: dise\u00f1o de m\u00e1quinas para la manipulaci\u00f3n de materiales a granel.\",\"breadcrumb\":{\"@id\":\"https:\/\/www.comav-srl.com\/es\/area-de-descargas\/#breadcrumb\"},\"inLanguage\":\"es\",\"potentialAction\":[{\"@type\":\"ReadAction\",\"target\":[\"https:\/\/www.comav-srl.com\/es\/area-de-descargas\/\"]}]},{\"@type\":\"BreadcrumbList\",\"@id\":\"https:\/\/www.comav-srl.com\/es\/area-de-descargas\/#breadcrumb\",\"itemListElement\":[{\"@type\":\"ListItem\",\"position\":1,\"name\":\"Home\",\"item\":\"https:\/\/www.comav-srl.com\/\"},{\"@type\":\"ListItem\",\"position\":2,\"name\":\"\u00c1rea de descargas\"}]},{\"@type\":\"WebSite\",\"@id\":\"https:\/\/www.comav-srl.com\/en\/#website\",\"url\":\"https:\/\/www.comav-srl.com\/en\/\",\"name\":\"COMAV\",\"description\":\"Costruzioni macchine automatiche\",\"potentialAction\":[{\"@type\":\"SearchAction\",\"target\":{\"@type\":\"EntryPoint\",\"urlTemplate\":\"https:\/\/www.comav-srl.com\/en\/?s={search_term_string}\"},\"query-input\":{\"@type\":\"PropertyValueSpecification\",\"valueRequired\":true,\"valueName\":\"search_term_string\"}}],\"inLanguage\":\"es\"}]}<\/script>\n<!-- \/ Yoast SEO plugin. -->","yoast_head_json":{"title":"\u00c1rea de descargas | Comav Srl","description":"\u00c1rea de descargas de Comav Srl. L\u00edder en el sector de la manipulaci\u00f3n a granel: dise\u00f1o de m\u00e1quinas para la manipulaci\u00f3n de materiales a granel.","robots":{"index":"index","follow":"follow","max-snippet":"max-snippet:-1","max-image-preview":"max-image-preview:large","max-video-preview":"max-video-preview:-1"},"canonical":"https:\/\/www.comav-srl.com\/es\/area-de-descargas\/","og_locale":"es_ES","og_type":"article","og_title":"\u00c1rea de descargas | Comav Srl","og_description":"\u00c1rea de descargas de Comav Srl. L\u00edder en el sector de la manipulaci\u00f3n a granel: dise\u00f1o de m\u00e1quinas para la manipulaci\u00f3n de materiales a granel.","og_url":"https:\/\/www.comav-srl.com\/es\/area-de-descargas\/","og_site_name":"COMAV","article_modified_time":"2024-07-04T07:34:28+00:00","twitter_card":"summary_large_image","twitter_misc":{"Tiempo de lectura":"1 minuto"},"schema":{"@context":"https:\/\/schema.org","@graph":[{"@type":"WebPage","@id":"https:\/\/www.comav-srl.com\/es\/area-de-descargas\/","url":"https:\/\/www.comav-srl.com\/es\/area-de-descargas\/","name":"\u00c1rea de descargas | Comav Srl","isPartOf":{"@id":"https:\/\/www.comav-srl.com\/en\/#website"},"datePublished":"2022-03-04T16:19:22+00:00","dateModified":"2024-07-04T07:34:28+00:00","description":"\u00c1rea de descargas de Comav Srl. L\u00edder en el sector de la manipulaci\u00f3n a granel: dise\u00f1o de m\u00e1quinas para la manipulaci\u00f3n de materiales a granel.","breadcrumb":{"@id":"https:\/\/www.comav-srl.com\/es\/area-de-descargas\/#breadcrumb"},"inLanguage":"es","potentialAction":[{"@type":"ReadAction","target":["https:\/\/www.comav-srl.com\/es\/area-de-descargas\/"]}]},{"@type":"BreadcrumbList","@id":"https:\/\/www.comav-srl.com\/es\/area-de-descargas\/#breadcrumb","itemListElement":[{"@type":"ListItem","position":1,"name":"Home","item":"https:\/\/www.comav-srl.com\/"},{"@type":"ListItem","position":2,"name":"\u00c1rea de descargas"}]},{"@type":"WebSite","@id":"https:\/\/www.comav-srl.com\/en\/#website","url":"https:\/\/www.comav-srl.com\/en\/","name":"COMAV","description":"Costruzioni macchine automatiche","potentialAction":[{"@type":"SearchAction","target":{"@type":"EntryPoint","urlTemplate":"https:\/\/www.comav-srl.com\/en\/?s={search_term_string}"},"query-input":{"@type":"PropertyValueSpecification","valueRequired":true,"valueName":"search_term_string"}}],"inLanguage":"es"}]}},"_links":{"self":[{"href":"https:\/\/www.comav-srl.com\/es\/wp-json\/wp\/v2\/pages\/44426","targetHints":{"allow":["GET"]}}],"collection":[{"href":"https:\/\/www.comav-srl.com\/es\/wp-json\/wp\/v2\/pages"}],"about":[{"href":"https:\/\/www.comav-srl.com\/es\/wp-json\/wp\/v2\/types\/page"}],"author":[{"embeddable":true,"href":"https:\/\/www.comav-srl.com\/es\/wp-json\/wp\/v2\/users\/1"}],"replies":[{"embeddable":true,"href":"https:\/\/www.comav-srl.com\/es\/wp-json\/wp\/v2\/comments?post=44426"}],"version-history":[{"count":19,"href":"https:\/\/www.comav-srl.com\/es\/wp-json\/wp\/v2\/pages\/44426\/revisions"}],"predecessor-version":[{"id":48250,"href":"https:\/\/www.comav-srl.com\/es\/wp-json\/wp\/v2\/pages\/44426\/revisions\/48250"}],"wp:attachment":[{"href":"https:\/\/www.comav-srl.com\/es\/wp-json\/wp\/v2\/media?parent=44426"}],"curies":[{"name":"wp","href":"https:\/\/api.w.org\/{rel}","templated":true}]}}