{"id":44439,"date":"2022-03-04T17:19:57","date_gmt":"2022-03-04T16:19:57","guid":{"rendered":"https:\/\/www.comav-srl.com\/vaciadoras-de-sacos-caso-practico\/"},"modified":"2022-04-06T15:22:55","modified_gmt":"2022-04-06T13:22:55","slug":"vaciadoras-de-sacos-caso-practico","status":"publish","type":"page","link":"https:\/\/www.comav-srl.com\/es\/vaciadoras-de-sacos-caso-practico\/","title":{"rendered":"Vaciadoras de sacos &#8211; Caso pr\u00e1ctico"},"content":{"rendered":"<div class=\"wpb-content-wrapper\"><p>[vc_row full_width=\u00bbstretch_row\u00bb bg_type=\u00bbbg_color\u00bb bg_color_value=\u00bb#02688c\u00bb][vc_column]<div class=\"ult-spacer spacer-69f4dd4457dbf\" data-id=\"69f4dd4457dbf\" data-height=\"80\" data-height-mobile=\"20\" data-height-tab=\"20\" data-height-tab-portrait=\"20\" data-height-mobile-landscape=\"20\" style=\"clear:both;display:block;\"><\/div><div id=\"ultimate-heading-322269f4dd4457e46\" class=\"uvc-heading ult-adjust-bottom-margin ultimate-heading-322269f4dd4457e46 uvc-1708 \" data-hspacer=\"no_spacer\"  data-halign=\"left\" style=\"text-align:left\"><div class=\"uvc-heading-spacer no_spacer\" style=\"top\"><\/div><div class=\"uvc-main-heading ult-responsive\"  data-ultimate-target='.uvc-heading.ultimate-heading-322269f4dd4457e46 h2'  data-responsive-json-new='{\"font-size\":\"desktop:48px;\",\"line-height\":\"desktop:58px;\"}' ><h2 style=\"--font-weight:theme;color:#ffffff;\">Vaciadoras de sacos - Caso pr\u00e1ctico<\/h2><\/div><\/div><div class=\"ult-spacer spacer-69f4dd4457ef9\" data-id=\"69f4dd4457ef9\" data-height=\"110\" data-height-mobile=\"40\" data-height-tab=\"40\" data-height-tab-portrait=\"40\" data-height-mobile-landscape=\"40\" style=\"clear:both;display:block;\"><\/div>[\/vc_column][\/vc_row][vc_row][vc_column][vc_column_text]Uno de los cimientos de nuestra pol\u00edtica empresarial es la divulgaci\u00f3n de la experiencia t\u00e9cnica acumulada en m\u00e1s de 40 a\u00f1os de dise\u00f1o en los principales mercados industriales.<\/p>\n<p>No nos basamos \u00fanicamente en el estudio mec\u00e1nico de la m\u00e1quina, sino que la integramos en el proceso productivo del cliente, de forma que la l\u00ednea de producci\u00f3n aproveche al m\u00e1ximo sus caracter\u00edsticas de dise\u00f1o.<br \/>\nA continuaci\u00f3n, citamos solo los principales proyectos estudiados y listos para su ejecuci\u00f3n. Ser\u00eda impensable contener toda nuestra experiencia en una base de datos visual, por lo que le invitamos a ponerse en contacto con nosotros para cualquier solicitud.<br \/>\n[\/vc_column_text][\/vc_column][\/vc_row][vc_row][vc_column]<div class=\"ult-spacer spacer-69f4dd4457f53\" data-id=\"69f4dd4457f53\" data-height=\"20\" data-height-mobile=\"10\" data-height-tab=\"10\" data-height-tab-portrait=\"10\" data-height-mobile-landscape=\"10\" style=\"clear:both;display:block;\"><\/div>[\/vc_column][\/vc_row][vc_row gap=\u00bb15&#8243; equal_height=\u00bbyes\u00bb][vc_column width=\u00bb1\/3&#8243;][vc_single_image image=\u00bb40717&#8243; img_size=\u00bbfull\u00bb][vc_column_text css=\u00bb.vc_custom_1644328804131{margin-bottom: 0px !important;border-bottom-width: 0px !important;padding-bottom: 15px !important;}\u00bb]<\/p>\n<h4>SVR150 SOBRE PLATAFORMA<\/h4>\n<p>[\/vc_column_text]<style type=\"text\/css\" data-type=\"the7_shortcodes-inline-css\">#default-btn-a0d1b732b2a5a942f7dc75af45293af4.ico-right-side > i {\n  margin-right: 0px;\n  margin-left: 8px;\n}\n#default-btn-a0d1b732b2a5a942f7dc75af45293af4 > i {\n  margin-right: 8px;\n}<\/style><a href=\"http:\/\/comav-srl.com\/wp-content\/uploads\/2021\/10\/00012915.pdf\" class=\"default-btn-shortcode dt-btn dt-btn-s link-hover-off btn-inline-left  vc_custom_1649251324510\" target=\"_blank\" id=\"default-btn-a0d1b732b2a5a942f7dc75af45293af4\" rel=\"noopener\"><span>Ficha de datos<\/span><\/a>[\/vc_column][vc_column width=\u00bb1\/3&#8243;][vc_single_image image=\u00bb40721&#8243; img_size=\u00bbfull\u00bb][vc_column_text css=\u00bb.vc_custom_1644328808031{margin-bottom: 0px !important;border-bottom-width: 0px !important;padding-bottom: 15px !important;}\u00bb]<\/p>\n<h4>SVC 100 REV.1<\/h4>\n<p>[\/vc_column_text]<style type=\"text\/css\" data-type=\"the7_shortcodes-inline-css\">#default-btn-8bdaea483ef937dbe1ec018b57a4ced0.ico-right-side > i {\n  margin-right: 0px;\n  margin-left: 8px;\n}\n#default-btn-8bdaea483ef937dbe1ec018b57a4ced0 > i {\n  margin-right: 8px;\n}<\/style><a href=\"http:\/\/comav-srl.com\/wp-content\/uploads\/2021\/10\/SVR-MINI-SLIT_ROBOT_PC.pdf\" class=\"default-btn-shortcode dt-btn dt-btn-s link-hover-off btn-inline-left  vc_custom_1649251328494\" target=\"_blank\" id=\"default-btn-8bdaea483ef937dbe1ec018b57a4ced0\" rel=\"noopener\"><span>Ficha de datos<\/span><\/a>[\/vc_column][vc_column width=\u00bb1\/3&#8243;][vc_single_image image=\u00bb40725&#8243; img_size=\u00bbfull\u00bb][vc_column_text css=\u00bb.vc_custom_1644328812215{margin-bottom: 0px !important;border-bottom-width: 0px !important;padding-bottom: 15px !important;}\u00bb]<\/p>\n<h4>3.00.4023.SVR 600 DEPA+HP+SC LLENADO DE CAMI\u00d3N CISTERNA<\/h4>\n<p>[\/vc_column_text]<style type=\"text\/css\" data-type=\"the7_shortcodes-inline-css\">#default-btn-fffd2892e7d9e2614d41d6b0d0bdcc11.ico-right-side > i {\n  margin-right: 0px;\n  margin-left: 8px;\n}\n#default-btn-fffd2892e7d9e2614d41d6b0d0bdcc11 > i {\n  margin-right: 8px;\n}<\/style><a href=\"http:\/\/comav-srl.com\/wp-content\/uploads\/2021\/10\/00011524-SVR-DEPA-WITH-TARARA..pdf\" class=\"default-btn-shortcode dt-btn dt-btn-s link-hover-off btn-inline-left  vc_custom_1649251332476\" target=\"_blank\" id=\"default-btn-fffd2892e7d9e2614d41d6b0d0bdcc11\" rel=\"noopener\"><span>Ficha de datos<\/span><\/a>[\/vc_column][\/vc_row][vc_row][vc_column]<div class=\"ult-spacer spacer-69f4dd4458211\" data-id=\"69f4dd4458211\" data-height=\"20\" data-height-mobile=\"10\" data-height-tab=\"10\" data-height-tab-portrait=\"10\" data-height-mobile-landscape=\"10\" style=\"clear:both;display:block;\"><\/div>[\/vc_column][\/vc_row][vc_row gap=\u00bb15&#8243; equal_height=\u00bbyes\u00bb][vc_column width=\u00bb1\/3&#8243;][vc_single_image image=\u00bb40734&#8243; img_size=\u00bbfull\u00bb][vc_column_text css=\u00bb.vc_custom_1644328816852{margin-bottom: 0px !important;border-bottom-width: 0px !important;padding-bottom: 15px !important;}\u00bb]<\/p>\n<h4>SVR 1000 DEPA CON PC PARA LLENADO DE CAMI\u00d3N CISTERNA<\/h4>\n<p>[\/vc_column_text]<style type=\"text\/css\" data-type=\"the7_shortcodes-inline-css\">#default-btn-716affd830d0d48b4736b07d7b7cc472.ico-right-side > i {\n  margin-right: 0px;\n  margin-left: 8px;\n}\n#default-btn-716affd830d0d48b4736b07d7b7cc472 > i {\n  margin-right: 8px;\n}<\/style><a href=\"http:\/\/comav-srl.com\/wp-content\/uploads\/2021\/10\/00012915.pdf\" class=\"default-btn-shortcode dt-btn dt-btn-s link-hover-off btn-inline-left  vc_custom_1649251338694\" target=\"_blank\" id=\"default-btn-716affd830d0d48b4736b07d7b7cc472\" rel=\"noopener\"><span>Ficha de datos<\/span><\/a>[\/vc_column][vc_column width=\u00bb1\/3&#8243;][vc_single_image image=\u00bb40738&#8243; img_size=\u00bbfull\u00bb][vc_column_text css=\u00bb.vc_custom_1644328820349{margin-bottom: 0px !important;border-bottom-width: 0px !important;padding-bottom: 15px !important;}\u00bb]<\/p>\n<h4>SVR 1000 DEPA CON PALETIZADOR COMPLETO Y APILADOR VAC\u00cdO + PC PARA LLENADO DE CAMI\u00d3N CISTERNA<\/h4>\n<p>[\/vc_column_text]<style type=\"text\/css\" data-type=\"the7_shortcodes-inline-css\">#default-btn-22695c31898d59ab1a7fa286175e4e97.ico-right-side > i {\n  margin-right: 0px;\n  margin-left: 8px;\n}\n#default-btn-22695c31898d59ab1a7fa286175e4e97 > i {\n  margin-right: 8px;\n}<\/style><a href=\"http:\/\/comav-srl.com\/wp-content\/uploads\/2021\/10\/SVR-MINI-SLIT_ROBOT_PC.pdf\" class=\"default-btn-shortcode dt-btn dt-btn-s link-hover-off btn-inline-left  vc_custom_1649251343060\" target=\"_blank\" id=\"default-btn-22695c31898d59ab1a7fa286175e4e97\" rel=\"noopener\"><span>Ficha de datos<\/span><\/a>[\/vc_column][vc_column width=\u00bb1\/3&#8243;][vc_single_image image=\u00bb40742&#8243; img_size=\u00bbfull\u00bb][vc_column_text css=\u00bb.vc_custom_1644328823931{margin-bottom: 0px !important;border-bottom-width: 0px !important;padding-bottom: 15px !important;}\u00bb]<\/p>\n<h4>SVR DEPA DOBLE LLENADO BIG BAG Y CAMI\u00d3N CISTERNA<\/h4>\n<p>[\/vc_column_text]<style type=\"text\/css\" data-type=\"the7_shortcodes-inline-css\">#default-btn-4d363672020c93d5190c66e85e0ee259.ico-right-side > i {\n  margin-right: 0px;\n  margin-left: 8px;\n}\n#default-btn-4d363672020c93d5190c66e85e0ee259 > i {\n  margin-right: 8px;\n}<\/style><a href=\"http:\/\/comav-srl.com\/wp-content\/uploads\/2021\/10\/00011524-SVR-DEPA-WITH-TARARA..pdf\" class=\"default-btn-shortcode dt-btn dt-btn-s link-hover-off btn-inline-left  vc_custom_1649251347561\" target=\"_blank\" id=\"default-btn-4d363672020c93d5190c66e85e0ee259\" rel=\"noopener\"><span>Ficha de datos<\/span><\/a>[\/vc_column][\/vc_row][vc_row][vc_column]<div class=\"ult-spacer spacer-69f4dd44583b9\" data-id=\"69f4dd44583b9\" data-height=\"20\" data-height-mobile=\"10\" data-height-tab=\"10\" data-height-tab-portrait=\"10\" data-height-mobile-landscape=\"10\" style=\"clear:both;display:block;\"><\/div>[\/vc_column][\/vc_row][vc_row gap=\u00bb15&#8243; equal_height=\u00bbyes\u00bb][vc_column width=\u00bb1\/3&#8243;][vc_single_image image=\u00bb40746&#8243; img_size=\u00bbfull\u00bb][vc_column_text css=\u00bb.vc_custom_1644328828764{margin-bottom: 0px !important;border-bottom-width: 0px !important;padding-bottom: 15px !important;}\u00bb]<\/p>\n<h4>SVR1000 DEPA + PALETIZADOR COMPLETO + APILADOR VAC\u00cdO + PLATAFORMA DE GRAVEDAD PARA LLENADO DE CAMI\u00d3N CISTERNA<\/h4>\n<p>[\/vc_column_text]<style type=\"text\/css\" data-type=\"the7_shortcodes-inline-css\">#default-btn-dbd12cb1010b411f1596a9ac5f0b570f.ico-right-side > i {\n  margin-right: 0px;\n  margin-left: 8px;\n}\n#default-btn-dbd12cb1010b411f1596a9ac5f0b570f > i {\n  margin-right: 8px;\n}<\/style><a href=\"http:\/\/comav-srl.com\/wp-content\/uploads\/2021\/10\/00012915.pdf\" class=\"default-btn-shortcode dt-btn dt-btn-s link-hover-off btn-inline-left  vc_custom_1649251352961\" target=\"_blank\" id=\"default-btn-dbd12cb1010b411f1596a9ac5f0b570f\" rel=\"noopener\"><span>Ficha de datos<\/span><\/a>[\/vc_column][vc_column width=\u00bb1\/3&#8243;][vc_single_image image=\u00bb40750&#8243; img_size=\u00bbfull\u00bb][vc_column_text css=\u00bb.vc_custom_1644328832547{margin-bottom: 0px !important;border-bottom-width: 0px !important;padding-bottom: 15px !important;}\u00bb]<\/p>\n<h4>00011524-SVR DEPA CON AVENTADORA.<\/h4>\n<p>[\/vc_column_text]<style type=\"text\/css\" data-type=\"the7_shortcodes-inline-css\">#default-btn-abbfd01c05bca15d95c0b03f30a202cd.ico-right-side > i {\n  margin-right: 0px;\n  margin-left: 8px;\n}\n#default-btn-abbfd01c05bca15d95c0b03f30a202cd > i {\n  margin-right: 8px;\n}<\/style><a href=\"http:\/\/comav-srl.com\/wp-content\/uploads\/2021\/10\/00011524-SVR-DEPA-WITH-TARARA..pdf\" class=\"default-btn-shortcode dt-btn dt-btn-s link-hover-off btn-inline-left  vc_custom_1649251357327\" target=\"_blank\" id=\"default-btn-abbfd01c05bca15d95c0b03f30a202cd\" rel=\"noopener\"><span>Ficha de datos<\/span><\/a>[\/vc_column][\/vc_row][vc_row][vc_column]<div class=\"ult-spacer spacer-69f4dd445850f\" data-id=\"69f4dd445850f\" data-height=\"20\" data-height-mobile=\"10\" data-height-tab=\"10\" data-height-tab-portrait=\"10\" data-height-mobile-landscape=\"10\" style=\"clear:both;display:block;\"><\/div>[\/vc_column][\/vc_row][vc_row gap=\u00bb15&#8243; equal_height=\u00bbyes\u00bb][vc_column width=\u00bb1\/3&#8243;][vc_single_image image=\u00bb40754&#8243; img_size=\u00bbfull\u00bb][vc_column_text css=\u00bb.vc_custom_1644328837434{margin-bottom: 0px !important;border-bottom-width: 0px !important;padding-bottom: 15px !important;}\u00bb]<\/p>\n<h4>SVR MINI SLIT_ROBOT_PC<\/h4>\n<p>[\/vc_column_text]<style type=\"text\/css\" data-type=\"the7_shortcodes-inline-css\">#default-btn-aeeaa4f491f5cb68ec7df3303d71eb35.ico-right-side > i {\n  margin-right: 0px;\n  margin-left: 8px;\n}\n#default-btn-aeeaa4f491f5cb68ec7df3303d71eb35 > i {\n  margin-right: 8px;\n}<\/style><a href=\"http:\/\/comav-srl.com\/wp-content\/uploads\/2021\/10\/00012915.pdf\" class=\"default-btn-shortcode dt-btn dt-btn-s link-hover-off btn-inline-left  vc_custom_1649251362492\" target=\"_blank\" id=\"default-btn-aeeaa4f491f5cb68ec7df3303d71eb35\" rel=\"noopener\"><span>Ficha de datos<\/span><\/a>[\/vc_column][vc_column width=\u00bb1\/3&#8243;][vc_single_image image=\u00bb40762&#8243; img_size=\u00bbfull\u00bb][vc_column_text css=\u00bb.vc_custom_1644328840997{margin-bottom: 0px !important;border-bottom-width: 0px !important;padding-bottom: 15px !important;}\u00bb]<\/p>\n<h4>00012438<\/h4>\n<p>[\/vc_column_text]<style type=\"text\/css\" data-type=\"the7_shortcodes-inline-css\">#default-btn-269a16c4f72811f7f7e9a8d0fd438122.ico-right-side > i {\n  margin-right: 0px;\n  margin-left: 8px;\n}\n#default-btn-269a16c4f72811f7f7e9a8d0fd438122 > i {\n  margin-right: 8px;\n}<\/style><a href=\"http:\/\/comav-srl.com\/wp-content\/uploads\/2021\/10\/SVR-MINI-SLIT_ROBOT_PC.pdf\" class=\"default-btn-shortcode dt-btn dt-btn-s link-hover-off btn-inline-left  vc_custom_1649251366293\" target=\"_blank\" id=\"default-btn-269a16c4f72811f7f7e9a8d0fd438122\" rel=\"noopener\"><span>Ficha de datos<\/span><\/a>[\/vc_column][vc_column width=\u00bb1\/3&#8243;][vc_single_image image=\u00bb40766&#8243; img_size=\u00bbfull\u00bb][vc_column_text css=\u00bb.vc_custom_1644328844914{margin-bottom: 0px !important;border-bottom-width: 0px !important;padding-bottom: 15px !important;}\u00bb]<\/p>\n<h4>00012915<\/h4>\n<p>[\/vc_column_text]<style type=\"text\/css\" data-type=\"the7_shortcodes-inline-css\">#default-btn-b4df82cb6163650dca3f62d0d6189131.ico-right-side > i {\n  margin-right: 0px;\n  margin-left: 8px;\n}\n#default-btn-b4df82cb6163650dca3f62d0d6189131 > i {\n  margin-right: 8px;\n}<\/style><a href=\"http:\/\/comav-srl.com\/wp-content\/uploads\/2021\/10\/00011524-SVR-DEPA-WITH-TARARA..pdf\" class=\"default-btn-shortcode dt-btn dt-btn-s link-hover-off btn-inline-left  vc_custom_1649251370326\" target=\"_blank\" id=\"default-btn-b4df82cb6163650dca3f62d0d6189131\" rel=\"noopener\"><span>Ficha de datos<\/span><\/a>[\/vc_column][\/vc_row][vc_row][vc_column]<div class=\"ult-spacer spacer-69f4dd44586fc\" data-id=\"69f4dd44586fc\" data-height=\"20\" data-height-mobile=\"10\" data-height-tab=\"10\" data-height-tab-portrait=\"10\" data-height-mobile-landscape=\"10\" style=\"clear:both;display:block;\"><\/div>[\/vc_column][\/vc_row]<\/p>\n<\/div>","protected":false},"excerpt":{"rendered":"<p>[vc_row full_width=\u00bbstretch_row\u00bb bg_type=\u00bbbg_color\u00bb bg_color_value=\u00bb#02688c\u00bb][vc_column][\/vc_column][\/vc_row][vc_row][vc_column][vc_column_text]Uno de los cimientos de nuestra pol\u00edtica empresarial es la divulgaci\u00f3n de la experiencia t\u00e9cnica acumulada en m\u00e1s de 40 a\u00f1os de dise\u00f1o en los principales mercados industriales. No nos basamos \u00fanicamente en el estudio mec\u00e1nico de la m\u00e1quina, sino que la integramos en el proceso productivo del cliente, de forma que&hellip;<\/p>\n","protected":false},"author":1,"featured_media":0,"parent":0,"menu_order":0,"comment_status":"closed","ping_status":"closed","template":"","meta":{"footnotes":""},"class_list":["post-44439","page","type-page","status-publish","hentry","description-off"],"yoast_head":"<!-- This site is optimized with the Yoast SEO plugin v27.2 - https:\/\/yoast.com\/product\/yoast-seo-wordpress\/ -->\n<title>Vaciadoras de sacos - Caso pr\u00e1ctico - COMAV<\/title>\n<meta name=\"robots\" content=\"index, follow, max-snippet:-1, max-image-preview:large, max-video-preview:-1\" \/>\n<link rel=\"canonical\" href=\"https:\/\/www.comav-srl.com\/es\/vaciadoras-de-sacos-caso-practico\/\" \/>\n<meta property=\"og:locale\" content=\"es_ES\" \/>\n<meta property=\"og:type\" content=\"article\" \/>\n<meta property=\"og:title\" content=\"Vaciadoras de sacos - Caso pr\u00e1ctico - COMAV\" \/>\n<meta property=\"og:description\" content=\"[vc_row full_width=\u00bbstretch_row\u00bb bg_type=\u00bbbg_color\u00bb bg_color_value=\u00bb#02688c\u00bb][vc_column][\/vc_column][\/vc_row][vc_row][vc_column][vc_column_text]Uno de los cimientos de nuestra pol\u00edtica empresarial es la divulgaci\u00f3n de la experiencia t\u00e9cnica acumulada en m\u00e1s de 40 a\u00f1os de dise\u00f1o en los principales mercados industriales. No nos basamos \u00fanicamente en el estudio mec\u00e1nico de la m\u00e1quina, sino que la integramos en el proceso productivo del cliente, de forma que&hellip;\" \/>\n<meta property=\"og:url\" content=\"https:\/\/www.comav-srl.com\/es\/vaciadoras-de-sacos-caso-practico\/\" \/>\n<meta property=\"og:site_name\" content=\"COMAV\" \/>\n<meta property=\"article:modified_time\" content=\"2022-04-06T13:22:55+00:00\" \/>\n<meta name=\"twitter:card\" content=\"summary_large_image\" \/>\n<meta name=\"twitter:label1\" content=\"Tiempo de lectura\" \/>\n\t<meta name=\"twitter:data1\" content=\"6 minutos\" \/>\n<script type=\"application\/ld+json\" class=\"yoast-schema-graph\">{\"@context\":\"https:\/\/schema.org\",\"@graph\":[{\"@type\":\"WebPage\",\"@id\":\"https:\/\/www.comav-srl.com\/es\/vaciadoras-de-sacos-caso-practico\/\",\"url\":\"https:\/\/www.comav-srl.com\/es\/vaciadoras-de-sacos-caso-practico\/\",\"name\":\"Vaciadoras de sacos - Caso pr\u00e1ctico - COMAV\",\"isPartOf\":{\"@id\":\"https:\/\/www.comav-srl.com\/en\/#website\"},\"datePublished\":\"2022-03-04T16:19:57+00:00\",\"dateModified\":\"2022-04-06T13:22:55+00:00\",\"breadcrumb\":{\"@id\":\"https:\/\/www.comav-srl.com\/es\/vaciadoras-de-sacos-caso-practico\/#breadcrumb\"},\"inLanguage\":\"es\",\"potentialAction\":[{\"@type\":\"ReadAction\",\"target\":[\"https:\/\/www.comav-srl.com\/es\/vaciadoras-de-sacos-caso-practico\/\"]}]},{\"@type\":\"BreadcrumbList\",\"@id\":\"https:\/\/www.comav-srl.com\/es\/vaciadoras-de-sacos-caso-practico\/#breadcrumb\",\"itemListElement\":[{\"@type\":\"ListItem\",\"position\":1,\"name\":\"Home\",\"item\":\"https:\/\/www.comav-srl.com\/\"},{\"@type\":\"ListItem\",\"position\":2,\"name\":\"Vaciadoras de sacos &#8211; Caso pr\u00e1ctico\"}]},{\"@type\":\"WebSite\",\"@id\":\"https:\/\/www.comav-srl.com\/en\/#website\",\"url\":\"https:\/\/www.comav-srl.com\/en\/\",\"name\":\"COMAV\",\"description\":\"Costruzioni macchine automatiche\",\"potentialAction\":[{\"@type\":\"SearchAction\",\"target\":{\"@type\":\"EntryPoint\",\"urlTemplate\":\"https:\/\/www.comav-srl.com\/en\/?s={search_term_string}\"},\"query-input\":{\"@type\":\"PropertyValueSpecification\",\"valueRequired\":true,\"valueName\":\"search_term_string\"}}],\"inLanguage\":\"es\"}]}<\/script>\n<!-- \/ Yoast SEO plugin. -->","yoast_head_json":{"title":"Vaciadoras de sacos - Caso pr\u00e1ctico - COMAV","robots":{"index":"index","follow":"follow","max-snippet":"max-snippet:-1","max-image-preview":"max-image-preview:large","max-video-preview":"max-video-preview:-1"},"canonical":"https:\/\/www.comav-srl.com\/es\/vaciadoras-de-sacos-caso-practico\/","og_locale":"es_ES","og_type":"article","og_title":"Vaciadoras de sacos - Caso pr\u00e1ctico - COMAV","og_description":"[vc_row full_width=\u00bbstretch_row\u00bb bg_type=\u00bbbg_color\u00bb bg_color_value=\u00bb#02688c\u00bb][vc_column][\/vc_column][\/vc_row][vc_row][vc_column][vc_column_text]Uno de los cimientos de nuestra pol\u00edtica empresarial es la divulgaci\u00f3n de la experiencia t\u00e9cnica acumulada en m\u00e1s de 40 a\u00f1os de dise\u00f1o en los principales mercados industriales. No nos basamos \u00fanicamente en el estudio mec\u00e1nico de la m\u00e1quina, sino que la integramos en el proceso productivo del cliente, de forma que&hellip;","og_url":"https:\/\/www.comav-srl.com\/es\/vaciadoras-de-sacos-caso-practico\/","og_site_name":"COMAV","article_modified_time":"2022-04-06T13:22:55+00:00","twitter_card":"summary_large_image","twitter_misc":{"Tiempo de lectura":"6 minutos"},"schema":{"@context":"https:\/\/schema.org","@graph":[{"@type":"WebPage","@id":"https:\/\/www.comav-srl.com\/es\/vaciadoras-de-sacos-caso-practico\/","url":"https:\/\/www.comav-srl.com\/es\/vaciadoras-de-sacos-caso-practico\/","name":"Vaciadoras de sacos - Caso pr\u00e1ctico - COMAV","isPartOf":{"@id":"https:\/\/www.comav-srl.com\/en\/#website"},"datePublished":"2022-03-04T16:19:57+00:00","dateModified":"2022-04-06T13:22:55+00:00","breadcrumb":{"@id":"https:\/\/www.comav-srl.com\/es\/vaciadoras-de-sacos-caso-practico\/#breadcrumb"},"inLanguage":"es","potentialAction":[{"@type":"ReadAction","target":["https:\/\/www.comav-srl.com\/es\/vaciadoras-de-sacos-caso-practico\/"]}]},{"@type":"BreadcrumbList","@id":"https:\/\/www.comav-srl.com\/es\/vaciadoras-de-sacos-caso-practico\/#breadcrumb","itemListElement":[{"@type":"ListItem","position":1,"name":"Home","item":"https:\/\/www.comav-srl.com\/"},{"@type":"ListItem","position":2,"name":"Vaciadoras de sacos &#8211; Caso pr\u00e1ctico"}]},{"@type":"WebSite","@id":"https:\/\/www.comav-srl.com\/en\/#website","url":"https:\/\/www.comav-srl.com\/en\/","name":"COMAV","description":"Costruzioni macchine automatiche","potentialAction":[{"@type":"SearchAction","target":{"@type":"EntryPoint","urlTemplate":"https:\/\/www.comav-srl.com\/en\/?s={search_term_string}"},"query-input":{"@type":"PropertyValueSpecification","valueRequired":true,"valueName":"search_term_string"}}],"inLanguage":"es"}]}},"_links":{"self":[{"href":"https:\/\/www.comav-srl.com\/es\/wp-json\/wp\/v2\/pages\/44439","targetHints":{"allow":["GET"]}}],"collection":[{"href":"https:\/\/www.comav-srl.com\/es\/wp-json\/wp\/v2\/pages"}],"about":[{"href":"https:\/\/www.comav-srl.com\/es\/wp-json\/wp\/v2\/types\/page"}],"author":[{"embeddable":true,"href":"https:\/\/www.comav-srl.com\/es\/wp-json\/wp\/v2\/users\/1"}],"replies":[{"embeddable":true,"href":"https:\/\/www.comav-srl.com\/es\/wp-json\/wp\/v2\/comments?post=44439"}],"version-history":[{"count":21,"href":"https:\/\/www.comav-srl.com\/es\/wp-json\/wp\/v2\/pages\/44439\/revisions"}],"predecessor-version":[{"id":47437,"href":"https:\/\/www.comav-srl.com\/es\/wp-json\/wp\/v2\/pages\/44439\/revisions\/47437"}],"wp:attachment":[{"href":"https:\/\/www.comav-srl.com\/es\/wp-json\/wp\/v2\/media?parent=44439"}],"curies":[{"name":"wp","href":"https:\/\/api.w.org\/{rel}","templated":true}]}}