{"id":44478,"date":"2022-03-04T17:21:42","date_gmt":"2022-03-04T16:21:42","guid":{"rendered":"https:\/\/www.comav-srl.com\/servicios\/"},"modified":"2022-03-07T09:15:07","modified_gmt":"2022-03-07T08:15:07","slug":"servicios","status":"publish","type":"page","link":"https:\/\/www.comav-srl.com\/es\/servicios\/","title":{"rendered":"Servicios"},"content":{"rendered":"<div class=\"wpb-content-wrapper\"><p>[vc_row full_width=\u00bbstretch_row\u00bb bg_type=\u00bbbg_color\u00bb bg_color_value=\u00bb#02688c\u00bb][vc_column]<div class=\"ult-spacer spacer-69f0d71acf76d\" data-id=\"69f0d71acf76d\" data-height=\"80\" data-height-mobile=\"20\" data-height-tab=\"20\" data-height-tab-portrait=\"20\" data-height-mobile-landscape=\"20\" style=\"clear:both;display:block;\"><\/div><div id=\"ultimate-heading-760669f0d71acf7fe\" class=\"uvc-heading ult-adjust-bottom-margin ultimate-heading-760669f0d71acf7fe uvc-7765 \" data-hspacer=\"no_spacer\"  data-halign=\"left\" style=\"text-align:left\"><div class=\"uvc-heading-spacer no_spacer\" style=\"top\"><\/div><div class=\"uvc-main-heading ult-responsive\"  data-ultimate-target='.uvc-heading.ultimate-heading-760669f0d71acf7fe h2'  data-responsive-json-new='{\"font-size\":\"desktop:48px;\",\"line-height\":\"desktop:58px;\"}' ><h2 style=\"--font-weight:theme;color:#ffffff;\">Servicios<\/h2><\/div><div class=\"uvc-sub-heading ult-responsive\"  data-ultimate-target='.uvc-heading.ultimate-heading-760669f0d71acf7fe .uvc-sub-heading '  data-responsive-json-new='{\"font-size\":\"desktop:22px;\",\"line-height\":\"desktop:32px;\"}'  style=\"font-weight:normal;color:#ffffff;\">Nuestros servicios incluyen: desarrollo de soluciones de producci\u00f3n, instalaci\u00f3n y asistencia<\/div><\/div><div class=\"ult-spacer spacer-69f0d71acf87a\" data-id=\"69f0d71acf87a\" data-height=\"110\" data-height-mobile=\"40\" data-height-tab=\"40\" data-height-tab-portrait=\"40\" data-height-mobile-landscape=\"40\" style=\"clear:both;display:block;\"><\/div>[\/vc_column][\/vc_row][vc_row gap=\u00bb25&#8243; css_animation=\u00bbnone\u00bb][vc_column css_animation=\u00bbnone\u00bb width=\u00bb1\/2&#8243; css=\u00bb.vc_custom_1632734529379{padding-top: 30px !important;padding-right: 30px !important;padding-bottom: 30px !important;padding-left: 30px !important;background-color: #ffffff !important;border-radius: 25px !important;}\u00bb][vc_column_text]<\/p>\n<h3>Cuadro el\u00e9ctrico<\/h3>\n<p>La alta fiabilidad de nuestras m\u00e1quinas autom\u00e1ticas y sistemas especiales nace de la constante investigaci\u00f3n y desarrollo de las sinergias entre las \u00e1reas mec\u00e1nica y de automatizaci\u00f3n electr\u00f3nica.<br \/>\nCon m\u00e1s de 40 a\u00f1os de experiencia, COMAV proporciona para la implementaci\u00f3n de sus m\u00e1quinas cuadros el\u00e9ctricos y sistemas de gesti\u00f3n integrados, para optimizar la fiabilidad y maximizar el rendimiento de las m\u00e1quinas en el proceso productivo.<br \/>\nDe particular importancia es el estudio de la seguridad intr\u00ednseca del sistema propuesto, que elimina de forma efectiva los riesgos del operador en funci\u00f3n de un dise\u00f1o de Nivel de Integridad de la Seguridad (SIL) en los m\u00e1ximos niveles que el mercado puede ofrecer.<br \/>\nCada esquema el\u00e9ctrico individual se prueba y valida con referencia a las normas vigentes, entregando al cliente no solo una m\u00e1quina de alto rendimiento desde el punto de vista de la producci\u00f3n, sino con la seguridad de un dise\u00f1o cuidadoso para el operador.<br \/>\nA trav\u00e9s de software definidos como \u00abDise\u00f1o modular\u00bb es posible gestionar las solicitudes de cada cliente individual y, eventualmente, implementar o modificar con posterioridad las \u00e1reas de funcionalidad de la m\u00e1quina.<br \/>\n[\/vc_column_text][\/vc_column][vc_column css_animation=\u00bbnone\u00bb width=\u00bb1\/2&#8243; css=\u00bb.vc_custom_1632734856296{padding-top: 30px !important;padding-right: 30px !important;padding-bottom: 30px !important;padding-left: 30px !important;background-color: #ffffff !important;border-radius: 25px !important;}\u00bb][vc_single_image image=\u00bb41927&#8243; img_size=\u00bbfull\u00bb alignment=\u00bbcenter\u00bb image_hovers=\u00bbfalse\u00bb][\/vc_column][\/vc_row][vc_row full_width=\u00bbstretch_row\u00bb gap=\u00bb25&#8243; css_animation=\u00bbnone\u00bb bg_type=\u00bbbg_color\u00bb bg_color_value=\u00bb#f8f8f8&#8243; css=\u00bb.vc_custom_1643705741375{padding-top: 30px !important;padding-bottom: 10px !important;}\u00bb][vc_column css_animation=\u00bbnone\u00bb width=\u00bb1\/2&#8243; css=\u00bb.vc_custom_1643705700031{padding-top: 30px !important;padding-right: 30px !important;padding-bottom: 30px !important;padding-left: 30px !important;}\u00bb][vc_single_image image=\u00bb41927&#8243; img_size=\u00bbfull\u00bb alignment=\u00bbcenter\u00bb image_hovers=\u00bbfalse\u00bb][\/vc_column][vc_column css_animation=\u00bbnone\u00bb width=\u00bb1\/2&#8243; css=\u00bb.vc_custom_1643705689365{padding-top: 30px !important;padding-right: 30px !important;padding-bottom: 30px !important;padding-left: 30px !important;}\u00bb][vc_column_text]<\/p>\n<h3>Puesta en marcha y formaci\u00f3n<\/h3>\n<p>El servicio t\u00e9cnico est\u00e1 formado por personal experto capaz de dar respuesta a las necesidades del cliente.<br \/>\nSe imparten cursos de formaci\u00f3n continua para dar respuestas cada vez m\u00e1s claras y exhaustivas, dando como resultado un alto nivel de satisfacci\u00f3n por parte de nuestros clientes.<br \/>\nAdem\u00e1s de la formaci\u00f3n interna, ofrecemos formaci\u00f3n espec\u00edfica sobre todos los aspectos principales y de mantenimiento del alcance del suministro en el momento de la puesta en marcha.<br \/>\nEs posible contactar con nuestro servicio t\u00e9cnico de forma remota y programar puestas en marcha, an\u00e1lisis del estado de la m\u00e1quina o simplemente para informaci\u00f3n sobre aspectos de mantenimiento de v\u00e1lvulas o cualquiera de nuestros componentes<br \/>\n[\/vc_column_text][\/vc_column][\/vc_row][vc_row gap=\u00bb25&#8243; css_animation=\u00bbnone\u00bb][vc_column css_animation=\u00bbnone\u00bb width=\u00bb1\/2&#8243; css=\u00bb.vc_custom_1632734529379{padding-top: 30px !important;padding-right: 30px !important;padding-bottom: 30px !important;padding-left: 30px !important;background-color: #ffffff !important;border-radius: 25px !important;}\u00bb][vc_column_text]<\/p>\n<h3>Automatizaci\u00f3n<\/h3>\n<p>Industria 4.0 hace referencia a un modelo de producci\u00f3n y gesti\u00f3n empresarial cuyos elementos son conexiones entre sistemas f\u00edsicos y digitales de an\u00e1lisis complejos a trav\u00e9s de Big Data y adaptaciones en tiempo real.<br \/>\nLos datos facilitados proceden de sensores integrados en las m\u00e1quinas y sistemas, que informan del estado del proceso final.<br \/>\nLa enorme cantidad de informaci\u00f3n debe supervisarse adecuadamente para poder aplicar una metodolog\u00eda de \u00abmantenimiento preventivo\u00bb.<br \/>\nCOMAV ha desarrollado software especiales con gesti\u00f3n tradicional o remota que permiten un an\u00e1lisis o intercambio de datos verticales y horizontales, cuya matriz pone los datos a disposici\u00f3n para el seguimiento en tiempo real de la producci\u00f3n de la empresa.<br \/>\nNuestras m\u00e1quinas est\u00e1n equipadas con interfaces para una comunicaci\u00f3n continua y completa entre m\u00e1quina y persona, cuyo software est\u00e1 dise\u00f1ado con referencia a las necesidades del cliente y su ciclo de producci\u00f3n.<br \/>\nUn ecosistema complejo que nos lleva a hacer frente a desaf\u00edos orientados al ma\u00f1ana, donde el mundo COMAV se fusiona con la automatizaci\u00f3n virtual<br \/>\n[\/vc_column_text][\/vc_column][vc_column css_animation=\u00bbnone\u00bb width=\u00bb1\/2&#8243; css=\u00bb.vc_custom_1632734856296{padding-top: 30px !important;padding-right: 30px !important;padding-bottom: 30px !important;padding-left: 30px !important;background-color: #ffffff !important;border-radius: 25px !important;}\u00bb][vc_single_image image=\u00bb41950&#8243; img_size=\u00bbfull\u00bb alignment=\u00bbcenter\u00bb image_hovers=\u00bbfalse\u00bb][\/vc_column][\/vc_row]<\/p>\n<\/div>","protected":false},"excerpt":{"rendered":"<p>[vc_row full_width=\u00bbstretch_row\u00bb bg_type=\u00bbbg_color\u00bb bg_color_value=\u00bb#02688c\u00bb][vc_column][\/vc_column][\/vc_row][vc_row gap=\u00bb25&#8243; css_animation=\u00bbnone\u00bb][vc_column css_animation=\u00bbnone\u00bb width=\u00bb1\/2&#8243; css=\u00bb.vc_custom_1632734529379{padding-top: 30px !important;padding-right: 30px !important;padding-bottom: 30px !important;padding-left: 30px !important;background-color: #ffffff !important;border-radius: 25px !important;}\u00bb][vc_column_text] Cuadro el\u00e9ctrico La alta fiabilidad de nuestras m\u00e1quinas autom\u00e1ticas y sistemas especiales nace de la constante investigaci\u00f3n y desarrollo de las sinergias entre las \u00e1reas mec\u00e1nica y de automatizaci\u00f3n electr\u00f3nica. Con m\u00e1s de 40&hellip;<\/p>\n","protected":false},"author":1,"featured_media":0,"parent":0,"menu_order":0,"comment_status":"closed","ping_status":"closed","template":"","meta":{"footnotes":""},"class_list":["post-44478","page","type-page","status-publish","hentry","description-off"],"yoast_head":"<!-- This site is optimized with the Yoast SEO plugin v27.2 - https:\/\/yoast.com\/product\/yoast-seo-wordpress\/ -->\n<title>Formaci\u00f3n y automatizaci\u00f3n | Manipulaci\u00f3n a granel<\/title>\n<meta name=\"description\" content=\"Formaci\u00f3n, puesta en marcha de sistemas y automatizaci\u00f3n. Conf\u00ede en Comav Srl, desde hace 40 a\u00f1os en el sector de la manipulaci\u00f3n a granel.\" \/>\n<meta name=\"robots\" content=\"index, follow, max-snippet:-1, max-image-preview:large, max-video-preview:-1\" \/>\n<link rel=\"canonical\" href=\"https:\/\/www.comav-srl.com\/es\/servicios\/\" \/>\n<meta property=\"og:locale\" content=\"es_ES\" \/>\n<meta property=\"og:type\" content=\"article\" \/>\n<meta property=\"og:title\" content=\"Formaci\u00f3n y automatizaci\u00f3n | Manipulaci\u00f3n a granel\" \/>\n<meta property=\"og:description\" content=\"Formaci\u00f3n, puesta en marcha de sistemas y automatizaci\u00f3n. Conf\u00ede en Comav Srl, desde hace 40 a\u00f1os en el sector de la manipulaci\u00f3n a granel.\" \/>\n<meta property=\"og:url\" content=\"https:\/\/www.comav-srl.com\/es\/servicios\/\" \/>\n<meta property=\"og:site_name\" content=\"COMAV\" \/>\n<meta property=\"article:modified_time\" content=\"2022-03-07T08:15:07+00:00\" \/>\n<meta name=\"twitter:card\" content=\"summary_large_image\" \/>\n<meta name=\"twitter:label1\" content=\"Tiempo de lectura\" \/>\n\t<meta name=\"twitter:data1\" content=\"4 minutos\" \/>\n<script type=\"application\/ld+json\" class=\"yoast-schema-graph\">{\"@context\":\"https:\/\/schema.org\",\"@graph\":[{\"@type\":\"WebPage\",\"@id\":\"https:\/\/www.comav-srl.com\/es\/servicios\/\",\"url\":\"https:\/\/www.comav-srl.com\/es\/servicios\/\",\"name\":\"Formaci\u00f3n y automatizaci\u00f3n | Manipulaci\u00f3n a granel\",\"isPartOf\":{\"@id\":\"https:\/\/www.comav-srl.com\/en\/#website\"},\"datePublished\":\"2022-03-04T16:21:42+00:00\",\"dateModified\":\"2022-03-07T08:15:07+00:00\",\"description\":\"Formaci\u00f3n, puesta en marcha de sistemas y automatizaci\u00f3n. Conf\u00ede en Comav Srl, desde hace 40 a\u00f1os en el sector de la manipulaci\u00f3n a granel.\",\"breadcrumb\":{\"@id\":\"https:\/\/www.comav-srl.com\/es\/servicios\/#breadcrumb\"},\"inLanguage\":\"es\",\"potentialAction\":[{\"@type\":\"ReadAction\",\"target\":[\"https:\/\/www.comav-srl.com\/es\/servicios\/\"]}]},{\"@type\":\"BreadcrumbList\",\"@id\":\"https:\/\/www.comav-srl.com\/es\/servicios\/#breadcrumb\",\"itemListElement\":[{\"@type\":\"ListItem\",\"position\":1,\"name\":\"Home\",\"item\":\"https:\/\/www.comav-srl.com\/\"},{\"@type\":\"ListItem\",\"position\":2,\"name\":\"Servicios\"}]},{\"@type\":\"WebSite\",\"@id\":\"https:\/\/www.comav-srl.com\/en\/#website\",\"url\":\"https:\/\/www.comav-srl.com\/en\/\",\"name\":\"COMAV\",\"description\":\"Costruzioni macchine automatiche\",\"potentialAction\":[{\"@type\":\"SearchAction\",\"target\":{\"@type\":\"EntryPoint\",\"urlTemplate\":\"https:\/\/www.comav-srl.com\/en\/?s={search_term_string}\"},\"query-input\":{\"@type\":\"PropertyValueSpecification\",\"valueRequired\":true,\"valueName\":\"search_term_string\"}}],\"inLanguage\":\"es\"}]}<\/script>\n<!-- \/ Yoast SEO plugin. -->","yoast_head_json":{"title":"Formaci\u00f3n y automatizaci\u00f3n | Manipulaci\u00f3n a granel","description":"Formaci\u00f3n, puesta en marcha de sistemas y automatizaci\u00f3n. Conf\u00ede en Comav Srl, desde hace 40 a\u00f1os en el sector de la manipulaci\u00f3n a granel.","robots":{"index":"index","follow":"follow","max-snippet":"max-snippet:-1","max-image-preview":"max-image-preview:large","max-video-preview":"max-video-preview:-1"},"canonical":"https:\/\/www.comav-srl.com\/es\/servicios\/","og_locale":"es_ES","og_type":"article","og_title":"Formaci\u00f3n y automatizaci\u00f3n | Manipulaci\u00f3n a granel","og_description":"Formaci\u00f3n, puesta en marcha de sistemas y automatizaci\u00f3n. Conf\u00ede en Comav Srl, desde hace 40 a\u00f1os en el sector de la manipulaci\u00f3n a granel.","og_url":"https:\/\/www.comav-srl.com\/es\/servicios\/","og_site_name":"COMAV","article_modified_time":"2022-03-07T08:15:07+00:00","twitter_card":"summary_large_image","twitter_misc":{"Tiempo de lectura":"4 minutos"},"schema":{"@context":"https:\/\/schema.org","@graph":[{"@type":"WebPage","@id":"https:\/\/www.comav-srl.com\/es\/servicios\/","url":"https:\/\/www.comav-srl.com\/es\/servicios\/","name":"Formaci\u00f3n y automatizaci\u00f3n | Manipulaci\u00f3n a granel","isPartOf":{"@id":"https:\/\/www.comav-srl.com\/en\/#website"},"datePublished":"2022-03-04T16:21:42+00:00","dateModified":"2022-03-07T08:15:07+00:00","description":"Formaci\u00f3n, puesta en marcha de sistemas y automatizaci\u00f3n. Conf\u00ede en Comav Srl, desde hace 40 a\u00f1os en el sector de la manipulaci\u00f3n a granel.","breadcrumb":{"@id":"https:\/\/www.comav-srl.com\/es\/servicios\/#breadcrumb"},"inLanguage":"es","potentialAction":[{"@type":"ReadAction","target":["https:\/\/www.comav-srl.com\/es\/servicios\/"]}]},{"@type":"BreadcrumbList","@id":"https:\/\/www.comav-srl.com\/es\/servicios\/#breadcrumb","itemListElement":[{"@type":"ListItem","position":1,"name":"Home","item":"https:\/\/www.comav-srl.com\/"},{"@type":"ListItem","position":2,"name":"Servicios"}]},{"@type":"WebSite","@id":"https:\/\/www.comav-srl.com\/en\/#website","url":"https:\/\/www.comav-srl.com\/en\/","name":"COMAV","description":"Costruzioni macchine automatiche","potentialAction":[{"@type":"SearchAction","target":{"@type":"EntryPoint","urlTemplate":"https:\/\/www.comav-srl.com\/en\/?s={search_term_string}"},"query-input":{"@type":"PropertyValueSpecification","valueRequired":true,"valueName":"search_term_string"}}],"inLanguage":"es"}]}},"_links":{"self":[{"href":"https:\/\/www.comav-srl.com\/es\/wp-json\/wp\/v2\/pages\/44478","targetHints":{"allow":["GET"]}}],"collection":[{"href":"https:\/\/www.comav-srl.com\/es\/wp-json\/wp\/v2\/pages"}],"about":[{"href":"https:\/\/www.comav-srl.com\/es\/wp-json\/wp\/v2\/types\/page"}],"author":[{"embeddable":true,"href":"https:\/\/www.comav-srl.com\/es\/wp-json\/wp\/v2\/users\/1"}],"replies":[{"embeddable":true,"href":"https:\/\/www.comav-srl.com\/es\/wp-json\/wp\/v2\/comments?post=44478"}],"version-history":[{"count":19,"href":"https:\/\/www.comav-srl.com\/es\/wp-json\/wp\/v2\/pages\/44478\/revisions"}],"predecessor-version":[{"id":45540,"href":"https:\/\/www.comav-srl.com\/es\/wp-json\/wp\/v2\/pages\/44478\/revisions\/45540"}],"wp:attachment":[{"href":"https:\/\/www.comav-srl.com\/es\/wp-json\/wp\/v2\/media?parent=44478"}],"curies":[{"name":"wp","href":"https:\/\/api.w.org\/{rel}","templated":true}]}}