{"id":44482,"date":"2022-03-04T17:21:51","date_gmt":"2022-03-04T16:21:51","guid":{"rendered":"https:\/\/www.comav-srl.com\/descargue-el-catalogo\/"},"modified":"2022-03-07T09:15:07","modified_gmt":"2022-03-07T08:15:07","slug":"descargue-el-catalogo","status":"publish","type":"page","link":"https:\/\/www.comav-srl.com\/es\/descargue-el-catalogo\/","title":{"rendered":"Descargue el cat\u00e1logo"},"content":{"rendered":"<div class=\"wpb-content-wrapper\"><p>[vc_row][vc_column width=\u00bb1\/2&#8243;][vc_column_text]Introduzca su direcci\u00f3n de correo electr\u00f3nico para descargar el cat\u00e1logo.<\/p>\n<p>[\/vc_column_text][\/vc_column][vc_column width=\u00bb1\/2&#8243;][\/vc_column][\/vc_row]<\/p>\n<\/div>","protected":false},"excerpt":{"rendered":"<p>[vc_row][vc_column width=\u00bb1\/2&#8243;][vc_column_text]Introduzca su direcci\u00f3n de correo electr\u00f3nico para descargar el cat\u00e1logo. [\/vc_column_text][\/vc_column][vc_column width=\u00bb1\/2&#8243;][\/vc_column][\/vc_row]<\/p>\n","protected":false},"author":1,"featured_media":0,"parent":0,"menu_order":0,"comment_status":"closed","ping_status":"closed","template":"","meta":{"footnotes":""},"class_list":["post-44482","page","type-page","status-publish","hentry","description-off"],"yoast_head":"<!-- This site is optimized with the Yoast SEO plugin v27.2 - https:\/\/yoast.com\/product\/yoast-seo-wordpress\/ -->\n<title>Descargue el cat\u00e1logo - COMAV<\/title>\n<meta name=\"robots\" content=\"index, follow, max-snippet:-1, max-image-preview:large, max-video-preview:-1\" \/>\n<link rel=\"canonical\" href=\"https:\/\/www.comav-srl.com\/es\/descargue-el-catalogo\/\" \/>\n<meta property=\"og:locale\" content=\"es_ES\" \/>\n<meta property=\"og:type\" content=\"article\" \/>\n<meta property=\"og:title\" content=\"Descargue el cat\u00e1logo - COMAV\" \/>\n<meta property=\"og:description\" content=\"[vc_row][vc_column width=\u00bb1\/2&#8243;][vc_column_text]Introduzca su direcci\u00f3n de correo electr\u00f3nico para descargar el cat\u00e1logo. [\/vc_column_text][\/vc_column][vc_column width=\u00bb1\/2&#8243;][\/vc_column][\/vc_row]\" \/>\n<meta property=\"og:url\" content=\"https:\/\/www.comav-srl.com\/es\/descargue-el-catalogo\/\" \/>\n<meta property=\"og:site_name\" content=\"COMAV\" \/>\n<meta property=\"article:modified_time\" content=\"2022-03-07T08:15:07+00:00\" \/>\n<meta name=\"twitter:card\" content=\"summary_large_image\" \/>\n<script type=\"application\/ld+json\" class=\"yoast-schema-graph\">{\"@context\":\"https:\/\/schema.org\",\"@graph\":[{\"@type\":\"WebPage\",\"@id\":\"https:\/\/www.comav-srl.com\/es\/descargue-el-catalogo\/\",\"url\":\"https:\/\/www.comav-srl.com\/es\/descargue-el-catalogo\/\",\"name\":\"Descargue el cat\u00e1logo - COMAV\",\"isPartOf\":{\"@id\":\"https:\/\/www.comav-srl.com\/en\/#website\"},\"datePublished\":\"2022-03-04T16:21:51+00:00\",\"dateModified\":\"2022-03-07T08:15:07+00:00\",\"breadcrumb\":{\"@id\":\"https:\/\/www.comav-srl.com\/es\/descargue-el-catalogo\/#breadcrumb\"},\"inLanguage\":\"es\",\"potentialAction\":[{\"@type\":\"ReadAction\",\"target\":[\"https:\/\/www.comav-srl.com\/es\/descargue-el-catalogo\/\"]}]},{\"@type\":\"BreadcrumbList\",\"@id\":\"https:\/\/www.comav-srl.com\/es\/descargue-el-catalogo\/#breadcrumb\",\"itemListElement\":[{\"@type\":\"ListItem\",\"position\":1,\"name\":\"Home\",\"item\":\"https:\/\/www.comav-srl.com\/\"},{\"@type\":\"ListItem\",\"position\":2,\"name\":\"Descargue el cat\u00e1logo\"}]},{\"@type\":\"WebSite\",\"@id\":\"https:\/\/www.comav-srl.com\/en\/#website\",\"url\":\"https:\/\/www.comav-srl.com\/en\/\",\"name\":\"COMAV\",\"description\":\"Costruzioni macchine automatiche\",\"potentialAction\":[{\"@type\":\"SearchAction\",\"target\":{\"@type\":\"EntryPoint\",\"urlTemplate\":\"https:\/\/www.comav-srl.com\/en\/?s={search_term_string}\"},\"query-input\":{\"@type\":\"PropertyValueSpecification\",\"valueRequired\":true,\"valueName\":\"search_term_string\"}}],\"inLanguage\":\"es\"}]}<\/script>\n<!-- \/ Yoast SEO plugin. -->","yoast_head_json":{"title":"Descargue el cat\u00e1logo - COMAV","robots":{"index":"index","follow":"follow","max-snippet":"max-snippet:-1","max-image-preview":"max-image-preview:large","max-video-preview":"max-video-preview:-1"},"canonical":"https:\/\/www.comav-srl.com\/es\/descargue-el-catalogo\/","og_locale":"es_ES","og_type":"article","og_title":"Descargue el cat\u00e1logo - COMAV","og_description":"[vc_row][vc_column width=\u00bb1\/2&#8243;][vc_column_text]Introduzca su direcci\u00f3n de correo electr\u00f3nico para descargar el cat\u00e1logo. [\/vc_column_text][\/vc_column][vc_column width=\u00bb1\/2&#8243;][\/vc_column][\/vc_row]","og_url":"https:\/\/www.comav-srl.com\/es\/descargue-el-catalogo\/","og_site_name":"COMAV","article_modified_time":"2022-03-07T08:15:07+00:00","twitter_card":"summary_large_image","schema":{"@context":"https:\/\/schema.org","@graph":[{"@type":"WebPage","@id":"https:\/\/www.comav-srl.com\/es\/descargue-el-catalogo\/","url":"https:\/\/www.comav-srl.com\/es\/descargue-el-catalogo\/","name":"Descargue el cat\u00e1logo - COMAV","isPartOf":{"@id":"https:\/\/www.comav-srl.com\/en\/#website"},"datePublished":"2022-03-04T16:21:51+00:00","dateModified":"2022-03-07T08:15:07+00:00","breadcrumb":{"@id":"https:\/\/www.comav-srl.com\/es\/descargue-el-catalogo\/#breadcrumb"},"inLanguage":"es","potentialAction":[{"@type":"ReadAction","target":["https:\/\/www.comav-srl.com\/es\/descargue-el-catalogo\/"]}]},{"@type":"BreadcrumbList","@id":"https:\/\/www.comav-srl.com\/es\/descargue-el-catalogo\/#breadcrumb","itemListElement":[{"@type":"ListItem","position":1,"name":"Home","item":"https:\/\/www.comav-srl.com\/"},{"@type":"ListItem","position":2,"name":"Descargue el cat\u00e1logo"}]},{"@type":"WebSite","@id":"https:\/\/www.comav-srl.com\/en\/#website","url":"https:\/\/www.comav-srl.com\/en\/","name":"COMAV","description":"Costruzioni macchine automatiche","potentialAction":[{"@type":"SearchAction","target":{"@type":"EntryPoint","urlTemplate":"https:\/\/www.comav-srl.com\/en\/?s={search_term_string}"},"query-input":{"@type":"PropertyValueSpecification","valueRequired":true,"valueName":"search_term_string"}}],"inLanguage":"es"}]}},"_links":{"self":[{"href":"https:\/\/www.comav-srl.com\/es\/wp-json\/wp\/v2\/pages\/44482","targetHints":{"allow":["GET"]}}],"collection":[{"href":"https:\/\/www.comav-srl.com\/es\/wp-json\/wp\/v2\/pages"}],"about":[{"href":"https:\/\/www.comav-srl.com\/es\/wp-json\/wp\/v2\/types\/page"}],"author":[{"embeddable":true,"href":"https:\/\/www.comav-srl.com\/es\/wp-json\/wp\/v2\/users\/1"}],"replies":[{"embeddable":true,"href":"https:\/\/www.comav-srl.com\/es\/wp-json\/wp\/v2\/comments?post=44482"}],"version-history":[{"count":13,"href":"https:\/\/www.comav-srl.com\/es\/wp-json\/wp\/v2\/pages\/44482\/revisions"}],"predecessor-version":[{"id":45517,"href":"https:\/\/www.comav-srl.com\/es\/wp-json\/wp\/v2\/pages\/44482\/revisions\/45517"}],"wp:attachment":[{"href":"https:\/\/www.comav-srl.com\/es\/wp-json\/wp\/v2\/media?parent=44482"}],"curies":[{"name":"wp","href":"https:\/\/api.w.org\/{rel}","templated":true}]}}