{"id":44498,"date":"2022-03-04T17:22:27","date_gmt":"2022-03-04T16:22:27","guid":{"rendered":"https:\/\/www.comav-srl.com\/valvulas-de-hoja-maquinas-especiales\/"},"modified":"2022-04-05T10:35:00","modified_gmt":"2022-04-05T08:35:00","slug":"valvulas-de-hoja-maquinas-especiales","status":"publish","type":"page","link":"https:\/\/www.comav-srl.com\/es\/valvulas-de-hoja-maquinas-especiales\/","title":{"rendered":"V\u00e1lvulas de hoja &#8211; M\u00e1quinas especiales"},"content":{"rendered":"<div class=\"wpb-content-wrapper\"><p>[vc_row full_width=\u00bbstretch_row\u00bb bg_type=\u00bbimage\u00bb parallax_style=\u00bbvcpb-default\u00bb bg_image_new=\u00bbid^71|url^http:\/\/comav-srl.com\/wp-content\/uploads\/2021\/09\/sal.jpeg|caption^null|alt^null|title^sal|description^null\u00bb bg_image_repeat=\u00bbno-repeat\u00bb enable_overlay=\u00bbenable_overlay_value\u00bb overlay_color=\u00bbrgba(0,0,0,0.4)\u00bb][vc_column]<div class=\"ult-spacer spacer-69d1ed00bc024\" data-id=\"69d1ed00bc024\" data-height=\"80\" data-height-mobile=\"20\" data-height-tab=\"20\" data-height-tab-portrait=\"20\" data-height-mobile-landscape=\"20\" style=\"clear:both;display:block;\"><\/div><div id=\"ultimate-heading-850669d1ed00bc08e\" class=\"uvc-heading ult-adjust-bottom-margin ultimate-heading-850669d1ed00bc08e uvc-2013 \" data-hspacer=\"no_spacer\"  data-halign=\"left\" style=\"text-align:left\"><div class=\"uvc-heading-spacer no_spacer\" style=\"top\"><\/div><div class=\"uvc-main-heading ult-responsive\"  data-ultimate-target='.uvc-heading.ultimate-heading-850669d1ed00bc08e h2'  data-responsive-json-new='{\"font-size\":\"desktop:48px;\",\"line-height\":\"desktop:58px;\"}' ><h2 style=\"--font-weight:theme;color:#ffffff;\">V\u00e1lvulas de hoja - M\u00e1quinas especiales<\/h2><\/div><\/div><div class=\"ult-spacer spacer-69d1ed00bc0f1\" data-id=\"69d1ed00bc0f1\" data-height=\"110\" data-height-mobile=\"40\" data-height-tab=\"40\" data-height-tab-portrait=\"40\" data-height-mobile-landscape=\"40\" style=\"clear:both;display:block;\"><\/div>[\/vc_column][\/vc_row][vc_row][vc_column]<div class=\"ult-spacer spacer-69d1ed00bc119\" data-id=\"69d1ed00bc119\" data-height=\"20\" data-height-mobile=\"10\" data-height-tab=\"10\" data-height-tab-portrait=\"10\" data-height-mobile-landscape=\"10\" style=\"clear:both;display:block;\"><\/div>[\/vc_column][\/vc_row][vc_row][vc_column][vc_column_text]<\/p>\n<h3><span style=\"color: #01648e;\">V\u00c1LVULAS DE HOJA &#8211; VERSIONES ESPECIALES<\/span><\/h3>\n<p>[\/vc_column_text][\/vc_column][\/vc_row][vc_row gap=\u00bb15&#8243; equal_height=\u00bbyes\u00bb][vc_column width=\u00bb1\/3&#8243;]<style type=\"text\/css\" data-type=\"the7_shortcodes-inline-css\">.shortcode-single-image-wrap.shortcode-single-image-3bdda720334e0091ed38aab3d1cda989.enable-bg-rollover .rollover i,\n.shortcode-single-image-wrap.shortcode-single-image-3bdda720334e0091ed38aab3d1cda989.enable-bg-rollover .rollover-video i {\n  background: -webkit-linear-gradient();\n  background: linear-gradient();\n}\n.shortcode-single-image-wrap.shortcode-single-image-3bdda720334e0091ed38aab3d1cda989 .rollover-icon {\n  font-size: 32px;\n  color: #ffffff;\n  min-width: 44px;\n  min-height: 44px;\n  line-height: 44px;\n  border-radius: 100px;\n  border-style: solid;\n  border-width: 0px;\n}\n.dt-icon-bg-on.shortcode-single-image-wrap.shortcode-single-image-3bdda720334e0091ed38aab3d1cda989 .rollover-icon {\n  background: rgba(255,255,255,0.3);\n  box-shadow: none;\n}<\/style><div class=\"shortcode-single-image-wrap shortcode-single-image-3bdda720334e0091ed38aab3d1cda989 alignleft  enable-bg-rollover dt-icon-bg-off\" style=\"margin-top:0px; margin-bottom:0px; margin-left:0px; margin-right:0px; width:320px;\"><div class=\"shortcode-single-image\"><div class=\"fancy-media-wrap\" style=\"\"><a class=\"layzr-bg rollover rollover-zoom dt-pswp-item pswp-image\" href=\"https:\/\/www.comav-srl.com\/wp-content\/uploads\/2021\/12\/Schermata-2021-12-07-alle-13.47.52.png\" title=\"Schermata 2021-12-07 alle 13.47.52\" data-dt-img-description=\"\" data-large_image_width=\"830\" data-large_image_height = \"619\"  style=\"\"><img fetchpriority=\"high\" decoding=\"async\" class=\"preload-me lazy-load aspect\" src=\"data:image\/svg+xml,%3Csvg%20xmlns%3D&#39;http%3A%2F%2Fwww.w3.org%2F2000%2Fsvg&#39;%20viewBox%3D&#39;0%200%20320%20240&#39;%2F%3E\" data-src=\"https:\/\/www.comav-srl.com\/wp-content\/uploads\/2021\/12\/Schermata-2021-12-07-alle-13.47.52-320x240.png\" data-srcset=\"https:\/\/www.comav-srl.com\/wp-content\/uploads\/2021\/12\/Schermata-2021-12-07-alle-13.47.52-320x240.png 320w, https:\/\/www.comav-srl.com\/wp-content\/uploads\/2021\/12\/Schermata-2021-12-07-alle-13.47.52-640x480.png 640w\" loading=\"eager\" style=\"--ratio: 320 \/ 240\" sizes=\"(max-width: 320px) 100vw, 320px\" width=\"320\" height=\"240\"  data-dt-location=\"https:\/\/www.comav-srl.com\/es\/valvole-lama-macchine-speciali\/schermata-2021-12-07-alle-13-47-52\/\" alt=\"\" \/><span class=\" rollover-icon Defaults-search-plus\"><\/span><\/a><\/div><\/div><\/div><div class=\"ult-spacer spacer-69d1ed00bce0f\" data-id=\"69d1ed00bce0f\" data-height=\"15\" data-height-mobile=\"15\" data-height-tab=\"15\" data-height-tab-portrait=\"15\" data-height-mobile-landscape=\"15\" style=\"clear:both;display:block;\"><\/div>[vc_column_text css=\u00bb.vc_custom_1638881307223{margin-bottom: 0px !important;border-bottom-width: 0px !important;padding-bottom: 15px !important;}\u00bb]<b>VERSIONES ESPECIALES<\/b><\/p>\n<p><span style=\"font-weight: 400;\">Posibilidad de realizar medidas especiales o versiones aptas para altas temperaturas.<\/span><\/p>\n<p><span style=\"font-weight: 400;\">Nuestras v\u00e1lvulas de hoja pueden equiparse con sensores de posici\u00f3n para configurar la fase de interceptaci\u00f3n del flujo, adem\u00e1s de ser de accionamiento hidr\u00e1ulico o el\u00e9ctrico.\u00a0<\/span>[\/vc_column_text][\/vc_column][vc_column width=\u00bb1\/2&#8243;][vc_row_inner css=\u00bb.vc_custom_1637054753260{padding-right: 15px !important;padding-bottom: 25px !important;padding-left: 15px !important;background-color: #f1f1f1 !important;}\u00bb][vc_column_inner]<div class=\"ult-spacer spacer-69d1ed00bce3b\" data-id=\"69d1ed00bce3b\" data-height=\"5\" data-height-mobile=\"5\" data-height-tab=\"5\" data-height-tab-portrait=\"5\" data-height-mobile-landscape=\"5\" style=\"clear:both;display:block;\"><\/div>[vc_column_text]<\/p>\n<h3>SOLICITE INFORMACI\u00d3N<\/h3>\n<p>El personal de COMAV estar\u00e1 encantado de ayudarle con cualquier informaci\u00f3n sobre este producto.[\/vc_column_text]<style type=\"text\/css\" data-type=\"the7_shortcodes-inline-css\">#default-btn-d18aa1af7cddc74decc4e76929fcf2ac.ico-right-side > i {\n  margin-right: 0px;\n  margin-left: 10px;\n}\n#default-btn-d18aa1af7cddc74decc4e76929fcf2ac > i {\n  margin-right: 10px;\n}<\/style><a href=\"http:\/\/comav-srl.com\/es\/contatti\/\" class=\"default-btn-shortcode dt-btn dt-btn-m link-hover-off ico-right-side btn-inline-left  vc_custom_1649147693102\" id=\"default-btn-d18aa1af7cddc74decc4e76929fcf2ac\"><span>CONTACTO<\/span><i class=\"fas fa-long-arrow-alt-right\"><\/i><\/a><div class=\"ult-spacer spacer-69d1ed00bcf18\" data-id=\"69d1ed00bcf18\" data-height=\"35\" data-height-mobile=\"5\" data-height-tab=\"5\" data-height-tab-portrait=\"5\" data-height-mobile-landscape=\"5\" style=\"clear:both;display:block;\"><\/div>[\/vc_column_inner][\/vc_row_inner][\/vc_column][\/vc_row][vc_row][vc_column]<div class=\"ult-spacer spacer-69d1ed00bcf3f\" data-id=\"69d1ed00bcf3f\" data-height=\"20\" data-height-mobile=\"10\" data-height-tab=\"10\" data-height-tab-portrait=\"10\" data-height-mobile-landscape=\"10\" style=\"clear:both;display:block;\"><\/div><div class=\"ult-spacer spacer-69d1ed00bcf5e\" data-id=\"69d1ed00bcf5e\" data-height=\"20\" data-height-mobile=\"10\" data-height-tab=\"10\" data-height-tab-portrait=\"10\" data-height-mobile-landscape=\"10\" style=\"clear:both;display:block;\"><\/div>[\/vc_column][\/vc_row]<\/p>\n<\/div>","protected":false},"excerpt":{"rendered":"<p>[vc_row full_width=\u00bbstretch_row\u00bb bg_type=\u00bbimage\u00bb parallax_style=\u00bbvcpb-default\u00bb bg_image_new=\u00bbid^71|url^http:\/\/comav-srl.com\/wp-content\/uploads\/2021\/09\/sal.jpeg|caption^null|alt^null|title^sal|description^null\u00bb bg_image_repeat=\u00bbno-repeat\u00bb enable_overlay=\u00bbenable_overlay_value\u00bb overlay_color=\u00bbrgba(0,0,0,0.4)\u00bb][vc_column][\/vc_column][\/vc_row][vc_row][vc_column][\/vc_column][\/vc_row][vc_row][vc_column][vc_column_text] V\u00c1LVULAS DE HOJA &#8211; VERSIONES ESPECIALES [\/vc_column_text][\/vc_column][\/vc_row][vc_row gap=\u00bb15&#8243; equal_height=\u00bbyes\u00bb][vc_column width=\u00bb1\/3&#8243;][vc_column_text css=\u00bb.vc_custom_1638881307223{margin-bottom: 0px !important;border-bottom-width: 0px !important;padding-bottom: 15px !important;}\u00bb]VERSIONES ESPECIALES Posibilidad de realizar medidas especiales o versiones aptas para altas temperaturas. Nuestras v\u00e1lvulas de hoja pueden equiparse con sensores de posici\u00f3n para configurar la fase de interceptaci\u00f3n del flujo,&hellip;<\/p>\n","protected":false},"author":1,"featured_media":0,"parent":0,"menu_order":0,"comment_status":"closed","ping_status":"closed","template":"","meta":{"footnotes":""},"class_list":["post-44498","page","type-page","status-publish","hentry","description-off"],"yoast_head":"<!-- This site is optimized with the Yoast SEO plugin v27.2 - https:\/\/yoast.com\/product\/yoast-seo-wordpress\/ -->\n<title>V\u00e1lvulas de hoja - M\u00e1quinas especiales - COMAV<\/title>\n<meta name=\"robots\" content=\"index, follow, max-snippet:-1, max-image-preview:large, max-video-preview:-1\" \/>\n<link rel=\"canonical\" href=\"https:\/\/www.comav-srl.com\/es\/valvulas-de-hoja-maquinas-especiales\/\" \/>\n<meta property=\"og:locale\" content=\"es_ES\" \/>\n<meta property=\"og:type\" content=\"article\" \/>\n<meta property=\"og:title\" content=\"V\u00e1lvulas de hoja - M\u00e1quinas especiales - COMAV\" \/>\n<meta property=\"og:description\" content=\"[vc_row full_width=\u00bbstretch_row\u00bb bg_type=\u00bbimage\u00bb parallax_style=\u00bbvcpb-default\u00bb bg_image_new=\u00bbid^71|url^http:\/\/comav-srl.com\/wp-content\/uploads\/2021\/09\/sal.jpeg|caption^null|alt^null|title^sal|description^null\u00bb bg_image_repeat=\u00bbno-repeat\u00bb enable_overlay=\u00bbenable_overlay_value\u00bb overlay_color=\u00bbrgba(0,0,0,0.4)\u00bb][vc_column][\/vc_column][\/vc_row][vc_row][vc_column][\/vc_column][\/vc_row][vc_row][vc_column][vc_column_text] V\u00c1LVULAS DE HOJA &#8211; VERSIONES ESPECIALES [\/vc_column_text][\/vc_column][\/vc_row][vc_row gap=\u00bb15&#8243; equal_height=\u00bbyes\u00bb][vc_column width=\u00bb1\/3&#8243;][vc_column_text css=\u00bb.vc_custom_1638881307223{margin-bottom: 0px !important;border-bottom-width: 0px !important;padding-bottom: 15px !important;}\u00bb]VERSIONES ESPECIALES Posibilidad de realizar medidas especiales o versiones aptas para altas temperaturas. Nuestras v\u00e1lvulas de hoja pueden equiparse con sensores de posici\u00f3n para configurar la fase de interceptaci\u00f3n del flujo,&hellip;\" \/>\n<meta property=\"og:url\" content=\"https:\/\/www.comav-srl.com\/es\/valvulas-de-hoja-maquinas-especiales\/\" \/>\n<meta property=\"og:site_name\" content=\"COMAV\" \/>\n<meta property=\"article:modified_time\" content=\"2022-04-05T08:35:00+00:00\" \/>\n<meta name=\"twitter:card\" content=\"summary_large_image\" \/>\n<meta name=\"twitter:label1\" content=\"Tiempo de lectura\" \/>\n\t<meta name=\"twitter:data1\" content=\"2 minutos\" \/>\n<script type=\"application\/ld+json\" class=\"yoast-schema-graph\">{\"@context\":\"https:\/\/schema.org\",\"@graph\":[{\"@type\":\"WebPage\",\"@id\":\"https:\/\/www.comav-srl.com\/es\/valvulas-de-hoja-maquinas-especiales\/\",\"url\":\"https:\/\/www.comav-srl.com\/es\/valvulas-de-hoja-maquinas-especiales\/\",\"name\":\"V\u00e1lvulas de hoja - M\u00e1quinas especiales - COMAV\",\"isPartOf\":{\"@id\":\"https:\/\/www.comav-srl.com\/en\/#website\"},\"datePublished\":\"2022-03-04T16:22:27+00:00\",\"dateModified\":\"2022-04-05T08:35:00+00:00\",\"breadcrumb\":{\"@id\":\"https:\/\/www.comav-srl.com\/es\/valvulas-de-hoja-maquinas-especiales\/#breadcrumb\"},\"inLanguage\":\"es\",\"potentialAction\":[{\"@type\":\"ReadAction\",\"target\":[\"https:\/\/www.comav-srl.com\/es\/valvulas-de-hoja-maquinas-especiales\/\"]}]},{\"@type\":\"BreadcrumbList\",\"@id\":\"https:\/\/www.comav-srl.com\/es\/valvulas-de-hoja-maquinas-especiales\/#breadcrumb\",\"itemListElement\":[{\"@type\":\"ListItem\",\"position\":1,\"name\":\"Home\",\"item\":\"https:\/\/www.comav-srl.com\/\"},{\"@type\":\"ListItem\",\"position\":2,\"name\":\"V\u00e1lvulas de hoja &#8211; M\u00e1quinas especiales\"}]},{\"@type\":\"WebSite\",\"@id\":\"https:\/\/www.comav-srl.com\/en\/#website\",\"url\":\"https:\/\/www.comav-srl.com\/en\/\",\"name\":\"COMAV\",\"description\":\"Costruzioni macchine automatiche\",\"potentialAction\":[{\"@type\":\"SearchAction\",\"target\":{\"@type\":\"EntryPoint\",\"urlTemplate\":\"https:\/\/www.comav-srl.com\/en\/?s={search_term_string}\"},\"query-input\":{\"@type\":\"PropertyValueSpecification\",\"valueRequired\":true,\"valueName\":\"search_term_string\"}}],\"inLanguage\":\"es\"}]}<\/script>\n<!-- \/ Yoast SEO plugin. -->","yoast_head_json":{"title":"V\u00e1lvulas de hoja - M\u00e1quinas especiales - COMAV","robots":{"index":"index","follow":"follow","max-snippet":"max-snippet:-1","max-image-preview":"max-image-preview:large","max-video-preview":"max-video-preview:-1"},"canonical":"https:\/\/www.comav-srl.com\/es\/valvulas-de-hoja-maquinas-especiales\/","og_locale":"es_ES","og_type":"article","og_title":"V\u00e1lvulas de hoja - M\u00e1quinas especiales - COMAV","og_description":"[vc_row full_width=\u00bbstretch_row\u00bb bg_type=\u00bbimage\u00bb parallax_style=\u00bbvcpb-default\u00bb bg_image_new=\u00bbid^71|url^http:\/\/comav-srl.com\/wp-content\/uploads\/2021\/09\/sal.jpeg|caption^null|alt^null|title^sal|description^null\u00bb bg_image_repeat=\u00bbno-repeat\u00bb enable_overlay=\u00bbenable_overlay_value\u00bb overlay_color=\u00bbrgba(0,0,0,0.4)\u00bb][vc_column][\/vc_column][\/vc_row][vc_row][vc_column][\/vc_column][\/vc_row][vc_row][vc_column][vc_column_text] V\u00c1LVULAS DE HOJA &#8211; VERSIONES ESPECIALES [\/vc_column_text][\/vc_column][\/vc_row][vc_row gap=\u00bb15&#8243; equal_height=\u00bbyes\u00bb][vc_column width=\u00bb1\/3&#8243;][vc_column_text css=\u00bb.vc_custom_1638881307223{margin-bottom: 0px !important;border-bottom-width: 0px !important;padding-bottom: 15px !important;}\u00bb]VERSIONES ESPECIALES Posibilidad de realizar medidas especiales o versiones aptas para altas temperaturas. Nuestras v\u00e1lvulas de hoja pueden equiparse con sensores de posici\u00f3n para configurar la fase de interceptaci\u00f3n del flujo,&hellip;","og_url":"https:\/\/www.comav-srl.com\/es\/valvulas-de-hoja-maquinas-especiales\/","og_site_name":"COMAV","article_modified_time":"2022-04-05T08:35:00+00:00","twitter_card":"summary_large_image","twitter_misc":{"Tiempo de lectura":"2 minutos"},"schema":{"@context":"https:\/\/schema.org","@graph":[{"@type":"WebPage","@id":"https:\/\/www.comav-srl.com\/es\/valvulas-de-hoja-maquinas-especiales\/","url":"https:\/\/www.comav-srl.com\/es\/valvulas-de-hoja-maquinas-especiales\/","name":"V\u00e1lvulas de hoja - M\u00e1quinas especiales - COMAV","isPartOf":{"@id":"https:\/\/www.comav-srl.com\/en\/#website"},"datePublished":"2022-03-04T16:22:27+00:00","dateModified":"2022-04-05T08:35:00+00:00","breadcrumb":{"@id":"https:\/\/www.comav-srl.com\/es\/valvulas-de-hoja-maquinas-especiales\/#breadcrumb"},"inLanguage":"es","potentialAction":[{"@type":"ReadAction","target":["https:\/\/www.comav-srl.com\/es\/valvulas-de-hoja-maquinas-especiales\/"]}]},{"@type":"BreadcrumbList","@id":"https:\/\/www.comav-srl.com\/es\/valvulas-de-hoja-maquinas-especiales\/#breadcrumb","itemListElement":[{"@type":"ListItem","position":1,"name":"Home","item":"https:\/\/www.comav-srl.com\/"},{"@type":"ListItem","position":2,"name":"V\u00e1lvulas de hoja &#8211; M\u00e1quinas especiales"}]},{"@type":"WebSite","@id":"https:\/\/www.comav-srl.com\/en\/#website","url":"https:\/\/www.comav-srl.com\/en\/","name":"COMAV","description":"Costruzioni macchine automatiche","potentialAction":[{"@type":"SearchAction","target":{"@type":"EntryPoint","urlTemplate":"https:\/\/www.comav-srl.com\/en\/?s={search_term_string}"},"query-input":{"@type":"PropertyValueSpecification","valueRequired":true,"valueName":"search_term_string"}}],"inLanguage":"es"}]}},"_links":{"self":[{"href":"https:\/\/www.comav-srl.com\/es\/wp-json\/wp\/v2\/pages\/44498","targetHints":{"allow":["GET"]}}],"collection":[{"href":"https:\/\/www.comav-srl.com\/es\/wp-json\/wp\/v2\/pages"}],"about":[{"href":"https:\/\/www.comav-srl.com\/es\/wp-json\/wp\/v2\/types\/page"}],"author":[{"embeddable":true,"href":"https:\/\/www.comav-srl.com\/es\/wp-json\/wp\/v2\/users\/1"}],"replies":[{"embeddable":true,"href":"https:\/\/www.comav-srl.com\/es\/wp-json\/wp\/v2\/comments?post=44498"}],"version-history":[{"count":14,"href":"https:\/\/www.comav-srl.com\/es\/wp-json\/wp\/v2\/pages\/44498\/revisions"}],"predecessor-version":[{"id":47403,"href":"https:\/\/www.comav-srl.com\/es\/wp-json\/wp\/v2\/pages\/44498\/revisions\/47403"}],"wp:attachment":[{"href":"https:\/\/www.comav-srl.com\/es\/wp-json\/wp\/v2\/media?parent=44498"}],"curies":[{"name":"wp","href":"https:\/\/api.w.org\/{rel}","templated":true}]}}