{"id":44085,"date":"2022-03-04T08:22:24","date_gmt":"2022-03-04T07:22:24","guid":{"rendered":"https:\/\/www.comav-srl.com\/certificats\/"},"modified":"2024-12-03T16:26:21","modified_gmt":"2024-12-03T15:26:21","slug":"certificats","status":"publish","type":"page","link":"https:\/\/www.comav-srl.com\/fr\/certificats\/","title":{"rendered":"Certificats"},"content":{"rendered":"<div class=\"wpb-content-wrapper\"><p>[vc_row full_width=\u00a0\u00bbstretch_row\u00a0\u00bb bg_type=\u00a0\u00bbimage\u00a0\u00bb parallax_style=\u00a0\u00bbvcpb-default\u00a0\u00bb bg_image_new=\u00a0\u00bbid^41919|url^http:\/\/comav-srl.com\/wp-content\/uploads\/2022\/01\/Foto-Certificati-1.jpg|caption^null|alt^null|title^Foto Certificati (1)|description^null\u00a0\u00bb][vc_column]<div class=\"ult-spacer spacer-69f0eb0a6d66b\" data-id=\"69f0eb0a6d66b\" data-height=\"80\" data-height-mobile=\"20\" data-height-tab=\"20\" data-height-tab-portrait=\"20\" data-height-mobile-landscape=\"20\" style=\"clear:both;display:block;\"><\/div><div id=\"ultimate-heading-366969f0eb0a6d6ce\" class=\"uvc-heading ult-adjust-bottom-margin ultimate-heading-366969f0eb0a6d6ce uvc-6154 \" data-hspacer=\"no_spacer\"  data-halign=\"left\" style=\"text-align:left\"><div class=\"uvc-heading-spacer no_spacer\" style=\"top\"><\/div><div class=\"uvc-main-heading ult-responsive\"  data-ultimate-target='.uvc-heading.ultimate-heading-366969f0eb0a6d6ce h2'  data-responsive-json-new='{\"font-size\":\"desktop:48px;\",\"line-height\":\"desktop:58px;\"}' ><h2 style=\"--font-weight:theme;color:#ffffff;\">Your Partner in Bulk Material Handling<\/h2><\/div><\/div><div class=\"ult-spacer spacer-69f0eb0a6d733\" data-id=\"69f0eb0a6d733\" data-height=\"110\" data-height-mobile=\"40\" data-height-tab=\"40\" data-height-tab-portrait=\"40\" data-height-mobile-landscape=\"40\" style=\"clear:both;display:block;\"><\/div>[\/vc_column][\/vc_row][vc_row][vc_column][vc_column_text]Vu que nous proposons une large gamme de produits avec des certifications diff\u00e9rentes, seules les certifications les plus utilis\u00e9es sont \u00e9num\u00e9r\u00e9es ici. Nous vous invitons \u00e0 nous contacter en cas de demandes sp\u00e9cifiques.<br \/>\nOutre les certifications europ\u00e9ennes de base, COMAV est en mesure de prendre en charge ou de fournir des certifications sp\u00e9cifiques qui n\u00e9cessitent un processus bureaucratique complexe (comme EAC et SASO), ainsi que la conception sp\u00e9cifique de composants \u00e9lectriques en r\u00e9f\u00e9rence \u00e0 des normes nationales telles que UL508 et IECEX, avec d\u00e9livrance du certificat appropri\u00e9.<br \/>\n[\/vc_column_text][\/vc_column][\/vc_row][vc_row gap=\u00a0\u00bb25&Prime; css_animation=\u00a0\u00bbnone\u00a0\u00bb][vc_column css_animation=\u00a0\u00bbnone\u00a0\u00bb width=\u00a0\u00bb1\/2&Prime; css=\u00a0\u00bb.vc_custom_1632734529379{padding-top: 30px !important;padding-right: 30px !important;padding-bottom: 30px !important;padding-left: 30px !important;background-color: #ffffff !important;border-radius: 25px !important;}\u00a0\u00bb]<div class=\"standard-arrow list-divider bullet-top\"><p>Les composants COMAV peuvent \u00eatre\u00a0:<\/p>\n<ul>\n<li>Machines, accompagn\u00e9es de la D\u00c9CLARATION DE CONFORMIT\u00c9 CE<br \/>\n(selon la Directive europ\u00e9enne 2006\/42\/CE)<\/li>\n<li>Quasi-machines, accompagn\u00e9es de la D\u00c9CLARATION D&rsquo;INCORPORATION<br \/>\n(selon l&rsquo;ANNEXE II, partie 1, section B de la Directive europ\u00e9enne 2006\/42\/CE)<\/li>\n<\/ul>\n<p>&nbsp;<\/p>\n<p>La conformit\u00e9 de nos vannes d&rsquo;aiguillage et de nos \u00e9cluses rotatives pour le transport pneumatique est attest\u00e9e par les certificats<\/p>\n<ul>\n<li>T\u00dcV CY 19 ATEX 0206207 X (Vanne d&rsquo;aiguillage)<\/li>\n<li>T\u00dcV CY 19 ATEX 0206197 X (\u00c9cluse rotative)<\/li>\n<li>T\u00dcV CY 23 ATEX 0206850 X (Vide-sacs)<\/li>\n<li>Certificat de garantie de la qualit\u00e9 de la production<\/li>\n<li>RU 01992345 (CR TR 012)<\/li>\n<li>EAC N RU D-IT CI28B.05849\/19 (CR TR 010 en r\u00e9f\u00e9rence au R\u00e8glement<\/li>\n<li>E1935\/2004)<\/li>\n<li>EAC N RU D-IT CI28B.05853\/19 (CR TR 010)<\/li>\n<\/ul>\n<p>&nbsp;<\/p>\n<p>Toutes nos vannes et machines peuvent \u00eatre con\u00e7ues dans le respect des l\u00e9gislations de l&rsquo;Union Europ\u00e9enne (UE)\u00a0:<\/p>\n<ul>\n<li>R\u00e8glement (CE) n\u00b0\u00a01935\/2004 et mises \u00e0 jour et modifications ult\u00e9rieures<\/li>\n<li>R\u00e8glement (CE) n\u00b0\u00a02023\/2006 et mises \u00e0 jour et modifications ult\u00e9rieures<\/li>\n<li>R\u00e8glement (UE) n\u00b0\u00a010\/2011 et modifications et compl\u00e9ments ult\u00e9rieurs<\/li>\n<\/ul>\n<p>&nbsp;<\/p>\n<p>Nos vide-sacs peuvent, sur demande, \u00eatre fournis et con\u00e7us pour une classification ATEX jusqu&rsquo;\u00e0 II 1\/3D.<br \/>\nLes stations de vidage Octabin, les stations de vidage Big Bag, les convoyeurs m\u00e9caniques et autres composants sont normalement con\u00e7us dans une zone de classification II 3D mais peuvent \u00eatre fournis, le cas \u00e9ch\u00e9ant, dans le cadre de directives plus strictes.<\/p>\n<p>&nbsp;<\/p>\n<p>Outre les certifications mentionn\u00e9es, COMAV a d\u00e9pos\u00e9 des brevets sp\u00e9cifiques pour certaines machines \u00e0 haut contenu technologique.<\/p>\n<\/div>[\/vc_column][vc_column css_animation=\u00a0\u00bbnone\u00a0\u00bb width=\u00a0\u00bb1\/2&Prime; css=\u00a0\u00bb.vc_custom_1632737423069{padding-top: 30px !important;padding-right: 30px !important;padding-bottom: 30px !important;padding-left: 30px !important;background-color: rgba(138,192,230,0.12) !important;*background-color: rgb(138,192,230) !important;border-radius: 25px !important;}\u00a0\u00bb][vc_column_text]<\/p>\n<h4>ATEX<\/h4>\n<p>[\/vc_column_text]<div class=\"aio-icon-component  vc_custom_1632737021595   style_1\"><a class=\"aio-icon-box-link\" href=\"http:\/\/comav-srl.com\/wp-content\/uploads\/2021\/09\/CERTIFICATE-COMAV-AT0206207.pdf\" target=\"_blank\" rel=\"noopener\" ><div id=\"Info-box-wrap-8636\" class=\"aio-icon-box left-icon\" style=\"\"  ><div class=\"aio-icon-left\"><div class=\"ult-just-icon-wrapper  \"><div class=\"align-icon\" style=\"text-align:center;\">\n<div class=\"aio-icon none \"  style=\"color:#037caf;font-size:32px;display:inline-block;\">\n\t<i class=\"fas fa-file-pdf\"><\/i>\n<\/div><\/div><\/div><\/div><div class=\"aio-ibd-block\"><div class=\"aio-icon-header\" ><h3 class=\"aio-icon-title ult-responsive\"  data-ultimate-target='#Info-box-wrap-8636 .aio-icon-title'  data-responsive-json-new='{\"font-size\":\"\",\"line-height\":\"\"}'  style=\"\">AT0206207<\/h3><\/div> <!-- header --><\/div> <!-- aio-ibd-block --><\/div> <!-- aio-icon-box --><\/a><\/div> <!-- aio-icon-component --><div class=\"aio-icon-component  vc_custom_1632737026466   style_1\"><a class=\"aio-icon-box-link\" href=\"http:\/\/comav-srl.com\/wp-content\/uploads\/2021\/09\/CERTIFICATE-COMAV-AT0206197.pdf\" target=\"_blank\" rel=\"noopener\" ><div id=\"Info-box-wrap-7948\" class=\"aio-icon-box left-icon\" style=\"\"  ><div class=\"aio-icon-left\"><div class=\"ult-just-icon-wrapper  \"><div class=\"align-icon\" style=\"text-align:center;\">\n<div class=\"aio-icon none \"  style=\"color:#037caf;font-size:32px;display:inline-block;\">\n\t<i class=\"fas fa-file-pdf\"><\/i>\n<\/div><\/div><\/div><\/div><div class=\"aio-ibd-block\"><div class=\"aio-icon-header\" ><h3 class=\"aio-icon-title ult-responsive\"  data-ultimate-target='#Info-box-wrap-7948 .aio-icon-title'  data-responsive-json-new='{\"font-size\":\"\",\"line-height\":\"\"}'  style=\"\">AT0206197<\/h3><\/div> <!-- header --><\/div> <!-- aio-ibd-block --><\/div> <!-- aio-icon-box --><\/a><\/div> <!-- aio-icon-component --><div class=\"aio-icon-component  vc_custom_1733239578792   style_1\"><a class=\"aio-icon-box-link\" href=\"https:\/\/www.comav-srl.com\/wp-content\/uploads\/2024\/11\/343188200-DK23729507-23ExA-Fri_ATEX-QS_ZQH059_23_U1_EN.pdf\" target=\"_blank\" rel=\"noopener\" ><div id=\"Info-box-wrap-9448\" class=\"aio-icon-box left-icon\" style=\"\"  ><div class=\"aio-icon-left\"><div class=\"ult-just-icon-wrapper  \"><div class=\"align-icon\" style=\"text-align:center;\">\n<div class=\"aio-icon none \"  style=\"color:#037caf;font-size:32px;display:inline-block;\">\n\t<i class=\"fas fa-file-pdf\"><\/i>\n<\/div><\/div><\/div><\/div><div class=\"aio-ibd-block\"><div class=\"aio-icon-header\" ><h3 class=\"aio-icon-title ult-responsive\"  data-ultimate-target='#Info-box-wrap-9448 .aio-icon-title'  data-responsive-json-new='{\"font-size\":\"\",\"line-height\":\"\"}'  style=\"\">Certificat d\u2019assurance de la qualit\u00e9 de la production<\/h3><\/div> <!-- header --><\/div> <!-- aio-ibd-block --><\/div> <!-- aio-icon-box --><\/a><\/div> <!-- aio-icon-component --><div class=\"aio-icon-component  vc_custom_1733239507106   style_1\"><a class=\"aio-icon-box-link\" href=\"https:\/\/www.comav-srl.com\/wp-content\/uploads\/2023\/08\/AT0206850-X-ORIGINAL-CERTIFICATE.pdf\" target=\"_blank\" rel=\"noopener\" ><div id=\"Info-box-wrap-6396\" class=\"aio-icon-box left-icon\" style=\"\"  ><div class=\"aio-icon-left\"><div class=\"ult-just-icon-wrapper  \"><div class=\"align-icon\" style=\"text-align:center;\">\n<div class=\"aio-icon none \"  style=\"color:#037caf;font-size:32px;display:inline-block;\">\n\t<i class=\"fas fa-file-pdf\"><\/i>\n<\/div><\/div><\/div><\/div><div class=\"aio-ibd-block\"><div class=\"aio-icon-header\" ><h3 class=\"aio-icon-title ult-responsive\"  data-ultimate-target='#Info-box-wrap-6396 .aio-icon-title'  data-responsive-json-new='{\"font-size\":\"\",\"line-height\":\"\"}'  style=\"\">AT0206850 X<\/h3><\/div> <!-- header --><\/div> <!-- aio-ibd-block --><\/div> <!-- aio-icon-box --><\/a><\/div> <!-- aio-icon-component --><div class=\"ult-spacer spacer-69f0eb0a6db53\" data-id=\"69f0eb0a6db53\" data-height=\"15\" data-height-mobile=\"5\" data-height-tab=\"5\" data-height-tab-portrait=\"5\" data-height-mobile-landscape=\"5\" style=\"clear:both;display:block;\"><\/div><div class=\"ult-spacer spacer-69f0eb0a6db77\" data-id=\"69f0eb0a6db77\" data-height=\"15\" data-height-mobile=\"5\" data-height-tab=\"5\" data-height-tab-portrait=\"5\" data-height-mobile-landscape=\"5\" style=\"clear:both;display:block;\"><\/div>[vc_column_text]<\/p>\n<h4>MOCA<\/h4>\n<p>[\/vc_column_text]<div class=\"aio-icon-component  vc_custom_1632737106948   style_1\"><a class=\"aio-icon-box-link\" href=\"http:\/\/comav-srl.com\/wp-content\/uploads\/2021\/09\/DECLARATIOB-1935-EXAMPLE.pdf\" target=\"_blank\" rel=\"noopener\" ><div id=\"Info-box-wrap-8993\" class=\"aio-icon-box left-icon\" style=\"\"  ><div class=\"aio-icon-left\"><div class=\"ult-just-icon-wrapper  \"><div class=\"align-icon\" style=\"text-align:center;\">\n<div class=\"aio-icon none \"  style=\"color:#037caf;font-size:32px;display:inline-block;\">\n\t<i class=\"fas fa-file-pdf\"><\/i>\n<\/div><\/div><\/div><\/div><div class=\"aio-ibd-block\"><div class=\"aio-icon-header\" ><h3 class=\"aio-icon-title ult-responsive\"  data-ultimate-target='#Info-box-wrap-8993 .aio-icon-title'  data-responsive-json-new='{\"font-size\":\"\",\"line-height\":\"\"}'  style=\"\">DECLARATIOB 1935 - EXAMPLE<\/h3><\/div> <!-- header --><\/div> <!-- aio-ibd-block --><\/div> <!-- aio-icon-box --><\/a><\/div> <!-- aio-icon-component --><div class=\"ult-spacer spacer-69f0eb0a6dc24\" data-id=\"69f0eb0a6dc24\" data-height=\"15\" data-height-mobile=\"5\" data-height-tab=\"5\" data-height-tab-portrait=\"5\" data-height-mobile-landscape=\"5\" style=\"clear:both;display:block;\"><\/div><div class=\"ult-spacer spacer-69f0eb0a6dc44\" data-id=\"69f0eb0a6dc44\" data-height=\"15\" data-height-mobile=\"5\" data-height-tab=\"5\" data-height-tab-portrait=\"5\" data-height-mobile-landscape=\"5\" style=\"clear:both;display:block;\"><\/div>[vc_column_text]<\/p>\n<h4>EAC<\/h4>\n<p>[\/vc_column_text]<div class=\"aio-icon-component  vc_custom_1632737211006   style_1\"><a class=\"aio-icon-box-link\" href=\"http:\/\/comav-srl.com\/wp-content\/uploads\/2021\/09\/\u0415\u0410\u042d\u0421-N-RU-\u0414-IT.\u0421\u041f28.\u0412.05853_19.pdf\" target=\"_blank\" rel=\"noopener\" ><div id=\"Info-box-wrap-6700\" class=\"aio-icon-box left-icon\" style=\"\"  ><div class=\"aio-icon-left\"><div class=\"ult-just-icon-wrapper  \"><div class=\"align-icon\" style=\"text-align:center;\">\n<div class=\"aio-icon none \"  style=\"color:#037caf;font-size:32px;display:inline-block;\">\n\t<i class=\"fas fa-file-pdf\"><\/i>\n<\/div><\/div><\/div><\/div><div class=\"aio-ibd-block\"><div class=\"aio-icon-header\" ><h3 class=\"aio-icon-title ult-responsive\"  data-ultimate-target='#Info-box-wrap-6700 .aio-icon-title'  data-responsive-json-new='{\"font-size\":\"\",\"line-height\":\"\"}'  style=\"\">\u0415\u0410\u042d\u0421 N RU \u0414-IT.\u0421\u041f28.\u0412.05853_19<\/h3><\/div> <!-- header --><\/div> <!-- aio-ibd-block --><\/div> <!-- aio-icon-box --><\/a><\/div> <!-- aio-icon-component --><div class=\"aio-icon-component  vc_custom_1632737227936   style_1\"><a class=\"aio-icon-box-link\" href=\"http:\/\/comav-srl.com\/wp-content\/uploads\/2021\/09\/\u0415\u0410\u042d\u0421-N-RU-\u0414-IT.\u0421\u041f28.\u0412.05849_19.pdf\" target=\"_blank\" rel=\"noopener\" ><div id=\"Info-box-wrap-9999\" class=\"aio-icon-box left-icon\" style=\"\"  ><div class=\"aio-icon-left\"><div class=\"ult-just-icon-wrapper  \"><div class=\"align-icon\" style=\"text-align:center;\">\n<div class=\"aio-icon none \"  style=\"color:#037caf;font-size:32px;display:inline-block;\">\n\t<i class=\"fas fa-file-pdf\"><\/i>\n<\/div><\/div><\/div><\/div><div class=\"aio-ibd-block\"><div class=\"aio-icon-header\" ><h3 class=\"aio-icon-title ult-responsive\"  data-ultimate-target='#Info-box-wrap-9999 .aio-icon-title'  data-responsive-json-new='{\"font-size\":\"\",\"line-height\":\"\"}'  style=\"\">\u0415\u0410\u042d\u0421 N RU \u0414-IT.\u0421\u041f28.\u0412.05849_19<\/h3><\/div> <!-- header --><\/div> <!-- aio-ibd-block --><\/div> <!-- aio-icon-box --><\/a><\/div> <!-- aio-icon-component --><div class=\"aio-icon-component  vc_custom_1632737338277   style_1\"><a class=\"aio-icon-box-link\" href=\"http:\/\/comav-srl.com\/wp-content\/uploads\/2021\/09\/RU-C-IT.\u0412\u041d02.\u0412.00252_19_compressed.pdf\" target=\"_blank\" rel=\"noopener\" ><div id=\"Info-box-wrap-3557\" class=\"aio-icon-box left-icon\" style=\"\"  ><div class=\"aio-icon-left\"><div class=\"ult-just-icon-wrapper  \"><div class=\"align-icon\" style=\"text-align:center;\">\n<div class=\"aio-icon none \"  style=\"color:#037caf;font-size:32px;display:inline-block;\">\n\t<i class=\"fas fa-file-pdf\"><\/i>\n<\/div><\/div><\/div><\/div><div class=\"aio-ibd-block\"><div class=\"aio-icon-header\" ><h3 class=\"aio-icon-title ult-responsive\"  data-ultimate-target='#Info-box-wrap-3557 .aio-icon-title'  data-responsive-json-new='{\"font-size\":\"\",\"line-height\":\"\"}'  style=\"\">RU C-IT.\u0412\u041d02.\u0412.00252_19<\/h3><\/div> <!-- header --><\/div> <!-- aio-ibd-block --><\/div> <!-- aio-icon-box --><\/a><\/div> <!-- aio-icon-component -->[\/vc_column][\/vc_row]<\/p>\n<\/div>","protected":false},"excerpt":{"rendered":"<p>[vc_row full_width=\u00a0\u00bbstretch_row\u00a0\u00bb bg_type=\u00a0\u00bbimage\u00a0\u00bb parallax_style=\u00a0\u00bbvcpb-default\u00a0\u00bb bg_image_new=\u00a0\u00bbid^41919|url^http:\/\/comav-srl.com\/wp-content\/uploads\/2022\/01\/Foto-Certificati-1.jpg|caption^null|alt^null|title^Foto Certificati (1)|description^null\u00a0\u00bb][vc_column][\/vc_column][\/vc_row][vc_row][vc_column][vc_column_text]Vu que nous proposons une large gamme de produits avec des certifications diff\u00e9rentes, seules les certifications les plus utilis\u00e9es sont \u00e9num\u00e9r\u00e9es ici. Nous vous invitons \u00e0 nous contacter en cas de demandes sp\u00e9cifiques. Outre les certifications europ\u00e9ennes de base, COMAV est en mesure de prendre en charge ou de&hellip;<\/p>\n","protected":false},"author":1,"featured_media":0,"parent":0,"menu_order":0,"comment_status":"closed","ping_status":"closed","template":"","meta":{"footnotes":""},"class_list":["post-44085","page","type-page","status-publish","hentry","description-off"],"yoast_head":"<!-- This site is optimized with the Yoast SEO plugin v27.2 - https:\/\/yoast.com\/product\/yoast-seo-wordpress\/ -->\n<title>Certifications des machines et composants | Comav Srl<\/title>\n<meta name=\"description\" content=\"Certifications et d\u00e9clarations de conformit\u00e9 pour les machines et les composants de manutention de mat\u00e9riaux en vrac produits par Comav Srl.\" \/>\n<meta name=\"robots\" content=\"index, follow, max-snippet:-1, max-image-preview:large, max-video-preview:-1\" \/>\n<link rel=\"canonical\" href=\"https:\/\/www.comav-srl.com\/fr\/certificats\/\" \/>\n<meta property=\"og:locale\" content=\"fr_FR\" \/>\n<meta property=\"og:type\" content=\"article\" \/>\n<meta property=\"og:title\" content=\"Certifications des machines et composants | Comav Srl\" \/>\n<meta property=\"og:description\" content=\"Certifications et d\u00e9clarations de conformit\u00e9 pour les machines et les composants de manutention de mat\u00e9riaux en vrac produits par Comav Srl.\" \/>\n<meta property=\"og:url\" content=\"https:\/\/www.comav-srl.com\/fr\/certificats\/\" \/>\n<meta property=\"og:site_name\" content=\"COMAV\" \/>\n<meta property=\"article:modified_time\" content=\"2024-12-03T15:26:21+00:00\" \/>\n<meta name=\"twitter:card\" content=\"summary_large_image\" \/>\n<meta name=\"twitter:label1\" content=\"Dur\u00e9e de lecture estim\u00e9e\" \/>\n\t<meta name=\"twitter:data1\" content=\"3 minutes\" \/>\n<script type=\"application\/ld+json\" class=\"yoast-schema-graph\">{\"@context\":\"https:\/\/schema.org\",\"@graph\":[{\"@type\":\"WebPage\",\"@id\":\"https:\/\/www.comav-srl.com\/fr\/certificats\/\",\"url\":\"https:\/\/www.comav-srl.com\/fr\/certificats\/\",\"name\":\"Certifications des machines et composants | Comav Srl\",\"isPartOf\":{\"@id\":\"https:\/\/www.comav-srl.com\/en\/#website\"},\"datePublished\":\"2022-03-04T07:22:24+00:00\",\"dateModified\":\"2024-12-03T15:26:21+00:00\",\"description\":\"Certifications et d\u00e9clarations de conformit\u00e9 pour les machines et les composants de manutention de mat\u00e9riaux en vrac produits par Comav Srl.\",\"breadcrumb\":{\"@id\":\"https:\/\/www.comav-srl.com\/fr\/certificats\/#breadcrumb\"},\"inLanguage\":\"fr-FR\",\"potentialAction\":[{\"@type\":\"ReadAction\",\"target\":[\"https:\/\/www.comav-srl.com\/fr\/certificats\/\"]}]},{\"@type\":\"BreadcrumbList\",\"@id\":\"https:\/\/www.comav-srl.com\/fr\/certificats\/#breadcrumb\",\"itemListElement\":[{\"@type\":\"ListItem\",\"position\":1,\"name\":\"Home\",\"item\":\"https:\/\/www.comav-srl.com\/\"},{\"@type\":\"ListItem\",\"position\":2,\"name\":\"Certificats\"}]},{\"@type\":\"WebSite\",\"@id\":\"https:\/\/www.comav-srl.com\/en\/#website\",\"url\":\"https:\/\/www.comav-srl.com\/en\/\",\"name\":\"COMAV\",\"description\":\"Costruzioni macchine automatiche\",\"potentialAction\":[{\"@type\":\"SearchAction\",\"target\":{\"@type\":\"EntryPoint\",\"urlTemplate\":\"https:\/\/www.comav-srl.com\/en\/?s={search_term_string}\"},\"query-input\":{\"@type\":\"PropertyValueSpecification\",\"valueRequired\":true,\"valueName\":\"search_term_string\"}}],\"inLanguage\":\"fr-FR\"}]}<\/script>\n<!-- \/ Yoast SEO plugin. -->","yoast_head_json":{"title":"Certifications des machines et composants | Comav Srl","description":"Certifications et d\u00e9clarations de conformit\u00e9 pour les machines et les composants de manutention de mat\u00e9riaux en vrac produits par Comav Srl.","robots":{"index":"index","follow":"follow","max-snippet":"max-snippet:-1","max-image-preview":"max-image-preview:large","max-video-preview":"max-video-preview:-1"},"canonical":"https:\/\/www.comav-srl.com\/fr\/certificats\/","og_locale":"fr_FR","og_type":"article","og_title":"Certifications des machines et composants | Comav Srl","og_description":"Certifications et d\u00e9clarations de conformit\u00e9 pour les machines et les composants de manutention de mat\u00e9riaux en vrac produits par Comav Srl.","og_url":"https:\/\/www.comav-srl.com\/fr\/certificats\/","og_site_name":"COMAV","article_modified_time":"2024-12-03T15:26:21+00:00","twitter_card":"summary_large_image","twitter_misc":{"Dur\u00e9e de lecture estim\u00e9e":"3 minutes"},"schema":{"@context":"https:\/\/schema.org","@graph":[{"@type":"WebPage","@id":"https:\/\/www.comav-srl.com\/fr\/certificats\/","url":"https:\/\/www.comav-srl.com\/fr\/certificats\/","name":"Certifications des machines et composants | Comav Srl","isPartOf":{"@id":"https:\/\/www.comav-srl.com\/en\/#website"},"datePublished":"2022-03-04T07:22:24+00:00","dateModified":"2024-12-03T15:26:21+00:00","description":"Certifications et d\u00e9clarations de conformit\u00e9 pour les machines et les composants de manutention de mat\u00e9riaux en vrac produits par Comav Srl.","breadcrumb":{"@id":"https:\/\/www.comav-srl.com\/fr\/certificats\/#breadcrumb"},"inLanguage":"fr-FR","potentialAction":[{"@type":"ReadAction","target":["https:\/\/www.comav-srl.com\/fr\/certificats\/"]}]},{"@type":"BreadcrumbList","@id":"https:\/\/www.comav-srl.com\/fr\/certificats\/#breadcrumb","itemListElement":[{"@type":"ListItem","position":1,"name":"Home","item":"https:\/\/www.comav-srl.com\/"},{"@type":"ListItem","position":2,"name":"Certificats"}]},{"@type":"WebSite","@id":"https:\/\/www.comav-srl.com\/en\/#website","url":"https:\/\/www.comav-srl.com\/en\/","name":"COMAV","description":"Costruzioni macchine automatiche","potentialAction":[{"@type":"SearchAction","target":{"@type":"EntryPoint","urlTemplate":"https:\/\/www.comav-srl.com\/en\/?s={search_term_string}"},"query-input":{"@type":"PropertyValueSpecification","valueRequired":true,"valueName":"search_term_string"}}],"inLanguage":"fr-FR"}]}},"_links":{"self":[{"href":"https:\/\/www.comav-srl.com\/fr\/wp-json\/wp\/v2\/pages\/44085","targetHints":{"allow":["GET"]}}],"collection":[{"href":"https:\/\/www.comav-srl.com\/fr\/wp-json\/wp\/v2\/pages"}],"about":[{"href":"https:\/\/www.comav-srl.com\/fr\/wp-json\/wp\/v2\/types\/page"}],"author":[{"embeddable":true,"href":"https:\/\/www.comav-srl.com\/fr\/wp-json\/wp\/v2\/users\/1"}],"replies":[{"embeddable":true,"href":"https:\/\/www.comav-srl.com\/fr\/wp-json\/wp\/v2\/comments?post=44085"}],"version-history":[{"count":10,"href":"https:\/\/www.comav-srl.com\/fr\/wp-json\/wp\/v2\/pages\/44085\/revisions"}],"predecessor-version":[{"id":48331,"href":"https:\/\/www.comav-srl.com\/fr\/wp-json\/wp\/v2\/pages\/44085\/revisions\/48331"}],"wp:attachment":[{"href":"https:\/\/www.comav-srl.com\/fr\/wp-json\/wp\/v2\/media?parent=44085"}],"curies":[{"name":"wp","href":"https:\/\/api.w.org\/{rel}","templated":true}]}}