{"id":44103,"date":"2022-03-04T08:22:59","date_gmt":"2022-03-04T07:22:59","guid":{"rendered":"https:\/\/www.comav-srl.com\/vide-sacs-etude-de-cas\/"},"modified":"2022-04-06T15:13:15","modified_gmt":"2022-04-06T13:13:15","slug":"vide-sacs-etude-de-cas","status":"publish","type":"page","link":"https:\/\/www.comav-srl.com\/fr\/vide-sacs-etude-de-cas\/","title":{"rendered":"Vide-sacs &#8211; \u00c9tude de cas"},"content":{"rendered":"<div class=\"wpb-content-wrapper\"><p>[vc_row full_width=\u00a0\u00bbstretch_row\u00a0\u00bb bg_type=\u00a0\u00bbbg_color\u00a0\u00bb bg_color_value=\u00a0\u00bb#02688c\u00a0\u00bb][vc_column]<div class=\"ult-spacer spacer-69f4f3c56f12d\" data-id=\"69f4f3c56f12d\" data-height=\"80\" data-height-mobile=\"20\" data-height-tab=\"20\" data-height-tab-portrait=\"20\" data-height-mobile-landscape=\"20\" style=\"clear:both;display:block;\"><\/div><div id=\"ultimate-heading-487069f4f3c56f1ab\" class=\"uvc-heading ult-adjust-bottom-margin ultimate-heading-487069f4f3c56f1ab uvc-1700 \" data-hspacer=\"no_spacer\"  data-halign=\"left\" style=\"text-align:left\"><div class=\"uvc-heading-spacer no_spacer\" style=\"top\"><\/div><div class=\"uvc-main-heading ult-responsive\"  data-ultimate-target='.uvc-heading.ultimate-heading-487069f4f3c56f1ab h2'  data-responsive-json-new='{\"font-size\":\"desktop:48px;\",\"line-height\":\"desktop:58px;\"}' ><h2 style=\"--font-weight:theme;color:#ffffff;\">Vide-sacs - \u00c9tude de cas<\/h2><\/div><\/div><div class=\"ult-spacer spacer-69f4f3c56f240\" data-id=\"69f4f3c56f240\" data-height=\"110\" data-height-mobile=\"40\" data-height-tab=\"40\" data-height-tab-portrait=\"40\" data-height-mobile-landscape=\"40\" style=\"clear:both;display:block;\"><\/div>[\/vc_column][\/vc_row][vc_row][vc_column][vc_column_text]L&rsquo;un des piliers de notre politique d&rsquo;entreprise est la diffusion de l&rsquo;exp\u00e9rience technique accumul\u00e9e depuis plus de 40\u00a0ans de conception sur tous les principaux march\u00e9s industriels.<\/p>\n<p>Nous ne nous basons pas seulement sur l&rsquo;\u00e9tude m\u00e9canique de la machine, mais nous l&rsquo;int\u00e9grons dans le processus de production du client afin que la ligne de production b\u00e9n\u00e9ficie pleinement de ses caract\u00e9ristiques de conception.<br \/>\nNous n&rsquo;indiquons ci-apr\u00e8s que les principaux projets \u00e9tudi\u00e9s et pr\u00eats \u00e0 \u00eatre r\u00e9alis\u00e9s. Il serait impensable de pr\u00e9senter toute notre exp\u00e9rience dans une base de donn\u00e9es visuelle. C&rsquo;est pourquoi nous vous invitons \u00e0 nous contacter pour toute demande.<br \/>\n[\/vc_column_text][\/vc_column][\/vc_row][vc_row][vc_column]<div class=\"ult-spacer spacer-69f4f3c56f277\" data-id=\"69f4f3c56f277\" data-height=\"20\" data-height-mobile=\"10\" data-height-tab=\"10\" data-height-tab-portrait=\"10\" data-height-mobile-landscape=\"10\" style=\"clear:both;display:block;\"><\/div>[\/vc_column][\/vc_row][vc_row gap=\u00a0\u00bb15&Prime; equal_height=\u00a0\u00bbyes\u00a0\u00bb][vc_column width=\u00a0\u00bb1\/3&Prime;][vc_single_image image=\u00a0\u00bb42243&Prime; img_size=\u00a0\u00bbfull\u00a0\u00bb][vc_column_text css=\u00a0\u00bb.vc_custom_1644328804131{margin-bottom: 0px !important;border-bottom-width: 0px !important;padding-bottom: 15px !important;}\u00a0\u00bb]<\/p>\n<h4>SVR150 ON PLATFORM<\/h4>\n<p>[\/vc_column_text]<style type=\"text\/css\" data-type=\"the7_shortcodes-inline-css\">#default-btn-968ae9ae88c4f1742ce78726dd257e90.ico-right-side > i {\n  margin-right: 0px;\n  margin-left: 8px;\n}\n#default-btn-968ae9ae88c4f1742ce78726dd257e90 > i {\n  margin-right: 8px;\n}<\/style><a href=\"http:\/\/comav-srl.com\/wp-content\/uploads\/2021\/10\/00012915.pdf\" class=\"default-btn-shortcode dt-btn dt-btn-s link-hover-off btn-inline-left  vc_custom_1649250749644\" target=\"_blank\" id=\"default-btn-968ae9ae88c4f1742ce78726dd257e90\" rel=\"noopener\"><span>Fiche technique<\/span><\/a>[\/vc_column][vc_column width=\u00a0\u00bb1\/3&Prime;][vc_single_image image=\u00a0\u00bb42244&Prime; img_size=\u00a0\u00bbfull\u00a0\u00bb][vc_column_text css=\u00a0\u00bb.vc_custom_1644328808031{margin-bottom: 0px !important;border-bottom-width: 0px !important;padding-bottom: 15px !important;}\u00a0\u00bb]<\/p>\n<h4>SVC 100 REV.1<\/h4>\n<p>[\/vc_column_text]<style type=\"text\/css\" data-type=\"the7_shortcodes-inline-css\">#default-btn-3885a3a18c7d7df2aa766b279dd53c11.ico-right-side > i {\n  margin-right: 0px;\n  margin-left: 8px;\n}\n#default-btn-3885a3a18c7d7df2aa766b279dd53c11 > i {\n  margin-right: 8px;\n}<\/style><a href=\"http:\/\/comav-srl.com\/wp-content\/uploads\/2021\/10\/SVR-MINI-SLIT_ROBOT_PC.pdf\" class=\"default-btn-shortcode dt-btn dt-btn-s link-hover-off btn-inline-left  vc_custom_1649250753960\" target=\"_blank\" id=\"default-btn-3885a3a18c7d7df2aa766b279dd53c11\" rel=\"noopener\"><span>Fiche technique<\/span><\/a>[\/vc_column][vc_column width=\u00a0\u00bb1\/3&Prime;][vc_single_image image=\u00a0\u00bb42245&Prime; img_size=\u00a0\u00bbfull\u00a0\u00bb][vc_column_text css=\u00a0\u00bb.vc_custom_1644328812215{margin-bottom: 0px !important;border-bottom-width: 0px !important;padding-bottom: 15px !important;}\u00a0\u00bb]<\/p>\n<h4>3.00.4023.SVR 600 DEPA+HP+SC FILLING TANK TRUCK<\/h4>\n<p>[\/vc_column_text]<style type=\"text\/css\" data-type=\"the7_shortcodes-inline-css\">#default-btn-e4f2a76fa791e36fff5d0bd41bbae6ac.ico-right-side > i {\n  margin-right: 0px;\n  margin-left: 8px;\n}\n#default-btn-e4f2a76fa791e36fff5d0bd41bbae6ac > i {\n  margin-right: 8px;\n}<\/style><a href=\"http:\/\/comav-srl.com\/wp-content\/uploads\/2021\/10\/00011524-SVR-DEPA-WITH-TARARA..pdf\" class=\"default-btn-shortcode dt-btn dt-btn-s link-hover-off btn-inline-left  vc_custom_1649250757611\" target=\"_blank\" id=\"default-btn-e4f2a76fa791e36fff5d0bd41bbae6ac\" rel=\"noopener\"><span>Fiche technique<\/span><\/a>[\/vc_column][\/vc_row][vc_row][vc_column]<div class=\"ult-spacer spacer-69f4f3c56f4a3\" data-id=\"69f4f3c56f4a3\" data-height=\"20\" data-height-mobile=\"10\" data-height-tab=\"10\" data-height-tab-portrait=\"10\" data-height-mobile-landscape=\"10\" style=\"clear:both;display:block;\"><\/div>[\/vc_column][\/vc_row][vc_row gap=\u00a0\u00bb15&Prime; equal_height=\u00a0\u00bbyes\u00a0\u00bb][vc_column width=\u00a0\u00bb1\/3&Prime;][vc_single_image image=\u00a0\u00bb42247&Prime; img_size=\u00a0\u00bbfull\u00a0\u00bb][vc_column_text css=\u00a0\u00bb.vc_custom_1644328816852{margin-bottom: 0px !important;border-bottom-width: 0px !important;padding-bottom: 15px !important;}\u00a0\u00bb]<\/p>\n<h4>SVR 1000 DEPA WITH PC FOR FILLING TANK TRUCK<\/h4>\n<p>[\/vc_column_text]<style type=\"text\/css\" data-type=\"the7_shortcodes-inline-css\">#default-btn-79c21396646f5ccd152fd704218e86d2.ico-right-side > i {\n  margin-right: 0px;\n  margin-left: 8px;\n}\n#default-btn-79c21396646f5ccd152fd704218e86d2 > i {\n  margin-right: 8px;\n}<\/style><a href=\"http:\/\/comav-srl.com\/wp-content\/uploads\/2021\/10\/00012915.pdf\" class=\"default-btn-shortcode dt-btn dt-btn-s link-hover-off btn-inline-left  vc_custom_1649250762110\" target=\"_blank\" id=\"default-btn-79c21396646f5ccd152fd704218e86d2\" rel=\"noopener\"><span>Fiche technique<\/span><\/a>[\/vc_column][vc_column width=\u00a0\u00bb1\/3&Prime;][vc_single_image image=\u00a0\u00bb42248&Prime; img_size=\u00a0\u00bbfull\u00a0\u00bb][vc_column_text css=\u00a0\u00bb.vc_custom_1644328820349{margin-bottom: 0px !important;border-bottom-width: 0px !important;padding-bottom: 15px !important;}\u00a0\u00bb]<\/p>\n<h4>SVR 1000 DEPA WITH FULL PALLET UNIT AND EMPTY STACKER+PC FOR FILLING TANK TRUCK<\/h4>\n<p>[\/vc_column_text]<style type=\"text\/css\" data-type=\"the7_shortcodes-inline-css\">#default-btn-9633b7295892c6f491f7709cffcaf436.ico-right-side > i {\n  margin-right: 0px;\n  margin-left: 8px;\n}\n#default-btn-9633b7295892c6f491f7709cffcaf436 > i {\n  margin-right: 8px;\n}<\/style><a href=\"http:\/\/comav-srl.com\/wp-content\/uploads\/2021\/10\/SVR-MINI-SLIT_ROBOT_PC.pdf\" class=\"default-btn-shortcode dt-btn dt-btn-s link-hover-off btn-inline-left  vc_custom_1649250766210\" target=\"_blank\" id=\"default-btn-9633b7295892c6f491f7709cffcaf436\" rel=\"noopener\"><span>Fiche technique<\/span><\/a>[\/vc_column][vc_column width=\u00a0\u00bb1\/3&Prime;][vc_single_image image=\u00a0\u00bb42249&Prime; img_size=\u00a0\u00bbfull\u00a0\u00bb][vc_column_text css=\u00a0\u00bb.vc_custom_1644328823931{margin-bottom: 0px !important;border-bottom-width: 0px !important;padding-bottom: 15px !important;}\u00a0\u00bb]<\/p>\n<h4>SVR DEPA DOUBLE FILLING BIG BAG AND TANK TRUCK<\/h4>\n<p>[\/vc_column_text]<style type=\"text\/css\" data-type=\"the7_shortcodes-inline-css\">#default-btn-2dec3e77618b9496605b1926cefef12b.ico-right-side > i {\n  margin-right: 0px;\n  margin-left: 8px;\n}\n#default-btn-2dec3e77618b9496605b1926cefef12b > i {\n  margin-right: 8px;\n}<\/style><a href=\"http:\/\/comav-srl.com\/wp-content\/uploads\/2021\/10\/00011524-SVR-DEPA-WITH-TARARA..pdf\" class=\"default-btn-shortcode dt-btn dt-btn-s link-hover-off btn-inline-left  vc_custom_1649250770362\" target=\"_blank\" id=\"default-btn-2dec3e77618b9496605b1926cefef12b\" rel=\"noopener\"><span>Fiche technique<\/span><\/a>[\/vc_column][\/vc_row][vc_row][vc_column]<div class=\"ult-spacer spacer-69f4f3c56f625\" data-id=\"69f4f3c56f625\" data-height=\"20\" data-height-mobile=\"10\" data-height-tab=\"10\" data-height-tab-portrait=\"10\" data-height-mobile-landscape=\"10\" style=\"clear:both;display:block;\"><\/div>[\/vc_column][\/vc_row][vc_row gap=\u00a0\u00bb15&Prime; equal_height=\u00a0\u00bbyes\u00a0\u00bb][vc_column width=\u00a0\u00bb1\/3&Prime;][vc_single_image image=\u00a0\u00bb42250&Prime; img_size=\u00a0\u00bbfull\u00a0\u00bb][vc_column_text css=\u00a0\u00bb.vc_custom_1644328828764{margin-bottom: 0px !important;border-bottom-width: 0px !important;padding-bottom: 15px !important;}\u00a0\u00bb]<\/p>\n<h4>SVR1000 DEPA+FULL PALLET UNIT+EMPTY STACKER+GRAVITY PLATFORM FOR FILLING TANK TRUCK<\/h4>\n<p>[\/vc_column_text]<style type=\"text\/css\" data-type=\"the7_shortcodes-inline-css\">#default-btn-892af0dd85c434afc246c621eb5200cc.ico-right-side > i {\n  margin-right: 0px;\n  margin-left: 8px;\n}\n#default-btn-892af0dd85c434afc246c621eb5200cc > i {\n  margin-right: 8px;\n}<\/style><a href=\"http:\/\/comav-srl.com\/wp-content\/uploads\/2021\/10\/00012915.pdf\" class=\"default-btn-shortcode dt-btn dt-btn-s link-hover-off btn-inline-left  vc_custom_1649250774493\" target=\"_blank\" id=\"default-btn-892af0dd85c434afc246c621eb5200cc\" rel=\"noopener\"><span>Fiche technique<\/span><\/a>[\/vc_column][vc_column width=\u00a0\u00bb1\/3&Prime;][vc_single_image image=\u00a0\u00bb42251&Prime; img_size=\u00a0\u00bbfull\u00a0\u00bb][vc_column_text css=\u00a0\u00bb.vc_custom_1644328832547{margin-bottom: 0px !important;border-bottom-width: 0px !important;padding-bottom: 15px !important;}\u00a0\u00bb]<\/p>\n<h4>00011524-SVR DEPA WITH TARARA.<\/h4>\n<p>[\/vc_column_text]<style type=\"text\/css\" data-type=\"the7_shortcodes-inline-css\">#default-btn-a494cf2d563ba55d26408446793ea127.ico-right-side > i {\n  margin-right: 0px;\n  margin-left: 8px;\n}\n#default-btn-a494cf2d563ba55d26408446793ea127 > i {\n  margin-right: 8px;\n}<\/style><a href=\"http:\/\/comav-srl.com\/wp-content\/uploads\/2021\/10\/00011524-SVR-DEPA-WITH-TARARA..pdf\" class=\"default-btn-shortcode dt-btn dt-btn-s link-hover-off btn-inline-left  vc_custom_1649250778194\" target=\"_blank\" id=\"default-btn-a494cf2d563ba55d26408446793ea127\" rel=\"noopener\"><span>Fiche technique<\/span><\/a>[\/vc_column][\/vc_row][vc_row][vc_column]<div class=\"ult-spacer spacer-69f4f3c56f726\" data-id=\"69f4f3c56f726\" data-height=\"20\" data-height-mobile=\"10\" data-height-tab=\"10\" data-height-tab-portrait=\"10\" data-height-mobile-landscape=\"10\" style=\"clear:both;display:block;\"><\/div>[\/vc_column][\/vc_row][vc_row gap=\u00a0\u00bb15&Prime; equal_height=\u00a0\u00bbyes\u00a0\u00bb][vc_column width=\u00a0\u00bb1\/3&Prime;][vc_single_image image=\u00a0\u00bb42252&Prime; img_size=\u00a0\u00bbfull\u00a0\u00bb][vc_column_text css=\u00a0\u00bb.vc_custom_1644328837434{margin-bottom: 0px !important;border-bottom-width: 0px !important;padding-bottom: 15px !important;}\u00a0\u00bb]<\/p>\n<h4>SVR MINI SLIT_ROBOT_PC<\/h4>\n<p>[\/vc_column_text]<style type=\"text\/css\" data-type=\"the7_shortcodes-inline-css\">#default-btn-fb698bb84b13870e48d15418076c8bf2.ico-right-side > i {\n  margin-right: 0px;\n  margin-left: 8px;\n}\n#default-btn-fb698bb84b13870e48d15418076c8bf2 > i {\n  margin-right: 8px;\n}<\/style><a href=\"http:\/\/comav-srl.com\/wp-content\/uploads\/2021\/10\/00012915.pdf\" class=\"default-btn-shortcode dt-btn dt-btn-s link-hover-off btn-inline-left  vc_custom_1649250782559\" target=\"_blank\" id=\"default-btn-fb698bb84b13870e48d15418076c8bf2\" rel=\"noopener\"><span>Fiche technique<\/span><\/a>[\/vc_column][vc_column width=\u00a0\u00bb1\/3&Prime;][vc_single_image image=\u00a0\u00bb42255&Prime; img_size=\u00a0\u00bbfull\u00a0\u00bb][vc_column_text css=\u00a0\u00bb.vc_custom_1644328840997{margin-bottom: 0px !important;border-bottom-width: 0px !important;padding-bottom: 15px !important;}\u00a0\u00bb]<\/p>\n<h4>00012438<\/h4>\n<p>[\/vc_column_text]<style type=\"text\/css\" data-type=\"the7_shortcodes-inline-css\">#default-btn-30121995d256ba977c3d20ea410d63f1.ico-right-side > i {\n  margin-right: 0px;\n  margin-left: 8px;\n}\n#default-btn-30121995d256ba977c3d20ea410d63f1 > i {\n  margin-right: 8px;\n}<\/style><a href=\"http:\/\/comav-srl.com\/wp-content\/uploads\/2021\/10\/SVR-MINI-SLIT_ROBOT_PC.pdf\" class=\"default-btn-shortcode dt-btn dt-btn-s link-hover-off btn-inline-left  vc_custom_1649250786444\" target=\"_blank\" id=\"default-btn-30121995d256ba977c3d20ea410d63f1\" rel=\"noopener\"><span>Fiche technique<\/span><\/a>[\/vc_column][vc_column width=\u00a0\u00bb1\/3&Prime;][vc_single_image image=\u00a0\u00bb42256&Prime; img_size=\u00a0\u00bbfull\u00a0\u00bb][vc_column_text css=\u00a0\u00bb.vc_custom_1644328844914{margin-bottom: 0px !important;border-bottom-width: 0px !important;padding-bottom: 15px !important;}\u00a0\u00bb]<\/p>\n<h4>00012915<\/h4>\n<p>[\/vc_column_text]<style type=\"text\/css\" data-type=\"the7_shortcodes-inline-css\">#default-btn-8f45ed097736a503298076431d4651e3.ico-right-side > i {\n  margin-right: 0px;\n  margin-left: 8px;\n}\n#default-btn-8f45ed097736a503298076431d4651e3 > i {\n  margin-right: 8px;\n}<\/style><a href=\"http:\/\/comav-srl.com\/wp-content\/uploads\/2021\/10\/00011524-SVR-DEPA-WITH-TARARA..pdf\" class=\"default-btn-shortcode dt-btn dt-btn-s link-hover-off btn-inline-left  vc_custom_1649250790360\" target=\"_blank\" id=\"default-btn-8f45ed097736a503298076431d4651e3\" rel=\"noopener\"><span>Fiche technique<\/span><\/a>[\/vc_column][\/vc_row][vc_row][vc_column]<div class=\"ult-spacer spacer-69f4f3c56f8ac\" data-id=\"69f4f3c56f8ac\" data-height=\"20\" data-height-mobile=\"10\" data-height-tab=\"10\" data-height-tab-portrait=\"10\" data-height-mobile-landscape=\"10\" style=\"clear:both;display:block;\"><\/div>[\/vc_column][\/vc_row]<\/p>\n<\/div>","protected":false},"excerpt":{"rendered":"<p>[vc_row full_width=\u00a0\u00bbstretch_row\u00a0\u00bb bg_type=\u00a0\u00bbbg_color\u00a0\u00bb bg_color_value=\u00a0\u00bb#02688c\u00a0\u00bb][vc_column][\/vc_column][\/vc_row][vc_row][vc_column][vc_column_text]L&rsquo;un des piliers de notre politique d&rsquo;entreprise est la diffusion de l&rsquo;exp\u00e9rience technique accumul\u00e9e depuis plus de 40\u00a0ans de conception sur tous les principaux march\u00e9s industriels. Nous ne nous basons pas seulement sur l&rsquo;\u00e9tude m\u00e9canique de la machine, mais nous l&rsquo;int\u00e9grons dans le processus de production du client afin que la ligne&hellip;<\/p>\n","protected":false},"author":1,"featured_media":0,"parent":0,"menu_order":0,"comment_status":"closed","ping_status":"closed","template":"","meta":{"footnotes":""},"class_list":["post-44103","page","type-page","status-publish","hentry","description-off"],"yoast_head":"<!-- This site is optimized with the Yoast SEO plugin v27.2 - https:\/\/yoast.com\/product\/yoast-seo-wordpress\/ -->\n<title>Vide-sacs - \u00c9tude de cas - COMAV<\/title>\n<meta name=\"robots\" content=\"index, follow, max-snippet:-1, max-image-preview:large, max-video-preview:-1\" \/>\n<link rel=\"canonical\" href=\"https:\/\/www.comav-srl.com\/fr\/vide-sacs-etude-de-cas\/\" \/>\n<meta property=\"og:locale\" content=\"fr_FR\" \/>\n<meta property=\"og:type\" content=\"article\" \/>\n<meta property=\"og:title\" content=\"Vide-sacs - \u00c9tude de cas - COMAV\" \/>\n<meta property=\"og:description\" content=\"[vc_row full_width=\u00a0\u00bbstretch_row\u00a0\u00bb bg_type=\u00a0\u00bbbg_color\u00a0\u00bb bg_color_value=\u00a0\u00bb#02688c\u00a0\u00bb][vc_column][\/vc_column][\/vc_row][vc_row][vc_column][vc_column_text]L&rsquo;un des piliers de notre politique d&rsquo;entreprise est la diffusion de l&rsquo;exp\u00e9rience technique accumul\u00e9e depuis plus de 40\u00a0ans de conception sur tous les principaux march\u00e9s industriels. Nous ne nous basons pas seulement sur l&rsquo;\u00e9tude m\u00e9canique de la machine, mais nous l&rsquo;int\u00e9grons dans le processus de production du client afin que la ligne&hellip;\" \/>\n<meta property=\"og:url\" content=\"https:\/\/www.comav-srl.com\/fr\/vide-sacs-etude-de-cas\/\" \/>\n<meta property=\"og:site_name\" content=\"COMAV\" \/>\n<meta property=\"article:modified_time\" content=\"2022-04-06T13:13:15+00:00\" \/>\n<meta name=\"twitter:card\" content=\"summary_large_image\" \/>\n<meta name=\"twitter:label1\" content=\"Dur\u00e9e de lecture estim\u00e9e\" \/>\n\t<meta name=\"twitter:data1\" content=\"6 minutes\" \/>\n<script type=\"application\/ld+json\" class=\"yoast-schema-graph\">{\"@context\":\"https:\/\/schema.org\",\"@graph\":[{\"@type\":\"WebPage\",\"@id\":\"https:\/\/www.comav-srl.com\/fr\/vide-sacs-etude-de-cas\/\",\"url\":\"https:\/\/www.comav-srl.com\/fr\/vide-sacs-etude-de-cas\/\",\"name\":\"Vide-sacs - \u00c9tude de cas - COMAV\",\"isPartOf\":{\"@id\":\"https:\/\/www.comav-srl.com\/en\/#website\"},\"datePublished\":\"2022-03-04T07:22:59+00:00\",\"dateModified\":\"2022-04-06T13:13:15+00:00\",\"breadcrumb\":{\"@id\":\"https:\/\/www.comav-srl.com\/fr\/vide-sacs-etude-de-cas\/#breadcrumb\"},\"inLanguage\":\"fr-FR\",\"potentialAction\":[{\"@type\":\"ReadAction\",\"target\":[\"https:\/\/www.comav-srl.com\/fr\/vide-sacs-etude-de-cas\/\"]}]},{\"@type\":\"BreadcrumbList\",\"@id\":\"https:\/\/www.comav-srl.com\/fr\/vide-sacs-etude-de-cas\/#breadcrumb\",\"itemListElement\":[{\"@type\":\"ListItem\",\"position\":1,\"name\":\"Home\",\"item\":\"https:\/\/www.comav-srl.com\/\"},{\"@type\":\"ListItem\",\"position\":2,\"name\":\"Vide-sacs &#8211; \u00c9tude de cas\"}]},{\"@type\":\"WebSite\",\"@id\":\"https:\/\/www.comav-srl.com\/en\/#website\",\"url\":\"https:\/\/www.comav-srl.com\/en\/\",\"name\":\"COMAV\",\"description\":\"Costruzioni macchine automatiche\",\"potentialAction\":[{\"@type\":\"SearchAction\",\"target\":{\"@type\":\"EntryPoint\",\"urlTemplate\":\"https:\/\/www.comav-srl.com\/en\/?s={search_term_string}\"},\"query-input\":{\"@type\":\"PropertyValueSpecification\",\"valueRequired\":true,\"valueName\":\"search_term_string\"}}],\"inLanguage\":\"fr-FR\"}]}<\/script>\n<!-- \/ Yoast SEO plugin. -->","yoast_head_json":{"title":"Vide-sacs - \u00c9tude de cas - COMAV","robots":{"index":"index","follow":"follow","max-snippet":"max-snippet:-1","max-image-preview":"max-image-preview:large","max-video-preview":"max-video-preview:-1"},"canonical":"https:\/\/www.comav-srl.com\/fr\/vide-sacs-etude-de-cas\/","og_locale":"fr_FR","og_type":"article","og_title":"Vide-sacs - \u00c9tude de cas - COMAV","og_description":"[vc_row full_width=\u00a0\u00bbstretch_row\u00a0\u00bb bg_type=\u00a0\u00bbbg_color\u00a0\u00bb bg_color_value=\u00a0\u00bb#02688c\u00a0\u00bb][vc_column][\/vc_column][\/vc_row][vc_row][vc_column][vc_column_text]L&rsquo;un des piliers de notre politique d&rsquo;entreprise est la diffusion de l&rsquo;exp\u00e9rience technique accumul\u00e9e depuis plus de 40\u00a0ans de conception sur tous les principaux march\u00e9s industriels. Nous ne nous basons pas seulement sur l&rsquo;\u00e9tude m\u00e9canique de la machine, mais nous l&rsquo;int\u00e9grons dans le processus de production du client afin que la ligne&hellip;","og_url":"https:\/\/www.comav-srl.com\/fr\/vide-sacs-etude-de-cas\/","og_site_name":"COMAV","article_modified_time":"2022-04-06T13:13:15+00:00","twitter_card":"summary_large_image","twitter_misc":{"Dur\u00e9e de lecture estim\u00e9e":"6 minutes"},"schema":{"@context":"https:\/\/schema.org","@graph":[{"@type":"WebPage","@id":"https:\/\/www.comav-srl.com\/fr\/vide-sacs-etude-de-cas\/","url":"https:\/\/www.comav-srl.com\/fr\/vide-sacs-etude-de-cas\/","name":"Vide-sacs - \u00c9tude de cas - COMAV","isPartOf":{"@id":"https:\/\/www.comav-srl.com\/en\/#website"},"datePublished":"2022-03-04T07:22:59+00:00","dateModified":"2022-04-06T13:13:15+00:00","breadcrumb":{"@id":"https:\/\/www.comav-srl.com\/fr\/vide-sacs-etude-de-cas\/#breadcrumb"},"inLanguage":"fr-FR","potentialAction":[{"@type":"ReadAction","target":["https:\/\/www.comav-srl.com\/fr\/vide-sacs-etude-de-cas\/"]}]},{"@type":"BreadcrumbList","@id":"https:\/\/www.comav-srl.com\/fr\/vide-sacs-etude-de-cas\/#breadcrumb","itemListElement":[{"@type":"ListItem","position":1,"name":"Home","item":"https:\/\/www.comav-srl.com\/"},{"@type":"ListItem","position":2,"name":"Vide-sacs &#8211; \u00c9tude de cas"}]},{"@type":"WebSite","@id":"https:\/\/www.comav-srl.com\/en\/#website","url":"https:\/\/www.comav-srl.com\/en\/","name":"COMAV","description":"Costruzioni macchine automatiche","potentialAction":[{"@type":"SearchAction","target":{"@type":"EntryPoint","urlTemplate":"https:\/\/www.comav-srl.com\/en\/?s={search_term_string}"},"query-input":{"@type":"PropertyValueSpecification","valueRequired":true,"valueName":"search_term_string"}}],"inLanguage":"fr-FR"}]}},"_links":{"self":[{"href":"https:\/\/www.comav-srl.com\/fr\/wp-json\/wp\/v2\/pages\/44103","targetHints":{"allow":["GET"]}}],"collection":[{"href":"https:\/\/www.comav-srl.com\/fr\/wp-json\/wp\/v2\/pages"}],"about":[{"href":"https:\/\/www.comav-srl.com\/fr\/wp-json\/wp\/v2\/types\/page"}],"author":[{"embeddable":true,"href":"https:\/\/www.comav-srl.com\/fr\/wp-json\/wp\/v2\/users\/1"}],"replies":[{"embeddable":true,"href":"https:\/\/www.comav-srl.com\/fr\/wp-json\/wp\/v2\/comments?post=44103"}],"version-history":[{"count":10,"href":"https:\/\/www.comav-srl.com\/fr\/wp-json\/wp\/v2\/pages\/44103\/revisions"}],"predecessor-version":[{"id":47429,"href":"https:\/\/www.comav-srl.com\/fr\/wp-json\/wp\/v2\/pages\/44103\/revisions\/47429"}],"wp:attachment":[{"href":"https:\/\/www.comav-srl.com\/fr\/wp-json\/wp\/v2\/media?parent=44103"}],"curies":[{"name":"wp","href":"https:\/\/api.w.org\/{rel}","templated":true}]}}