{"id":44144,"date":"2022-03-04T08:24:02","date_gmt":"2022-03-04T07:24:02","guid":{"rendered":"https:\/\/www.comav-srl.com\/services\/"},"modified":"2022-03-07T08:54:16","modified_gmt":"2022-03-07T07:54:16","slug":"services","status":"publish","type":"page","link":"https:\/\/www.comav-srl.com\/fr\/services\/","title":{"rendered":"Services"},"content":{"rendered":"<div class=\"wpb-content-wrapper\"><p>[vc_row full_width=\u00a0\u00bbstretch_row\u00a0\u00bb bg_type=\u00a0\u00bbbg_color\u00a0\u00bb bg_color_value=\u00a0\u00bb#02688c\u00a0\u00bb][vc_column]<div class=\"ult-spacer spacer-69f2246f3337d\" data-id=\"69f2246f3337d\" data-height=\"80\" data-height-mobile=\"20\" data-height-tab=\"20\" data-height-tab-portrait=\"20\" data-height-mobile-landscape=\"20\" style=\"clear:both;display:block;\"><\/div><div id=\"ultimate-heading-798469f2246f333ec\" class=\"uvc-heading ult-adjust-bottom-margin ultimate-heading-798469f2246f333ec uvc-4075 \" data-hspacer=\"no_spacer\"  data-halign=\"left\" style=\"text-align:left\"><div class=\"uvc-heading-spacer no_spacer\" style=\"top\"><\/div><div class=\"uvc-main-heading ult-responsive\"  data-ultimate-target='.uvc-heading.ultimate-heading-798469f2246f333ec h2'  data-responsive-json-new='{\"font-size\":\"desktop:48px;\",\"line-height\":\"desktop:58px;\"}' ><h2 style=\"--font-weight:theme;color:#ffffff;\">Services<\/h2><\/div><div class=\"uvc-sub-heading ult-responsive\"  data-ultimate-target='.uvc-heading.ultimate-heading-798469f2246f333ec .uvc-sub-heading '  data-responsive-json-new='{\"font-size\":\"desktop:22px;\",\"line-height\":\"desktop:32px;\"}'  style=\"font-weight:normal;color:#ffffff;\">Nos services comprennent\u00a0: solution, d\u00e9veloppement, production, installation et assistance<\/div><\/div><div class=\"ult-spacer spacer-69f2246f33465\" data-id=\"69f2246f33465\" data-height=\"110\" data-height-mobile=\"40\" data-height-tab=\"40\" data-height-tab-portrait=\"40\" data-height-mobile-landscape=\"40\" style=\"clear:both;display:block;\"><\/div>[\/vc_column][\/vc_row][vc_row gap=\u00a0\u00bb25&Prime; css_animation=\u00a0\u00bbnone\u00a0\u00bb][vc_column css_animation=\u00a0\u00bbnone\u00a0\u00bb width=\u00a0\u00bb1\/2&Prime; css=\u00a0\u00bb.vc_custom_1632734529379{padding-top: 30px !important;padding-right: 30px !important;padding-bottom: 30px !important;padding-left: 30px !important;background-color: #ffffff !important;border-radius: 25px !important;}\u00a0\u00bb][vc_column_text]<\/p>\n<h3>Tableau \u00e9lectrique<\/h3>\n<p>La grande fiabilit\u00e9 de nos machines automatiques et installations sp\u00e9ciales r\u00e9side dans une action constante de Recherche et D\u00e9veloppement dans les synergies entre m\u00e9canique et automatisation \u00e9lectronique.<br \/>\nAvec plus de 40\u00a0ans d&rsquo;exp\u00e9rience, COMAV fournit, pour la mise en \u0153uvre de ses machines, des tableaux \u00e9lectriques et des syst\u00e8mes de gestion int\u00e9gr\u00e9s afin d&rsquo;optimiser la fiabilit\u00e9 des machines et de maximiser leur rendement dans le processus de production.<br \/>\nL&rsquo;\u00e9tude de la s\u00e9curit\u00e9 intrins\u00e8que du syst\u00e8me propos\u00e9 rev\u00eat une importance particuli\u00e8re, annulant de fait les risques pour l&rsquo;op\u00e9rateur gr\u00e2ce \u00e0 une conception SIL (Safety Integrity Level) aux niveaux les plus \u00e9lev\u00e9s que le march\u00e9 peut offrir.<br \/>\nChaque sch\u00e9ma \u00e9lectrique est test\u00e9 et valid\u00e9 sur la base des normes en vigueur, ce qui permet de fournir au client non seulement une machine performante du point de vue de la production, mais aussi la s\u00e9curit\u00e9 d&rsquo;une conception attentive \u00e0 l&rsquo;op\u00e9rateur.<br \/>\nPar le biais de logiciels, appel\u00e9s \u00ab\u00a0Modular-Design\u00a0\u00bb, il est possible de g\u00e9rer les demandes de chaque client et, le cas \u00e9ch\u00e9ant, de mettre en \u0153uvre ou de modifier dans un deuxi\u00e8me temps les zones de fonctionnalit\u00e9 de la machine.<br \/>\n[\/vc_column_text][\/vc_column][vc_column css_animation=\u00a0\u00bbnone\u00a0\u00bb width=\u00a0\u00bb1\/2&Prime; css=\u00a0\u00bb.vc_custom_1632734856296{padding-top: 30px !important;padding-right: 30px !important;padding-bottom: 30px !important;padding-left: 30px !important;background-color: #ffffff !important;border-radius: 25px !important;}\u00a0\u00bb][vc_single_image image=\u00a0\u00bb42526&Prime; img_size=\u00a0\u00bbfull\u00a0\u00bb alignment=\u00a0\u00bbcenter\u00a0\u00bb image_hovers=\u00a0\u00bbfalse\u00a0\u00bb][\/vc_column][\/vc_row][vc_row full_width=\u00a0\u00bbstretch_row\u00a0\u00bb gap=\u00a0\u00bb25&Prime; css_animation=\u00a0\u00bbnone\u00a0\u00bb bg_type=\u00a0\u00bbbg_color\u00a0\u00bb bg_color_value=\u00a0\u00bb#f8f8f8&Prime; css=\u00a0\u00bb.vc_custom_1643705741375{padding-top: 30px !important;padding-bottom: 10px !important;}\u00a0\u00bb][vc_column css_animation=\u00a0\u00bbnone\u00a0\u00bb width=\u00a0\u00bb1\/2&Prime; css=\u00a0\u00bb.vc_custom_1643705700031{padding-top: 30px !important;padding-right: 30px !important;padding-bottom: 30px !important;padding-left: 30px !important;}\u00a0\u00bb][vc_single_image image=\u00a0\u00bb42526&Prime; img_size=\u00a0\u00bbfull\u00a0\u00bb alignment=\u00a0\u00bbcenter\u00a0\u00bb image_hovers=\u00a0\u00bbfalse\u00a0\u00bb][\/vc_column][vc_column css_animation=\u00a0\u00bbnone\u00a0\u00bb width=\u00a0\u00bb1\/2&Prime; css=\u00a0\u00bb.vc_custom_1643705689365{padding-top: 30px !important;padding-right: 30px !important;padding-bottom: 30px !important;padding-left: 30px !important;}\u00a0\u00bb][vc_column_text]<\/p>\n<h3>Mise en service et formation<\/h3>\n<p>Le service technique, fort d&rsquo;un personnel exp\u00e9riment\u00e9, est en mesure de r\u00e9pondre aux exigences du client.<br \/>\nDes cours de formation, tr\u00e8s appr\u00e9ci\u00e9s par nos clients, sont mis en place pour donner des r\u00e9ponses plus claires et plus exhaustives.<br \/>\nOutre une formation interne, nous fournissons, lors de la mise en service, une formation sp\u00e9cifique portant sur tous les aspects majeurs et de maintenance de l&rsquo;\u00e9tendue de la fourniture.<br \/>\nNotre service technique peut \u00eatre contact\u00e9 \u00e0 distance pour programmer des mises en service, une analyse de l&rsquo;\u00e9tat de la machine, ou simplement pour obtenir des informations sur l&rsquo;entretien des vannes ou de l&rsquo;un quelconque de nos composants.<br \/>\n[\/vc_column_text][\/vc_column][\/vc_row][vc_row gap=\u00a0\u00bb25&Prime; css_animation=\u00a0\u00bbnone\u00a0\u00bb][vc_column css_animation=\u00a0\u00bbnone\u00a0\u00bb width=\u00a0\u00bb1\/2&Prime; css=\u00a0\u00bb.vc_custom_1632734529379{padding-top: 30px !important;padding-right: 30px !important;padding-bottom: 30px !important;padding-left: 30px !important;background-color: #ffffff !important;border-radius: 25px !important;}\u00a0\u00bb][vc_column_text]<\/p>\n<h3>Automatisation<\/h3>\n<p>L&rsquo;Industrie 4.0 d\u00e9signe un mod\u00e8le de production et de gestion d&rsquo;entreprise, dont les \u00e9l\u00e9ments sont des connexions entre des syst\u00e8mes physiques et num\u00e9riques d&rsquo;analyse complexe via le Big Data et des adaptations en temps r\u00e9el.<br \/>\nLes donn\u00e9es fournies proviennent de capteurs int\u00e9gr\u00e9s dans les machines et les installations, et informent sur l&rsquo;\u00e9tat du processus final.<br \/>\nIl est opportun de bien contr\u00f4ler l&rsquo;\u00e9norme quantit\u00e9 d&rsquo;informations afin d&rsquo;appliquer une m\u00e9thodologie de \u00ab\u00a0maintenance pr\u00e9ventive\u00a0\u00bb.<br \/>\nCOMAV a d\u00e9velopp\u00e9 des logiciels sp\u00e9ciaux, avec gestion traditionnelle ou \u00e0 distance, qui permettent l&rsquo;analyse ou l&rsquo;\u00e9change de donn\u00e9es verticales et horizontales, dont la matrice rend les donn\u00e9es disponibles pour un suivi en temps r\u00e9el de la production de l&rsquo;entreprise.<br \/>\nNos machines sont \u00e9quip\u00e9es d&rsquo;interfaces pour une communication homme-machine continue et compl\u00e8te, dont le logiciel est con\u00e7u sur la base des besoins du client et de son cycle de production.<br \/>\nUn \u00e9cosyst\u00e8me complexe qui nous m\u00e8ne \u00e0 relever des d\u00e9fis orient\u00e9s vers l&rsquo;avenir, o\u00f9 le monde COMAV se fond dans l&rsquo;automatisation virtuelle.<br \/>\n[\/vc_column_text][\/vc_column][vc_column css_animation=\u00a0\u00bbnone\u00a0\u00bb width=\u00a0\u00bb1\/2&Prime; css=\u00a0\u00bb.vc_custom_1632734856296{padding-top: 30px !important;padding-right: 30px !important;padding-bottom: 30px !important;padding-left: 30px !important;background-color: #ffffff !important;border-radius: 25px !important;}\u00a0\u00bb][vc_single_image image=\u00a0\u00bb41948&Prime; img_size=\u00a0\u00bbfull\u00a0\u00bb alignment=\u00a0\u00bbcenter\u00a0\u00bb image_hovers=\u00a0\u00bbfalse\u00a0\u00bb][\/vc_column][\/vc_row]<\/p>\n<\/div>","protected":false},"excerpt":{"rendered":"<p>[vc_row full_width=\u00a0\u00bbstretch_row\u00a0\u00bb bg_type=\u00a0\u00bbbg_color\u00a0\u00bb bg_color_value=\u00a0\u00bb#02688c\u00a0\u00bb][vc_column][\/vc_column][\/vc_row][vc_row gap=\u00a0\u00bb25&Prime; css_animation=\u00a0\u00bbnone\u00a0\u00bb][vc_column css_animation=\u00a0\u00bbnone\u00a0\u00bb width=\u00a0\u00bb1\/2&Prime; css=\u00a0\u00bb.vc_custom_1632734529379{padding-top: 30px !important;padding-right: 30px !important;padding-bottom: 30px !important;padding-left: 30px !important;background-color: #ffffff !important;border-radius: 25px !important;}\u00a0\u00bb][vc_column_text] Tableau \u00e9lectrique La grande fiabilit\u00e9 de nos machines automatiques et installations sp\u00e9ciales r\u00e9side dans une action constante de Recherche et D\u00e9veloppement dans les synergies entre m\u00e9canique et automatisation \u00e9lectronique. Avec plus de 40\u00a0ans d&rsquo;exp\u00e9rience,&hellip;<\/p>\n","protected":false},"author":1,"featured_media":0,"parent":0,"menu_order":0,"comment_status":"closed","ping_status":"closed","template":"","meta":{"footnotes":""},"class_list":["post-44144","page","type-page","status-publish","hentry","description-off"],"yoast_head":"<!-- This site is optimized with the Yoast SEO plugin v27.2 - https:\/\/yoast.com\/product\/yoast-seo-wordpress\/ -->\n<title>Formation et automatisation | Bulk Handling<\/title>\n<meta name=\"description\" content=\"Formation, mise en service d&#039;installations et automatisation. Faites confiance \u00e0 Comav Srl, depuis 40\u00a0ans dans le secteur de la manutention des mat\u00e9riaux en vrac.\" \/>\n<meta name=\"robots\" content=\"index, follow, max-snippet:-1, max-image-preview:large, max-video-preview:-1\" \/>\n<link rel=\"canonical\" href=\"https:\/\/www.comav-srl.com\/fr\/services\/\" \/>\n<meta property=\"og:locale\" content=\"fr_FR\" \/>\n<meta property=\"og:type\" content=\"article\" \/>\n<meta property=\"og:title\" content=\"Formation et automatisation | Bulk Handling\" \/>\n<meta property=\"og:description\" content=\"Formation, mise en service d&#039;installations et automatisation. Faites confiance \u00e0 Comav Srl, depuis 40\u00a0ans dans le secteur de la manutention des mat\u00e9riaux en vrac.\" \/>\n<meta property=\"og:url\" content=\"https:\/\/www.comav-srl.com\/fr\/services\/\" \/>\n<meta property=\"og:site_name\" content=\"COMAV\" \/>\n<meta property=\"article:modified_time\" content=\"2022-03-07T07:54:16+00:00\" \/>\n<meta name=\"twitter:card\" content=\"summary_large_image\" \/>\n<meta name=\"twitter:label1\" content=\"Dur\u00e9e de lecture estim\u00e9e\" \/>\n\t<meta name=\"twitter:data1\" content=\"4 minutes\" \/>\n<script type=\"application\/ld+json\" class=\"yoast-schema-graph\">{\"@context\":\"https:\/\/schema.org\",\"@graph\":[{\"@type\":\"WebPage\",\"@id\":\"https:\/\/www.comav-srl.com\/fr\/services\/\",\"url\":\"https:\/\/www.comav-srl.com\/fr\/services\/\",\"name\":\"Formation et automatisation | Bulk Handling\",\"isPartOf\":{\"@id\":\"https:\/\/www.comav-srl.com\/en\/#website\"},\"datePublished\":\"2022-03-04T07:24:02+00:00\",\"dateModified\":\"2022-03-07T07:54:16+00:00\",\"description\":\"Formation, mise en service d'installations et automatisation. Faites confiance \u00e0 Comav Srl, depuis 40\u00a0ans dans le secteur de la manutention des mat\u00e9riaux en vrac.\",\"breadcrumb\":{\"@id\":\"https:\/\/www.comav-srl.com\/fr\/services\/#breadcrumb\"},\"inLanguage\":\"fr-FR\",\"potentialAction\":[{\"@type\":\"ReadAction\",\"target\":[\"https:\/\/www.comav-srl.com\/fr\/services\/\"]}]},{\"@type\":\"BreadcrumbList\",\"@id\":\"https:\/\/www.comav-srl.com\/fr\/services\/#breadcrumb\",\"itemListElement\":[{\"@type\":\"ListItem\",\"position\":1,\"name\":\"Home\",\"item\":\"https:\/\/www.comav-srl.com\/\"},{\"@type\":\"ListItem\",\"position\":2,\"name\":\"Services\"}]},{\"@type\":\"WebSite\",\"@id\":\"https:\/\/www.comav-srl.com\/en\/#website\",\"url\":\"https:\/\/www.comav-srl.com\/en\/\",\"name\":\"COMAV\",\"description\":\"Costruzioni macchine automatiche\",\"potentialAction\":[{\"@type\":\"SearchAction\",\"target\":{\"@type\":\"EntryPoint\",\"urlTemplate\":\"https:\/\/www.comav-srl.com\/en\/?s={search_term_string}\"},\"query-input\":{\"@type\":\"PropertyValueSpecification\",\"valueRequired\":true,\"valueName\":\"search_term_string\"}}],\"inLanguage\":\"fr-FR\"}]}<\/script>\n<!-- \/ Yoast SEO plugin. -->","yoast_head_json":{"title":"Formation et automatisation | Bulk Handling","description":"Formation, mise en service d'installations et automatisation. Faites confiance \u00e0 Comav Srl, depuis 40\u00a0ans dans le secteur de la manutention des mat\u00e9riaux en vrac.","robots":{"index":"index","follow":"follow","max-snippet":"max-snippet:-1","max-image-preview":"max-image-preview:large","max-video-preview":"max-video-preview:-1"},"canonical":"https:\/\/www.comav-srl.com\/fr\/services\/","og_locale":"fr_FR","og_type":"article","og_title":"Formation et automatisation | Bulk Handling","og_description":"Formation, mise en service d'installations et automatisation. Faites confiance \u00e0 Comav Srl, depuis 40\u00a0ans dans le secteur de la manutention des mat\u00e9riaux en vrac.","og_url":"https:\/\/www.comav-srl.com\/fr\/services\/","og_site_name":"COMAV","article_modified_time":"2022-03-07T07:54:16+00:00","twitter_card":"summary_large_image","twitter_misc":{"Dur\u00e9e de lecture estim\u00e9e":"4 minutes"},"schema":{"@context":"https:\/\/schema.org","@graph":[{"@type":"WebPage","@id":"https:\/\/www.comav-srl.com\/fr\/services\/","url":"https:\/\/www.comav-srl.com\/fr\/services\/","name":"Formation et automatisation | Bulk Handling","isPartOf":{"@id":"https:\/\/www.comav-srl.com\/en\/#website"},"datePublished":"2022-03-04T07:24:02+00:00","dateModified":"2022-03-07T07:54:16+00:00","description":"Formation, mise en service d'installations et automatisation. Faites confiance \u00e0 Comav Srl, depuis 40\u00a0ans dans le secteur de la manutention des mat\u00e9riaux en vrac.","breadcrumb":{"@id":"https:\/\/www.comav-srl.com\/fr\/services\/#breadcrumb"},"inLanguage":"fr-FR","potentialAction":[{"@type":"ReadAction","target":["https:\/\/www.comav-srl.com\/fr\/services\/"]}]},{"@type":"BreadcrumbList","@id":"https:\/\/www.comav-srl.com\/fr\/services\/#breadcrumb","itemListElement":[{"@type":"ListItem","position":1,"name":"Home","item":"https:\/\/www.comav-srl.com\/"},{"@type":"ListItem","position":2,"name":"Services"}]},{"@type":"WebSite","@id":"https:\/\/www.comav-srl.com\/en\/#website","url":"https:\/\/www.comav-srl.com\/en\/","name":"COMAV","description":"Costruzioni macchine automatiche","potentialAction":[{"@type":"SearchAction","target":{"@type":"EntryPoint","urlTemplate":"https:\/\/www.comav-srl.com\/en\/?s={search_term_string}"},"query-input":{"@type":"PropertyValueSpecification","valueRequired":true,"valueName":"search_term_string"}}],"inLanguage":"fr-FR"}]}},"_links":{"self":[{"href":"https:\/\/www.comav-srl.com\/fr\/wp-json\/wp\/v2\/pages\/44144","targetHints":{"allow":["GET"]}}],"collection":[{"href":"https:\/\/www.comav-srl.com\/fr\/wp-json\/wp\/v2\/pages"}],"about":[{"href":"https:\/\/www.comav-srl.com\/fr\/wp-json\/wp\/v2\/types\/page"}],"author":[{"embeddable":true,"href":"https:\/\/www.comav-srl.com\/fr\/wp-json\/wp\/v2\/users\/1"}],"replies":[{"embeddable":true,"href":"https:\/\/www.comav-srl.com\/fr\/wp-json\/wp\/v2\/comments?post=44144"}],"version-history":[{"count":8,"href":"https:\/\/www.comav-srl.com\/fr\/wp-json\/wp\/v2\/pages\/44144\/revisions"}],"predecessor-version":[{"id":45225,"href":"https:\/\/www.comav-srl.com\/fr\/wp-json\/wp\/v2\/pages\/44144\/revisions\/45225"}],"wp:attachment":[{"href":"https:\/\/www.comav-srl.com\/fr\/wp-json\/wp\/v2\/media?parent=44144"}],"curies":[{"name":"wp","href":"https:\/\/api.w.org\/{rel}","templated":true}]}}