{"id":44153,"date":"2022-03-04T08:24:12","date_gmt":"2022-03-04T07:24:12","guid":{"rendered":"https:\/\/www.comav-srl.com\/ecluses-rotatives-accessoires\/"},"modified":"2022-04-05T10:27:29","modified_gmt":"2022-04-05T08:27:29","slug":"ecluses-rotatives-accessoires","status":"publish","type":"page","link":"https:\/\/www.comav-srl.com\/fr\/ecluses-rotatives-accessoires\/","title":{"rendered":"\u00c9cluses rotatives &#8211; Accessoires"},"content":{"rendered":"<div class=\"wpb-content-wrapper\"><p>[vc_row full_width=\u00a0\u00bbstretch_row\u00a0\u00bb bg_type=\u00a0\u00bbimage\u00a0\u00bb parallax_style=\u00a0\u00bbvcpb-default\u00a0\u00bb bg_image_new=\u00a0\u00bbid^71|url^http:\/\/comav-srl.com\/wp-content\/uploads\/2021\/09\/sal.jpeg|caption^null|alt^null|title^sal|description^null\u00a0\u00bb bg_image_repeat=\u00a0\u00bbno-repeat\u00a0\u00bb enable_overlay=\u00a0\u00bbenable_overlay_value\u00a0\u00bb overlay_color=\u00a0\u00bbrgba(0,0,0,0.4)\u00a0\u00bb][vc_column]<div class=\"ult-spacer spacer-69fa52cce6933\" data-id=\"69fa52cce6933\" data-height=\"80\" data-height-mobile=\"20\" data-height-tab=\"20\" data-height-tab-portrait=\"20\" data-height-mobile-landscape=\"20\" style=\"clear:both;display:block;\"><\/div><div id=\"ultimate-heading-190969fa52cce699e\" class=\"uvc-heading ult-adjust-bottom-margin ultimate-heading-190969fa52cce699e uvc-7630 \" data-hspacer=\"no_spacer\"  data-halign=\"left\" style=\"text-align:left\"><div class=\"uvc-heading-spacer no_spacer\" style=\"top\"><\/div><div class=\"uvc-main-heading ult-responsive\"  data-ultimate-target='.uvc-heading.ultimate-heading-190969fa52cce699e h2'  data-responsive-json-new='{\"font-size\":\"desktop:48px;\",\"line-height\":\"desktop:58px;\"}' ><h2 style=\"--font-weight:theme;color:#ffffff;\">\u00c9cluses rotatives - Accessoires<\/h2><\/div><\/div><div class=\"ult-spacer spacer-69fa52cce6a07\" data-id=\"69fa52cce6a07\" data-height=\"110\" data-height-mobile=\"40\" data-height-tab=\"40\" data-height-tab-portrait=\"40\" data-height-mobile-landscape=\"40\" style=\"clear:both;display:block;\"><\/div>[\/vc_column][\/vc_row][vc_row][vc_column]<div class=\"ult-spacer spacer-69fa52cce6a31\" data-id=\"69fa52cce6a31\" data-height=\"20\" data-height-mobile=\"10\" data-height-tab=\"10\" data-height-tab-portrait=\"10\" data-height-mobile-landscape=\"10\" style=\"clear:both;display:block;\"><\/div>[\/vc_column][\/vc_row][vc_row][vc_column][vc_column_text]<\/p>\n<h3><span style=\"color: #01648e;\">ACCESSOIRES \u00c9CLUSES ROTATIVES<\/span><\/h3>\n<p>[\/vc_column_text][\/vc_column][\/vc_row][vc_row gap=\u00a0\u00bb15&Prime; equal_height=\u00a0\u00bbyes\u00a0\u00bb][vc_column width=\u00a0\u00bb1\/3&Prime;][vc_single_image image=\u00a0\u00bb42747&Prime; img_size=\u00a0\u00bbfull\u00a0\u00bb][vc_column_text css=\u00a0\u00bb.vc_custom_1638878611591{margin-bottom: 0px !important;border-bottom-width: 0px !important;padding-bottom: 15px !important;}\u00a0\u00bb]<\/p>\n<h4>BROCHURE ACCESSOIRES<\/h4>\n<p><span style=\"font-weight: 400;\">Pour utiliser pleinement nos \u00e9cluses rotatives, nous proposons une vaste gamme de motorisations et d&rsquo;accessoires sp\u00e9cialement r\u00e9alis\u00e9s pour le mod\u00e8le concern\u00e9.<\/span>[\/vc_column_text]<style type=\"text\/css\" data-type=\"the7_shortcodes-inline-css\">#default-btn-4bf70f7d33d2293b1f10a68dccac45e8.ico-right-side > i {\n  margin-right: 0px;\n  margin-left: 8px;\n}\n#default-btn-4bf70f7d33d2293b1f10a68dccac45e8 > i {\n  margin-right: 8px;\n}<\/style><a href=\"http:\/\/comav-srl.com\/wp-content\/uploads\/2022\/01\/Catalogo-valvola-2.pdf\" class=\"default-btn-shortcode dt-btn dt-btn-s link-hover-off btn-inline-left  vc_custom_1649147240156\" target=\"_blank\" id=\"default-btn-4bf70f7d33d2293b1f10a68dccac45e8\" rel=\"noopener\"><span>Brochure<\/span><\/a>[\/vc_column][vc_column width=\u00a0\u00bb1\/3&Prime;][\/vc_column][vc_column width=\u00a0\u00bb1\/3&Prime;][\/vc_column][\/vc_row][vc_row][vc_column]<div class=\"ult-spacer spacer-69fa52cce6b18\" data-id=\"69fa52cce6b18\" data-height=\"20\" data-height-mobile=\"10\" data-height-tab=\"10\" data-height-tab-portrait=\"10\" data-height-mobile-landscape=\"10\" style=\"clear:both;display:block;\"><\/div><div class=\"ult-spacer spacer-69fa52cce6b40\" data-id=\"69fa52cce6b40\" data-height=\"20\" data-height-mobile=\"10\" data-height-tab=\"10\" data-height-tab-portrait=\"10\" data-height-mobile-landscape=\"10\" style=\"clear:both;display:block;\"><\/div>[\/vc_column][\/vc_row]<\/p>\n<\/div>","protected":false},"excerpt":{"rendered":"<p>[vc_row full_width=\u00a0\u00bbstretch_row\u00a0\u00bb bg_type=\u00a0\u00bbimage\u00a0\u00bb parallax_style=\u00a0\u00bbvcpb-default\u00a0\u00bb bg_image_new=\u00a0\u00bbid^71|url^http:\/\/comav-srl.com\/wp-content\/uploads\/2021\/09\/sal.jpeg|caption^null|alt^null|title^sal|description^null\u00a0\u00bb bg_image_repeat=\u00a0\u00bbno-repeat\u00a0\u00bb enable_overlay=\u00a0\u00bbenable_overlay_value\u00a0\u00bb overlay_color=\u00a0\u00bbrgba(0,0,0,0.4)\u00a0\u00bb][vc_column][\/vc_column][\/vc_row][vc_row][vc_column][\/vc_column][\/vc_row][vc_row][vc_column][vc_column_text] ACCESSOIRES \u00c9CLUSES ROTATIVES [\/vc_column_text][\/vc_column][\/vc_row][vc_row gap=\u00a0\u00bb15&Prime; equal_height=\u00a0\u00bbyes\u00a0\u00bb][vc_column width=\u00a0\u00bb1\/3&Prime;][vc_single_image image=\u00a0\u00bb42747&Prime; img_size=\u00a0\u00bbfull\u00a0\u00bb][vc_column_text css=\u00a0\u00bb.vc_custom_1638878611591{margin-bottom: 0px !important;border-bottom-width: 0px !important;padding-bottom: 15px !important;}\u00a0\u00bb] BROCHURE ACCESSOIRES Pour utiliser pleinement nos \u00e9cluses rotatives, nous proposons une vaste gamme de motorisations et d&rsquo;accessoires sp\u00e9cialement r\u00e9alis\u00e9s pour le mod\u00e8le concern\u00e9.[\/vc_column_text][\/vc_column][vc_column width=\u00a0\u00bb1\/3&Prime;][\/vc_column][vc_column width=\u00a0\u00bb1\/3&Prime;][\/vc_column][\/vc_row][vc_row][vc_column][\/vc_column][\/vc_row]<\/p>\n","protected":false},"author":1,"featured_media":0,"parent":0,"menu_order":0,"comment_status":"closed","ping_status":"closed","template":"","meta":{"footnotes":""},"class_list":["post-44153","page","type-page","status-publish","hentry","description-off"],"yoast_head":"<!-- This site is optimized with the Yoast SEO plugin v27.2 - https:\/\/yoast.com\/product\/yoast-seo-wordpress\/ -->\n<title>\u00c9cluses rotatives - Accessoires - COMAV<\/title>\n<meta name=\"robots\" content=\"index, follow, max-snippet:-1, max-image-preview:large, max-video-preview:-1\" \/>\n<link rel=\"canonical\" href=\"https:\/\/www.comav-srl.com\/fr\/ecluses-rotatives-accessoires\/\" \/>\n<meta property=\"og:locale\" content=\"fr_FR\" \/>\n<meta property=\"og:type\" content=\"article\" \/>\n<meta property=\"og:title\" content=\"\u00c9cluses rotatives - Accessoires - COMAV\" \/>\n<meta property=\"og:description\" content=\"[vc_row full_width=\u00a0\u00bbstretch_row\u00a0\u00bb bg_type=\u00a0\u00bbimage\u00a0\u00bb parallax_style=\u00a0\u00bbvcpb-default\u00a0\u00bb bg_image_new=\u00a0\u00bbid^71|url^http:\/\/comav-srl.com\/wp-content\/uploads\/2021\/09\/sal.jpeg|caption^null|alt^null|title^sal|description^null\u00a0\u00bb bg_image_repeat=\u00a0\u00bbno-repeat\u00a0\u00bb enable_overlay=\u00a0\u00bbenable_overlay_value\u00a0\u00bb overlay_color=\u00a0\u00bbrgba(0,0,0,0.4)\u00a0\u00bb][vc_column][\/vc_column][\/vc_row][vc_row][vc_column][\/vc_column][\/vc_row][vc_row][vc_column][vc_column_text] ACCESSOIRES \u00c9CLUSES ROTATIVES [\/vc_column_text][\/vc_column][\/vc_row][vc_row gap=\u00a0\u00bb15&Prime; equal_height=\u00a0\u00bbyes\u00a0\u00bb][vc_column width=\u00a0\u00bb1\/3&Prime;][vc_single_image image=\u00a0\u00bb42747&Prime; img_size=\u00a0\u00bbfull\u00a0\u00bb][vc_column_text css=\u00a0\u00bb.vc_custom_1638878611591{margin-bottom: 0px !important;border-bottom-width: 0px !important;padding-bottom: 15px !important;}\u00a0\u00bb] BROCHURE ACCESSOIRES Pour utiliser pleinement nos \u00e9cluses rotatives, nous proposons une vaste gamme de motorisations et d&rsquo;accessoires sp\u00e9cialement r\u00e9alis\u00e9s pour le mod\u00e8le concern\u00e9.[\/vc_column_text][\/vc_column][vc_column width=\u00a0\u00bb1\/3&Prime;][\/vc_column][vc_column width=\u00a0\u00bb1\/3&Prime;][\/vc_column][\/vc_row][vc_row][vc_column][\/vc_column][\/vc_row]\" \/>\n<meta property=\"og:url\" content=\"https:\/\/www.comav-srl.com\/fr\/ecluses-rotatives-accessoires\/\" \/>\n<meta property=\"og:site_name\" content=\"COMAV\" \/>\n<meta property=\"article:modified_time\" content=\"2022-04-05T08:27:29+00:00\" \/>\n<meta name=\"twitter:card\" content=\"summary_large_image\" \/>\n<meta name=\"twitter:label1\" content=\"Dur\u00e9e de lecture estim\u00e9e\" \/>\n\t<meta name=\"twitter:data1\" content=\"2 minutes\" \/>\n<script type=\"application\/ld+json\" class=\"yoast-schema-graph\">{\"@context\":\"https:\/\/schema.org\",\"@graph\":[{\"@type\":\"WebPage\",\"@id\":\"https:\/\/www.comav-srl.com\/fr\/ecluses-rotatives-accessoires\/\",\"url\":\"https:\/\/www.comav-srl.com\/fr\/ecluses-rotatives-accessoires\/\",\"name\":\"\u00c9cluses rotatives - Accessoires - COMAV\",\"isPartOf\":{\"@id\":\"https:\/\/www.comav-srl.com\/en\/#website\"},\"datePublished\":\"2022-03-04T07:24:12+00:00\",\"dateModified\":\"2022-04-05T08:27:29+00:00\",\"breadcrumb\":{\"@id\":\"https:\/\/www.comav-srl.com\/fr\/ecluses-rotatives-accessoires\/#breadcrumb\"},\"inLanguage\":\"fr-FR\",\"potentialAction\":[{\"@type\":\"ReadAction\",\"target\":[\"https:\/\/www.comav-srl.com\/fr\/ecluses-rotatives-accessoires\/\"]}]},{\"@type\":\"BreadcrumbList\",\"@id\":\"https:\/\/www.comav-srl.com\/fr\/ecluses-rotatives-accessoires\/#breadcrumb\",\"itemListElement\":[{\"@type\":\"ListItem\",\"position\":1,\"name\":\"Home\",\"item\":\"https:\/\/www.comav-srl.com\/\"},{\"@type\":\"ListItem\",\"position\":2,\"name\":\"\u00c9cluses rotatives &#8211; Accessoires\"}]},{\"@type\":\"WebSite\",\"@id\":\"https:\/\/www.comav-srl.com\/en\/#website\",\"url\":\"https:\/\/www.comav-srl.com\/en\/\",\"name\":\"COMAV\",\"description\":\"Costruzioni macchine automatiche\",\"potentialAction\":[{\"@type\":\"SearchAction\",\"target\":{\"@type\":\"EntryPoint\",\"urlTemplate\":\"https:\/\/www.comav-srl.com\/en\/?s={search_term_string}\"},\"query-input\":{\"@type\":\"PropertyValueSpecification\",\"valueRequired\":true,\"valueName\":\"search_term_string\"}}],\"inLanguage\":\"fr-FR\"}]}<\/script>\n<!-- \/ Yoast SEO plugin. -->","yoast_head_json":{"title":"\u00c9cluses rotatives - Accessoires - COMAV","robots":{"index":"index","follow":"follow","max-snippet":"max-snippet:-1","max-image-preview":"max-image-preview:large","max-video-preview":"max-video-preview:-1"},"canonical":"https:\/\/www.comav-srl.com\/fr\/ecluses-rotatives-accessoires\/","og_locale":"fr_FR","og_type":"article","og_title":"\u00c9cluses rotatives - Accessoires - COMAV","og_description":"[vc_row full_width=\u00a0\u00bbstretch_row\u00a0\u00bb bg_type=\u00a0\u00bbimage\u00a0\u00bb parallax_style=\u00a0\u00bbvcpb-default\u00a0\u00bb bg_image_new=\u00a0\u00bbid^71|url^http:\/\/comav-srl.com\/wp-content\/uploads\/2021\/09\/sal.jpeg|caption^null|alt^null|title^sal|description^null\u00a0\u00bb bg_image_repeat=\u00a0\u00bbno-repeat\u00a0\u00bb enable_overlay=\u00a0\u00bbenable_overlay_value\u00a0\u00bb overlay_color=\u00a0\u00bbrgba(0,0,0,0.4)\u00a0\u00bb][vc_column][\/vc_column][\/vc_row][vc_row][vc_column][\/vc_column][\/vc_row][vc_row][vc_column][vc_column_text] ACCESSOIRES \u00c9CLUSES ROTATIVES [\/vc_column_text][\/vc_column][\/vc_row][vc_row gap=\u00a0\u00bb15&Prime; equal_height=\u00a0\u00bbyes\u00a0\u00bb][vc_column width=\u00a0\u00bb1\/3&Prime;][vc_single_image image=\u00a0\u00bb42747&Prime; img_size=\u00a0\u00bbfull\u00a0\u00bb][vc_column_text css=\u00a0\u00bb.vc_custom_1638878611591{margin-bottom: 0px !important;border-bottom-width: 0px !important;padding-bottom: 15px !important;}\u00a0\u00bb] BROCHURE ACCESSOIRES Pour utiliser pleinement nos \u00e9cluses rotatives, nous proposons une vaste gamme de motorisations et d&rsquo;accessoires sp\u00e9cialement r\u00e9alis\u00e9s pour le mod\u00e8le concern\u00e9.[\/vc_column_text][\/vc_column][vc_column width=\u00a0\u00bb1\/3&Prime;][\/vc_column][vc_column width=\u00a0\u00bb1\/3&Prime;][\/vc_column][\/vc_row][vc_row][vc_column][\/vc_column][\/vc_row]","og_url":"https:\/\/www.comav-srl.com\/fr\/ecluses-rotatives-accessoires\/","og_site_name":"COMAV","article_modified_time":"2022-04-05T08:27:29+00:00","twitter_card":"summary_large_image","twitter_misc":{"Dur\u00e9e de lecture estim\u00e9e":"2 minutes"},"schema":{"@context":"https:\/\/schema.org","@graph":[{"@type":"WebPage","@id":"https:\/\/www.comav-srl.com\/fr\/ecluses-rotatives-accessoires\/","url":"https:\/\/www.comav-srl.com\/fr\/ecluses-rotatives-accessoires\/","name":"\u00c9cluses rotatives - Accessoires - COMAV","isPartOf":{"@id":"https:\/\/www.comav-srl.com\/en\/#website"},"datePublished":"2022-03-04T07:24:12+00:00","dateModified":"2022-04-05T08:27:29+00:00","breadcrumb":{"@id":"https:\/\/www.comav-srl.com\/fr\/ecluses-rotatives-accessoires\/#breadcrumb"},"inLanguage":"fr-FR","potentialAction":[{"@type":"ReadAction","target":["https:\/\/www.comav-srl.com\/fr\/ecluses-rotatives-accessoires\/"]}]},{"@type":"BreadcrumbList","@id":"https:\/\/www.comav-srl.com\/fr\/ecluses-rotatives-accessoires\/#breadcrumb","itemListElement":[{"@type":"ListItem","position":1,"name":"Home","item":"https:\/\/www.comav-srl.com\/"},{"@type":"ListItem","position":2,"name":"\u00c9cluses rotatives &#8211; Accessoires"}]},{"@type":"WebSite","@id":"https:\/\/www.comav-srl.com\/en\/#website","url":"https:\/\/www.comav-srl.com\/en\/","name":"COMAV","description":"Costruzioni macchine automatiche","potentialAction":[{"@type":"SearchAction","target":{"@type":"EntryPoint","urlTemplate":"https:\/\/www.comav-srl.com\/en\/?s={search_term_string}"},"query-input":{"@type":"PropertyValueSpecification","valueRequired":true,"valueName":"search_term_string"}}],"inLanguage":"fr-FR"}]}},"_links":{"self":[{"href":"https:\/\/www.comav-srl.com\/fr\/wp-json\/wp\/v2\/pages\/44153","targetHints":{"allow":["GET"]}}],"collection":[{"href":"https:\/\/www.comav-srl.com\/fr\/wp-json\/wp\/v2\/pages"}],"about":[{"href":"https:\/\/www.comav-srl.com\/fr\/wp-json\/wp\/v2\/types\/page"}],"author":[{"embeddable":true,"href":"https:\/\/www.comav-srl.com\/fr\/wp-json\/wp\/v2\/users\/1"}],"replies":[{"embeddable":true,"href":"https:\/\/www.comav-srl.com\/fr\/wp-json\/wp\/v2\/comments?post=44153"}],"version-history":[{"count":8,"href":"https:\/\/www.comav-srl.com\/fr\/wp-json\/wp\/v2\/pages\/44153\/revisions"}],"predecessor-version":[{"id":47384,"href":"https:\/\/www.comav-srl.com\/fr\/wp-json\/wp\/v2\/pages\/44153\/revisions\/47384"}],"wp:attachment":[{"href":"https:\/\/www.comav-srl.com\/fr\/wp-json\/wp\/v2\/media?parent=44153"}],"curies":[{"name":"wp","href":"https:\/\/api.w.org\/{rel}","templated":true}]}}