{"id":44161,"date":"2022-03-04T08:24:22","date_gmt":"2022-03-04T07:24:22","guid":{"rendered":"https:\/\/www.comav-srl.com\/vannes-daiguillage-speciales\/"},"modified":"2022-04-05T10:28:39","modified_gmt":"2022-04-05T08:28:39","slug":"vannes-daiguillage-speciales","status":"publish","type":"page","link":"https:\/\/www.comav-srl.com\/fr\/vannes-daiguillage-speciales\/","title":{"rendered":"Vannes d&rsquo;aiguillage &#8211; Sp\u00e9ciales"},"content":{"rendered":"<div class=\"wpb-content-wrapper\"><p>[vc_row full_width=\u00a0\u00bbstretch_row\u00a0\u00bb bg_type=\u00a0\u00bbimage\u00a0\u00bb parallax_style=\u00a0\u00bbvcpb-default\u00a0\u00bb bg_image_new=\u00a0\u00bbid^71|url^http:\/\/comav-srl.com\/wp-content\/uploads\/2021\/09\/sal.jpeg|caption^null|alt^null|title^sal|description^null\u00a0\u00bb bg_image_repeat=\u00a0\u00bbno-repeat\u00a0\u00bb enable_overlay=\u00a0\u00bbenable_overlay_value\u00a0\u00bb overlay_color=\u00a0\u00bbrgba(0,0,0,0.4)\u00a0\u00bb][vc_column]<div class=\"ult-spacer spacer-69d8531ce7e37\" data-id=\"69d8531ce7e37\" data-height=\"80\" data-height-mobile=\"20\" data-height-tab=\"20\" data-height-tab-portrait=\"20\" data-height-mobile-landscape=\"20\" style=\"clear:both;display:block;\"><\/div><div id=\"ultimate-heading-395269d8531ce7ea8\" class=\"uvc-heading ult-adjust-bottom-margin ultimate-heading-395269d8531ce7ea8 uvc-5223 \" data-hspacer=\"no_spacer\"  data-halign=\"left\" style=\"text-align:left\"><div class=\"uvc-heading-spacer no_spacer\" style=\"top\"><\/div><div class=\"uvc-main-heading ult-responsive\"  data-ultimate-target='.uvc-heading.ultimate-heading-395269d8531ce7ea8 h2'  data-responsive-json-new='{\"font-size\":\"desktop:48px;\",\"line-height\":\"desktop:58px;\"}' ><h2 style=\"--font-weight:theme;color:#ffffff;\">Vannes d'aiguillage - Sp\u00e9ciales<\/h2><\/div><\/div><div class=\"ult-spacer spacer-69d8531ce7f14\" data-id=\"69d8531ce7f14\" data-height=\"110\" data-height-mobile=\"40\" data-height-tab=\"40\" data-height-tab-portrait=\"40\" data-height-mobile-landscape=\"40\" style=\"clear:both;display:block;\"><\/div>[\/vc_column][\/vc_row][vc_row][vc_column]<div class=\"ult-spacer spacer-69d8531ce7f42\" data-id=\"69d8531ce7f42\" data-height=\"20\" data-height-mobile=\"10\" data-height-tab=\"10\" data-height-tab-portrait=\"10\" data-height-mobile-landscape=\"10\" style=\"clear:both;display:block;\"><\/div>[\/vc_column][\/vc_row][vc_row][vc_column][vc_column_text]<\/p>\n<h3><span style=\"color: #01648e;\">TITRE<\/span><\/h3>\n<p>[\/vc_column_text][\/vc_column][\/vc_row][vc_row gap=\u00a0\u00bb15&Prime; equal_height=\u00a0\u00bbyes\u00a0\u00bb][vc_column width=\u00a0\u00bb1\/3&Prime;]<style type=\"text\/css\" data-type=\"the7_shortcodes-inline-css\">.shortcode-single-image-wrap.shortcode-single-image-d21e2b4466e5fd38cdbeaa97febf90c5.enable-bg-rollover .rollover i,\n.shortcode-single-image-wrap.shortcode-single-image-d21e2b4466e5fd38cdbeaa97febf90c5.enable-bg-rollover .rollover-video i {\n  background: -webkit-linear-gradient();\n  background: linear-gradient();\n}\n.shortcode-single-image-wrap.shortcode-single-image-d21e2b4466e5fd38cdbeaa97febf90c5 .rollover-icon {\n  font-size: 32px;\n  color: #ffffff;\n  min-width: 44px;\n  min-height: 44px;\n  line-height: 44px;\n  border-radius: 100px;\n  border-style: solid;\n  border-width: 0px;\n}\n.dt-icon-bg-on.shortcode-single-image-wrap.shortcode-single-image-d21e2b4466e5fd38cdbeaa97febf90c5 .rollover-icon {\n  background: rgba(255,255,255,0.3);\n  box-shadow: none;\n}<\/style><div class=\"shortcode-single-image-wrap shortcode-single-image-d21e2b4466e5fd38cdbeaa97febf90c5 alignleft  enable-bg-rollover dt-icon-bg-off\" style=\"margin-top:0px; margin-bottom:0px; margin-left:0px; margin-right:0px; width:320px;\"><div class=\"shortcode-single-image\"><div class=\"fancy-media-wrap\" style=\"\"><a class=\"layzr-bg rollover rollover-zoom dt-pswp-item pswp-image\" href=\"https:\/\/www.comav-srl.com\/wp-content\/uploads\/2021\/12\/INSTALLATION-DTP-ABRASIVE-1.jpg\" title=\"INSTALLATION DTP ABRASIVE (1)\" data-dt-img-description=\"\" data-large_image_width=\"1080\" data-large_image_height = \"1440\"  style=\"\"><img fetchpriority=\"high\" decoding=\"async\" class=\"preload-me lazy-load aspect\" src=\"data:image\/svg+xml,%3Csvg%20xmlns%3D&#39;http%3A%2F%2Fwww.w3.org%2F2000%2Fsvg&#39;%20viewBox%3D&#39;0%200%20320%20240&#39;%2F%3E\" data-src=\"https:\/\/www.comav-srl.com\/wp-content\/uploads\/2021\/12\/INSTALLATION-DTP-ABRASIVE-1-320x240.jpg\" data-srcset=\"https:\/\/www.comav-srl.com\/wp-content\/uploads\/2021\/12\/INSTALLATION-DTP-ABRASIVE-1-320x240.jpg 320w, https:\/\/www.comav-srl.com\/wp-content\/uploads\/2021\/12\/INSTALLATION-DTP-ABRASIVE-1-640x480.jpg 640w\" loading=\"eager\" style=\"--ratio: 320 \/ 240\" sizes=\"(max-width: 320px) 100vw, 320px\" width=\"320\" height=\"240\"  data-dt-location=\"https:\/\/www.comav-srl.com\/fr\/valvole-deviatrici-speciali\/installation-dtp-abrasive-1\/\" alt=\"\" \/><span class=\" rollover-icon Defaults-search-plus\"><\/span><\/a><\/div><\/div><\/div><div class=\"ult-spacer spacer-69d8531ce8b61\" data-id=\"69d8531ce8b61\" data-height=\"15\" data-height-mobile=\"15\" data-height-tab=\"15\" data-height-tab-portrait=\"15\" data-height-mobile-landscape=\"15\" style=\"clear:both;display:block;\"><\/div>[vc_column_text css=\u00a0\u00bb.vc_custom_1638879751967{margin-bottom: 0px !important;border-bottom-width: 0px !important;padding-bottom: 15px !important;}\u00a0\u00bb]<\/p>\n<h4>VANNES D&rsquo;AIGUILLAGE SP\u00c9CIALES<\/h4>\n<p><b>VERSIONS SP\u00c9CIALES<\/b><\/p>\n<p><span style=\"font-weight: 400;\">Certains de nos mod\u00e8les de vannes d&rsquo;aiguillage, comme la DTP, peuvent \u00eatre fournis dans une ex\u00e9cution sp\u00e9ciale \u00e0 haute duret\u00e9.<\/span><\/p>\n<p><span style=\"font-weight: 400;\">Des versions sp\u00e9ciales avec traitements et mat\u00e9riaux sp\u00e9cifiques sont r\u00e9alis\u00e9es dans le cas de mat\u00e9riaux particuli\u00e8rement abrasifs ou de temp\u00e9ratures non standard.<\/span><\/p>\n<p><span style=\"font-weight: 400;\">Nous vous invitons \u00e0 nous contacter pour plus d&rsquo;informations sur ces types de vannes.<\/span>[\/vc_column_text][\/vc_column][vc_column width=\u00a0\u00bb1\/2&Prime;][vc_row_inner css=\u00a0\u00bb.vc_custom_1637054753260{padding-right: 15px !important;padding-bottom: 25px !important;padding-left: 15px !important;background-color: #f1f1f1 !important;}\u00a0\u00bb][vc_column_inner]<div class=\"ult-spacer spacer-69d8531ce8b8e\" data-id=\"69d8531ce8b8e\" data-height=\"5\" data-height-mobile=\"5\" data-height-tab=\"5\" data-height-tab-portrait=\"5\" data-height-mobile-landscape=\"5\" style=\"clear:both;display:block;\"><\/div>[vc_column_text]<\/p>\n<h3>DEMANDER DES INFORMATIONS<\/h3>\n<p>Le personnel COMAV est heureux de vous aider pour toute information sur ce produit\u00a0![\/vc_column_text]<style type=\"text\/css\" data-type=\"the7_shortcodes-inline-css\">#default-btn-9ae1fe9b692562df9af78b6f33e6b67c.ico-right-side > i {\n  margin-right: 0px;\n  margin-left: 10px;\n}\n#default-btn-9ae1fe9b692562df9af78b6f33e6b67c > i {\n  margin-right: 10px;\n}<\/style><a href=\"http:\/\/comav-srl.com\/fr\/contatti\/\" class=\"default-btn-shortcode dt-btn dt-btn-m link-hover-off ico-right-side btn-inline-left  vc_custom_1649147306171\" id=\"default-btn-9ae1fe9b692562df9af78b6f33e6b67c\"><span>CONTACTS<\/span><i class=\"fas fa-long-arrow-alt-right\"><\/i><\/a><div class=\"ult-spacer spacer-69d8531ce8c90\" data-id=\"69d8531ce8c90\" data-height=\"35\" data-height-mobile=\"5\" data-height-tab=\"5\" data-height-tab-portrait=\"5\" data-height-mobile-landscape=\"5\" style=\"clear:both;display:block;\"><\/div>[\/vc_column_inner][\/vc_row_inner][\/vc_column][\/vc_row][vc_row][vc_column]<div class=\"ult-spacer spacer-69d8531ce8cb9\" data-id=\"69d8531ce8cb9\" data-height=\"20\" data-height-mobile=\"10\" data-height-tab=\"10\" data-height-tab-portrait=\"10\" data-height-mobile-landscape=\"10\" style=\"clear:both;display:block;\"><\/div><div class=\"ult-spacer spacer-69d8531ce8cdb\" data-id=\"69d8531ce8cdb\" data-height=\"20\" data-height-mobile=\"10\" data-height-tab=\"10\" data-height-tab-portrait=\"10\" data-height-mobile-landscape=\"10\" style=\"clear:both;display:block;\"><\/div>[\/vc_column][\/vc_row]<\/p>\n<\/div>","protected":false},"excerpt":{"rendered":"<p>[vc_row full_width=\u00a0\u00bbstretch_row\u00a0\u00bb bg_type=\u00a0\u00bbimage\u00a0\u00bb parallax_style=\u00a0\u00bbvcpb-default\u00a0\u00bb bg_image_new=\u00a0\u00bbid^71|url^http:\/\/comav-srl.com\/wp-content\/uploads\/2021\/09\/sal.jpeg|caption^null|alt^null|title^sal|description^null\u00a0\u00bb bg_image_repeat=\u00a0\u00bbno-repeat\u00a0\u00bb enable_overlay=\u00a0\u00bbenable_overlay_value\u00a0\u00bb overlay_color=\u00a0\u00bbrgba(0,0,0,0.4)\u00a0\u00bb][vc_column][\/vc_column][\/vc_row][vc_row][vc_column][\/vc_column][\/vc_row][vc_row][vc_column][vc_column_text] TITRE [\/vc_column_text][\/vc_column][\/vc_row][vc_row gap=\u00a0\u00bb15&Prime; equal_height=\u00a0\u00bbyes\u00a0\u00bb][vc_column width=\u00a0\u00bb1\/3&Prime;][vc_column_text css=\u00a0\u00bb.vc_custom_1638879751967{margin-bottom: 0px !important;border-bottom-width: 0px !important;padding-bottom: 15px !important;}\u00a0\u00bb] VANNES D&rsquo;AIGUILLAGE SP\u00c9CIALES VERSIONS SP\u00c9CIALES Certains de nos mod\u00e8les de vannes d&rsquo;aiguillage, comme la DTP, peuvent \u00eatre fournis dans une ex\u00e9cution sp\u00e9ciale \u00e0 haute duret\u00e9. Des versions sp\u00e9ciales avec traitements et mat\u00e9riaux sp\u00e9cifiques sont r\u00e9alis\u00e9es&hellip;<\/p>\n","protected":false},"author":1,"featured_media":0,"parent":0,"menu_order":0,"comment_status":"closed","ping_status":"closed","template":"","meta":{"footnotes":""},"class_list":["post-44161","page","type-page","status-publish","hentry","description-off"],"yoast_head":"<!-- This site is optimized with the Yoast SEO plugin v27.2 - https:\/\/yoast.com\/product\/yoast-seo-wordpress\/ -->\n<title>Vannes d&#039;aiguillage - Sp\u00e9ciales - COMAV<\/title>\n<meta name=\"robots\" content=\"index, follow, max-snippet:-1, max-image-preview:large, max-video-preview:-1\" \/>\n<link rel=\"canonical\" href=\"https:\/\/www.comav-srl.com\/fr\/vannes-daiguillage-speciales\/\" \/>\n<meta property=\"og:locale\" content=\"fr_FR\" \/>\n<meta property=\"og:type\" content=\"article\" \/>\n<meta property=\"og:title\" content=\"Vannes d&#039;aiguillage - Sp\u00e9ciales - COMAV\" \/>\n<meta property=\"og:description\" content=\"[vc_row full_width=\u00a0\u00bbstretch_row\u00a0\u00bb bg_type=\u00a0\u00bbimage\u00a0\u00bb parallax_style=\u00a0\u00bbvcpb-default\u00a0\u00bb bg_image_new=\u00a0\u00bbid^71|url^http:\/\/comav-srl.com\/wp-content\/uploads\/2021\/09\/sal.jpeg|caption^null|alt^null|title^sal|description^null\u00a0\u00bb bg_image_repeat=\u00a0\u00bbno-repeat\u00a0\u00bb enable_overlay=\u00a0\u00bbenable_overlay_value\u00a0\u00bb overlay_color=\u00a0\u00bbrgba(0,0,0,0.4)\u00a0\u00bb][vc_column][\/vc_column][\/vc_row][vc_row][vc_column][\/vc_column][\/vc_row][vc_row][vc_column][vc_column_text] TITRE [\/vc_column_text][\/vc_column][\/vc_row][vc_row gap=\u00a0\u00bb15&Prime; equal_height=\u00a0\u00bbyes\u00a0\u00bb][vc_column width=\u00a0\u00bb1\/3&Prime;][vc_column_text css=\u00a0\u00bb.vc_custom_1638879751967{margin-bottom: 0px !important;border-bottom-width: 0px !important;padding-bottom: 15px !important;}\u00a0\u00bb] VANNES D&rsquo;AIGUILLAGE SP\u00c9CIALES VERSIONS SP\u00c9CIALES Certains de nos mod\u00e8les de vannes d&rsquo;aiguillage, comme la DTP, peuvent \u00eatre fournis dans une ex\u00e9cution sp\u00e9ciale \u00e0 haute duret\u00e9. Des versions sp\u00e9ciales avec traitements et mat\u00e9riaux sp\u00e9cifiques sont r\u00e9alis\u00e9es&hellip;\" \/>\n<meta property=\"og:url\" content=\"https:\/\/www.comav-srl.com\/fr\/vannes-daiguillage-speciales\/\" \/>\n<meta property=\"og:site_name\" content=\"COMAV\" \/>\n<meta property=\"article:modified_time\" content=\"2022-04-05T08:28:39+00:00\" \/>\n<meta name=\"twitter:card\" content=\"summary_large_image\" \/>\n<meta name=\"twitter:label1\" content=\"Dur\u00e9e de lecture estim\u00e9e\" \/>\n\t<meta name=\"twitter:data1\" content=\"2 minutes\" \/>\n<script type=\"application\/ld+json\" class=\"yoast-schema-graph\">{\"@context\":\"https:\/\/schema.org\",\"@graph\":[{\"@type\":\"WebPage\",\"@id\":\"https:\/\/www.comav-srl.com\/fr\/vannes-daiguillage-speciales\/\",\"url\":\"https:\/\/www.comav-srl.com\/fr\/vannes-daiguillage-speciales\/\",\"name\":\"Vannes d'aiguillage - Sp\u00e9ciales - COMAV\",\"isPartOf\":{\"@id\":\"https:\/\/www.comav-srl.com\/en\/#website\"},\"datePublished\":\"2022-03-04T07:24:22+00:00\",\"dateModified\":\"2022-04-05T08:28:39+00:00\",\"breadcrumb\":{\"@id\":\"https:\/\/www.comav-srl.com\/fr\/vannes-daiguillage-speciales\/#breadcrumb\"},\"inLanguage\":\"fr-FR\",\"potentialAction\":[{\"@type\":\"ReadAction\",\"target\":[\"https:\/\/www.comav-srl.com\/fr\/vannes-daiguillage-speciales\/\"]}]},{\"@type\":\"BreadcrumbList\",\"@id\":\"https:\/\/www.comav-srl.com\/fr\/vannes-daiguillage-speciales\/#breadcrumb\",\"itemListElement\":[{\"@type\":\"ListItem\",\"position\":1,\"name\":\"Home\",\"item\":\"https:\/\/www.comav-srl.com\/\"},{\"@type\":\"ListItem\",\"position\":2,\"name\":\"Vannes d&rsquo;aiguillage &#8211; Sp\u00e9ciales\"}]},{\"@type\":\"WebSite\",\"@id\":\"https:\/\/www.comav-srl.com\/en\/#website\",\"url\":\"https:\/\/www.comav-srl.com\/en\/\",\"name\":\"COMAV\",\"description\":\"Costruzioni macchine automatiche\",\"potentialAction\":[{\"@type\":\"SearchAction\",\"target\":{\"@type\":\"EntryPoint\",\"urlTemplate\":\"https:\/\/www.comav-srl.com\/en\/?s={search_term_string}\"},\"query-input\":{\"@type\":\"PropertyValueSpecification\",\"valueRequired\":true,\"valueName\":\"search_term_string\"}}],\"inLanguage\":\"fr-FR\"}]}<\/script>\n<!-- \/ Yoast SEO plugin. -->","yoast_head_json":{"title":"Vannes d'aiguillage - Sp\u00e9ciales - COMAV","robots":{"index":"index","follow":"follow","max-snippet":"max-snippet:-1","max-image-preview":"max-image-preview:large","max-video-preview":"max-video-preview:-1"},"canonical":"https:\/\/www.comav-srl.com\/fr\/vannes-daiguillage-speciales\/","og_locale":"fr_FR","og_type":"article","og_title":"Vannes d'aiguillage - Sp\u00e9ciales - COMAV","og_description":"[vc_row full_width=\u00a0\u00bbstretch_row\u00a0\u00bb bg_type=\u00a0\u00bbimage\u00a0\u00bb parallax_style=\u00a0\u00bbvcpb-default\u00a0\u00bb bg_image_new=\u00a0\u00bbid^71|url^http:\/\/comav-srl.com\/wp-content\/uploads\/2021\/09\/sal.jpeg|caption^null|alt^null|title^sal|description^null\u00a0\u00bb bg_image_repeat=\u00a0\u00bbno-repeat\u00a0\u00bb enable_overlay=\u00a0\u00bbenable_overlay_value\u00a0\u00bb overlay_color=\u00a0\u00bbrgba(0,0,0,0.4)\u00a0\u00bb][vc_column][\/vc_column][\/vc_row][vc_row][vc_column][\/vc_column][\/vc_row][vc_row][vc_column][vc_column_text] TITRE [\/vc_column_text][\/vc_column][\/vc_row][vc_row gap=\u00a0\u00bb15&Prime; equal_height=\u00a0\u00bbyes\u00a0\u00bb][vc_column width=\u00a0\u00bb1\/3&Prime;][vc_column_text css=\u00a0\u00bb.vc_custom_1638879751967{margin-bottom: 0px !important;border-bottom-width: 0px !important;padding-bottom: 15px !important;}\u00a0\u00bb] VANNES D&rsquo;AIGUILLAGE SP\u00c9CIALES VERSIONS SP\u00c9CIALES Certains de nos mod\u00e8les de vannes d&rsquo;aiguillage, comme la DTP, peuvent \u00eatre fournis dans une ex\u00e9cution sp\u00e9ciale \u00e0 haute duret\u00e9. Des versions sp\u00e9ciales avec traitements et mat\u00e9riaux sp\u00e9cifiques sont r\u00e9alis\u00e9es&hellip;","og_url":"https:\/\/www.comav-srl.com\/fr\/vannes-daiguillage-speciales\/","og_site_name":"COMAV","article_modified_time":"2022-04-05T08:28:39+00:00","twitter_card":"summary_large_image","twitter_misc":{"Dur\u00e9e de lecture estim\u00e9e":"2 minutes"},"schema":{"@context":"https:\/\/schema.org","@graph":[{"@type":"WebPage","@id":"https:\/\/www.comav-srl.com\/fr\/vannes-daiguillage-speciales\/","url":"https:\/\/www.comav-srl.com\/fr\/vannes-daiguillage-speciales\/","name":"Vannes d'aiguillage - Sp\u00e9ciales - COMAV","isPartOf":{"@id":"https:\/\/www.comav-srl.com\/en\/#website"},"datePublished":"2022-03-04T07:24:22+00:00","dateModified":"2022-04-05T08:28:39+00:00","breadcrumb":{"@id":"https:\/\/www.comav-srl.com\/fr\/vannes-daiguillage-speciales\/#breadcrumb"},"inLanguage":"fr-FR","potentialAction":[{"@type":"ReadAction","target":["https:\/\/www.comav-srl.com\/fr\/vannes-daiguillage-speciales\/"]}]},{"@type":"BreadcrumbList","@id":"https:\/\/www.comav-srl.com\/fr\/vannes-daiguillage-speciales\/#breadcrumb","itemListElement":[{"@type":"ListItem","position":1,"name":"Home","item":"https:\/\/www.comav-srl.com\/"},{"@type":"ListItem","position":2,"name":"Vannes d&rsquo;aiguillage &#8211; Sp\u00e9ciales"}]},{"@type":"WebSite","@id":"https:\/\/www.comav-srl.com\/en\/#website","url":"https:\/\/www.comav-srl.com\/en\/","name":"COMAV","description":"Costruzioni macchine automatiche","potentialAction":[{"@type":"SearchAction","target":{"@type":"EntryPoint","urlTemplate":"https:\/\/www.comav-srl.com\/en\/?s={search_term_string}"},"query-input":{"@type":"PropertyValueSpecification","valueRequired":true,"valueName":"search_term_string"}}],"inLanguage":"fr-FR"}]}},"_links":{"self":[{"href":"https:\/\/www.comav-srl.com\/fr\/wp-json\/wp\/v2\/pages\/44161","targetHints":{"allow":["GET"]}}],"collection":[{"href":"https:\/\/www.comav-srl.com\/fr\/wp-json\/wp\/v2\/pages"}],"about":[{"href":"https:\/\/www.comav-srl.com\/fr\/wp-json\/wp\/v2\/types\/page"}],"author":[{"embeddable":true,"href":"https:\/\/www.comav-srl.com\/fr\/wp-json\/wp\/v2\/users\/1"}],"replies":[{"embeddable":true,"href":"https:\/\/www.comav-srl.com\/fr\/wp-json\/wp\/v2\/comments?post=44161"}],"version-history":[{"count":7,"href":"https:\/\/www.comav-srl.com\/fr\/wp-json\/wp\/v2\/pages\/44161\/revisions"}],"predecessor-version":[{"id":47388,"href":"https:\/\/www.comav-srl.com\/fr\/wp-json\/wp\/v2\/pages\/44161\/revisions\/47388"}],"wp:attachment":[{"href":"https:\/\/www.comav-srl.com\/fr\/wp-json\/wp\/v2\/media?parent=44161"}],"curies":[{"name":"wp","href":"https:\/\/api.w.org\/{rel}","templated":true}]}}