{"id":44396,"date":"2022-03-04T13:02:41","date_gmt":"2022-03-04T12:02:41","guid":{"rendered":"https:\/\/www.comav-srl.com\/histoire\/"},"modified":"2022-03-07T08:54:16","modified_gmt":"2022-03-07T07:54:16","slug":"histoire","status":"publish","type":"page","link":"https:\/\/www.comav-srl.com\/fr\/histoire\/","title":{"rendered":"Histoire"},"content":{"rendered":"<div class=\"wpb-content-wrapper\"><p>[vc_row full_width=\u00a0\u00bbstretch_row\u00a0\u00bb bg_type=\u00a0\u00bbbg_color\u00a0\u00bb bg_color_value=\u00a0\u00bb#02688c\u00a0\u00bb][vc_column]<div class=\"ult-spacer spacer-6a0361c161002\" data-id=\"6a0361c161002\" data-height=\"80\" data-height-mobile=\"20\" data-height-tab=\"20\" data-height-tab-portrait=\"20\" data-height-mobile-landscape=\"20\" style=\"clear:both;display:block;\"><\/div><div id=\"ultimate-heading-16826a0361c1610b2\" class=\"uvc-heading ult-adjust-bottom-margin ultimate-heading-16826a0361c1610b2 uvc-6505 \" data-hspacer=\"no_spacer\"  data-halign=\"left\" style=\"text-align:left\"><div class=\"uvc-heading-spacer no_spacer\" style=\"top\"><\/div><div class=\"uvc-main-heading ult-responsive\"  data-ultimate-target='.uvc-heading.ultimate-heading-16826a0361c1610b2 h2'  data-responsive-json-new='{\"font-size\":\"desktop:48px;\",\"line-height\":\"desktop:58px;\"}' ><h2 style=\"--font-weight:theme;color:#ffffff;\">Your Partner in Bulk Material Handling<\/h2><\/div><\/div><div class=\"ult-spacer spacer-6a0361c161163\" data-id=\"6a0361c161163\" data-height=\"110\" data-height-mobile=\"40\" data-height-tab=\"40\" data-height-tab-portrait=\"40\" data-height-mobile-landscape=\"40\" style=\"clear:both;display:block;\"><\/div>[\/vc_column][\/vc_row][vc_row][vc_column][vc_column_text]Depuis 1980, COMAV Srl est un acteur de r\u00e9f\u00e9rence dans la fourniture de composants pour le transport pneumatique, de solutions automatiques et semi-automatiques pour le vidage de sacs, Big Bags, Octabins et conteneurs, et de solutions d&rsquo;ing\u00e9nierie connexes.<\/p>\n<p>\u00c0 ce jour, afin de garantir une r\u00e9ponse encore plus ponctuelle aux demandes de march\u00e9, COMAV Srl s&rsquo;est int\u00e9gr\u00e9e \u00e0 un groupe d&rsquo;envergure internationale, fournissant et assurant un support technique et commercial complet sur les principaux march\u00e9s mondiaux.[\/vc_column_text][\/vc_column][\/vc_row][vc_row gap=\u00a0\u00bb25&Prime; css_animation=\u00a0\u00bbnone\u00a0\u00bb][vc_column css_animation=\u00a0\u00bbnone\u00a0\u00bb width=\u00a0\u00bb1\/2&Prime; css=\u00a0\u00bb.vc_custom_1632734529379{padding-top: 30px !important;padding-right: 30px !important;padding-bottom: 30px !important;padding-left: 30px !important;background-color: #ffffff !important;border-radius: 25px !important;}\u00a0\u00bb][vc_column_text]<\/p>\n<h3>Notre histoire depuis 1980<\/h3>\n<p>[\/vc_column_text][vc_accordion active_tab=\u00a0\u00bbfalse\u00a0\u00bb style=\u00a0\u00bb2&Prime;][vc_accordion_tab title=\u00a0\u00bbCOMAV 1.0&Prime;][vc_column_text]En 1980, la soci\u00e9t\u00e9 PROMEC, fond\u00e9e par MM. Antonio Pirani et Giovanni Poggi, a l&rsquo;id\u00e9e de cr\u00e9er la soci\u00e9t\u00e9 COMAV Srl avec l&rsquo;ajout de deux nouveaux associ\u00e9s, MM. Paolo Ercolani et Loredano Bergonzoni, et le premier \u00e9tablissement \u00e0 Pieve di Cento (BO).[\/vc_column_text][\/vc_accordion_tab][vc_accordion_tab title=\u00a0\u00bbCOMAV 2.0&Prime;][vc_column_text]Quelques ann\u00e9es apr\u00e8s sa cr\u00e9ation, COMAV Srl se transf\u00e8re \u00e0 Sant\u2019Agostino (FE), o\u00f9 elle restera jusqu&rsquo;au d\u00e9but des ann\u00e9es 1990.[\/vc_column_text][\/vc_accordion_tab][vc_accordion_tab title=\u00a0\u00bbCOMAV 3.0&Prime;][vc_column_text]De plus en plus reconnue au niveau national, le besoin de nouvelles machines pour le traitement interne et un nombre croissant d&#8217;employ\u00e9s incitent les propri\u00e9taires \u00e0 acqu\u00e9rir des terrains et des b\u00e2timents industriels sur le site actuel de Terre del Reno (FE).[\/vc_column_text][\/vc_accordion_tab][vc_accordion_tab title=\u00a0\u00bbCOMAV 4.0&Prime;][vc_column_text]En 2014, l&rsquo;approche progressive vers l&rsquo;internationalisation des march\u00e9s dicte l&rsquo;augmentation de la surface de production avec deux autres b\u00e2timents et l&rsquo;introduction de nouvelles machines \u00e0 haute technologie telles que machine de d\u00e9coupe laser, tours et fraiseuse automatique \u00e0 6\u00a0axes.[\/vc_column_text][\/vc_accordion_tab][vc_accordion_tab title=\u00a0\u00bbCOMAV 5.0&Prime;][vc_column_text]En 2021, la holding MIX &amp;Co Spa reprend 100\u00a0% des actions de COMAV Srl.<br \/>\nL&rsquo;entreprise rejoint ainsi un agr\u00e9gat de r\u00e9alit\u00e9s leaders dans leurs segments de production respectifs, entamant un parcours commun aux perspectives fortement internationales.<br \/>\nLa volont\u00e9 de promouvoir des entreprises italiennes, en tant que synergies de groupe, fait partie d&rsquo;un nouvel ADN entrepreneurial visant \u00e0 r\u00e9pondre au besoin de solutions de fourniture compl\u00e8tes dans le secteur de la manutention en vrac.[\/vc_column_text][\/vc_accordion_tab][\/vc_accordion][\/vc_column][vc_column css_animation=\u00a0\u00bbnone\u00a0\u00bb width=\u00a0\u00bb1\/2&Prime; css=\u00a0\u00bb.vc_custom_1632734856296{padding-top: 30px !important;padding-right: 30px !important;padding-bottom: 30px !important;padding-left: 30px !important;background-color: #ffffff !important;border-radius: 25px !important;}\u00a0\u00bb][vc_column_text]<\/p>\n<h3>Vid\u00e9os de nos projets<\/h3>\n<p>[\/vc_column_text][vc_column_text]<a href=\"https:\/\/www.youtube.com\/channel\/UCzP5gb3yqWO9A5jCpcuh4Dw\/videos\" target=\"_blank\" rel=\"noopener\"><img decoding=\"async\" class=\"alignnone wp-image-41912 lazyload\" data-src=\"http:\/\/comav-srl.com\/wp-content\/uploads\/2022\/01\/play-button.png\" alt=\" \" width=\"180\" height=\"180\" data-srcset=\"https:\/\/www.comav-srl.com\/wp-content\/uploads\/2022\/01\/play-button.png 512w, https:\/\/www.comav-srl.com\/wp-content\/uploads\/2022\/01\/play-button-300x300.png 300w, https:\/\/www.comav-srl.com\/wp-content\/uploads\/2022\/01\/play-button-150x150.png 150w\" data-sizes=\"(max-width: 180px) 100vw, 180px\" src=\"data:image\/svg+xml;base64,PHN2ZyB3aWR0aD0iMSIgaGVpZ2h0PSIxIiB4bWxucz0iaHR0cDovL3d3dy53My5vcmcvMjAwMC9zdmciPjwvc3ZnPg==\" style=\"--smush-placeholder-width: 180px; --smush-placeholder-aspect-ratio: 180\/180;\" \/><\/a>[\/vc_column_text][\/vc_column][\/vc_row]<\/p>\n<\/div>","protected":false},"excerpt":{"rendered":"<p>[vc_row full_width=\u00a0\u00bbstretch_row\u00a0\u00bb bg_type=\u00a0\u00bbbg_color\u00a0\u00bb bg_color_value=\u00a0\u00bb#02688c\u00a0\u00bb][vc_column][\/vc_column][\/vc_row][vc_row][vc_column][vc_column_text]Depuis 1980, COMAV Srl est un acteur de r\u00e9f\u00e9rence dans la fourniture de composants pour le transport pneumatique, de solutions automatiques et semi-automatiques pour le vidage de sacs, Big Bags, Octabins et conteneurs, et de solutions d&rsquo;ing\u00e9nierie connexes. \u00c0 ce jour, afin de garantir une r\u00e9ponse encore plus ponctuelle aux demandes de&hellip;<\/p>\n","protected":false},"author":1,"featured_media":0,"parent":0,"menu_order":0,"comment_status":"closed","ping_status":"closed","template":"","meta":{"footnotes":""},"class_list":["post-44396","page","type-page","status-publish","hentry","description-off"],"yoast_head":"<!-- This site is optimized with the Yoast SEO plugin v27.2 - https:\/\/yoast.com\/product\/yoast-seo-wordpress\/ -->\n<title>Histoire de l&#039;entreprise | Comav Srl<\/title>\n<meta name=\"description\" content=\"Une histoire et une exp\u00e9rience de plus de 40\u00a0ans dans le secteur de la manutention des mat\u00e9riaux en vrac\u00a0: conception de machines pour la manutention des mat\u00e9riaux en vrac.\" \/>\n<meta name=\"robots\" content=\"index, follow, max-snippet:-1, max-image-preview:large, max-video-preview:-1\" \/>\n<link rel=\"canonical\" href=\"https:\/\/www.comav-srl.com\/fr\/histoire\/\" \/>\n<meta property=\"og:locale\" content=\"fr_FR\" \/>\n<meta property=\"og:type\" content=\"article\" \/>\n<meta property=\"og:title\" content=\"Histoire de l&#039;entreprise | Comav Srl\" \/>\n<meta property=\"og:description\" content=\"Une histoire et une exp\u00e9rience de plus de 40\u00a0ans dans le secteur de la manutention des mat\u00e9riaux en vrac\u00a0: conception de machines pour la manutention des mat\u00e9riaux en vrac.\" \/>\n<meta property=\"og:url\" content=\"https:\/\/www.comav-srl.com\/fr\/histoire\/\" \/>\n<meta property=\"og:site_name\" content=\"COMAV\" \/>\n<meta property=\"article:modified_time\" content=\"2022-03-07T07:54:16+00:00\" \/>\n<meta property=\"og:image\" content=\"http:\/\/comav-srl.com\/wp-content\/uploads\/2022\/01\/play-button.png\" \/>\n<meta name=\"twitter:card\" content=\"summary_large_image\" \/>\n<meta name=\"twitter:label1\" content=\"Dur\u00e9e de lecture estim\u00e9e\" \/>\n\t<meta name=\"twitter:data1\" content=\"3 minutes\" \/>\n<script type=\"application\/ld+json\" class=\"yoast-schema-graph\">{\"@context\":\"https:\/\/schema.org\",\"@graph\":[{\"@type\":\"WebPage\",\"@id\":\"https:\/\/www.comav-srl.com\/fr\/histoire\/\",\"url\":\"https:\/\/www.comav-srl.com\/fr\/histoire\/\",\"name\":\"Histoire de l'entreprise | Comav Srl\",\"isPartOf\":{\"@id\":\"https:\/\/www.comav-srl.com\/en\/#website\"},\"primaryImageOfPage\":{\"@id\":\"https:\/\/www.comav-srl.com\/fr\/histoire\/#primaryimage\"},\"image\":{\"@id\":\"https:\/\/www.comav-srl.com\/fr\/histoire\/#primaryimage\"},\"thumbnailUrl\":\"http:\/\/comav-srl.com\/wp-content\/uploads\/2022\/01\/play-button.png\",\"datePublished\":\"2022-03-04T12:02:41+00:00\",\"dateModified\":\"2022-03-07T07:54:16+00:00\",\"description\":\"Une histoire et une exp\u00e9rience de plus de 40\u00a0ans dans le secteur de la manutention des mat\u00e9riaux en vrac\u00a0: conception de machines pour la manutention des mat\u00e9riaux en vrac.\",\"breadcrumb\":{\"@id\":\"https:\/\/www.comav-srl.com\/fr\/histoire\/#breadcrumb\"},\"inLanguage\":\"fr-FR\",\"potentialAction\":[{\"@type\":\"ReadAction\",\"target\":[\"https:\/\/www.comav-srl.com\/fr\/histoire\/\"]}]},{\"@type\":\"ImageObject\",\"inLanguage\":\"fr-FR\",\"@id\":\"https:\/\/www.comav-srl.com\/fr\/histoire\/#primaryimage\",\"url\":\"http:\/\/comav-srl.com\/wp-content\/uploads\/2022\/01\/play-button.png\",\"contentUrl\":\"http:\/\/comav-srl.com\/wp-content\/uploads\/2022\/01\/play-button.png\"},{\"@type\":\"BreadcrumbList\",\"@id\":\"https:\/\/www.comav-srl.com\/fr\/histoire\/#breadcrumb\",\"itemListElement\":[{\"@type\":\"ListItem\",\"position\":1,\"name\":\"Home\",\"item\":\"https:\/\/www.comav-srl.com\/\"},{\"@type\":\"ListItem\",\"position\":2,\"name\":\"Histoire\"}]},{\"@type\":\"WebSite\",\"@id\":\"https:\/\/www.comav-srl.com\/en\/#website\",\"url\":\"https:\/\/www.comav-srl.com\/en\/\",\"name\":\"COMAV\",\"description\":\"Costruzioni macchine automatiche\",\"potentialAction\":[{\"@type\":\"SearchAction\",\"target\":{\"@type\":\"EntryPoint\",\"urlTemplate\":\"https:\/\/www.comav-srl.com\/en\/?s={search_term_string}\"},\"query-input\":{\"@type\":\"PropertyValueSpecification\",\"valueRequired\":true,\"valueName\":\"search_term_string\"}}],\"inLanguage\":\"fr-FR\"}]}<\/script>\n<!-- \/ Yoast SEO plugin. -->","yoast_head_json":{"title":"Histoire de l'entreprise | Comav Srl","description":"Une histoire et une exp\u00e9rience de plus de 40\u00a0ans dans le secteur de la manutention des mat\u00e9riaux en vrac\u00a0: conception de machines pour la manutention des mat\u00e9riaux en vrac.","robots":{"index":"index","follow":"follow","max-snippet":"max-snippet:-1","max-image-preview":"max-image-preview:large","max-video-preview":"max-video-preview:-1"},"canonical":"https:\/\/www.comav-srl.com\/fr\/histoire\/","og_locale":"fr_FR","og_type":"article","og_title":"Histoire de l'entreprise | Comav Srl","og_description":"Une histoire et une exp\u00e9rience de plus de 40\u00a0ans dans le secteur de la manutention des mat\u00e9riaux en vrac\u00a0: conception de machines pour la manutention des mat\u00e9riaux en vrac.","og_url":"https:\/\/www.comav-srl.com\/fr\/histoire\/","og_site_name":"COMAV","article_modified_time":"2022-03-07T07:54:16+00:00","og_image":[{"url":"http:\/\/comav-srl.com\/wp-content\/uploads\/2022\/01\/play-button.png","type":"","width":"","height":""}],"twitter_card":"summary_large_image","twitter_misc":{"Dur\u00e9e de lecture estim\u00e9e":"3 minutes"},"schema":{"@context":"https:\/\/schema.org","@graph":[{"@type":"WebPage","@id":"https:\/\/www.comav-srl.com\/fr\/histoire\/","url":"https:\/\/www.comav-srl.com\/fr\/histoire\/","name":"Histoire de l'entreprise | Comav Srl","isPartOf":{"@id":"https:\/\/www.comav-srl.com\/en\/#website"},"primaryImageOfPage":{"@id":"https:\/\/www.comav-srl.com\/fr\/histoire\/#primaryimage"},"image":{"@id":"https:\/\/www.comav-srl.com\/fr\/histoire\/#primaryimage"},"thumbnailUrl":"http:\/\/comav-srl.com\/wp-content\/uploads\/2022\/01\/play-button.png","datePublished":"2022-03-04T12:02:41+00:00","dateModified":"2022-03-07T07:54:16+00:00","description":"Une histoire et une exp\u00e9rience de plus de 40\u00a0ans dans le secteur de la manutention des mat\u00e9riaux en vrac\u00a0: conception de machines pour la manutention des mat\u00e9riaux en vrac.","breadcrumb":{"@id":"https:\/\/www.comav-srl.com\/fr\/histoire\/#breadcrumb"},"inLanguage":"fr-FR","potentialAction":[{"@type":"ReadAction","target":["https:\/\/www.comav-srl.com\/fr\/histoire\/"]}]},{"@type":"ImageObject","inLanguage":"fr-FR","@id":"https:\/\/www.comav-srl.com\/fr\/histoire\/#primaryimage","url":"http:\/\/comav-srl.com\/wp-content\/uploads\/2022\/01\/play-button.png","contentUrl":"http:\/\/comav-srl.com\/wp-content\/uploads\/2022\/01\/play-button.png"},{"@type":"BreadcrumbList","@id":"https:\/\/www.comav-srl.com\/fr\/histoire\/#breadcrumb","itemListElement":[{"@type":"ListItem","position":1,"name":"Home","item":"https:\/\/www.comav-srl.com\/"},{"@type":"ListItem","position":2,"name":"Histoire"}]},{"@type":"WebSite","@id":"https:\/\/www.comav-srl.com\/en\/#website","url":"https:\/\/www.comav-srl.com\/en\/","name":"COMAV","description":"Costruzioni macchine automatiche","potentialAction":[{"@type":"SearchAction","target":{"@type":"EntryPoint","urlTemplate":"https:\/\/www.comav-srl.com\/en\/?s={search_term_string}"},"query-input":{"@type":"PropertyValueSpecification","valueRequired":true,"valueName":"search_term_string"}}],"inLanguage":"fr-FR"}]}},"_links":{"self":[{"href":"https:\/\/www.comav-srl.com\/fr\/wp-json\/wp\/v2\/pages\/44396","targetHints":{"allow":["GET"]}}],"collection":[{"href":"https:\/\/www.comav-srl.com\/fr\/wp-json\/wp\/v2\/pages"}],"about":[{"href":"https:\/\/www.comav-srl.com\/fr\/wp-json\/wp\/v2\/types\/page"}],"author":[{"embeddable":true,"href":"https:\/\/www.comav-srl.com\/fr\/wp-json\/wp\/v2\/users\/1"}],"replies":[{"embeddable":true,"href":"https:\/\/www.comav-srl.com\/fr\/wp-json\/wp\/v2\/comments?post=44396"}],"version-history":[{"count":3,"href":"https:\/\/www.comav-srl.com\/fr\/wp-json\/wp\/v2\/pages\/44396\/revisions"}],"predecessor-version":[{"id":45216,"href":"https:\/\/www.comav-srl.com\/fr\/wp-json\/wp\/v2\/pages\/44396\/revisions\/45216"}],"wp:attachment":[{"href":"https:\/\/www.comav-srl.com\/fr\/wp-json\/wp\/v2\/media?parent=44396"}],"curies":[{"name":"wp","href":"https:\/\/api.w.org\/{rel}","templated":true}]}}